{"id":11,"date":"2024-11-23T07:24:45","date_gmt":"2024-11-23T07:24:45","guid":{"rendered":"https:\/\/pneumo.ch\/?page_id=11"},"modified":"2025-10-02T08:34:02","modified_gmt":"2025-10-02T08:34:02","slug":"home","status":"publish","type":"page","link":"http:\/\/pneumo.ch\/fr\/","title":{"rendered":"Home"},"content":{"rendered":"<div data-elementor-type=\"wp-page\" data-elementor-id=\"11\" class=\"elementor elementor-11\" data-elementor-post-type=\"page\">\n\t\t\t\t<div class=\"elementor-element elementor-element-de535e2 e-flex e-con-boxed e-con e-parent\" data-id=\"de535e2\" data-element_type=\"container\">\n\t\t\t\t\t<div class=\"e-con-inner\">\n\t\t<div class=\"elementor-element elementor-element-e564d7a e-con-full e-flex e-con e-child\" data-id=\"e564d7a\" data-element_type=\"container\" data-settings=\"{&quot;background_background&quot;:&quot;classic&quot;}\">\n\t\t<div class=\"elementor-element elementor-element-1253071 e-con-full e-flex e-con e-child\" data-id=\"1253071\" data-element_type=\"container\">\n\t\t\t\t<div class=\"elementor-element elementor-element-99f24df elementor-widget elementor-widget-heading\" data-id=\"99f24df\" data-element_type=\"widget\" data-widget_type=\"heading.default\">\n\t\t\t\t<div class=\"elementor-widget-container\">\n\t\t\t\t\t<h1 class=\"elementor-heading-title elementor-size-default\">Soci\u00e9t\u00e9 Suisse de Pneumologie (SSP)\n<\/h1>\t\t\t\t<\/div>\n\t\t\t\t<\/div>\n\t\t\t\t<div class=\"elementor-element elementor-element-d9506f7 elementor-widget elementor-widget-text-editor\" data-id=\"d9506f7\" data-element_type=\"widget\" data-widget_type=\"text-editor.default\">\n\t\t\t\t<div class=\"elementor-widget-container\">\n\t\t\t\t\t\t\t\t\t<p>Engag\u00e9 dans la promotion de la sant\u00e9 respiratoire en Suisse<\/p>\t\t\t\t\t\t\t\t<\/div>\n\t\t\t\t<\/div>\n\t\t\t\t<div class=\"elementor-element elementor-element-a1e70ae elementor-widget elementor-widget-button\" data-id=\"a1e70ae\" data-element_type=\"widget\" data-widget_type=\"button.default\">\n\t\t\t\t<div class=\"elementor-widget-container\">\n\t\t\t\t\t\t\t\t\t<div class=\"elementor-button-wrapper\">\n\t\t\t\t\t<a class=\"elementor-button elementor-button-link elementor-size-sm\" href=\"https:\/\/booking.congrex.com\/Home\/Index\/Society\/SGP_Antrag\/fr-FR\" target=\"_blank\" rel=\"noopener\">\n\t\t\t\t\t\t<span class=\"elementor-button-content-wrapper\">\n\t\t\t\t\t\t\t\t\t<span class=\"elementor-button-text\">Devenir Membre<\/span>\n\t\t\t\t\t<\/span>\n\t\t\t\t\t<\/a>\n\t\t\t\t<\/div>\n\t\t\t\t\t\t\t\t<\/div>\n\t\t\t\t<\/div>\n\t\t\t\t<\/div>\n\t\t<div class=\"elementor-element elementor-element-6897915 e-con-full e-flex e-con e-child\" data-id=\"6897915\" data-element_type=\"container\">\n\t\t\t\t<div class=\"elementor-element elementor-element-333f240 elementor-widget elementor-widget-counter\" data-id=\"333f240\" data-element_type=\"widget\" data-widget_type=\"counter.default\">\n\t\t\t\t<div class=\"elementor-widget-container\">\n\t\t\t\t\t\t\t<div class=\"elementor-counter\">\n\t\t\t<div class=\"elementor-counter-title\">Membres<\/div>\t\t\t<div class=\"elementor-counter-number-wrapper\">\n\t\t\t\t<span class=\"elementor-counter-number-prefix\"><\/span>\n\t\t\t\t<span class=\"elementor-counter-number\" data-duration=\"2000\" data-to-value=\"500\" data-from-value=\"0\" data-delimiter=\",\">0<\/span>\n\t\t\t\t<span class=\"elementor-counter-number-suffix\">+<\/span>\n\t\t\t<\/div>\n\t\t<\/div>\n\t\t\t\t\t\t<\/div>\n\t\t\t\t<\/div>\n\t\t\t\t<div class=\"elementor-element elementor-element-12665b4 elementor-widget elementor-widget-counter\" data-id=\"12665b4\" data-element_type=\"widget\" data-widget_type=\"counter.default\">\n\t\t\t\t<div class=\"elementor-widget-container\">\n\t\t\t\t\t\t\t<div class=\"elementor-counter\">\n\t\t\t<div class=\"elementor-counter-title\">Formations continues<\/div>\t\t\t<div class=\"elementor-counter-number-wrapper\">\n\t\t\t\t<span class=\"elementor-counter-number-prefix\"><\/span>\n\t\t\t\t<span class=\"elementor-counter-number\" data-duration=\"2000\" data-to-value=\"60\" data-from-value=\"0\" data-delimiter=\",\">0<\/span>\n\t\t\t\t<span class=\"elementor-counter-number-suffix\">+<\/span>\n\t\t\t<\/div>\n\t\t<\/div>\n\t\t\t\t\t\t<\/div>\n\t\t\t\t<\/div>\n\t\t\t\t<\/div>\n\t\t\t\t<\/div>\n\t\t\t\t\t<\/div>\n\t\t\t\t<\/div>\n\t\t<div class=\"elementor-element elementor-element-ecb6f7d e-flex e-con-boxed e-con e-parent\" data-id=\"ecb6f7d\" data-element_type=\"container\">\n\t\t\t\t\t<div class=\"e-con-inner\">\n\t\t<div class=\"elementor-element elementor-element-21b25a6 e-con-full e-flex e-con e-child\" data-id=\"21b25a6\" data-element_type=\"container\" data-settings=\"{&quot;background_background&quot;:&quot;classic&quot;}\">\n\t\t<div class=\"elementor-element elementor-element-2fc33eb e-con-full e-flex e-con e-child\" data-id=\"2fc33eb\" data-element_type=\"container\">\n\t\t\t\t<div class=\"elementor-element elementor-element-534ed6c elementor-view-default elementor-widget elementor-widget-icon\" data-id=\"534ed6c\" data-element_type=\"widget\" data-widget_type=\"icon.default\">\n\t\t\t\t<div class=\"elementor-widget-container\">\n\t\t\t\t\t\t\t<div class=\"elementor-icon-wrapper\">\n\t\t\t<div class=\"elementor-icon\">\n\t\t\t<svg xmlns=\"http:\/\/www.w3.org\/2000\/svg\" height=\"24px\" viewbox=\"0 -960 960 960\" width=\"24px\" fill=\"#000000\"><path d=\"M200-80q-33 0-56.5-23.5T120-160v-560q0-33 23.5-56.5T200-800h40v-80h80v80h320v-80h80v80h40q33 0 56.5 23.5T840-720v560q0 33-23.5 56.5T760-80H200Zm0-80h560v-400H200v400Zm0-480h560v-80H200v80Zm0 0v-80 80Zm280 240q-17 0-28.5-11.5T440-440q0-17 11.5-28.5T480-480q17 0 28.5 11.5T520-440q0 17-11.5 28.5T480-400Zm-160 0q-17 0-28.5-11.5T280-440q0-17 11.5-28.5T320-480q17 0 28.5 11.5T360-440q0 17-11.5 28.5T320-400Zm320 0q-17 0-28.5-11.5T600-440q0-17 11.5-28.5T640-480q17 0 28.5 11.5T680-440q0 17-11.5 28.5T640-400ZM480-240q-17 0-28.5-11.5T440-280q0-17 11.5-28.5T480-320q17 0 28.5 11.5T520-280q0 17-11.5 28.5T480-240Zm-160 0q-17 0-28.5-11.5T280-280q0-17 11.5-28.5T320-320q17 0 28.5 11.5T360-280q0 17-11.5 28.5T320-240Zm320 0q-17 0-28.5-11.5T600-280q0-17 11.5-28.5T640-320q17 0 28.5 11.5T680-280q0 17-11.5 28.5T640-240Z\"><\/path><\/svg>\t\t\t<\/div>\n\t\t<\/div>\n\t\t\t\t\t\t<\/div>\n\t\t\t\t<\/div>\n\t\t\t\t<div class=\"elementor-element elementor-element-67609cc elementor-widget elementor-widget-heading\" data-id=\"67609cc\" data-element_type=\"widget\" data-widget_type=\"heading.default\">\n\t\t\t\t<div class=\"elementor-widget-container\">\n\t\t\t\t\t<h3 class=\"elementor-heading-title elementor-size-default\">Prochains \u00e9v\u00e9nements<\/h3>\t\t\t\t<\/div>\n\t\t\t\t<\/div>\n\t\t\t\t<\/div>\n\t\t\t\t<div class=\"elementor-element elementor-element-a6e87b0 elementor-widget elementor-widget-shortcode\" data-id=\"a6e87b0\" data-element_type=\"widget\" data-widget_type=\"shortcode.default\">\n\t\t\t\t<div class=\"elementor-widget-container\">\n\t\t\t\t\t\t\t<div class=\"elementor-shortcode\">\n<div class=\"upcoming-events-wrapper\">\n                                    \n            <article class=\"upcoming-event-single\">\n                <h4 class=\"upcoming-event-heading\">\n                    <a href=\"http:\/\/pneumo.ch\/fr\/events\/ultraschallkurs-fokussierte-thoraxsonographie\/\" class=\"upcoming-event-link\">\n                        Ultraschallkurs fokussierte Thoraxsonographie                    <\/a>\n                <\/h4>\n\n                <div class=\"upcoming-event-date\">\n                    14 avril 2026                <\/div>\n\n                <a href=\"http:\/\/pneumo.ch\/fr\/events\/ultraschallkurs-fokussierte-thoraxsonographie\/\" class=\"upcoming-event-button\">\n                    En savoir plus \u2192\n                <\/a>\n            <\/article>\n                                \n            <article class=\"upcoming-event-single\">\n                <h4 class=\"upcoming-event-heading\">\n                    <a href=\"http:\/\/pneumo.ch\/fr\/events\/ateliers-dimagerie-thoracique\/\" class=\"upcoming-event-link\">\n                        Ateliers d&#8217;Imagerie Thoracique                    <\/a>\n                <\/h4>\n\n                <div class=\"upcoming-event-date\">\n                    23 avril 2026                <\/div>\n\n                <a href=\"http:\/\/pneumo.ch\/fr\/events\/ateliers-dimagerie-thoracique\/\" class=\"upcoming-event-button\">\n                    En savoir plus \u2192\n                <\/a>\n            <\/article>\n                                \n            <article class=\"upcoming-event-single\">\n                <h4 class=\"upcoming-event-heading\">\n                    <a href=\"http:\/\/pneumo.ch\/fr\/events\/33eme-symposium-tuberculose\/\" class=\"upcoming-event-link\">\n                        33\u00e8me symposium tuberculose                    <\/a>\n                <\/h4>\n\n                <div class=\"upcoming-event-date\">\n                    23 avril 2026                <\/div>\n\n                <a href=\"http:\/\/pneumo.ch\/fr\/events\/33eme-symposium-tuberculose\/\" class=\"upcoming-event-button\">\n                    En savoir plus \u2192\n                <\/a>\n            <\/article>\n                \n            <\/div><\/div>\n\t\t\t\t\t\t<\/div>\n\t\t\t\t<\/div>\n\t\t<div class=\"elementor-element elementor-element-2252827 e-con-full e-flex e-con e-child\" data-id=\"2252827\" data-element_type=\"container\">\n\t\t\t\t<div class=\"elementor-element elementor-element-7ffdb3b elementor-widget elementor-widget-heading\" data-id=\"7ffdb3b\" data-element_type=\"widget\" data-widget_type=\"heading.default\">\n\t\t\t\t<div class=\"elementor-widget-container\">\n\t\t\t\t\t<h3 class=\"elementor-heading-title elementor-size-default\"><a href=\"https:\/\/www.cardio-pneumo-congress.ch\/2026.html\" target=\"_blank\" rel=\"noopener\">SSP congr\u00e8s 2026: 10.-12.06.2026<\/a><\/h3>\t\t\t\t<\/div>\n\t\t\t\t<\/div>\n\t\t\t\t<div class=\"elementor-element elementor-element-f8deef8 elementor-widget elementor-widget-text-editor\" data-id=\"f8deef8\" data-element_type=\"widget\" data-widget_type=\"text-editor.default\">\n\t\t\t\t<div class=\"elementor-widget-container\">\n\t\t\t\t\t\t\t\t\t<p><a href=\"https:\/\/www.cardio-pneumo-congress.ch\/2026.html\" target=\"_blank\" rel=\"noopener\">Congress Center Basel<\/a><\/p>\t\t\t\t\t\t\t\t<\/div>\n\t\t\t\t<\/div>\n\t\t\t\t<\/div>\n\t\t\t\t<\/div>\n\t\t<div class=\"elementor-element elementor-element-51eabb3 e-con-full e-flex e-con e-child\" data-id=\"51eabb3\" data-element_type=\"container\" data-settings=\"{&quot;background_background&quot;:&quot;classic&quot;}\">\n\t\t<div class=\"elementor-element elementor-element-9b62997 e-con-full e-flex e-con e-child\" data-id=\"9b62997\" data-element_type=\"container\">\n\t\t\t\t<div class=\"elementor-element elementor-element-882511f elementor-view-default elementor-widget elementor-widget-icon\" data-id=\"882511f\" data-element_type=\"widget\" data-widget_type=\"icon.default\">\n\t\t\t\t<div class=\"elementor-widget-container\">\n\t\t\t\t\t\t\t<div class=\"elementor-icon-wrapper\">\n\t\t\t<div class=\"elementor-icon\">\n\t\t\t<svg xmlns=\"http:\/\/www.w3.org\/2000\/svg\" height=\"24px\" viewbox=\"0 -960 960 960\" width=\"24px\" fill=\"#000000\"><path d=\"M540-80q-108 0-184-76t-76-184v-23q-86-14-143-80.5T80-600v-240h120v-40h80v160h-80v-40h-40v160q0 66 47 113t113 47q66 0 113-47t47-113v-160h-40v40h-80v-160h80v40h120v240q0 90-57 156.5T360-363v23q0 75 52.5 127.5T540-160q75 0 127.5-52.5T720-340v-67q-35-12-57.5-43T640-520q0-50 35-85t85-35q50 0 85 35t35 85q0 39-22.5 70T800-407v67q0 108-76 184T540-80Zm220-400q17 0 28.5-11.5T800-520q0-17-11.5-28.5T760-560q-17 0-28.5 11.5T720-520q0 17 11.5 28.5T760-480Zm0-40Z\"><\/path><\/svg>\t\t\t<\/div>\n\t\t<\/div>\n\t\t\t\t\t\t<\/div>\n\t\t\t\t<\/div>\n\t\t\t\t<div class=\"elementor-element elementor-element-913c994 elementor-widget elementor-widget-heading\" data-id=\"913c994\" data-element_type=\"widget\" data-widget_type=\"heading.default\">\n\t\t\t\t<div class=\"elementor-widget-container\">\n\t\t\t\t\t<h3 class=\"elementor-heading-title elementor-size-default\">Notre Soci\u00e9t\u00e9<\/h3>\t\t\t\t<\/div>\n\t\t\t\t<\/div>\n\t\t\t\t<\/div>\n\t\t\t\t<div class=\"elementor-element elementor-element-974b15b elementor-widget elementor-widget-text-editor\" data-id=\"974b15b\" data-element_type=\"widget\" data-widget_type=\"text-editor.default\">\n\t\t\t\t<div class=\"elementor-widget-container\">\n\t\t\t\t\t\t\t\t\t<p>La SSP est une association qui regroupe des m\u00e9decins suisses traitant des maladies pulmonaires et respiratoires.<\/p>\t\t\t\t\t\t\t\t<\/div>\n\t\t\t\t<\/div>\n\t\t\t\t<div class=\"elementor-element elementor-element-8f33db5 elementor-widget elementor-widget-button\" data-id=\"8f33db5\" data-element_type=\"widget\" data-widget_type=\"button.default\">\n\t\t\t\t<div class=\"elementor-widget-container\">\n\t\t\t\t\t\t\t\t\t<div class=\"elementor-button-wrapper\">\n\t\t\t\t\t<a class=\"elementor-button elementor-button-link elementor-size-sm\" href=\"https:\/\/pneumo.ch\/fr\/about-us\/\">\n\t\t\t\t\t\t<span class=\"elementor-button-content-wrapper\">\n\t\t\t\t\t\t<span class=\"elementor-button-icon\">\n\t\t\t\t<svg xmlns=\"http:\/\/www.w3.org\/2000\/svg\" height=\"24px\" viewbox=\"0 -960 960 960\" width=\"24px\" fill=\"#FFFFFF\"><path d=\"m560-240-56-58 142-142H160v-80h486L504-662l56-58 240 240-240 240Z\"><\/path><\/svg>\t\t\t<\/span>\n\t\t\t\t\t\t\t\t\t<span class=\"elementor-button-text\">En savoir plus<\/span>\n\t\t\t\t\t<\/span>\n\t\t\t\t\t<\/a>\n\t\t\t\t<\/div>\n\t\t\t\t\t\t\t\t<\/div>\n\t\t\t\t<\/div>\n\t\t<div class=\"elementor-element elementor-element-8dfb2fc e-con-full e-flex e-con e-child\" data-id=\"8dfb2fc\" data-element_type=\"container\">\n\t\t\t\t<div class=\"elementor-element elementor-element-5703383 elementor-view-default elementor-widget elementor-widget-icon\" data-id=\"5703383\" data-element_type=\"widget\" data-widget_type=\"icon.default\">\n\t\t\t\t<div class=\"elementor-widget-container\">\n\t\t\t\t\t\t\t<div class=\"elementor-icon-wrapper\">\n\t\t\t<div class=\"elementor-icon\">\n\t\t\t<svg xmlns=\"http:\/\/www.w3.org\/2000\/svg\" height=\"24px\" viewbox=\"0 -960 960 960\" width=\"24px\" fill=\"#000000\"><path d=\"M540-80q-108 0-184-76t-76-184v-23q-86-14-143-80.5T80-600v-240h120v-40h80v160h-80v-40h-40v160q0 66 47 113t113 47q66 0 113-47t47-113v-160h-40v40h-80v-160h80v40h120v240q0 90-57 156.5T360-363v23q0 75 52.5 127.5T540-160q75 0 127.5-52.5T720-340v-67q-35-12-57.5-43T640-520q0-50 35-85t85-35q50 0 85 35t35 85q0 39-22.5 70T800-407v67q0 108-76 184T540-80Zm220-400q17 0 28.5-11.5T800-520q0-17-11.5-28.5T760-560q-17 0-28.5 11.5T720-520q0 17 11.5 28.5T760-480Zm0-40Z\"><\/path><\/svg>\t\t\t<\/div>\n\t\t<\/div>\n\t\t\t\t\t\t<\/div>\n\t\t\t\t<\/div>\n\t\t\t\t<div class=\"elementor-element elementor-element-a6e23f8 elementor-widget elementor-widget-heading\" data-id=\"a6e23f8\" data-element_type=\"widget\" data-widget_type=\"heading.default\">\n\t\t\t\t<div class=\"elementor-widget-container\">\n\t\t\t\t\t<h3 class=\"elementor-heading-title elementor-size-default\">Formation<\/h3>\t\t\t\t<\/div>\n\t\t\t\t<\/div>\n\t\t\t\t<\/div>\n\t\t\t\t<div class=\"elementor-element elementor-element-e42de60 elementor-widget elementor-widget-text-editor\" data-id=\"e42de60\" data-element_type=\"widget\" data-widget_type=\"text-editor.default\">\n\t\t\t\t<div class=\"elementor-widget-container\">\n\t\t\t\t\t\t\t\t\t<p>La SSP offre des possibilit\u00e9s de formation et de formation continue pour les professionnels de la pneumologie.<\/p>\t\t\t\t\t\t\t\t<\/div>\n\t\t\t\t<\/div>\n\t\t\t\t<div class=\"elementor-element elementor-element-6332799 elementor-widget elementor-widget-button\" data-id=\"6332799\" data-element_type=\"widget\" data-widget_type=\"button.default\">\n\t\t\t\t<div class=\"elementor-widget-container\">\n\t\t\t\t\t\t\t\t\t<div class=\"elementor-button-wrapper\">\n\t\t\t\t\t<a class=\"elementor-button elementor-button-link elementor-size-sm\" href=\"https:\/\/pneumo.ch\/fr\/training\/\">\n\t\t\t\t\t\t<span class=\"elementor-button-content-wrapper\">\n\t\t\t\t\t\t<span class=\"elementor-button-icon\">\n\t\t\t\t<svg xmlns=\"http:\/\/www.w3.org\/2000\/svg\" height=\"24px\" viewbox=\"0 -960 960 960\" width=\"24px\" fill=\"#FFFFFF\"><path d=\"m560-240-56-58 142-142H160v-80h486L504-662l56-58 240 240-240 240Z\"><\/path><\/svg>\t\t\t<\/span>\n\t\t\t\t\t\t\t\t\t<span class=\"elementor-button-text\">En savoir plus<\/span>\n\t\t\t\t\t<\/span>\n\t\t\t\t\t<\/a>\n\t\t\t\t<\/div>\n\t\t\t\t\t\t\t\t<\/div>\n\t\t\t\t<\/div>\n\t\t\t\t<\/div>\n\t\t\t\t\t<\/div>\n\t\t\t\t<\/div>\n\t\t<div class=\"elementor-element elementor-element-2ad0bb0 e-flex e-con-boxed e-con e-parent\" data-id=\"2ad0bb0\" data-element_type=\"container\">\n\t\t\t\t\t<div class=\"e-con-inner\">\n\t\t\t\t<div class=\"elementor-element elementor-element-ca0e62f elementor-widget__width-inherit elementor-widget elementor-widget-heading\" data-id=\"ca0e62f\" data-element_type=\"widget\" data-widget_type=\"heading.default\">\n\t\t\t\t<div class=\"elementor-widget-container\">\n\t\t\t\t\t<h2 class=\"elementor-heading-title elementor-size-default\">Quick Links<\/h2>\t\t\t\t<\/div>\n\t\t\t\t<\/div>\n\t\t<a class=\"elementor-element elementor-element-040fd82 e-con-full e-flex e-con e-child\" data-id=\"040fd82\" data-element_type=\"container\" data-settings=\"{&quot;background_background&quot;:&quot;classic&quot;}\" href=\"https:\/\/pneumo.ch\/fr\/news\/\">\n\t\t\t\t<div class=\"elementor-element elementor-element-1d2bcde elementor-widget elementor-widget-heading\" data-id=\"1d2bcde\" data-element_type=\"widget\" data-widget_type=\"heading.default\">\n\t\t\t\t<div class=\"elementor-widget-container\">\n\t\t\t\t\t<h3 class=\"elementor-heading-title elementor-size-default\">Actualit\u00e9s<\/h3>\t\t\t\t<\/div>\n\t\t\t\t<\/div>\n\t\t\t\t<div class=\"elementor-element elementor-element-a4e5b37 elementor-widget elementor-widget-text-editor\" data-id=\"a4e5b37\" data-element_type=\"widget\" data-widget_type=\"text-editor.default\">\n\t\t\t\t<div class=\"elementor-widget-container\">\n\t\t\t\t\t\t\t\t\t<p>Derni\u00e8res nouvelles et informations r\u00e9centes.<\/p>\t\t\t\t\t\t\t\t<\/div>\n\t\t\t\t<\/div>\n\t\t<div class=\"elementor-element elementor-element-36b6af1 e-con-full e-flex e-con e-child\" data-id=\"36b6af1\" data-element_type=\"container\" data-settings=\"{&quot;background_background&quot;:&quot;classic&quot;}\">\n\t\t\t\t<\/div>\n\t\t\t\t<\/a>\n\t\t<a class=\"elementor-element elementor-element-3afb53a e-con-full e-flex e-con e-child\" data-id=\"3afb53a\" data-element_type=\"container\" data-settings=\"{&quot;background_background&quot;:&quot;classic&quot;}\" href=\"https:\/\/pneumo.ch\/fr\/tarife-ab-2026\/\">\n\t\t\t\t<div class=\"elementor-element elementor-element-ff9d4ed elementor-widget elementor-widget-heading\" data-id=\"ff9d4ed\" data-element_type=\"widget\" data-widget_type=\"heading.default\">\n\t\t\t\t<div class=\"elementor-widget-container\">\n\t\t\t\t\t<h3 class=\"elementor-heading-title elementor-size-default\">Tarifs d\u00e8s 2026<\/h3>\t\t\t\t<\/div>\n\t\t\t\t<\/div>\n\t\t\t\t<div class=\"elementor-element elementor-element-a2620ec elementor-widget elementor-widget-text-editor\" data-id=\"a2620ec\" data-element_type=\"widget\" data-widget_type=\"text-editor.default\">\n\t\t\t\t<div class=\"elementor-widget-container\">\n\t\t\t\t\t\t\t\t\t<p>Comment s'adapter aux nouveaux tarifs 2026 ?<\/p>\t\t\t\t\t\t\t\t<\/div>\n\t\t\t\t<\/div>\n\t\t<div class=\"elementor-element elementor-element-51e47a1 e-con-full e-flex e-con e-child\" data-id=\"51e47a1\" data-element_type=\"container\" data-settings=\"{&quot;background_background&quot;:&quot;classic&quot;}\">\n\t\t\t\t<\/div>\n\t\t\t\t<\/a>\n\t\t<a class=\"elementor-element elementor-element-de3f9a3 e-con-full e-flex e-con e-child\" data-id=\"de3f9a3\" data-element_type=\"container\" data-settings=\"{&quot;background_background&quot;:&quot;classic&quot;}\" href=\"https:\/\/pneumo.ch\/fr\/useful-information\/\">\n\t\t\t\t<div class=\"elementor-element elementor-element-0af5dba elementor-widget elementor-widget-heading\" data-id=\"0af5dba\" data-element_type=\"widget\" data-widget_type=\"heading.default\">\n\t\t\t\t<div class=\"elementor-widget-container\">\n\t\t\t\t\t<h3 class=\"elementor-heading-title elementor-size-default\">Informations utiles pour les sp\u00e9cialistes<\/h3>\t\t\t\t<\/div>\n\t\t\t\t<\/div>\n\t\t\t\t<div class=\"elementor-element elementor-element-fbbd8c5 elementor-widget elementor-widget-text-editor\" data-id=\"fbbd8c5\" data-element_type=\"widget\" data-widget_type=\"text-editor.default\">\n\t\t\t\t<div class=\"elementor-widget-container\">\n\t\t\t\t\t\t\t\t\t<p>Vous trouverez ici des directives, des ressources p\u00e9dagogiques, des formulaires utiles, etc.\u00a0<\/p>\t\t\t\t\t\t\t\t<\/div>\n\t\t\t\t<\/div>\n\t\t<div class=\"elementor-element elementor-element-939892c e-con-full e-flex e-con e-child\" data-id=\"939892c\" data-element_type=\"container\" data-settings=\"{&quot;background_background&quot;:&quot;classic&quot;}\">\n\t\t\t\t<\/div>\n\t\t\t\t<\/a>\n\t\t<a class=\"elementor-element elementor-element-244e9a0 e-con-full e-flex e-con e-child\" data-id=\"244e9a0\" data-element_type=\"container\" data-settings=\"{&quot;background_background&quot;:&quot;classic&quot;}\" href=\"https:\/\/pneumo.ch\/fr\/training\/\">\n\t\t\t\t<div class=\"elementor-element elementor-element-b60c7cb elementor-widget elementor-widget-heading\" data-id=\"b60c7cb\" data-element_type=\"widget\" data-widget_type=\"heading.default\">\n\t\t\t\t<div class=\"elementor-widget-container\">\n\t\t\t\t\t<h3 class=\"elementor-heading-title elementor-size-default\">Formation continue et post-gradu\u00e9e<\/h3>\t\t\t\t<\/div>\n\t\t\t\t<\/div>\n\t\t\t\t<div class=\"elementor-element elementor-element-88e86c3 elementor-widget elementor-widget-text-editor\" data-id=\"88e86c3\" data-element_type=\"widget\" data-widget_type=\"text-editor.default\">\n\t\t\t\t<div class=\"elementor-widget-container\">\n\t\t\t\t\t\t\t\t\t<p>Dans cette section, vous trouverez des informations sur la formation et l'accr\u00e9ditation des \u00e9v\u00e9nements de formation<\/p>\t\t\t\t\t\t\t\t<\/div>\n\t\t\t\t<\/div>\n\t\t<div class=\"elementor-element elementor-element-fbabb78 e-con-full e-flex e-con e-child\" data-id=\"fbabb78\" data-element_type=\"container\" data-settings=\"{&quot;background_background&quot;:&quot;classic&quot;}\">\n\t\t\t\t<\/div>\n\t\t\t\t<\/a>\n\t\t\t\t\t<\/div>\n\t\t\t\t<\/div>\n\t\t\t\t<\/div>","protected":false},"excerpt":{"rendered":"<p>Schweizerische Gesellschaft f\u00fcr Pneumologie (SGP) Engagiert in der F\u00f6rderung der Atemgesundheit in der Schweiz Mitglied werden Mitglieder 0 + CME Events 0 + Die n\u00e4chsten Anl\u00e4sse SGP-Kongress 2026: 10.-12.06.2026 Congress Center Basel Unsere Gesellschaft Die SGP ist ein Verein, der Schweizer \u00c4rztinnen und \u00c4rzte vereint, die sich mit Lungen- und Atemwegserkrankungen befassen Mehr erfahren Fachpersonen [&hellip;]<\/p>","protected":false},"author":1,"featured_media":0,"parent":0,"menu_order":0,"comment_status":"closed","ping_status":"closed","template":"","meta":{"footnotes":""},"class_list":["post-11","page","type-page","status-publish","hentry"],"_links":{"self":[{"href":"http:\/\/pneumo.ch\/fr\/wp-json\/wp\/v2\/pages\/11","targetHints":{"allow":["GET"]}}],"collection":[{"href":"http:\/\/pneumo.ch\/fr\/wp-json\/wp\/v2\/pages"}],"about":[{"href":"http:\/\/pneumo.ch\/fr\/wp-json\/wp\/v2\/types\/page"}],"author":[{"embeddable":true,"href":"http:\/\/pneumo.ch\/fr\/wp-json\/wp\/v2\/users\/1"}],"replies":[{"embeddable":true,"href":"http:\/\/pneumo.ch\/fr\/wp-json\/wp\/v2\/comments?post=11"}],"version-history":[{"count":331,"href":"http:\/\/pneumo.ch\/fr\/wp-json\/wp\/v2\/pages\/11\/revisions"}],"predecessor-version":[{"id":4907,"href":"http:\/\/pneumo.ch\/fr\/wp-json\/wp\/v2\/pages\/11\/revisions\/4907"}],"wp:attachment":[{"href":"http:\/\/pneumo.ch\/fr\/wp-json\/wp\/v2\/media?parent=11"}],"curies":[{"name":"wp","href":"https:\/\/api.w.org\/{rel}","templated":true}]}}