{"id":1927,"date":"2024-12-12T20:19:44","date_gmt":"2024-12-12T20:19:44","guid":{"rendered":"https:\/\/pneumo.ch\/?page_id=1927"},"modified":"2025-12-15T09:41:42","modified_gmt":"2025-12-15T09:41:42","slug":"sig-early-career","status":"publish","type":"page","link":"http:\/\/pneumo.ch\/fr\/sig-early-career\/","title":{"rendered":"GIS Early Career"},"content":{"rendered":"<div data-elementor-type=\"wp-page\" data-elementor-id=\"1927\" class=\"elementor elementor-1927\" data-elementor-post-type=\"page\">\n\t\t\t\t<div class=\"elementor-element elementor-element-ce83398 e-flex e-con-boxed e-con e-parent\" data-id=\"ce83398\" data-element_type=\"container\">\n\t\t\t\t\t<div class=\"e-con-inner\">\n\t\t\t\t<div class=\"elementor-element elementor-element-b6a7894 elementor-widget__width-initial elementor-widget-mobile__width-inherit elementor-widget elementor-widget-template\" data-id=\"b6a7894\" data-element_type=\"widget\" data-settings=\"{&quot;sticky&quot;:&quot;top&quot;,&quot;sticky_offset&quot;:100,&quot;sticky_parent&quot;:&quot;yes&quot;,&quot;sticky_on&quot;:[&quot;desktop&quot;,&quot;tablet&quot;,&quot;mobile&quot;],&quot;sticky_effects_offset&quot;:0,&quot;sticky_anchor_link_offset&quot;:0}\" data-widget_type=\"template.default\">\n\t\t\t\t<div class=\"elementor-widget-container\">\n\t\t\t\t\t\t\t<div class=\"elementor-template\">\n\t\t\t\t\t<div data-elementor-type=\"container\" data-elementor-id=\"1147\" class=\"elementor elementor-1147\" data-elementor-post-type=\"elementor_library\">\n\t\t\t\t<div class=\"elementor-element elementor-element-3e8c391 e-con-full e-flex e-con e-child\" data-id=\"3e8c391\" data-element_type=\"container\">\n\t\t<div class=\"elementor-element elementor-element-394fca0 e-con-full e-flex e-con e-child\" data-id=\"394fca0\" data-element_type=\"container\" data-settings=\"{&quot;background_background&quot;:&quot;classic&quot;}\">\n\t\t\t\t<div class=\"elementor-element elementor-element-c759458 elementor-widget elementor-widget-heading\" data-id=\"c759458\" data-element_type=\"widget\" data-widget_type=\"heading.default\">\n\t\t\t\t<div class=\"elementor-widget-container\">\n\t\t\t\t\t<h2 class=\"elementor-heading-title elementor-size-default\">Domaines Sp\u00e9cialis\u00e9s<\/h2>\t\t\t\t<\/div>\n\t\t\t\t<\/div>\n\t\t\t\t<\/div>\n\t\t<a class=\"elementor-element elementor-element-a3e48d7 e-con-full text-red e-flex e-con e-child\" data-id=\"a3e48d7\" data-element_type=\"container\" href=\"https:\/\/pneumo.ch\/fr\/Pulmonale-Rehabilitation\/\">\n\t\t\t\t<div class=\"elementor-element elementor-element-933cc6f elementor-view-framed elementor-shape-square icon-red elementor-widget elementor-widget-icon\" data-id=\"933cc6f\" data-element_type=\"widget\" data-widget_type=\"icon.default\">\n\t\t\t\t<div class=\"elementor-widget-container\">\n\t\t\t\t\t\t\t<div class=\"elementor-icon-wrapper\">\n\t\t\t<div class=\"elementor-icon\">\n\t\t\t<svg xmlns=\"http:\/\/www.w3.org\/2000\/svg\" height=\"24px\" viewbox=\"0 -960 960 960\" width=\"24px\" fill=\"#194783\"><path d=\"m321-80-71-71 329-329-329-329 71-71 400 400L321-80Z\"><\/path><\/svg>\t\t\t<\/div>\n\t\t<\/div>\n\t\t\t\t\t\t<\/div>\n\t\t\t\t<\/div>\n\t\t\t\t<div class=\"elementor-element elementor-element-dc0ccfd elementor-widget__width-inherit elementor-widget elementor-widget-text-editor\" data-id=\"dc0ccfd\" data-element_type=\"widget\" data-widget_type=\"text-editor.default\">\n\t\t\t\t<div class=\"elementor-widget-container\">\n\t\t\t\t\t\t\t\t\t<p>R\u00e9habilitation Pulmonaire<\/p>\t\t\t\t\t\t\t\t<\/div>\n\t\t\t\t<\/div>\n\t\t\t\t<\/a>\n\t\t<a class=\"elementor-element elementor-element-f7b142e e-con-full text-red e-flex e-con e-child\" data-id=\"f7b142e\" data-element_type=\"container\" href=\"https:\/\/pneumo.ch\/fr\/sig-airways-disease-and-respiratory-physiology\/\">\n\t\t\t\t<div class=\"elementor-element elementor-element-c31a0d8 elementor-view-framed elementor-shape-square icon-red elementor-widget elementor-widget-icon\" data-id=\"c31a0d8\" data-element_type=\"widget\" data-widget_type=\"icon.default\">\n\t\t\t\t<div class=\"elementor-widget-container\">\n\t\t\t\t\t\t\t<div class=\"elementor-icon-wrapper\">\n\t\t\t<div class=\"elementor-icon\">\n\t\t\t<svg xmlns=\"http:\/\/www.w3.org\/2000\/svg\" height=\"24px\" viewbox=\"0 -960 960 960\" width=\"24px\" fill=\"#194783\"><path d=\"m321-80-71-71 329-329-329-329 71-71 400 400L321-80Z\"><\/path><\/svg>\t\t\t<\/div>\n\t\t<\/div>\n\t\t\t\t\t\t<\/div>\n\t\t\t\t<\/div>\n\t\t\t\t<div class=\"elementor-element elementor-element-334d320 elementor-widget__width-inherit elementor-widget elementor-widget-text-editor\" data-id=\"334d320\" data-element_type=\"widget\" data-widget_type=\"text-editor.default\">\n\t\t\t\t<div class=\"elementor-widget-container\">\n\t\t\t\t\t\t\t\t\t<p>SIG Airways disease and respiratory physiology<\/p>\t\t\t\t\t\t\t\t<\/div>\n\t\t\t\t<\/div>\n\t\t\t\t<\/a>\n\t\t<a class=\"elementor-element elementor-element-5089804 e-con-full text-red e-flex e-con e-child\" data-id=\"5089804\" data-element_type=\"container\" href=\"https:\/\/pneumo.ch\/fr\/sig-allied-health-professionals\/\">\n\t\t\t\t<div class=\"elementor-element elementor-element-6d452b2 elementor-view-framed elementor-shape-square icon-red elementor-widget elementor-widget-icon\" data-id=\"6d452b2\" data-element_type=\"widget\" data-widget_type=\"icon.default\">\n\t\t\t\t<div class=\"elementor-widget-container\">\n\t\t\t\t\t\t\t<div class=\"elementor-icon-wrapper\">\n\t\t\t<div class=\"elementor-icon\">\n\t\t\t<svg xmlns=\"http:\/\/www.w3.org\/2000\/svg\" height=\"24px\" viewbox=\"0 -960 960 960\" width=\"24px\" fill=\"#194783\"><path d=\"m321-80-71-71 329-329-329-329 71-71 400 400L321-80Z\"><\/path><\/svg>\t\t\t<\/div>\n\t\t<\/div>\n\t\t\t\t\t\t<\/div>\n\t\t\t\t<\/div>\n\t\t\t\t<div class=\"elementor-element elementor-element-f1cb159 elementor-widget__width-inherit elementor-widget elementor-widget-text-editor\" data-id=\"f1cb159\" data-element_type=\"widget\" data-widget_type=\"text-editor.default\">\n\t\t\t\t<div class=\"elementor-widget-container\">\n\t\t\t\t\t\t\t\t\t<p>SIG Allied Health Professionals<\/p>\t\t\t\t\t\t\t\t<\/div>\n\t\t\t\t<\/div>\n\t\t\t\t<\/a>\n\t\t<a class=\"elementor-element elementor-element-a9b0313 e-con-full text-red e-flex e-con e-child\" data-id=\"a9b0313\" data-element_type=\"container\" href=\"https:\/\/pneumo.ch\/fr\/sig-early-career\/\">\n\t\t\t\t<div class=\"elementor-element elementor-element-b3918db elementor-view-framed elementor-shape-square icon-red elementor-widget elementor-widget-icon\" data-id=\"b3918db\" data-element_type=\"widget\" data-widget_type=\"icon.default\">\n\t\t\t\t<div class=\"elementor-widget-container\">\n\t\t\t\t\t\t\t<div class=\"elementor-icon-wrapper\">\n\t\t\t<div class=\"elementor-icon\">\n\t\t\t<svg xmlns=\"http:\/\/www.w3.org\/2000\/svg\" height=\"24px\" viewbox=\"0 -960 960 960\" width=\"24px\" fill=\"#194783\"><path d=\"m321-80-71-71 329-329-329-329 71-71 400 400L321-80Z\"><\/path><\/svg>\t\t\t<\/div>\n\t\t<\/div>\n\t\t\t\t\t\t<\/div>\n\t\t\t\t<\/div>\n\t\t\t\t<div class=\"elementor-element elementor-element-0efc1a2 elementor-widget__width-inherit elementor-widget elementor-widget-text-editor\" data-id=\"0efc1a2\" data-element_type=\"widget\" data-widget_type=\"text-editor.default\">\n\t\t\t\t<div class=\"elementor-widget-container\">\n\t\t\t\t\t\t\t\t\t<p>SIG Young SSP<\/p>\t\t\t\t\t\t\t\t<\/div>\n\t\t\t\t<\/div>\n\t\t\t\t<\/a>\n\t\t<a class=\"elementor-element elementor-element-0136007 e-con-full text-red e-flex e-con e-child\" data-id=\"0136007\" data-element_type=\"container\" href=\"https:\/\/pneumo.ch\/fr\/sig-infections-tuberculosis-cf-non-cf-bronchiectasis\/\">\n\t\t\t\t<div class=\"elementor-element elementor-element-78e3269 elementor-view-framed elementor-shape-square icon-red elementor-widget elementor-widget-icon\" data-id=\"78e3269\" data-element_type=\"widget\" data-widget_type=\"icon.default\">\n\t\t\t\t<div class=\"elementor-widget-container\">\n\t\t\t\t\t\t\t<div class=\"elementor-icon-wrapper\">\n\t\t\t<div class=\"elementor-icon\">\n\t\t\t<svg xmlns=\"http:\/\/www.w3.org\/2000\/svg\" height=\"24px\" viewbox=\"0 -960 960 960\" width=\"24px\" fill=\"#194783\"><path d=\"m321-80-71-71 329-329-329-329 71-71 400 400L321-80Z\"><\/path><\/svg>\t\t\t<\/div>\n\t\t<\/div>\n\t\t\t\t\t\t<\/div>\n\t\t\t\t<\/div>\n\t\t\t\t<div class=\"elementor-element elementor-element-a4d203b elementor-widget__width-inherit elementor-widget elementor-widget-text-editor\" data-id=\"a4d203b\" data-element_type=\"widget\" data-widget_type=\"text-editor.default\">\n\t\t\t\t<div class=\"elementor-widget-container\">\n\t\t\t\t\t\t\t\t\t<p>SIG Infections, Tuberculosis, CF\/non-CF Bronchiectasis<\/p>\t\t\t\t\t\t\t\t<\/div>\n\t\t\t\t<\/div>\n\t\t\t\t<\/a>\n\t\t<a class=\"elementor-element elementor-element-27f1f91 e-con-full text-red e-flex e-con e-child\" data-id=\"27f1f91\" data-element_type=\"container\" href=\"https:\/\/pneumo.ch\/fr\/sig-interstitial-and-rare-lung-diseases\/\">\n\t\t\t\t<div class=\"elementor-element elementor-element-28f9800 elementor-view-framed elementor-shape-square icon-red elementor-widget elementor-widget-icon\" data-id=\"28f9800\" data-element_type=\"widget\" data-widget_type=\"icon.default\">\n\t\t\t\t<div class=\"elementor-widget-container\">\n\t\t\t\t\t\t\t<div class=\"elementor-icon-wrapper\">\n\t\t\t<div class=\"elementor-icon\">\n\t\t\t<svg xmlns=\"http:\/\/www.w3.org\/2000\/svg\" height=\"24px\" viewbox=\"0 -960 960 960\" width=\"24px\" fill=\"#194783\"><path d=\"m321-80-71-71 329-329-329-329 71-71 400 400L321-80Z\"><\/path><\/svg>\t\t\t<\/div>\n\t\t<\/div>\n\t\t\t\t\t\t<\/div>\n\t\t\t\t<\/div>\n\t\t\t\t<div class=\"elementor-element elementor-element-9bbbe92 elementor-widget__width-inherit elementor-widget elementor-widget-text-editor\" data-id=\"9bbbe92\" data-element_type=\"widget\" data-widget_type=\"text-editor.default\">\n\t\t\t\t<div class=\"elementor-widget-container\">\n\t\t\t\t\t\t\t\t\t<p>SIG Interstitial and Rare Lung Diseases<\/p>\t\t\t\t\t\t\t\t<\/div>\n\t\t\t\t<\/div>\n\t\t\t\t<\/a>\n\t\t<a class=\"elementor-element elementor-element-b1bcfc6 e-con-full text-red e-flex e-con e-child\" data-id=\"b1bcfc6\" data-element_type=\"container\" href=\"https:\/\/pneumo.ch\/fr\/sig-pulmonary-vascular-disease\/\">\n\t\t\t\t<div class=\"elementor-element elementor-element-06fe9b5 elementor-view-framed elementor-shape-square icon-red elementor-widget elementor-widget-icon\" data-id=\"06fe9b5\" data-element_type=\"widget\" data-widget_type=\"icon.default\">\n\t\t\t\t<div class=\"elementor-widget-container\">\n\t\t\t\t\t\t\t<div class=\"elementor-icon-wrapper\">\n\t\t\t<div class=\"elementor-icon\">\n\t\t\t<svg xmlns=\"http:\/\/www.w3.org\/2000\/svg\" height=\"24px\" viewbox=\"0 -960 960 960\" width=\"24px\" fill=\"#194783\"><path d=\"m321-80-71-71 329-329-329-329 71-71 400 400L321-80Z\"><\/path><\/svg>\t\t\t<\/div>\n\t\t<\/div>\n\t\t\t\t\t\t<\/div>\n\t\t\t\t<\/div>\n\t\t\t\t<div class=\"elementor-element elementor-element-a3652e2 elementor-widget__width-inherit elementor-widget elementor-widget-text-editor\" data-id=\"a3652e2\" data-element_type=\"widget\" data-widget_type=\"text-editor.default\">\n\t\t\t\t<div class=\"elementor-widget-container\">\n\t\t\t\t\t\t\t\t\t<p>SIG Pulmonary Vascular Disease<\/p>\t\t\t\t\t\t\t\t<\/div>\n\t\t\t\t<\/div>\n\t\t\t\t<\/a>\n\t\t<a class=\"elementor-element elementor-element-6f81965 e-con-full text-red e-flex e-con e-child\" data-id=\"6f81965\" data-element_type=\"container\" href=\"https:\/\/pneumo.ch\/fr\/sig-sleep-breathing-disorders\/\">\n\t\t\t\t<div class=\"elementor-element elementor-element-9c4bec2 elementor-view-framed elementor-shape-square icon-red elementor-widget elementor-widget-icon\" data-id=\"9c4bec2\" data-element_type=\"widget\" data-widget_type=\"icon.default\">\n\t\t\t\t<div class=\"elementor-widget-container\">\n\t\t\t\t\t\t\t<div class=\"elementor-icon-wrapper\">\n\t\t\t<div class=\"elementor-icon\">\n\t\t\t<svg xmlns=\"http:\/\/www.w3.org\/2000\/svg\" height=\"24px\" viewbox=\"0 -960 960 960\" width=\"24px\" fill=\"#194783\"><path d=\"m321-80-71-71 329-329-329-329 71-71 400 400L321-80Z\"><\/path><\/svg>\t\t\t<\/div>\n\t\t<\/div>\n\t\t\t\t\t\t<\/div>\n\t\t\t\t<\/div>\n\t\t\t\t<div class=\"elementor-element elementor-element-4dacb57 elementor-widget__width-inherit elementor-widget elementor-widget-text-editor\" data-id=\"4dacb57\" data-element_type=\"widget\" data-widget_type=\"text-editor.default\">\n\t\t\t\t<div class=\"elementor-widget-container\">\n\t\t\t\t\t\t\t\t\t<p>SIG Sleep Breathing Disorders<\/p>\t\t\t\t\t\t\t\t<\/div>\n\t\t\t\t<\/div>\n\t\t\t\t<\/a>\n\t\t<a class=\"elementor-element elementor-element-85f4ec2 e-con-full text-red e-flex e-con e-child\" data-id=\"85f4ec2\" data-element_type=\"container\" href=\"https:\/\/pneumo.ch\/fr\/sig-thoracic-interventions-oncology\/\">\n\t\t\t\t<div class=\"elementor-element elementor-element-c62ad73 elementor-view-framed elementor-shape-square icon-red elementor-widget elementor-widget-icon\" data-id=\"c62ad73\" data-element_type=\"widget\" data-widget_type=\"icon.default\">\n\t\t\t\t<div class=\"elementor-widget-container\">\n\t\t\t\t\t\t\t<div class=\"elementor-icon-wrapper\">\n\t\t\t<div class=\"elementor-icon\">\n\t\t\t<svg xmlns=\"http:\/\/www.w3.org\/2000\/svg\" height=\"24px\" viewbox=\"0 -960 960 960\" width=\"24px\" fill=\"#194783\"><path d=\"m321-80-71-71 329-329-329-329 71-71 400 400L321-80Z\"><\/path><\/svg>\t\t\t<\/div>\n\t\t<\/div>\n\t\t\t\t\t\t<\/div>\n\t\t\t\t<\/div>\n\t\t\t\t<div class=\"elementor-element elementor-element-5cc0b43 elementor-widget__width-inherit elementor-widget elementor-widget-text-editor\" data-id=\"5cc0b43\" data-element_type=\"widget\" data-widget_type=\"text-editor.default\">\n\t\t\t\t<div class=\"elementor-widget-container\">\n\t\t\t\t\t\t\t\t\t<p>SIG Thoracic Interventions &amp; Oncology<\/p>\t\t\t\t\t\t\t\t<\/div>\n\t\t\t\t<\/div>\n\t\t\t\t<\/a>\n\t\t<a class=\"elementor-element elementor-element-02ba924 e-con-full text-red e-flex e-con e-child\" data-id=\"02ba924\" data-element_type=\"container\" href=\"https:\/\/pneumo.ch\/fr\/sig-thoracic-ultrasound\/\">\n\t\t\t\t<div class=\"elementor-element elementor-element-c99e567 elementor-view-framed elementor-shape-square icon-red elementor-widget elementor-widget-icon\" data-id=\"c99e567\" data-element_type=\"widget\" data-widget_type=\"icon.default\">\n\t\t\t\t<div class=\"elementor-widget-container\">\n\t\t\t\t\t\t\t<div class=\"elementor-icon-wrapper\">\n\t\t\t<div class=\"elementor-icon\">\n\t\t\t<svg xmlns=\"http:\/\/www.w3.org\/2000\/svg\" height=\"24px\" viewbox=\"0 -960 960 960\" width=\"24px\" fill=\"#194783\"><path d=\"m321-80-71-71 329-329-329-329 71-71 400 400L321-80Z\"><\/path><\/svg>\t\t\t<\/div>\n\t\t<\/div>\n\t\t\t\t\t\t<\/div>\n\t\t\t\t<\/div>\n\t\t\t\t<div class=\"elementor-element elementor-element-def0202 elementor-widget__width-inherit elementor-widget elementor-widget-text-editor\" data-id=\"def0202\" data-element_type=\"widget\" data-widget_type=\"text-editor.default\">\n\t\t\t\t<div class=\"elementor-widget-container\">\n\t\t\t\t\t\t\t\t\t<p>SIG Thoracic Ultrasound<\/p>\t\t\t\t\t\t\t\t<\/div>\n\t\t\t\t<\/div>\n\t\t\t\t<\/a>\n\t\t<a class=\"elementor-element elementor-element-2190aae e-con-full text-red e-flex e-con e-child\" data-id=\"2190aae\" data-element_type=\"container\" href=\"https:\/\/pneumo.ch\/fr\/sig-ventilation-o2\/\">\n\t\t\t\t<div class=\"elementor-element elementor-element-b107c53 elementor-view-framed elementor-shape-square icon-red elementor-widget elementor-widget-icon\" data-id=\"b107c53\" data-element_type=\"widget\" data-widget_type=\"icon.default\">\n\t\t\t\t<div class=\"elementor-widget-container\">\n\t\t\t\t\t\t\t<div class=\"elementor-icon-wrapper\">\n\t\t\t<div class=\"elementor-icon\">\n\t\t\t<svg xmlns=\"http:\/\/www.w3.org\/2000\/svg\" height=\"24px\" viewbox=\"0 -960 960 960\" width=\"24px\" fill=\"#194783\"><path d=\"m321-80-71-71 329-329-329-329 71-71 400 400L321-80Z\"><\/path><\/svg>\t\t\t<\/div>\n\t\t<\/div>\n\t\t\t\t\t\t<\/div>\n\t\t\t\t<\/div>\n\t\t\t\t<div class=\"elementor-element elementor-element-44ad3fa elementor-widget__width-inherit elementor-widget elementor-widget-text-editor\" data-id=\"44ad3fa\" data-element_type=\"widget\" data-widget_type=\"text-editor.default\">\n\t\t\t\t<div class=\"elementor-widget-container\">\n\t\t\t\t\t\t\t\t\t<p>SIG Ventilation &amp; O2<\/p>\t\t\t\t\t\t\t\t<\/div>\n\t\t\t\t<\/div>\n\t\t\t\t<\/a>\n\t\t<a class=\"elementor-element elementor-element-6d30617 e-con-full text-red e-flex e-con e-child\" data-id=\"6d30617\" data-element_type=\"container\" href=\"https:\/\/pneumo.ch\/fr\/sig-mitgliedschaft\/\">\n\t\t\t\t<div class=\"elementor-element elementor-element-bd13bab elementor-view-framed elementor-shape-square icon-red elementor-widget elementor-widget-icon\" data-id=\"bd13bab\" data-element_type=\"widget\" data-widget_type=\"icon.default\">\n\t\t\t\t<div class=\"elementor-widget-container\">\n\t\t\t\t\t\t\t<div class=\"elementor-icon-wrapper\">\n\t\t\t<div class=\"elementor-icon\">\n\t\t\t<svg xmlns=\"http:\/\/www.w3.org\/2000\/svg\" height=\"24px\" viewbox=\"0 -960 960 960\" width=\"24px\" fill=\"#194783\"><path d=\"m321-80-71-71 329-329-329-329 71-71 400 400L321-80Z\"><\/path><\/svg>\t\t\t<\/div>\n\t\t<\/div>\n\t\t\t\t\t\t<\/div>\n\t\t\t\t<\/div>\n\t\t\t\t<div class=\"elementor-element elementor-element-0dec376 elementor-widget__width-inherit elementor-widget elementor-widget-text-editor\" data-id=\"0dec376\" data-element_type=\"widget\" data-widget_type=\"text-editor.default\">\n\t\t\t\t<div class=\"elementor-widget-container\">\n\t\t\t\t\t\t\t\t\t<p>Adh\u00e9sion \u00e0 un GIS<\/p>\t\t\t\t\t\t\t\t<\/div>\n\t\t\t\t<\/div>\n\t\t\t\t<\/a>\n\t\t\t\t<\/div>\n\t\t\t\t<\/div>\n\t\t\t\t<\/div>\n\t\t\t\t\t\t<\/div>\n\t\t\t\t<\/div>\n\t\t<div class=\"elementor-element elementor-element-bee1678 e-con-full e-flex e-con e-child\" data-id=\"bee1678\" data-element_type=\"container\">\n\t\t\t\t<div class=\"elementor-element elementor-element-c0fc939 elementor-widget__width-inherit elementor-widget elementor-widget-heading\" data-id=\"c0fc939\" data-element_type=\"widget\" data-widget_type=\"heading.default\">\n\t\t\t\t<div class=\"elementor-widget-container\">\n\t\t\t\t\t<h1 class=\"elementor-heading-title elementor-size-default\">SIG Young SSP\n<\/h1>\t\t\t\t<\/div>\n\t\t\t\t<\/div>\n\t\t\t\t<div class=\"elementor-element elementor-element-856543f elementor-widget elementor-widget-text-editor\" data-id=\"856543f\" data-element_type=\"widget\" data-widget_type=\"text-editor.default\">\n\t\t\t\t<div class=\"elementor-widget-container\">\n\t\t\t\t\t\t\t\t\t<p><strong>Groupe d'int\u00e9r\u00eat sp\u00e9cial \u00ab Young SSP \u00bb de la Soci\u00e9t\u00e9 suisse de pneumologie \u2013 nous nous pr\u00e9sentons !<\/strong><\/p><p>Le GIS <em>Young SSP<\/em>\u00a0s'engage \u00e0 repr\u00e9senter et \u00e0 soutenir les jeunes pneumologues au sein de la soci\u00e9t\u00e9. Nous nous consid\u00e9rons comme un trait d'union entre les pneumologues \u00e9tablis et la prochaine g\u00e9n\u00e9ration de sp\u00e9cialistes qui feront \u00e9voluer le domaine de la pneumologie.<\/p><p>Notre groupe offre une plateforme d'\u00e9change, de formation continue et de mise en r\u00e9seau des jeunes pneumologues* afin qu'ils puissent d\u00e9fendre leurs int\u00e9r\u00eats et leurs pr\u00e9occupations au sein de la SSP. Nous encourageons le dialogue, organisons des \u00e9v\u00e9nements et proposons des ressources sp\u00e9cialement con\u00e7ues pour r\u00e9pondre aux besoins des jeunes sp\u00e9cialistes.<\/p><p>Ensemble, nous voulons fa\u00e7onner l'avenir de la pneumologie en Suisse et construire une communaut\u00e9 forte et interconnect\u00e9e. Si vous \u00eates int\u00e9ress\u00e9(e) par une adh\u00e9sion et une participation active \u00e0 notre travail, nous nous r\u00e9jouissons toujours de l'arriv\u00e9e de nouveaux membres !<\/p>\t\t\t\t\t\t\t\t<\/div>\n\t\t\t\t<\/div>\n\t\t\t\t<\/div>\n\t\t\t\t\t<\/div>\n\t\t\t\t<\/div>\n\t\t<div class=\"elementor-element elementor-element-3b932e7 e-flex e-con-boxed e-con e-parent\" data-id=\"3b932e7\" data-element_type=\"container\">\n\t\t\t\t\t<div class=\"e-con-inner\">\n\t\t\t\t<div class=\"elementor-element elementor-element-ae9719b elementor-widget elementor-widget-text-editor\" data-id=\"ae9719b\" data-element_type=\"widget\" data-widget_type=\"text-editor.default\">\n\t\t\t\t<div class=\"elementor-widget-container\">\n\t\t\t\t\t\t\t\t\t<p>Lorem ipsum dolor sit amet, consectetur adipiscing elit. Ut elit tellus, luctus nec ullamcorper mattis, pulvinar dapibus leo.<\/p>\t\t\t\t\t\t\t\t<\/div>\n\t\t\t\t<\/div>\n\t\t\t\t\t<\/div>\n\t\t\t\t<\/div>\n\t\t\t\t<\/div>","protected":false},"excerpt":{"rendered":"<p>SIG Young SGP Special Interest Group \u201eYoung SGP\u201c der Schweizerischen Gesellschaft f\u00fcr Pneumologie \u2013 wir stellen uns vor! Die SIG Young SGP\u00a0hat sich der Vertretung und Unterst\u00fctzung junger Pneumolog*innen in der Gesellschaft verschrieben. Wir verstehen uns als Bindeglied zwischen der etablierten pneumologischen Fachwelt und der n\u00e4chsten Generation von Fachkr\u00e4ften, die den Bereich der Pneumologie weiterentwickeln [&hellip;]<\/p>","protected":false},"author":1,"featured_media":0,"parent":0,"menu_order":0,"comment_status":"closed","ping_status":"closed","template":"","meta":{"footnotes":""},"class_list":["post-1927","page","type-page","status-publish","hentry"],"_links":{"self":[{"href":"http:\/\/pneumo.ch\/fr\/wp-json\/wp\/v2\/pages\/1927","targetHints":{"allow":["GET"]}}],"collection":[{"href":"http:\/\/pneumo.ch\/fr\/wp-json\/wp\/v2\/pages"}],"about":[{"href":"http:\/\/pneumo.ch\/fr\/wp-json\/wp\/v2\/types\/page"}],"author":[{"embeddable":true,"href":"http:\/\/pneumo.ch\/fr\/wp-json\/wp\/v2\/users\/1"}],"replies":[{"embeddable":true,"href":"http:\/\/pneumo.ch\/fr\/wp-json\/wp\/v2\/comments?post=1927"}],"version-history":[{"count":13,"href":"http:\/\/pneumo.ch\/fr\/wp-json\/wp\/v2\/pages\/1927\/revisions"}],"predecessor-version":[{"id":5832,"href":"http:\/\/pneumo.ch\/fr\/wp-json\/wp\/v2\/pages\/1927\/revisions\/5832"}],"wp:attachment":[{"href":"http:\/\/pneumo.ch\/fr\/wp-json\/wp\/v2\/media?parent=1927"}],"curies":[{"name":"wp","href":"https:\/\/api.w.org\/{rel}","templated":true}]}}