{"id":2197,"date":"2024-12-13T16:38:41","date_gmt":"2024-12-13T16:38:41","guid":{"rendered":"https:\/\/pneumo.ch\/?page_id=2197"},"modified":"2026-02-18T08:08:18","modified_gmt":"2026-02-18T08:08:18","slug":"delegierte","status":"publish","type":"page","link":"http:\/\/pneumo.ch\/fr\/delegierte\/","title":{"rendered":"D\u00e9l\u00e9gu\u00e9s"},"content":{"rendered":"<div data-elementor-type=\"wp-page\" data-elementor-id=\"2197\" class=\"elementor elementor-2197\" data-elementor-post-type=\"page\">\n\t\t\t\t<div class=\"elementor-element elementor-element-ee58b90 e-flex e-con-boxed e-con e-parent\" data-id=\"ee58b90\" data-element_type=\"container\">\n\t\t\t\t\t<div class=\"e-con-inner\">\n\t\t\t\t<div class=\"elementor-element elementor-element-5ed809d elementor-widget__width-initial elementor-widget-mobile__width-inherit elementor-widget elementor-widget-template\" data-id=\"5ed809d\" data-element_type=\"widget\" data-settings=\"{&quot;sticky&quot;:&quot;top&quot;,&quot;sticky_offset&quot;:100,&quot;sticky_offset_tablet&quot;:100,&quot;sticky_parent&quot;:&quot;yes&quot;,&quot;sticky_on&quot;:[&quot;desktop&quot;,&quot;tablet&quot;],&quot;sticky_effects_offset&quot;:0,&quot;sticky_anchor_link_offset&quot;:0}\" data-widget_type=\"template.default\">\n\t\t\t\t<div class=\"elementor-widget-container\">\n\t\t\t\t\t\t\t<div class=\"elementor-template\">\n\t\t\t\t\t<div data-elementor-type=\"container\" data-elementor-id=\"808\" class=\"elementor elementor-808\" data-elementor-post-type=\"elementor_library\">\n\t\t\t\t<div class=\"elementor-element elementor-element-c5d29dc e-con-full e-flex e-con e-child\" data-id=\"c5d29dc\" data-element_type=\"container\">\n\t\t<div class=\"elementor-element elementor-element-21ecca25 e-con-full e-flex e-con e-child\" data-id=\"21ecca25\" data-element_type=\"container\" data-settings=\"{&quot;background_background&quot;:&quot;classic&quot;}\">\n\t\t\t\t<div class=\"elementor-element elementor-element-335b629f elementor-widget elementor-widget-heading\" data-id=\"335b629f\" data-element_type=\"widget\" data-widget_type=\"heading.default\">\n\t\t\t\t<div class=\"elementor-widget-container\">\n\t\t\t\t\t<h3 class=\"elementor-heading-title elementor-size-default\">Notre Soci\u00e9t\u00e9<\/h3>\t\t\t\t<\/div>\n\t\t\t\t<\/div>\n\t\t\t\t<\/div>\n\t\t<a class=\"elementor-element elementor-element-236f8af5 e-con-full text-red e-flex e-con e-child\" data-id=\"236f8af5\" data-element_type=\"container\" href=\"https:\/\/pneumo.ch\/fr\/about-us-leadership-and-governance\/\">\n\t\t\t\t<div class=\"elementor-element elementor-element-26b0937d elementor-view-framed elementor-shape-square icon-red elementor-widget elementor-widget-icon\" data-id=\"26b0937d\" data-element_type=\"widget\" data-widget_type=\"icon.default\">\n\t\t\t\t<div class=\"elementor-widget-container\">\n\t\t\t\t\t\t\t<div class=\"elementor-icon-wrapper\">\n\t\t\t<div class=\"elementor-icon\">\n\t\t\t<svg xmlns=\"http:\/\/www.w3.org\/2000\/svg\" height=\"24px\" viewbox=\"0 -960 960 960\" width=\"24px\" fill=\"#194783\"><path d=\"m321-80-71-71 329-329-329-329 71-71 400 400L321-80Z\"><\/path><\/svg>\t\t\t<\/div>\n\t\t<\/div>\n\t\t\t\t\t\t<\/div>\n\t\t\t\t<\/div>\n\t\t\t\t<div class=\"elementor-element elementor-element-66cc4e1 elementor-widget__width-inherit elementor-widget elementor-widget-text-editor\" data-id=\"66cc4e1\" data-element_type=\"widget\" data-widget_type=\"text-editor.default\">\n\t\t\t\t<div class=\"elementor-widget-container\">\n\t\t\t\t\t\t\t\t\t<p>Comit\u00e9<\/p>\t\t\t\t\t\t\t\t<\/div>\n\t\t\t\t<\/div>\n\t\t\t\t<\/a>\n\t\t<a class=\"elementor-element elementor-element-74549b54 e-con-full text-red e-flex e-con e-child\" data-id=\"74549b54\" data-element_type=\"container\" href=\"https:\/\/pneumo.ch\/fr\/about-us-commissions-2\/\">\n\t\t\t\t<div class=\"elementor-element elementor-element-5daedce4 elementor-view-framed elementor-shape-square icon-red elementor-widget elementor-widget-icon\" data-id=\"5daedce4\" data-element_type=\"widget\" data-widget_type=\"icon.default\">\n\t\t\t\t<div class=\"elementor-widget-container\">\n\t\t\t\t\t\t\t<div class=\"elementor-icon-wrapper\">\n\t\t\t<div class=\"elementor-icon\">\n\t\t\t<svg xmlns=\"http:\/\/www.w3.org\/2000\/svg\" height=\"24px\" viewbox=\"0 -960 960 960\" width=\"24px\" fill=\"#194783\"><path d=\"m321-80-71-71 329-329-329-329 71-71 400 400L321-80Z\"><\/path><\/svg>\t\t\t<\/div>\n\t\t<\/div>\n\t\t\t\t\t\t<\/div>\n\t\t\t\t<\/div>\n\t\t\t\t<div class=\"elementor-element elementor-element-481e1d7 elementor-widget__width-inherit elementor-widget elementor-widget-text-editor\" data-id=\"481e1d7\" data-element_type=\"widget\" data-widget_type=\"text-editor.default\">\n\t\t\t\t<div class=\"elementor-widget-container\">\n\t\t\t\t\t\t\t\t\t<p>Commissions et Special Interest Groups<\/p>\t\t\t\t\t\t\t\t<\/div>\n\t\t\t\t<\/div>\n\t\t\t\t<\/a>\n\t\t<a class=\"elementor-element elementor-element-4829b81a e-con-full text-red e-flex e-con e-child\" data-id=\"4829b81a\" data-element_type=\"container\" href=\"https:\/\/pneumo.ch\/fr\/delegierte\/\">\n\t\t\t\t<div class=\"elementor-element elementor-element-3a8e7609 elementor-view-framed elementor-shape-square icon-red elementor-widget elementor-widget-icon\" data-id=\"3a8e7609\" data-element_type=\"widget\" data-widget_type=\"icon.default\">\n\t\t\t\t<div class=\"elementor-widget-container\">\n\t\t\t\t\t\t\t<div class=\"elementor-icon-wrapper\">\n\t\t\t<div class=\"elementor-icon\">\n\t\t\t<svg xmlns=\"http:\/\/www.w3.org\/2000\/svg\" height=\"24px\" viewbox=\"0 -960 960 960\" width=\"24px\" fill=\"#194783\"><path d=\"m321-80-71-71 329-329-329-329 71-71 400 400L321-80Z\"><\/path><\/svg>\t\t\t<\/div>\n\t\t<\/div>\n\t\t\t\t\t\t<\/div>\n\t\t\t\t<\/div>\n\t\t\t\t<div class=\"elementor-element elementor-element-63be20f1 elementor-widget__width-inherit elementor-widget elementor-widget-text-editor\" data-id=\"63be20f1\" data-element_type=\"widget\" data-widget_type=\"text-editor.default\">\n\t\t\t\t<div class=\"elementor-widget-container\">\n\t\t\t\t\t\t\t\t\t<p>D\u00e9l\u00e9gu\u00e9s<\/p>\t\t\t\t\t\t\t\t<\/div>\n\t\t\t\t<\/div>\n\t\t\t\t<\/a>\n\t\t<a class=\"elementor-element elementor-element-72728e35 e-con-full text-red e-flex e-con e-child\" data-id=\"72728e35\" data-element_type=\"container\" href=\"https:\/\/pneumo.ch\/fr\/about-us-membership\/\">\n\t\t\t\t<div class=\"elementor-element elementor-element-53849e4 elementor-view-framed elementor-shape-square icon-red elementor-widget elementor-widget-icon\" data-id=\"53849e4\" data-element_type=\"widget\" data-widget_type=\"icon.default\">\n\t\t\t\t<div class=\"elementor-widget-container\">\n\t\t\t\t\t\t\t<div class=\"elementor-icon-wrapper\">\n\t\t\t<div class=\"elementor-icon\">\n\t\t\t<svg xmlns=\"http:\/\/www.w3.org\/2000\/svg\" height=\"24px\" viewbox=\"0 -960 960 960\" width=\"24px\" fill=\"#194783\"><path d=\"m321-80-71-71 329-329-329-329 71-71 400 400L321-80Z\"><\/path><\/svg>\t\t\t<\/div>\n\t\t<\/div>\n\t\t\t\t\t\t<\/div>\n\t\t\t\t<\/div>\n\t\t\t\t<div class=\"elementor-element elementor-element-fc84e46 elementor-widget__width-inherit elementor-widget elementor-widget-text-editor\" data-id=\"fc84e46\" data-element_type=\"widget\" data-widget_type=\"text-editor.default\">\n\t\t\t\t<div class=\"elementor-widget-container\">\n\t\t\t\t\t\t\t\t\t<p>Membres<\/p>\t\t\t\t\t\t\t\t<\/div>\n\t\t\t\t<\/div>\n\t\t\t\t<\/a>\n\t\t<a class=\"elementor-element elementor-element-53af79c2 e-con-full text-red e-flex e-con e-child\" data-id=\"53af79c2\" data-element_type=\"container\" href=\"https:\/\/pneumo.ch\/fr\/about-us-statuses\/\">\n\t\t\t\t<div class=\"elementor-element elementor-element-6b3b4716 elementor-view-framed elementor-shape-square icon-red elementor-widget elementor-widget-icon\" data-id=\"6b3b4716\" data-element_type=\"widget\" data-widget_type=\"icon.default\">\n\t\t\t\t<div class=\"elementor-widget-container\">\n\t\t\t\t\t\t\t<div class=\"elementor-icon-wrapper\">\n\t\t\t<div class=\"elementor-icon\">\n\t\t\t<svg xmlns=\"http:\/\/www.w3.org\/2000\/svg\" height=\"24px\" viewbox=\"0 -960 960 960\" width=\"24px\" fill=\"#194783\"><path d=\"m321-80-71-71 329-329-329-329 71-71 400 400L321-80Z\"><\/path><\/svg>\t\t\t<\/div>\n\t\t<\/div>\n\t\t\t\t\t\t<\/div>\n\t\t\t\t<\/div>\n\t\t\t\t<div class=\"elementor-element elementor-element-2a63a0b9 elementor-widget__width-inherit elementor-widget elementor-widget-text-editor\" data-id=\"2a63a0b9\" data-element_type=\"widget\" data-widget_type=\"text-editor.default\">\n\t\t\t\t<div class=\"elementor-widget-container\">\n\t\t\t\t\t\t\t\t\t<p>Statuts et r\u00e8glements<\/p>\t\t\t\t\t\t\t\t<\/div>\n\t\t\t\t<\/div>\n\t\t\t\t<\/a>\n\t\t<a class=\"elementor-element elementor-element-7b0e7f2d e-con-full text-red e-flex e-con e-child\" data-id=\"7b0e7f2d\" data-element_type=\"container\" href=\"https:\/\/pneumo.ch\/fr\/protokolle-und-berichte\/\">\n\t\t\t\t<div class=\"elementor-element elementor-element-458b5c9e elementor-view-framed elementor-shape-square icon-red elementor-widget elementor-widget-icon\" data-id=\"458b5c9e\" data-element_type=\"widget\" data-widget_type=\"icon.default\">\n\t\t\t\t<div class=\"elementor-widget-container\">\n\t\t\t\t\t\t\t<div class=\"elementor-icon-wrapper\">\n\t\t\t<div class=\"elementor-icon\">\n\t\t\t<svg xmlns=\"http:\/\/www.w3.org\/2000\/svg\" height=\"24px\" viewbox=\"0 -960 960 960\" width=\"24px\" fill=\"#194783\"><path d=\"m321-80-71-71 329-329-329-329 71-71 400 400L321-80Z\"><\/path><\/svg>\t\t\t<\/div>\n\t\t<\/div>\n\t\t\t\t\t\t<\/div>\n\t\t\t\t<\/div>\n\t\t\t\t<div class=\"elementor-element elementor-element-2f5ce0f2 elementor-widget__width-inherit elementor-widget elementor-widget-text-editor\" data-id=\"2f5ce0f2\" data-element_type=\"widget\" data-widget_type=\"text-editor.default\">\n\t\t\t\t<div class=\"elementor-widget-container\">\n\t\t\t\t\t\t\t\t\t<p>Proc\u00e8s-verbaux et Rapports<\/p>\t\t\t\t\t\t\t\t<\/div>\n\t\t\t\t<\/div>\n\t\t\t\t<\/a>\n\t\t<a class=\"elementor-element elementor-element-2b19b0b e-con-full text-red e-flex e-con e-child\" data-id=\"2b19b0b\" data-element_type=\"container\" href=\"https:\/\/pneumo.ch\/fr\/kontakt\/\">\n\t\t\t\t<div class=\"elementor-element elementor-element-c911725 elementor-view-framed elementor-shape-square icon-red elementor-widget elementor-widget-icon\" data-id=\"c911725\" data-element_type=\"widget\" data-widget_type=\"icon.default\">\n\t\t\t\t<div class=\"elementor-widget-container\">\n\t\t\t\t\t\t\t<div class=\"elementor-icon-wrapper\">\n\t\t\t<div class=\"elementor-icon\">\n\t\t\t<svg xmlns=\"http:\/\/www.w3.org\/2000\/svg\" height=\"24px\" viewbox=\"0 -960 960 960\" width=\"24px\" fill=\"#194783\"><path d=\"m321-80-71-71 329-329-329-329 71-71 400 400L321-80Z\"><\/path><\/svg>\t\t\t<\/div>\n\t\t<\/div>\n\t\t\t\t\t\t<\/div>\n\t\t\t\t<\/div>\n\t\t\t\t<div class=\"elementor-element elementor-element-f19eea2 elementor-widget__width-inherit elementor-widget elementor-widget-text-editor\" data-id=\"f19eea2\" data-element_type=\"widget\" data-widget_type=\"text-editor.default\">\n\t\t\t\t<div class=\"elementor-widget-container\">\n\t\t\t\t\t\t\t\t\t<p>Contact<\/p>\t\t\t\t\t\t\t\t<\/div>\n\t\t\t\t<\/div>\n\t\t\t\t<\/a>\n\t\t\t\t<\/div>\n\t\t\t\t<\/div>\n\t\t\t\t<\/div>\n\t\t\t\t\t\t<\/div>\n\t\t\t\t<\/div>\n\t\t<div class=\"elementor-element elementor-element-9ba251b e-con-full e-flex e-con e-child\" data-id=\"9ba251b\" data-element_type=\"container\">\n\t\t\t\t<div class=\"elementor-element elementor-element-6f827de elementor-widget__width-initial elementor-widget elementor-widget-heading\" data-id=\"6f827de\" data-element_type=\"widget\" data-widget_type=\"heading.default\">\n\t\t\t\t<div class=\"elementor-widget-container\">\n\t\t\t\t\t<h2 class=\"elementor-heading-title elementor-size-default\">D\u00e9l\u00e9gu\u00e9s<\/h2>\t\t\t\t<\/div>\n\t\t\t\t<\/div>\n\t\t\t\t<div class=\"elementor-element elementor-element-f99a9e4 elementor-widget elementor-widget-text-editor\" data-id=\"f99a9e4\" data-element_type=\"widget\" data-widget_type=\"text-editor.default\">\n\t\t\t\t<div class=\"elementor-widget-container\">\n\t\t\t\t\t\t\t\t\t<p><strong>ERS<\/strong> &#8211; Gr\u00e9goire Gex<\/p>\t\t\t\t\t\t\t\t<\/div>\n\t\t\t\t<\/div>\n\t\t\t\t<div class=\"elementor-element elementor-element-dccc229 elementor-widget elementor-widget-text-editor\" data-id=\"dccc229\" data-element_type=\"widget\" data-widget_type=\"text-editor.default\">\n\t\t\t\t<div class=\"elementor-widget-container\">\n\t\t\t\t\t\t\t\t\t<p><strong>FMH, Chambres m\u00e9dicales<\/strong> &#8211; Gr\u00e9goire Gex, Manuela Funke<\/p>\t\t\t\t\t\t\t\t<\/div>\n\t\t\t\t<\/div>\n\t\t\t\t<div class=\"elementor-element elementor-element-5b37e58 elementor-widget elementor-widget-text-editor\" data-id=\"5b37e58\" data-element_type=\"widget\" data-widget_type=\"text-editor.default\">\n\t\t\t\t<div class=\"elementor-widget-container\">\n\t\t\t\t\t\t\t\t\t<p><strong>FMH, Bureau Physician Associates<\/strong>&nbsp;&#8211; Gr\u00e9goire Gex<\/p>\t\t\t\t\t\t\t\t<\/div>\n\t\t\t\t<\/div>\n\t\t\t\t<div class=\"elementor-element elementor-element-3392563 elementor-widget elementor-widget-text-editor\" data-id=\"3392563\" data-element_type=\"widget\" data-widget_type=\"text-editor.default\">\n\t\t\t\t<div class=\"elementor-widget-container\">\n\t\t\t\t\t\t\t\t\t<p><strong>FMH, Commission pour la transformation num\u00e9rique<\/strong> &#8211; Severine M\u00fcller-Mottet<\/p>\t\t\t\t\t\t\t\t<\/div>\n\t\t\t\t<\/div>\n\t\t\t\t<div class=\"elementor-element elementor-element-a248526 elementor-widget elementor-widget-text-editor\" data-id=\"a248526\" data-element_type=\"widget\" data-widget_type=\"text-editor.default\">\n\t\t\t\t<div class=\"elementor-widget-container\">\n\t\t\t\t\t\t\t\t\t<p><strong>FMH, Pr\u00e9vention<\/strong> &#8211; Mac\u00e9 Schuurmans<\/p>\t\t\t\t\t\t\t\t<\/div>\n\t\t\t\t<\/div>\n\t\t\t\t<div class=\"elementor-element elementor-element-02fa3c7 elementor-widget elementor-widget-text-editor\" data-id=\"02fa3c7\" data-element_type=\"widget\" data-widget_type=\"text-editor.default\">\n\t\t\t\t<div class=\"elementor-widget-container\">\n\t\t\t\t\t\t\t\t\t<p><strong>HERMES examination committee<\/strong> &#8211; Charlotte Berlier, Christine R\u00fcegg<\/p>\t\t\t\t\t\t\t\t<\/div>\n\t\t\t\t<\/div>\n\t\t\t\t<div class=\"elementor-element elementor-element-ee02f6d elementor-widget elementor-widget-text-editor\" data-id=\"ee02f6d\" data-element_type=\"widget\" data-widget_type=\"text-editor.default\">\n\t\t\t\t<div class=\"elementor-widget-container\">\n\t\t\t\t\t\t\t\t\t<p><strong>HERMES writers<\/strong> &#8211; Konrad Bloch, Gregory Berra, Stefan Keusch, Mona Lichtblau, Laura Mayer, Ekrem Temizel, Jasmin Wani<\/p>\t\t\t\t\t\t\t\t<\/div>\n\t\t\t\t<\/div>\n\t\t\t\t<div class=\"elementor-element elementor-element-e49d7fe elementor-widget elementor-widget-text-editor\" data-id=\"e49d7fe\" data-element_type=\"widget\" data-widget_type=\"text-editor.default\">\n\t\t\t\t<div class=\"elementor-widget-container\">\n\t\t\t\t\t\t\t\t\t<p><strong>VIvre avec le cancer du poumon<\/strong> &#8211; Christophe von Garnier<\/p>\t\t\t\t\t\t\t\t<\/div>\n\t\t\t\t<\/div>\n\t\t\t\t<div class=\"elementor-element elementor-element-6ce1d57 elementor-widget elementor-widget-text-editor\" data-id=\"6ce1d57\" data-element_type=\"widget\" data-widget_type=\"text-editor.default\">\n\t\t\t\t<div class=\"elementor-widget-container\">\n\t\t\t\t\t\t\t\t\t<p><strong>Ligue Pulmonaire Suisse, Assembl\u00e9e des d\u00e9l\u00e9gu\u00e9s<\/strong> &#8211; Marjam R\u00fcdiger<\/p>\t\t\t\t\t\t\t\t<\/div>\n\t\t\t\t<\/div>\n\t\t\t\t<div class=\"elementor-element elementor-element-ba8e694 elementor-widget elementor-widget-text-editor\" data-id=\"ba8e694\" data-element_type=\"widget\" data-widget_type=\"text-editor.default\">\n\t\t\t\t<div class=\"elementor-widget-container\">\n\t\t\t\t\t\t\t\t\t<p><strong>Swiss Lung Cancer CT Screening Interest Group (CH-LSIG)<\/strong> &#8211; Christophe von Garnier<\/p>\t\t\t\t\t\t\t\t<\/div>\n\t\t\t\t<\/div>\n\t\t\t\t<div class=\"elementor-element elementor-element-7df4bbf elementor-widget elementor-widget-text-editor\" data-id=\"7df4bbf\" data-element_type=\"widget\" data-widget_type=\"text-editor.default\">\n\t\t\t\t<div class=\"elementor-widget-container\">\n\t\t\t\t\t\t\t\t\t<p><strong>SAQM\/ASQM<\/strong> &#8211; Reta Fischer<\/p>\t\t\t\t\t\t\t\t<\/div>\n\t\t\t\t<\/div>\n\t\t\t\t<div class=\"elementor-element elementor-element-c42240f elementor-widget elementor-widget-text-editor\" data-id=\"c42240f\" data-element_type=\"widget\" data-widget_type=\"text-editor.default\">\n\t\t\t\t<div class=\"elementor-widget-container\">\n\t\t\t\t\t\t\t\t\t<p><strong>SGUM\/SSUM<\/strong> &#8211; Aileen Kharat<\/p>\t\t\t\t\t\t\t\t<\/div>\n\t\t\t\t<\/div>\n\t\t\t\t<div class=\"elementor-element elementor-element-6496d75 elementor-widget elementor-widget-text-editor\" data-id=\"6496d75\" data-element_type=\"widget\" data-widget_type=\"text-editor.default\">\n\t\t\t\t<div class=\"elementor-widget-container\">\n\t\t\t\t\t\t\t\t\t<p><strong>ISFM, Assembl\u00e9e pl\u00e9ni\u00e8re<\/strong> &#8211; Susi St\u00f6hr<\/p>\t\t\t\t\t\t\t\t<\/div>\n\t\t\t\t<\/div>\n\t\t\t\t<div class=\"elementor-element elementor-element-e02f642 elementor-widget elementor-widget-text-editor\" data-id=\"e02f642\" data-element_type=\"widget\" data-widget_type=\"text-editor.default\">\n\t\t\t\t<div class=\"elementor-widget-container\">\n\t\t\t\t\t\t\t\t\t<p><strong>ISFM, Commission des titres<\/strong> &#8211; Laurent Nicod<\/p>\t\t\t\t\t\t\t\t<\/div>\n\t\t\t\t<\/div>\n\t\t\t\t<div class=\"elementor-element elementor-element-dd0e4c1 elementor-widget elementor-widget-text-editor\" data-id=\"dd0e4c1\" data-element_type=\"widget\" data-widget_type=\"text-editor.default\">\n\t\t\t\t<div class=\"elementor-widget-container\">\n\t\t\t\t\t\t\t\t\t<p><strong>ISFM, Commission des centres de formation<\/strong> &#8211; Susi St\u00f6hr<\/p>\t\t\t\t\t\t\t\t<\/div>\n\t\t\t\t<\/div>\n\t\t\t\t<div class=\"elementor-element elementor-element-01077e2 elementor-widget elementor-widget-text-editor\" data-id=\"01077e2\" data-element_type=\"widget\" data-widget_type=\"text-editor.default\">\n\t\t\t\t<div class=\"elementor-widget-container\">\n\t\t\t\t\t\t\t\t\t<p><strong>SSSSC, comit\u00e9<\/strong> &#8211; Sebastian Ott<\/p><p><strong>SCT Vorstand<\/strong> &#8211; Sebastian Ott<\/p>\t\t\t\t\t\t\t\t<\/div>\n\t\t\t\t<\/div>\n\t\t\t\t<div class=\"elementor-element elementor-element-a08098c elementor-widget elementor-widget-text-editor\" data-id=\"a08098c\" data-element_type=\"widget\" data-widget_type=\"text-editor.default\">\n\t\t\t\t<div class=\"elementor-widget-container\">\n\t\t\t\t\t\t\t\t\t<p><strong>UEMS<\/strong> &#8211; Mona Lichtblau<\/p>\t\t\t\t\t\t\t\t<\/div>\n\t\t\t\t<\/div>\n\t\t\t\t<\/div>\n\t\t\t\t\t<\/div>\n\t\t\t\t<\/div>\n\t\t\t\t<\/div>","protected":false},"excerpt":{"rendered":"<p>Delegierte ERS &#8211; Gr\u00e9goire Gex FMH \u00c4rztekammer &#8211; Gr\u00e9goire Gex, Manuela Funke FMH B\u00fcro Physician Associates&nbsp;&#8211; Gr\u00e9goire Gex FMH Kommission Digitale Transformation &#8211; Severine M\u00fcller-Mottet FMH Pr\u00e4vention &#8211; Mac\u00e9 Schuurmans HERMES examination committee &#8211; Charlotte Berlier, Christine R\u00fcegg HERMES writers &#8211; Konrad Bloch, Gregory Berra, Stefan Keusch, Mona Lichtblau, Laura Mayer, Ekrem Temizel, Jasmin Wani [&hellip;]<\/p>","protected":false},"author":1,"featured_media":0,"parent":0,"menu_order":0,"comment_status":"closed","ping_status":"closed","template":"","meta":{"footnotes":""},"class_list":["post-2197","page","type-page","status-publish","hentry"],"_links":{"self":[{"href":"http:\/\/pneumo.ch\/fr\/wp-json\/wp\/v2\/pages\/2197","targetHints":{"allow":["GET"]}}],"collection":[{"href":"http:\/\/pneumo.ch\/fr\/wp-json\/wp\/v2\/pages"}],"about":[{"href":"http:\/\/pneumo.ch\/fr\/wp-json\/wp\/v2\/types\/page"}],"author":[{"embeddable":true,"href":"http:\/\/pneumo.ch\/fr\/wp-json\/wp\/v2\/users\/1"}],"replies":[{"embeddable":true,"href":"http:\/\/pneumo.ch\/fr\/wp-json\/wp\/v2\/comments?post=2197"}],"version-history":[{"count":55,"href":"http:\/\/pneumo.ch\/fr\/wp-json\/wp\/v2\/pages\/2197\/revisions"}],"predecessor-version":[{"id":6341,"href":"http:\/\/pneumo.ch\/fr\/wp-json\/wp\/v2\/pages\/2197\/revisions\/6341"}],"wp:attachment":[{"href":"http:\/\/pneumo.ch\/fr\/wp-json\/wp\/v2\/media?parent=2197"}],"curies":[{"name":"wp","href":"https:\/\/api.w.org\/{rel}","templated":true}]}}