{"id":513,"date":"2024-11-26T08:59:24","date_gmt":"2024-11-26T08:59:24","guid":{"rendered":"https:\/\/pneumo.ch\/?page_id=513"},"modified":"2026-04-14T14:47:24","modified_gmt":"2026-04-14T14:47:24","slug":"about-us-membership","status":"publish","type":"page","link":"http:\/\/pneumo.ch\/fr\/about-us-membership\/","title":{"rendered":"About Us-Membership"},"content":{"rendered":"<div data-elementor-type=\"wp-page\" data-elementor-id=\"513\" class=\"elementor elementor-513\" data-elementor-post-type=\"page\">\n\t\t\t\t<div class=\"elementor-element elementor-element-124761e e-flex e-con-boxed e-con e-parent\" data-id=\"124761e\" data-element_type=\"container\">\n\t\t\t\t\t<div class=\"e-con-inner\">\n\t\t\t\t<div class=\"elementor-element elementor-element-6ce8ee5 elementor-widget__width-initial elementor-widget-mobile__width-inherit elementor-widget elementor-widget-template\" data-id=\"6ce8ee5\" data-element_type=\"widget\" data-settings=\"{&quot;sticky&quot;:&quot;top&quot;,&quot;sticky_offset&quot;:100,&quot;sticky_parent&quot;:&quot;yes&quot;,&quot;sticky_on&quot;:[&quot;desktop&quot;,&quot;tablet&quot;],&quot;sticky_effects_offset&quot;:0,&quot;sticky_anchor_link_offset&quot;:0}\" data-widget_type=\"template.default\">\n\t\t\t\t<div class=\"elementor-widget-container\">\n\t\t\t\t\t\t\t<div class=\"elementor-template\">\n\t\t\t\t\t<div data-elementor-type=\"container\" data-elementor-id=\"808\" class=\"elementor elementor-808\" data-elementor-post-type=\"elementor_library\">\n\t\t\t\t<div class=\"elementor-element elementor-element-c5d29dc e-con-full e-flex e-con e-child\" data-id=\"c5d29dc\" data-element_type=\"container\">\n\t\t<div class=\"elementor-element elementor-element-21ecca25 e-con-full e-flex e-con e-child\" data-id=\"21ecca25\" data-element_type=\"container\" data-settings=\"{&quot;background_background&quot;:&quot;classic&quot;}\">\n\t\t\t\t<div class=\"elementor-element elementor-element-335b629f elementor-widget elementor-widget-heading\" data-id=\"335b629f\" data-element_type=\"widget\" data-widget_type=\"heading.default\">\n\t\t\t\t<div class=\"elementor-widget-container\">\n\t\t\t\t\t<h3 class=\"elementor-heading-title elementor-size-default\">Notre Soci\u00e9t\u00e9<\/h3>\t\t\t\t<\/div>\n\t\t\t\t<\/div>\n\t\t\t\t<\/div>\n\t\t<a class=\"elementor-element elementor-element-236f8af5 e-con-full text-red e-flex e-con e-child\" data-id=\"236f8af5\" data-element_type=\"container\" href=\"https:\/\/pneumo.ch\/fr\/about-us-leadership-and-governance\/\">\n\t\t\t\t<div class=\"elementor-element elementor-element-26b0937d elementor-view-framed elementor-shape-square icon-red elementor-widget elementor-widget-icon\" data-id=\"26b0937d\" data-element_type=\"widget\" data-widget_type=\"icon.default\">\n\t\t\t\t<div class=\"elementor-widget-container\">\n\t\t\t\t\t\t\t<div class=\"elementor-icon-wrapper\">\n\t\t\t<div class=\"elementor-icon\">\n\t\t\t<svg xmlns=\"http:\/\/www.w3.org\/2000\/svg\" height=\"24px\" viewbox=\"0 -960 960 960\" width=\"24px\" fill=\"#194783\"><path d=\"m321-80-71-71 329-329-329-329 71-71 400 400L321-80Z\"><\/path><\/svg>\t\t\t<\/div>\n\t\t<\/div>\n\t\t\t\t\t\t<\/div>\n\t\t\t\t<\/div>\n\t\t\t\t<div class=\"elementor-element elementor-element-66cc4e1 elementor-widget__width-inherit elementor-widget elementor-widget-text-editor\" data-id=\"66cc4e1\" data-element_type=\"widget\" data-widget_type=\"text-editor.default\">\n\t\t\t\t<div class=\"elementor-widget-container\">\n\t\t\t\t\t\t\t\t\t<p>Comit\u00e9<\/p>\t\t\t\t\t\t\t\t<\/div>\n\t\t\t\t<\/div>\n\t\t\t\t<\/a>\n\t\t<a class=\"elementor-element elementor-element-74549b54 e-con-full text-red e-flex e-con e-child\" data-id=\"74549b54\" data-element_type=\"container\" href=\"https:\/\/pneumo.ch\/fr\/about-us-commissions-2\/\">\n\t\t\t\t<div class=\"elementor-element elementor-element-5daedce4 elementor-view-framed elementor-shape-square icon-red elementor-widget elementor-widget-icon\" data-id=\"5daedce4\" data-element_type=\"widget\" data-widget_type=\"icon.default\">\n\t\t\t\t<div class=\"elementor-widget-container\">\n\t\t\t\t\t\t\t<div class=\"elementor-icon-wrapper\">\n\t\t\t<div class=\"elementor-icon\">\n\t\t\t<svg xmlns=\"http:\/\/www.w3.org\/2000\/svg\" height=\"24px\" viewbox=\"0 -960 960 960\" width=\"24px\" fill=\"#194783\"><path d=\"m321-80-71-71 329-329-329-329 71-71 400 400L321-80Z\"><\/path><\/svg>\t\t\t<\/div>\n\t\t<\/div>\n\t\t\t\t\t\t<\/div>\n\t\t\t\t<\/div>\n\t\t\t\t<div class=\"elementor-element elementor-element-481e1d7 elementor-widget__width-inherit elementor-widget elementor-widget-text-editor\" data-id=\"481e1d7\" data-element_type=\"widget\" data-widget_type=\"text-editor.default\">\n\t\t\t\t<div class=\"elementor-widget-container\">\n\t\t\t\t\t\t\t\t\t<p>Commissions et Special Interest Groups<\/p>\t\t\t\t\t\t\t\t<\/div>\n\t\t\t\t<\/div>\n\t\t\t\t<\/a>\n\t\t<a class=\"elementor-element elementor-element-4829b81a e-con-full text-red e-flex e-con e-child\" data-id=\"4829b81a\" data-element_type=\"container\" href=\"https:\/\/pneumo.ch\/fr\/delegierte\/\">\n\t\t\t\t<div class=\"elementor-element elementor-element-3a8e7609 elementor-view-framed elementor-shape-square icon-red elementor-widget elementor-widget-icon\" data-id=\"3a8e7609\" data-element_type=\"widget\" data-widget_type=\"icon.default\">\n\t\t\t\t<div class=\"elementor-widget-container\">\n\t\t\t\t\t\t\t<div class=\"elementor-icon-wrapper\">\n\t\t\t<div class=\"elementor-icon\">\n\t\t\t<svg xmlns=\"http:\/\/www.w3.org\/2000\/svg\" height=\"24px\" viewbox=\"0 -960 960 960\" width=\"24px\" fill=\"#194783\"><path d=\"m321-80-71-71 329-329-329-329 71-71 400 400L321-80Z\"><\/path><\/svg>\t\t\t<\/div>\n\t\t<\/div>\n\t\t\t\t\t\t<\/div>\n\t\t\t\t<\/div>\n\t\t\t\t<div class=\"elementor-element elementor-element-63be20f1 elementor-widget__width-inherit elementor-widget elementor-widget-text-editor\" data-id=\"63be20f1\" data-element_type=\"widget\" data-widget_type=\"text-editor.default\">\n\t\t\t\t<div class=\"elementor-widget-container\">\n\t\t\t\t\t\t\t\t\t<p>D\u00e9l\u00e9gu\u00e9s<\/p>\t\t\t\t\t\t\t\t<\/div>\n\t\t\t\t<\/div>\n\t\t\t\t<\/a>\n\t\t<a class=\"elementor-element elementor-element-72728e35 e-con-full text-red e-flex e-con e-child\" data-id=\"72728e35\" data-element_type=\"container\" href=\"https:\/\/pneumo.ch\/fr\/about-us-membership\/\">\n\t\t\t\t<div class=\"elementor-element elementor-element-53849e4 elementor-view-framed elementor-shape-square icon-red elementor-widget elementor-widget-icon\" data-id=\"53849e4\" data-element_type=\"widget\" data-widget_type=\"icon.default\">\n\t\t\t\t<div class=\"elementor-widget-container\">\n\t\t\t\t\t\t\t<div class=\"elementor-icon-wrapper\">\n\t\t\t<div class=\"elementor-icon\">\n\t\t\t<svg xmlns=\"http:\/\/www.w3.org\/2000\/svg\" height=\"24px\" viewbox=\"0 -960 960 960\" width=\"24px\" fill=\"#194783\"><path d=\"m321-80-71-71 329-329-329-329 71-71 400 400L321-80Z\"><\/path><\/svg>\t\t\t<\/div>\n\t\t<\/div>\n\t\t\t\t\t\t<\/div>\n\t\t\t\t<\/div>\n\t\t\t\t<div class=\"elementor-element elementor-element-fc84e46 elementor-widget__width-inherit elementor-widget elementor-widget-text-editor\" data-id=\"fc84e46\" data-element_type=\"widget\" data-widget_type=\"text-editor.default\">\n\t\t\t\t<div class=\"elementor-widget-container\">\n\t\t\t\t\t\t\t\t\t<p>Membres<\/p>\t\t\t\t\t\t\t\t<\/div>\n\t\t\t\t<\/div>\n\t\t\t\t<\/a>\n\t\t<a class=\"elementor-element elementor-element-53af79c2 e-con-full text-red e-flex e-con e-child\" data-id=\"53af79c2\" data-element_type=\"container\" href=\"https:\/\/pneumo.ch\/fr\/about-us-statuses\/\">\n\t\t\t\t<div class=\"elementor-element elementor-element-6b3b4716 elementor-view-framed elementor-shape-square icon-red elementor-widget elementor-widget-icon\" data-id=\"6b3b4716\" data-element_type=\"widget\" data-widget_type=\"icon.default\">\n\t\t\t\t<div class=\"elementor-widget-container\">\n\t\t\t\t\t\t\t<div class=\"elementor-icon-wrapper\">\n\t\t\t<div class=\"elementor-icon\">\n\t\t\t<svg xmlns=\"http:\/\/www.w3.org\/2000\/svg\" height=\"24px\" viewbox=\"0 -960 960 960\" width=\"24px\" fill=\"#194783\"><path d=\"m321-80-71-71 329-329-329-329 71-71 400 400L321-80Z\"><\/path><\/svg>\t\t\t<\/div>\n\t\t<\/div>\n\t\t\t\t\t\t<\/div>\n\t\t\t\t<\/div>\n\t\t\t\t<div class=\"elementor-element elementor-element-2a63a0b9 elementor-widget__width-inherit elementor-widget elementor-widget-text-editor\" data-id=\"2a63a0b9\" data-element_type=\"widget\" data-widget_type=\"text-editor.default\">\n\t\t\t\t<div class=\"elementor-widget-container\">\n\t\t\t\t\t\t\t\t\t<p>Statuts et r\u00e8glements<\/p>\t\t\t\t\t\t\t\t<\/div>\n\t\t\t\t<\/div>\n\t\t\t\t<\/a>\n\t\t<a class=\"elementor-element elementor-element-7b0e7f2d e-con-full text-red e-flex e-con e-child\" data-id=\"7b0e7f2d\" data-element_type=\"container\" href=\"https:\/\/pneumo.ch\/fr\/protokolle-und-berichte\/\">\n\t\t\t\t<div class=\"elementor-element elementor-element-458b5c9e elementor-view-framed elementor-shape-square icon-red elementor-widget elementor-widget-icon\" data-id=\"458b5c9e\" data-element_type=\"widget\" data-widget_type=\"icon.default\">\n\t\t\t\t<div class=\"elementor-widget-container\">\n\t\t\t\t\t\t\t<div class=\"elementor-icon-wrapper\">\n\t\t\t<div class=\"elementor-icon\">\n\t\t\t<svg xmlns=\"http:\/\/www.w3.org\/2000\/svg\" height=\"24px\" viewbox=\"0 -960 960 960\" width=\"24px\" fill=\"#194783\"><path d=\"m321-80-71-71 329-329-329-329 71-71 400 400L321-80Z\"><\/path><\/svg>\t\t\t<\/div>\n\t\t<\/div>\n\t\t\t\t\t\t<\/div>\n\t\t\t\t<\/div>\n\t\t\t\t<div class=\"elementor-element elementor-element-2f5ce0f2 elementor-widget__width-inherit elementor-widget elementor-widget-text-editor\" data-id=\"2f5ce0f2\" data-element_type=\"widget\" data-widget_type=\"text-editor.default\">\n\t\t\t\t<div class=\"elementor-widget-container\">\n\t\t\t\t\t\t\t\t\t<p>Proc\u00e8s-verbaux et Rapports<\/p>\t\t\t\t\t\t\t\t<\/div>\n\t\t\t\t<\/div>\n\t\t\t\t<\/a>\n\t\t<a class=\"elementor-element elementor-element-2b19b0b e-con-full text-red e-flex e-con e-child\" data-id=\"2b19b0b\" data-element_type=\"container\" href=\"https:\/\/pneumo.ch\/fr\/kontakt\/\">\n\t\t\t\t<div class=\"elementor-element elementor-element-c911725 elementor-view-framed elementor-shape-square icon-red elementor-widget elementor-widget-icon\" data-id=\"c911725\" data-element_type=\"widget\" data-widget_type=\"icon.default\">\n\t\t\t\t<div class=\"elementor-widget-container\">\n\t\t\t\t\t\t\t<div class=\"elementor-icon-wrapper\">\n\t\t\t<div class=\"elementor-icon\">\n\t\t\t<svg xmlns=\"http:\/\/www.w3.org\/2000\/svg\" height=\"24px\" viewbox=\"0 -960 960 960\" width=\"24px\" fill=\"#194783\"><path d=\"m321-80-71-71 329-329-329-329 71-71 400 400L321-80Z\"><\/path><\/svg>\t\t\t<\/div>\n\t\t<\/div>\n\t\t\t\t\t\t<\/div>\n\t\t\t\t<\/div>\n\t\t\t\t<div class=\"elementor-element elementor-element-f19eea2 elementor-widget__width-inherit elementor-widget elementor-widget-text-editor\" data-id=\"f19eea2\" data-element_type=\"widget\" data-widget_type=\"text-editor.default\">\n\t\t\t\t<div class=\"elementor-widget-container\">\n\t\t\t\t\t\t\t\t\t<p>Contact<\/p>\t\t\t\t\t\t\t\t<\/div>\n\t\t\t\t<\/div>\n\t\t\t\t<\/a>\n\t\t\t\t<\/div>\n\t\t\t\t<\/div>\n\t\t\t\t<\/div>\n\t\t\t\t\t\t<\/div>\n\t\t\t\t<\/div>\n\t\t<div class=\"elementor-element elementor-element-5df1b1b e-con-full e-flex e-con e-child\" data-id=\"5df1b1b\" data-element_type=\"container\">\n\t\t\t\t<div class=\"elementor-element elementor-element-d584488 elementor-widget__width-inherit elementor-widget elementor-widget-heading\" data-id=\"d584488\" data-element_type=\"widget\" data-widget_type=\"heading.default\">\n\t\t\t\t<div class=\"elementor-widget-container\">\n\t\t\t\t\t<h1 class=\"elementor-heading-title elementor-size-default\">Membres<\/h1>\t\t\t\t<\/div>\n\t\t\t\t<\/div>\n\t\t\t\t<div class=\"elementor-element elementor-element-79afe69 elementor-widget elementor-widget-heading\" data-id=\"79afe69\" data-element_type=\"widget\" data-widget_type=\"heading.default\">\n\t\t\t\t<div class=\"elementor-widget-container\">\n\t\t\t\t\t<h2 class=\"elementor-heading-title elementor-size-default\">Liste des Membres<\/h2>\t\t\t\t<\/div>\n\t\t\t\t<\/div>\n\t\t\t\t<div class=\"elementor-element elementor-element-a8210cb elementor-widget elementor-widget-text-editor\" data-id=\"a8210cb\" data-element_type=\"widget\" data-widget_type=\"text-editor.default\">\n\t\t\t\t<div class=\"elementor-widget-container\">\n\t\t\t\t\t\t\t\t\t<p>Le <a href=\"https:\/\/pneumo.ch\/wp-content\/uploads\/_pda\/2026\/01\/SGP_Mitgliederliste_Webseite_neu.pdf\">R\u00e9pertoire des membres SSP<\/a> est destin\u00e9 \u00e0 votre usage personnel.<\/p>\t\t\t\t\t\t\t\t<\/div>\n\t\t\t\t<\/div>\n\t\t\t\t<div class=\"elementor-element elementor-element-0e3eb96 elementor-widget elementor-widget-heading\" data-id=\"0e3eb96\" data-element_type=\"widget\" data-widget_type=\"heading.default\">\n\t\t\t\t<div class=\"elementor-widget-container\">\n\t\t\t\t\t<h2 class=\"elementor-heading-title elementor-size-default\">Adh\u00e9sion<\/h2>\t\t\t\t<\/div>\n\t\t\t\t<\/div>\n\t\t\t\t<div class=\"elementor-element elementor-element-84fd82f elementor-widget elementor-widget-text-editor\" data-id=\"84fd82f\" data-element_type=\"widget\" data-widget_type=\"text-editor.default\">\n\t\t\t\t<div class=\"elementor-widget-container\">\n\t\t\t\t\t\t\t\t\t<p><strong>Vous \u00eates d\u00e9j\u00e0 membre<\/strong> de la SSP et souhaitez vous connecter \u00e0 votre profil personnel pour consulter vos factures d'adh\u00e9sion ? Veuillez cliquer <a href=\"https:\/\/booking.congrex.com\/Home\/Index\/Society\/SGP_Payment\/fr-FR\" target=\"_blank\" rel=\"noopener\">ici.<\/a><\/p><p><strong>Vous n' \u00eates pas encore membre<\/strong> de la SSP? Une adh\u00e9sion en vaut la peine !<\/p><p>Non seulement la Soci\u00e9t\u00e9 d\u00e9fend vos int\u00e9r\u00eats en mati\u00e8re de politique professionnelle et tarifaire, d\u00e9finit la formation postgradu\u00e9e et organise des formations continues, mais vous en b\u00e9n\u00e9ficiez \u00e9galement sur le plan financier.<\/p><p>Vos avantages en tant que membre de la SSP<\/p><ul><li>R\u00e9duction des frais d\u2019inscription au congr\u00e8s annuel<\/li><li>L'\u00a0<a href=\"https:\/\/pneumo.ch\/wp-content\/uploads\/2024\/12\/SSP-ERS-joint-membership-flyer.pdf\" target=\"_blank\" rel=\"noopener\">Adh\u00e9sion combin\u00e9e SSP\/ERS<\/a> au tarif pr\u00e9f\u00e9rentiel pour membres (20 euros). En tant que membre de l\u2019ERS, vous b\u00e9n\u00e9ficiez d\u2019une r\u00e9duction de la taxe d\u2019inscription au congr\u00e8s de l\u2019ERS ainsi que de nombreux <a href=\"https:\/\/www.ersnet.org\/the-society\/membership#benefits\" target=\"_blank\" rel=\"noopener\">autres avantages<\/a><\/li><li>Acc\u00e8s gratuite au journal \"<a href=\"https:\/\/www.karger.com\/Journal\/Home\/224278\" target=\"_blank\" rel=\"noopener\">Respiration<\/a>\" et possibilit\u00e9 de publier gratuitement un article par ann\u00e9e (apr\u00e8s peer review).<\/li><li>Reduzierte Geb\u00fchren bei verschiedenen Zertifikaten und Diplomen<\/li><\/ul><p>Vous trouverez les cotisations actuelles dans les <a href=\"https:\/\/pneumo.ch\/wp-content\/uploads\/2026\/04\/Gebuhrenreglement-SGP-2026.pdf\">r\u00e8glement des \u00e9moluments de la SSP<\/a>.<\/p>\t\t\t\t\t\t\t\t<\/div>\n\t\t\t\t<\/div>\n\t\t\t\t<div class=\"elementor-element elementor-element-e6ab27a elementor-widget elementor-widget-text-editor\" data-id=\"e6ab27a\" data-element_type=\"widget\" data-widget_type=\"text-editor.default\">\n\t\t\t\t<div class=\"elementor-widget-container\">\n\t\t\t\t\t\t\t\t\t<p><strong>Les nouveaux membres sont admis une fois par an par l\u2019assembl\u00e9e g\u00e9n\u00e9rale.<\/strong> Veuillez soumettre votre demande au plus tard <strong>6 semaines \u00e0 l'avance<\/strong> .<\/p>\t\t\t\t\t\t\t\t<\/div>\n\t\t\t\t<\/div>\n\t\t<div class=\"elementor-element elementor-element-d7c8821 e-con-full e-flex e-con e-child\" data-id=\"d7c8821\" data-element_type=\"container\">\n\t\t\t\t<div class=\"elementor-element elementor-element-4dd3963 elementor-widget elementor-widget-button\" data-id=\"4dd3963\" data-element_type=\"widget\" data-widget_type=\"button.default\">\n\t\t\t\t<div class=\"elementor-widget-container\">\n\t\t\t\t\t\t\t\t\t<div class=\"elementor-button-wrapper\">\n\t\t\t\t\t<a class=\"elementor-button elementor-button-link elementor-size-sm\" href=\"https:\/\/booking.congrex.com\/Home\/Index\/Society\/SGP_Antrag\/fr-FR\" target=\"_blank\" rel=\"noopener\">\n\t\t\t\t\t\t<span class=\"elementor-button-content-wrapper\">\n\t\t\t\t\t\t\t\t\t<span class=\"elementor-button-text\">Demander l\u2019adh\u00e9sion<\/span>\n\t\t\t\t\t<\/span>\n\t\t\t\t\t<\/a>\n\t\t\t\t<\/div>\n\t\t\t\t\t\t\t\t<\/div>\n\t\t\t\t<\/div>\n\t\t\t\t<\/div>\n\t\t\t\t<div class=\"elementor-element elementor-element-263886a elementor-widget elementor-widget-heading\" data-id=\"263886a\" data-element_type=\"widget\" data-widget_type=\"heading.default\">\n\t\t\t\t<div class=\"elementor-widget-container\">\n\t\t\t\t\t<h2 class=\"elementor-heading-title elementor-size-default\">Les changements d\u2019adresse<\/h2>\t\t\t\t<\/div>\n\t\t\t\t<\/div>\n\t\t\t\t<div class=\"elementor-element elementor-element-da80093 elementor-widget elementor-widget-text-editor\" data-id=\"da80093\" data-element_type=\"widget\" data-widget_type=\"text-editor.default\">\n\t\t\t\t<div class=\"elementor-widget-container\">\n\t\t\t\t\t\t\t\t\t<p>peuvent nous \u00eatre signal\u00e9s en tout temps par e-mail \u00e0 <a href=\"mailto:info@pneumo.ch\">info@pneumo.ch<\/a>\u00a0ou via le\u00a0<a title=\"formulaire de contact\" href=\"https:\/\/pneumo.ch\/fr\/kontakt\/\">formulaire de contact <\/a>.<\/p>\t\t\t\t\t\t\t\t<\/div>\n\t\t\t\t<\/div>\n\t\t\t\t<\/div>\n\t\t\t\t\t<\/div>\n\t\t\t\t<\/div>\n\t\t\t\t<\/div>","protected":false},"excerpt":{"rendered":"<p>Mitglieder Mitgliederverzeichnis Das SGP-Mitgliederverzeichnis ist f\u00fcr Ihren pers\u00f6nlichen Gebrauch bestimmt. Mitgliedschaft Sie sind bereits Mitglied der SGP und m\u00f6chten sich in Ihr pers\u00f6nliches Mitgliederprofil einloggen, um Ihre Mitgliederrechnungen anzusehen? Dann klicken Sie bitte hier. Sie sind noch nicht Mitglied der SGP? Eine Mitgliedschaft lohnt sich! Nicht nur vertritt der Verein Ihre Interessen in Standes- und [&hellip;]<\/p>","protected":false},"author":1,"featured_media":0,"parent":0,"menu_order":0,"comment_status":"closed","ping_status":"closed","template":"","meta":{"footnotes":""},"class_list":["post-513","page","type-page","status-publish","hentry"],"_links":{"self":[{"href":"http:\/\/pneumo.ch\/fr\/wp-json\/wp\/v2\/pages\/513","targetHints":{"allow":["GET"]}}],"collection":[{"href":"http:\/\/pneumo.ch\/fr\/wp-json\/wp\/v2\/pages"}],"about":[{"href":"http:\/\/pneumo.ch\/fr\/wp-json\/wp\/v2\/types\/page"}],"author":[{"embeddable":true,"href":"http:\/\/pneumo.ch\/fr\/wp-json\/wp\/v2\/users\/1"}],"replies":[{"embeddable":true,"href":"http:\/\/pneumo.ch\/fr\/wp-json\/wp\/v2\/comments?post=513"}],"version-history":[{"count":139,"href":"http:\/\/pneumo.ch\/fr\/wp-json\/wp\/v2\/pages\/513\/revisions"}],"predecessor-version":[{"id":6473,"href":"http:\/\/pneumo.ch\/fr\/wp-json\/wp\/v2\/pages\/513\/revisions\/6473"}],"wp:attachment":[{"href":"http:\/\/pneumo.ch\/fr\/wp-json\/wp\/v2\/media?parent=513"}],"curies":[{"name":"wp","href":"https:\/\/api.w.org\/{rel}","templated":true}]}}