{"id":1939,"date":"2024-12-12T20:22:31","date_gmt":"2024-12-12T20:22:31","guid":{"rendered":"https:\/\/pneumo.ch\/?page_id=1939"},"modified":"2025-07-01T06:25:20","modified_gmt":"2025-07-01T06:25:20","slug":"sig-sleep-breathing-disorders","status":"publish","type":"page","link":"https:\/\/pneumo.ch\/fr\/sig-sleep-breathing-disorders\/","title":{"rendered":"SIG Sleep Breathing Disorders"},"content":{"rendered":"<div data-elementor-type=\"wp-page\" data-elementor-id=\"1939\" class=\"elementor elementor-1939\" data-elementor-post-type=\"page\">\n\t\t\t\t<div class=\"elementor-element elementor-element-012943b e-flex e-con-boxed e-con e-parent\" data-id=\"012943b\" data-element_type=\"container\">\n\t\t\t\t\t<div class=\"e-con-inner\">\n\t\t\t\t<div class=\"elementor-element elementor-element-5c3fb61 elementor-widget__width-initial elementor-widget-mobile__width-inherit elementor-widget elementor-widget-template\" data-id=\"5c3fb61\" data-element_type=\"widget\" data-settings=\"{&quot;sticky&quot;:&quot;top&quot;,&quot;sticky_offset&quot;:100,&quot;sticky_parent&quot;:&quot;yes&quot;,&quot;sticky_on&quot;:[&quot;desktop&quot;,&quot;tablet&quot;,&quot;mobile&quot;],&quot;sticky_effects_offset&quot;:0,&quot;sticky_anchor_link_offset&quot;:0}\" data-widget_type=\"template.default\">\n\t\t\t\t<div class=\"elementor-widget-container\">\n\t\t\t\t\t\t\t<div class=\"elementor-template\">\n\t\t\t\t\t<div data-elementor-type=\"container\" data-elementor-id=\"1147\" class=\"elementor elementor-1147\" data-elementor-post-type=\"elementor_library\">\n\t\t\t\t<div class=\"elementor-element elementor-element-3e8c391 e-con-full e-flex e-con e-child\" data-id=\"3e8c391\" data-element_type=\"container\">\n\t\t<div class=\"elementor-element elementor-element-394fca0 e-con-full e-flex e-con e-child\" data-id=\"394fca0\" data-element_type=\"container\" data-settings=\"{&quot;background_background&quot;:&quot;classic&quot;}\">\n\t\t\t\t<div class=\"elementor-element elementor-element-c759458 elementor-widget elementor-widget-heading\" data-id=\"c759458\" data-element_type=\"widget\" data-widget_type=\"heading.default\">\n\t\t\t\t<div class=\"elementor-widget-container\">\n\t\t\t\t\t<h2 class=\"elementor-heading-title elementor-size-default\">Domaines Sp\u00e9cialis\u00e9s<\/h2>\t\t\t\t<\/div>\n\t\t\t\t<\/div>\n\t\t\t\t<\/div>\n\t\t<a class=\"elementor-element elementor-element-a3e48d7 e-con-full text-red e-flex e-con e-child\" data-id=\"a3e48d7\" data-element_type=\"container\" href=\"https:\/\/pneumo.ch\/fr\/Pulmonale-Rehabilitation\/\">\n\t\t\t\t<div class=\"elementor-element elementor-element-933cc6f elementor-view-framed elementor-shape-square icon-red elementor-widget elementor-widget-icon\" data-id=\"933cc6f\" data-element_type=\"widget\" data-widget_type=\"icon.default\">\n\t\t\t\t<div class=\"elementor-widget-container\">\n\t\t\t\t\t\t\t<div class=\"elementor-icon-wrapper\">\n\t\t\t<div class=\"elementor-icon\">\n\t\t\t<svg xmlns=\"http:\/\/www.w3.org\/2000\/svg\" height=\"24px\" viewbox=\"0 -960 960 960\" width=\"24px\" fill=\"#194783\"><path d=\"m321-80-71-71 329-329-329-329 71-71 400 400L321-80Z\"><\/path><\/svg>\t\t\t<\/div>\n\t\t<\/div>\n\t\t\t\t\t\t<\/div>\n\t\t\t\t<\/div>\n\t\t\t\t<div class=\"elementor-element elementor-element-dc0ccfd elementor-widget__width-inherit elementor-widget elementor-widget-text-editor\" data-id=\"dc0ccfd\" data-element_type=\"widget\" data-widget_type=\"text-editor.default\">\n\t\t\t\t<div class=\"elementor-widget-container\">\n\t\t\t\t\t\t\t\t\t<p>R\u00e9habilitation Pulmonaire<\/p>\t\t\t\t\t\t\t\t<\/div>\n\t\t\t\t<\/div>\n\t\t\t\t<\/a>\n\t\t<a class=\"elementor-element elementor-element-f7b142e e-con-full text-red e-flex e-con e-child\" data-id=\"f7b142e\" data-element_type=\"container\" href=\"https:\/\/pneumo.ch\/fr\/sig-airways-disease-and-respiratory-physiology\/\">\n\t\t\t\t<div class=\"elementor-element elementor-element-c31a0d8 elementor-view-framed elementor-shape-square icon-red elementor-widget elementor-widget-icon\" data-id=\"c31a0d8\" data-element_type=\"widget\" data-widget_type=\"icon.default\">\n\t\t\t\t<div class=\"elementor-widget-container\">\n\t\t\t\t\t\t\t<div class=\"elementor-icon-wrapper\">\n\t\t\t<div class=\"elementor-icon\">\n\t\t\t<svg xmlns=\"http:\/\/www.w3.org\/2000\/svg\" height=\"24px\" viewbox=\"0 -960 960 960\" width=\"24px\" fill=\"#194783\"><path d=\"m321-80-71-71 329-329-329-329 71-71 400 400L321-80Z\"><\/path><\/svg>\t\t\t<\/div>\n\t\t<\/div>\n\t\t\t\t\t\t<\/div>\n\t\t\t\t<\/div>\n\t\t\t\t<div class=\"elementor-element elementor-element-334d320 elementor-widget__width-inherit elementor-widget elementor-widget-text-editor\" data-id=\"334d320\" data-element_type=\"widget\" data-widget_type=\"text-editor.default\">\n\t\t\t\t<div class=\"elementor-widget-container\">\n\t\t\t\t\t\t\t\t\t<p>SIG Airways disease and respiratory physiology<\/p>\t\t\t\t\t\t\t\t<\/div>\n\t\t\t\t<\/div>\n\t\t\t\t<\/a>\n\t\t<a class=\"elementor-element elementor-element-5089804 e-con-full text-red e-flex e-con e-child\" data-id=\"5089804\" data-element_type=\"container\" href=\"https:\/\/pneumo.ch\/fr\/sig-allied-health-professionals\/\">\n\t\t\t\t<div class=\"elementor-element elementor-element-6d452b2 elementor-view-framed elementor-shape-square icon-red elementor-widget elementor-widget-icon\" data-id=\"6d452b2\" data-element_type=\"widget\" data-widget_type=\"icon.default\">\n\t\t\t\t<div class=\"elementor-widget-container\">\n\t\t\t\t\t\t\t<div class=\"elementor-icon-wrapper\">\n\t\t\t<div class=\"elementor-icon\">\n\t\t\t<svg xmlns=\"http:\/\/www.w3.org\/2000\/svg\" height=\"24px\" viewbox=\"0 -960 960 960\" width=\"24px\" fill=\"#194783\"><path d=\"m321-80-71-71 329-329-329-329 71-71 400 400L321-80Z\"><\/path><\/svg>\t\t\t<\/div>\n\t\t<\/div>\n\t\t\t\t\t\t<\/div>\n\t\t\t\t<\/div>\n\t\t\t\t<div class=\"elementor-element elementor-element-f1cb159 elementor-widget__width-inherit elementor-widget elementor-widget-text-editor\" data-id=\"f1cb159\" data-element_type=\"widget\" data-widget_type=\"text-editor.default\">\n\t\t\t\t<div class=\"elementor-widget-container\">\n\t\t\t\t\t\t\t\t\t<p>SIG Allied Health Professionals<\/p>\t\t\t\t\t\t\t\t<\/div>\n\t\t\t\t<\/div>\n\t\t\t\t<\/a>\n\t\t<a class=\"elementor-element elementor-element-a9b0313 e-con-full text-red e-flex e-con e-child\" data-id=\"a9b0313\" data-element_type=\"container\" href=\"https:\/\/pneumo.ch\/fr\/sig-early-career\/\">\n\t\t\t\t<div class=\"elementor-element elementor-element-b3918db elementor-view-framed elementor-shape-square icon-red elementor-widget elementor-widget-icon\" data-id=\"b3918db\" data-element_type=\"widget\" data-widget_type=\"icon.default\">\n\t\t\t\t<div class=\"elementor-widget-container\">\n\t\t\t\t\t\t\t<div class=\"elementor-icon-wrapper\">\n\t\t\t<div class=\"elementor-icon\">\n\t\t\t<svg xmlns=\"http:\/\/www.w3.org\/2000\/svg\" height=\"24px\" viewbox=\"0 -960 960 960\" width=\"24px\" fill=\"#194783\"><path d=\"m321-80-71-71 329-329-329-329 71-71 400 400L321-80Z\"><\/path><\/svg>\t\t\t<\/div>\n\t\t<\/div>\n\t\t\t\t\t\t<\/div>\n\t\t\t\t<\/div>\n\t\t\t\t<div class=\"elementor-element elementor-element-0efc1a2 elementor-widget__width-inherit elementor-widget elementor-widget-text-editor\" data-id=\"0efc1a2\" data-element_type=\"widget\" data-widget_type=\"text-editor.default\">\n\t\t\t\t<div class=\"elementor-widget-container\">\n\t\t\t\t\t\t\t\t\t<p>SIG Young SSP<\/p>\t\t\t\t\t\t\t\t<\/div>\n\t\t\t\t<\/div>\n\t\t\t\t<\/a>\n\t\t<a class=\"elementor-element elementor-element-0136007 e-con-full text-red e-flex e-con e-child\" data-id=\"0136007\" data-element_type=\"container\" href=\"https:\/\/pneumo.ch\/fr\/sig-infections-tuberculosis-cf-non-cf-bronchiectasis\/\">\n\t\t\t\t<div class=\"elementor-element elementor-element-78e3269 elementor-view-framed elementor-shape-square icon-red elementor-widget elementor-widget-icon\" data-id=\"78e3269\" data-element_type=\"widget\" data-widget_type=\"icon.default\">\n\t\t\t\t<div class=\"elementor-widget-container\">\n\t\t\t\t\t\t\t<div class=\"elementor-icon-wrapper\">\n\t\t\t<div class=\"elementor-icon\">\n\t\t\t<svg xmlns=\"http:\/\/www.w3.org\/2000\/svg\" height=\"24px\" viewbox=\"0 -960 960 960\" width=\"24px\" fill=\"#194783\"><path d=\"m321-80-71-71 329-329-329-329 71-71 400 400L321-80Z\"><\/path><\/svg>\t\t\t<\/div>\n\t\t<\/div>\n\t\t\t\t\t\t<\/div>\n\t\t\t\t<\/div>\n\t\t\t\t<div class=\"elementor-element elementor-element-a4d203b elementor-widget__width-inherit elementor-widget elementor-widget-text-editor\" data-id=\"a4d203b\" data-element_type=\"widget\" data-widget_type=\"text-editor.default\">\n\t\t\t\t<div class=\"elementor-widget-container\">\n\t\t\t\t\t\t\t\t\t<p>SIG Infections, Tuberculosis, CF\/non-CF Bronchiectasis<\/p>\t\t\t\t\t\t\t\t<\/div>\n\t\t\t\t<\/div>\n\t\t\t\t<\/a>\n\t\t<a class=\"elementor-element elementor-element-27f1f91 e-con-full text-red e-flex e-con e-child\" data-id=\"27f1f91\" data-element_type=\"container\" href=\"https:\/\/pneumo.ch\/fr\/sig-interstitial-and-rare-lung-diseases\/\">\n\t\t\t\t<div class=\"elementor-element elementor-element-28f9800 elementor-view-framed elementor-shape-square icon-red elementor-widget elementor-widget-icon\" data-id=\"28f9800\" data-element_type=\"widget\" data-widget_type=\"icon.default\">\n\t\t\t\t<div class=\"elementor-widget-container\">\n\t\t\t\t\t\t\t<div class=\"elementor-icon-wrapper\">\n\t\t\t<div class=\"elementor-icon\">\n\t\t\t<svg xmlns=\"http:\/\/www.w3.org\/2000\/svg\" height=\"24px\" viewbox=\"0 -960 960 960\" width=\"24px\" fill=\"#194783\"><path d=\"m321-80-71-71 329-329-329-329 71-71 400 400L321-80Z\"><\/path><\/svg>\t\t\t<\/div>\n\t\t<\/div>\n\t\t\t\t\t\t<\/div>\n\t\t\t\t<\/div>\n\t\t\t\t<div class=\"elementor-element elementor-element-9bbbe92 elementor-widget__width-inherit elementor-widget elementor-widget-text-editor\" data-id=\"9bbbe92\" data-element_type=\"widget\" data-widget_type=\"text-editor.default\">\n\t\t\t\t<div class=\"elementor-widget-container\">\n\t\t\t\t\t\t\t\t\t<p>SIG Interstitial and Rare Lung Diseases<\/p>\t\t\t\t\t\t\t\t<\/div>\n\t\t\t\t<\/div>\n\t\t\t\t<\/a>\n\t\t<a class=\"elementor-element elementor-element-b1bcfc6 e-con-full text-red e-flex e-con e-child\" data-id=\"b1bcfc6\" data-element_type=\"container\" href=\"https:\/\/pneumo.ch\/fr\/sig-pulmonary-vascular-disease\/\">\n\t\t\t\t<div class=\"elementor-element elementor-element-06fe9b5 elementor-view-framed elementor-shape-square icon-red elementor-widget elementor-widget-icon\" data-id=\"06fe9b5\" data-element_type=\"widget\" data-widget_type=\"icon.default\">\n\t\t\t\t<div class=\"elementor-widget-container\">\n\t\t\t\t\t\t\t<div class=\"elementor-icon-wrapper\">\n\t\t\t<div class=\"elementor-icon\">\n\t\t\t<svg xmlns=\"http:\/\/www.w3.org\/2000\/svg\" height=\"24px\" viewbox=\"0 -960 960 960\" width=\"24px\" fill=\"#194783\"><path d=\"m321-80-71-71 329-329-329-329 71-71 400 400L321-80Z\"><\/path><\/svg>\t\t\t<\/div>\n\t\t<\/div>\n\t\t\t\t\t\t<\/div>\n\t\t\t\t<\/div>\n\t\t\t\t<div class=\"elementor-element elementor-element-a3652e2 elementor-widget__width-inherit elementor-widget elementor-widget-text-editor\" data-id=\"a3652e2\" data-element_type=\"widget\" data-widget_type=\"text-editor.default\">\n\t\t\t\t<div class=\"elementor-widget-container\">\n\t\t\t\t\t\t\t\t\t<p>SIG Pulmonary Vascular Disease<\/p>\t\t\t\t\t\t\t\t<\/div>\n\t\t\t\t<\/div>\n\t\t\t\t<\/a>\n\t\t<a class=\"elementor-element elementor-element-6f81965 e-con-full text-red e-flex e-con e-child\" data-id=\"6f81965\" data-element_type=\"container\" href=\"https:\/\/pneumo.ch\/fr\/sig-sleep-breathing-disorders\/\">\n\t\t\t\t<div class=\"elementor-element elementor-element-9c4bec2 elementor-view-framed elementor-shape-square icon-red elementor-widget elementor-widget-icon\" data-id=\"9c4bec2\" data-element_type=\"widget\" data-widget_type=\"icon.default\">\n\t\t\t\t<div class=\"elementor-widget-container\">\n\t\t\t\t\t\t\t<div class=\"elementor-icon-wrapper\">\n\t\t\t<div class=\"elementor-icon\">\n\t\t\t<svg xmlns=\"http:\/\/www.w3.org\/2000\/svg\" height=\"24px\" viewbox=\"0 -960 960 960\" width=\"24px\" fill=\"#194783\"><path d=\"m321-80-71-71 329-329-329-329 71-71 400 400L321-80Z\"><\/path><\/svg>\t\t\t<\/div>\n\t\t<\/div>\n\t\t\t\t\t\t<\/div>\n\t\t\t\t<\/div>\n\t\t\t\t<div class=\"elementor-element elementor-element-4dacb57 elementor-widget__width-inherit elementor-widget elementor-widget-text-editor\" data-id=\"4dacb57\" data-element_type=\"widget\" data-widget_type=\"text-editor.default\">\n\t\t\t\t<div class=\"elementor-widget-container\">\n\t\t\t\t\t\t\t\t\t<p>SIG Sleep Breathing Disorders<\/p>\t\t\t\t\t\t\t\t<\/div>\n\t\t\t\t<\/div>\n\t\t\t\t<\/a>\n\t\t<a class=\"elementor-element elementor-element-85f4ec2 e-con-full text-red e-flex e-con e-child\" data-id=\"85f4ec2\" data-element_type=\"container\" href=\"https:\/\/pneumo.ch\/fr\/sig-thoracic-interventions-oncology\/\">\n\t\t\t\t<div class=\"elementor-element elementor-element-c62ad73 elementor-view-framed elementor-shape-square icon-red elementor-widget elementor-widget-icon\" data-id=\"c62ad73\" data-element_type=\"widget\" data-widget_type=\"icon.default\">\n\t\t\t\t<div class=\"elementor-widget-container\">\n\t\t\t\t\t\t\t<div class=\"elementor-icon-wrapper\">\n\t\t\t<div class=\"elementor-icon\">\n\t\t\t<svg xmlns=\"http:\/\/www.w3.org\/2000\/svg\" height=\"24px\" viewbox=\"0 -960 960 960\" width=\"24px\" fill=\"#194783\"><path d=\"m321-80-71-71 329-329-329-329 71-71 400 400L321-80Z\"><\/path><\/svg>\t\t\t<\/div>\n\t\t<\/div>\n\t\t\t\t\t\t<\/div>\n\t\t\t\t<\/div>\n\t\t\t\t<div class=\"elementor-element elementor-element-5cc0b43 elementor-widget__width-inherit elementor-widget elementor-widget-text-editor\" data-id=\"5cc0b43\" data-element_type=\"widget\" data-widget_type=\"text-editor.default\">\n\t\t\t\t<div class=\"elementor-widget-container\">\n\t\t\t\t\t\t\t\t\t<p>SIG Thoracic Interventions &amp; Oncology<\/p>\t\t\t\t\t\t\t\t<\/div>\n\t\t\t\t<\/div>\n\t\t\t\t<\/a>\n\t\t<a class=\"elementor-element elementor-element-02ba924 e-con-full text-red e-flex e-con e-child\" data-id=\"02ba924\" data-element_type=\"container\" href=\"https:\/\/pneumo.ch\/fr\/sig-thoracic-ultrasound\/\">\n\t\t\t\t<div class=\"elementor-element elementor-element-c99e567 elementor-view-framed elementor-shape-square icon-red elementor-widget elementor-widget-icon\" data-id=\"c99e567\" data-element_type=\"widget\" data-widget_type=\"icon.default\">\n\t\t\t\t<div class=\"elementor-widget-container\">\n\t\t\t\t\t\t\t<div class=\"elementor-icon-wrapper\">\n\t\t\t<div class=\"elementor-icon\">\n\t\t\t<svg xmlns=\"http:\/\/www.w3.org\/2000\/svg\" height=\"24px\" viewbox=\"0 -960 960 960\" width=\"24px\" fill=\"#194783\"><path d=\"m321-80-71-71 329-329-329-329 71-71 400 400L321-80Z\"><\/path><\/svg>\t\t\t<\/div>\n\t\t<\/div>\n\t\t\t\t\t\t<\/div>\n\t\t\t\t<\/div>\n\t\t\t\t<div class=\"elementor-element elementor-element-def0202 elementor-widget__width-inherit elementor-widget elementor-widget-text-editor\" data-id=\"def0202\" data-element_type=\"widget\" data-widget_type=\"text-editor.default\">\n\t\t\t\t<div class=\"elementor-widget-container\">\n\t\t\t\t\t\t\t\t\t<p>SIG Thoracic Ultrasound<\/p>\t\t\t\t\t\t\t\t<\/div>\n\t\t\t\t<\/div>\n\t\t\t\t<\/a>\n\t\t<a class=\"elementor-element elementor-element-2190aae e-con-full text-red e-flex e-con e-child\" data-id=\"2190aae\" data-element_type=\"container\" href=\"https:\/\/pneumo.ch\/fr\/sig-ventilation-o2\/\">\n\t\t\t\t<div class=\"elementor-element elementor-element-b107c53 elementor-view-framed elementor-shape-square icon-red elementor-widget elementor-widget-icon\" data-id=\"b107c53\" data-element_type=\"widget\" data-widget_type=\"icon.default\">\n\t\t\t\t<div class=\"elementor-widget-container\">\n\t\t\t\t\t\t\t<div class=\"elementor-icon-wrapper\">\n\t\t\t<div class=\"elementor-icon\">\n\t\t\t<svg xmlns=\"http:\/\/www.w3.org\/2000\/svg\" height=\"24px\" viewbox=\"0 -960 960 960\" width=\"24px\" fill=\"#194783\"><path d=\"m321-80-71-71 329-329-329-329 71-71 400 400L321-80Z\"><\/path><\/svg>\t\t\t<\/div>\n\t\t<\/div>\n\t\t\t\t\t\t<\/div>\n\t\t\t\t<\/div>\n\t\t\t\t<div class=\"elementor-element elementor-element-44ad3fa elementor-widget__width-inherit elementor-widget elementor-widget-text-editor\" data-id=\"44ad3fa\" data-element_type=\"widget\" data-widget_type=\"text-editor.default\">\n\t\t\t\t<div class=\"elementor-widget-container\">\n\t\t\t\t\t\t\t\t\t<p>SIG Ventilation &amp; O2<\/p>\t\t\t\t\t\t\t\t<\/div>\n\t\t\t\t<\/div>\n\t\t\t\t<\/a>\n\t\t<a class=\"elementor-element elementor-element-6d30617 e-con-full text-red e-flex e-con e-child\" data-id=\"6d30617\" data-element_type=\"container\" href=\"https:\/\/pneumo.ch\/fr\/sig-mitgliedschaft\/\">\n\t\t\t\t<div class=\"elementor-element elementor-element-bd13bab elementor-view-framed elementor-shape-square icon-red elementor-widget elementor-widget-icon\" data-id=\"bd13bab\" data-element_type=\"widget\" data-widget_type=\"icon.default\">\n\t\t\t\t<div class=\"elementor-widget-container\">\n\t\t\t\t\t\t\t<div class=\"elementor-icon-wrapper\">\n\t\t\t<div class=\"elementor-icon\">\n\t\t\t<svg xmlns=\"http:\/\/www.w3.org\/2000\/svg\" height=\"24px\" viewbox=\"0 -960 960 960\" width=\"24px\" fill=\"#194783\"><path d=\"m321-80-71-71 329-329-329-329 71-71 400 400L321-80Z\"><\/path><\/svg>\t\t\t<\/div>\n\t\t<\/div>\n\t\t\t\t\t\t<\/div>\n\t\t\t\t<\/div>\n\t\t\t\t<div class=\"elementor-element elementor-element-0dec376 elementor-widget__width-inherit elementor-widget elementor-widget-text-editor\" data-id=\"0dec376\" data-element_type=\"widget\" data-widget_type=\"text-editor.default\">\n\t\t\t\t<div class=\"elementor-widget-container\">\n\t\t\t\t\t\t\t\t\t<p>Adh\u00e9sion \u00e0 un GIS<\/p>\t\t\t\t\t\t\t\t<\/div>\n\t\t\t\t<\/div>\n\t\t\t\t<\/a>\n\t\t\t\t<\/div>\n\t\t\t\t<\/div>\n\t\t\t\t<\/div>\n\t\t\t\t\t\t<\/div>\n\t\t\t\t<\/div>\n\t\t<div class=\"elementor-element elementor-element-d558d51 e-con-full e-flex e-con e-child\" data-id=\"d558d51\" data-element_type=\"container\">\n\t\t\t\t<div class=\"elementor-element elementor-element-5acbd3a elementor-widget__width-inherit elementor-widget elementor-widget-heading\" data-id=\"5acbd3a\" data-element_type=\"widget\" data-widget_type=\"heading.default\">\n\t\t\t\t<div class=\"elementor-widget-container\">\n\t\t\t\t\t<h1 class=\"elementor-heading-title elementor-size-default\">SIG Sleep Breathing Disorders\n<\/h1>\t\t\t\t<\/div>\n\t\t\t\t<\/div>\n\t\t\t\t<div class=\"elementor-element elementor-element-1b991b2 elementor-widget elementor-widget-text-editor\" data-id=\"1b991b2\" data-element_type=\"widget\" data-widget_type=\"text-editor.default\">\n\t\t\t\t<div class=\"elementor-widget-container\">\n\t\t\t\t\t\t\t\t\t<h2>\u00c9valuations des Appareils<\/h2><p>Les nouveaux appareils de CPAP sont \u00e9valu\u00e9s ind\u00e9pendamment par 2 centres. Les \u00e9valuations sont ensuite rassembl\u00e9es dans un document d'\u00e9valuation, disponible ci-dessous. Suite \u00e0 cette \u00e9valuation, le SIG Sleep Breathing Disorders d\u00e9cide si l'appareil est recommandable ou pas pour le march\u00e9 suisse.<\/p><p><a href=\"https:\/\/pneumo.ch\/wp-content\/uploads\/2024\/12\/f_Evaluationsergebnis-DreamStation-2-V1-FR.pdf\" target=\"_blank\" rel=\"noopener\">DreamStation 2<\/a>, 14.02.2022<br \/><a href=\"https:\/\/pneumo.ch\/wp-content\/uploads\/2024\/12\/f_Evaluationsergebnis-DreamStation-2-V1-FR.pdf\" target=\"_blank\" rel=\"noopener\">SEFAM<\/a>, 29.04.20219<\/p>\t\t\t\t\t\t\t\t<\/div>\n\t\t\t\t<\/div>\n\t\t\t\t<\/div>\n\t\t\t\t\t<\/div>\n\t\t\t\t<\/div>\n\t\t\t\t<\/div>","protected":false},"excerpt":{"rendered":"<p>SIG Sleep Breathing Disorders Ger\u00e4teevaluationen Neue CPAP-Ger\u00e4te werden von 2 Zentren unabh\u00e4ngig evaluiert. Die Bewertungen werden dann in einem Evaluationsdokument zusammengefasst, das unten verf\u00fcgbar ist. Nach dieser Bewertung entscheidet die SIG Sleep Breathing Disorders, ob das Ger\u00e4t f\u00fcr den Schweizer Markt empfehlenswert ist oder nicht. DreamStation 2, 14.02.2022SEFAM, 29.04.20219<\/p>","protected":false},"author":1,"featured_media":0,"parent":0,"menu_order":0,"comment_status":"closed","ping_status":"closed","template":"","meta":{"footnotes":""},"class_list":["post-1939","page","type-page","status-publish","hentry"],"_links":{"self":[{"href":"https:\/\/pneumo.ch\/fr\/wp-json\/wp\/v2\/pages\/1939","targetHints":{"allow":["GET"]}}],"collection":[{"href":"https:\/\/pneumo.ch\/fr\/wp-json\/wp\/v2\/pages"}],"about":[{"href":"https:\/\/pneumo.ch\/fr\/wp-json\/wp\/v2\/types\/page"}],"author":[{"embeddable":true,"href":"https:\/\/pneumo.ch\/fr\/wp-json\/wp\/v2\/users\/1"}],"replies":[{"embeddable":true,"href":"https:\/\/pneumo.ch\/fr\/wp-json\/wp\/v2\/comments?post=1939"}],"version-history":[{"count":10,"href":"https:\/\/pneumo.ch\/fr\/wp-json\/wp\/v2\/pages\/1939\/revisions"}],"predecessor-version":[{"id":4218,"href":"https:\/\/pneumo.ch\/fr\/wp-json\/wp\/v2\/pages\/1939\/revisions\/4218"}],"wp:attachment":[{"href":"https:\/\/pneumo.ch\/fr\/wp-json\/wp\/v2\/media?parent=1939"}],"curies":[{"name":"wp","href":"https:\/\/api.w.org\/{rel}","templated":true}]}}