{"id":1948,"date":"2024-12-12T20:24:01","date_gmt":"2024-12-12T20:24:01","guid":{"rendered":"https:\/\/pneumo.ch\/?page_id=1948"},"modified":"2024-12-17T10:32:18","modified_gmt":"2024-12-17T10:32:18","slug":"sig-mitgliedschaft","status":"publish","type":"page","link":"https:\/\/pneumo.ch\/fr\/sig-mitgliedschaft\/","title":{"rendered":"Adh\u00e9sion \u00e0 un GIS"},"content":{"rendered":"<div data-elementor-type=\"wp-page\" data-elementor-id=\"1948\" class=\"elementor elementor-1948\" data-elementor-post-type=\"page\">\n\t\t\t\t<div class=\"elementor-element elementor-element-872527b e-flex e-con-boxed e-con e-parent\" data-id=\"872527b\" data-element_type=\"container\">\n\t\t\t\t\t<div class=\"e-con-inner\">\n\t\t\t\t<div class=\"elementor-element elementor-element-71f993c elementor-widget__width-initial elementor-widget-mobile__width-inherit elementor-widget elementor-widget-template\" data-id=\"71f993c\" data-element_type=\"widget\" data-settings=\"{&quot;sticky&quot;:&quot;top&quot;,&quot;sticky_offset&quot;:100,&quot;sticky_parent&quot;:&quot;yes&quot;,&quot;sticky_on&quot;:[&quot;desktop&quot;,&quot;tablet&quot;,&quot;mobile&quot;],&quot;sticky_effects_offset&quot;:0,&quot;sticky_anchor_link_offset&quot;:0}\" data-widget_type=\"template.default\">\n\t\t\t\t<div class=\"elementor-widget-container\">\n\t\t\t\t\t\t\t<div class=\"elementor-template\">\n\t\t\t\t\t<div data-elementor-type=\"container\" data-elementor-id=\"1147\" class=\"elementor elementor-1147\" data-elementor-post-type=\"elementor_library\">\n\t\t\t\t<div class=\"elementor-element elementor-element-3e8c391 e-con-full e-flex e-con e-child\" data-id=\"3e8c391\" data-element_type=\"container\">\n\t\t<div class=\"elementor-element elementor-element-394fca0 e-con-full e-flex e-con e-child\" data-id=\"394fca0\" data-element_type=\"container\" data-settings=\"{&quot;background_background&quot;:&quot;classic&quot;}\">\n\t\t\t\t<div class=\"elementor-element elementor-element-c759458 elementor-widget elementor-widget-heading\" data-id=\"c759458\" data-element_type=\"widget\" data-widget_type=\"heading.default\">\n\t\t\t\t<div class=\"elementor-widget-container\">\n\t\t\t\t\t<h2 class=\"elementor-heading-title elementor-size-default\">Domaines Sp\u00e9cialis\u00e9s<\/h2>\t\t\t\t<\/div>\n\t\t\t\t<\/div>\n\t\t\t\t<\/div>\n\t\t<a class=\"elementor-element elementor-element-a3e48d7 e-con-full text-red e-flex e-con e-child\" data-id=\"a3e48d7\" data-element_type=\"container\" href=\"https:\/\/pneumo.ch\/fr\/Pulmonale-Rehabilitation\/\">\n\t\t\t\t<div class=\"elementor-element elementor-element-933cc6f elementor-view-framed elementor-shape-square icon-red elementor-widget elementor-widget-icon\" data-id=\"933cc6f\" data-element_type=\"widget\" data-widget_type=\"icon.default\">\n\t\t\t\t<div class=\"elementor-widget-container\">\n\t\t\t\t\t\t\t<div class=\"elementor-icon-wrapper\">\n\t\t\t<div class=\"elementor-icon\">\n\t\t\t<svg xmlns=\"http:\/\/www.w3.org\/2000\/svg\" height=\"24px\" viewbox=\"0 -960 960 960\" width=\"24px\" fill=\"#194783\"><path d=\"m321-80-71-71 329-329-329-329 71-71 400 400L321-80Z\"><\/path><\/svg>\t\t\t<\/div>\n\t\t<\/div>\n\t\t\t\t\t\t<\/div>\n\t\t\t\t<\/div>\n\t\t\t\t<div class=\"elementor-element elementor-element-dc0ccfd elementor-widget__width-inherit elementor-widget elementor-widget-text-editor\" data-id=\"dc0ccfd\" data-element_type=\"widget\" data-widget_type=\"text-editor.default\">\n\t\t\t\t<div class=\"elementor-widget-container\">\n\t\t\t\t\t\t\t\t\t<p>R\u00e9habilitation Pulmonaire<\/p>\t\t\t\t\t\t\t\t<\/div>\n\t\t\t\t<\/div>\n\t\t\t\t<\/a>\n\t\t<a class=\"elementor-element elementor-element-f7b142e e-con-full text-red e-flex e-con e-child\" data-id=\"f7b142e\" data-element_type=\"container\" href=\"https:\/\/pneumo.ch\/fr\/sig-airways-disease-and-respiratory-physiology\/\">\n\t\t\t\t<div class=\"elementor-element elementor-element-c31a0d8 elementor-view-framed elementor-shape-square icon-red elementor-widget elementor-widget-icon\" data-id=\"c31a0d8\" data-element_type=\"widget\" data-widget_type=\"icon.default\">\n\t\t\t\t<div class=\"elementor-widget-container\">\n\t\t\t\t\t\t\t<div class=\"elementor-icon-wrapper\">\n\t\t\t<div class=\"elementor-icon\">\n\t\t\t<svg xmlns=\"http:\/\/www.w3.org\/2000\/svg\" height=\"24px\" viewbox=\"0 -960 960 960\" width=\"24px\" fill=\"#194783\"><path d=\"m321-80-71-71 329-329-329-329 71-71 400 400L321-80Z\"><\/path><\/svg>\t\t\t<\/div>\n\t\t<\/div>\n\t\t\t\t\t\t<\/div>\n\t\t\t\t<\/div>\n\t\t\t\t<div class=\"elementor-element elementor-element-334d320 elementor-widget__width-inherit elementor-widget elementor-widget-text-editor\" data-id=\"334d320\" data-element_type=\"widget\" data-widget_type=\"text-editor.default\">\n\t\t\t\t<div class=\"elementor-widget-container\">\n\t\t\t\t\t\t\t\t\t<p>SIG Airways disease and respiratory physiology<\/p>\t\t\t\t\t\t\t\t<\/div>\n\t\t\t\t<\/div>\n\t\t\t\t<\/a>\n\t\t<a class=\"elementor-element elementor-element-5089804 e-con-full text-red e-flex e-con e-child\" data-id=\"5089804\" data-element_type=\"container\" href=\"https:\/\/pneumo.ch\/fr\/sig-allied-health-professionals\/\">\n\t\t\t\t<div class=\"elementor-element elementor-element-6d452b2 elementor-view-framed elementor-shape-square icon-red elementor-widget elementor-widget-icon\" data-id=\"6d452b2\" data-element_type=\"widget\" data-widget_type=\"icon.default\">\n\t\t\t\t<div class=\"elementor-widget-container\">\n\t\t\t\t\t\t\t<div class=\"elementor-icon-wrapper\">\n\t\t\t<div class=\"elementor-icon\">\n\t\t\t<svg xmlns=\"http:\/\/www.w3.org\/2000\/svg\" height=\"24px\" viewbox=\"0 -960 960 960\" width=\"24px\" fill=\"#194783\"><path d=\"m321-80-71-71 329-329-329-329 71-71 400 400L321-80Z\"><\/path><\/svg>\t\t\t<\/div>\n\t\t<\/div>\n\t\t\t\t\t\t<\/div>\n\t\t\t\t<\/div>\n\t\t\t\t<div class=\"elementor-element elementor-element-f1cb159 elementor-widget__width-inherit elementor-widget elementor-widget-text-editor\" data-id=\"f1cb159\" data-element_type=\"widget\" data-widget_type=\"text-editor.default\">\n\t\t\t\t<div class=\"elementor-widget-container\">\n\t\t\t\t\t\t\t\t\t<p>SIG Allied Health Professionals<\/p>\t\t\t\t\t\t\t\t<\/div>\n\t\t\t\t<\/div>\n\t\t\t\t<\/a>\n\t\t<a class=\"elementor-element elementor-element-a9b0313 e-con-full text-red e-flex e-con e-child\" data-id=\"a9b0313\" data-element_type=\"container\" href=\"https:\/\/pneumo.ch\/fr\/sig-early-career\/\">\n\t\t\t\t<div class=\"elementor-element elementor-element-b3918db elementor-view-framed elementor-shape-square icon-red elementor-widget elementor-widget-icon\" data-id=\"b3918db\" data-element_type=\"widget\" data-widget_type=\"icon.default\">\n\t\t\t\t<div class=\"elementor-widget-container\">\n\t\t\t\t\t\t\t<div class=\"elementor-icon-wrapper\">\n\t\t\t<div class=\"elementor-icon\">\n\t\t\t<svg xmlns=\"http:\/\/www.w3.org\/2000\/svg\" height=\"24px\" viewbox=\"0 -960 960 960\" width=\"24px\" fill=\"#194783\"><path d=\"m321-80-71-71 329-329-329-329 71-71 400 400L321-80Z\"><\/path><\/svg>\t\t\t<\/div>\n\t\t<\/div>\n\t\t\t\t\t\t<\/div>\n\t\t\t\t<\/div>\n\t\t\t\t<div class=\"elementor-element elementor-element-0efc1a2 elementor-widget__width-inherit elementor-widget elementor-widget-text-editor\" data-id=\"0efc1a2\" data-element_type=\"widget\" data-widget_type=\"text-editor.default\">\n\t\t\t\t<div class=\"elementor-widget-container\">\n\t\t\t\t\t\t\t\t\t<p>SIG Young SSP<\/p>\t\t\t\t\t\t\t\t<\/div>\n\t\t\t\t<\/div>\n\t\t\t\t<\/a>\n\t\t<a class=\"elementor-element elementor-element-0136007 e-con-full text-red e-flex e-con e-child\" data-id=\"0136007\" data-element_type=\"container\" href=\"https:\/\/pneumo.ch\/fr\/sig-infections-tuberculosis-cf-non-cf-bronchiectasis\/\">\n\t\t\t\t<div class=\"elementor-element elementor-element-78e3269 elementor-view-framed elementor-shape-square icon-red elementor-widget elementor-widget-icon\" data-id=\"78e3269\" data-element_type=\"widget\" data-widget_type=\"icon.default\">\n\t\t\t\t<div class=\"elementor-widget-container\">\n\t\t\t\t\t\t\t<div class=\"elementor-icon-wrapper\">\n\t\t\t<div class=\"elementor-icon\">\n\t\t\t<svg xmlns=\"http:\/\/www.w3.org\/2000\/svg\" height=\"24px\" viewbox=\"0 -960 960 960\" width=\"24px\" fill=\"#194783\"><path d=\"m321-80-71-71 329-329-329-329 71-71 400 400L321-80Z\"><\/path><\/svg>\t\t\t<\/div>\n\t\t<\/div>\n\t\t\t\t\t\t<\/div>\n\t\t\t\t<\/div>\n\t\t\t\t<div class=\"elementor-element elementor-element-a4d203b elementor-widget__width-inherit elementor-widget elementor-widget-text-editor\" data-id=\"a4d203b\" data-element_type=\"widget\" data-widget_type=\"text-editor.default\">\n\t\t\t\t<div class=\"elementor-widget-container\">\n\t\t\t\t\t\t\t\t\t<p>SIG Infections, Tuberculosis, CF\/non-CF Bronchiectasis<\/p>\t\t\t\t\t\t\t\t<\/div>\n\t\t\t\t<\/div>\n\t\t\t\t<\/a>\n\t\t<a class=\"elementor-element elementor-element-27f1f91 e-con-full text-red e-flex e-con e-child\" data-id=\"27f1f91\" data-element_type=\"container\" href=\"https:\/\/pneumo.ch\/fr\/sig-interstitial-and-rare-lung-diseases\/\">\n\t\t\t\t<div class=\"elementor-element elementor-element-28f9800 elementor-view-framed elementor-shape-square icon-red elementor-widget elementor-widget-icon\" data-id=\"28f9800\" data-element_type=\"widget\" data-widget_type=\"icon.default\">\n\t\t\t\t<div class=\"elementor-widget-container\">\n\t\t\t\t\t\t\t<div class=\"elementor-icon-wrapper\">\n\t\t\t<div class=\"elementor-icon\">\n\t\t\t<svg xmlns=\"http:\/\/www.w3.org\/2000\/svg\" height=\"24px\" viewbox=\"0 -960 960 960\" width=\"24px\" fill=\"#194783\"><path d=\"m321-80-71-71 329-329-329-329 71-71 400 400L321-80Z\"><\/path><\/svg>\t\t\t<\/div>\n\t\t<\/div>\n\t\t\t\t\t\t<\/div>\n\t\t\t\t<\/div>\n\t\t\t\t<div class=\"elementor-element elementor-element-9bbbe92 elementor-widget__width-inherit elementor-widget elementor-widget-text-editor\" data-id=\"9bbbe92\" data-element_type=\"widget\" data-widget_type=\"text-editor.default\">\n\t\t\t\t<div class=\"elementor-widget-container\">\n\t\t\t\t\t\t\t\t\t<p>SIG Interstitial and Rare Lung Diseases<\/p>\t\t\t\t\t\t\t\t<\/div>\n\t\t\t\t<\/div>\n\t\t\t\t<\/a>\n\t\t<a class=\"elementor-element elementor-element-b1bcfc6 e-con-full text-red e-flex e-con e-child\" data-id=\"b1bcfc6\" data-element_type=\"container\" href=\"https:\/\/pneumo.ch\/fr\/sig-pulmonary-vascular-disease\/\">\n\t\t\t\t<div class=\"elementor-element elementor-element-06fe9b5 elementor-view-framed elementor-shape-square icon-red elementor-widget elementor-widget-icon\" data-id=\"06fe9b5\" data-element_type=\"widget\" data-widget_type=\"icon.default\">\n\t\t\t\t<div class=\"elementor-widget-container\">\n\t\t\t\t\t\t\t<div class=\"elementor-icon-wrapper\">\n\t\t\t<div class=\"elementor-icon\">\n\t\t\t<svg xmlns=\"http:\/\/www.w3.org\/2000\/svg\" height=\"24px\" viewbox=\"0 -960 960 960\" width=\"24px\" fill=\"#194783\"><path d=\"m321-80-71-71 329-329-329-329 71-71 400 400L321-80Z\"><\/path><\/svg>\t\t\t<\/div>\n\t\t<\/div>\n\t\t\t\t\t\t<\/div>\n\t\t\t\t<\/div>\n\t\t\t\t<div class=\"elementor-element elementor-element-a3652e2 elementor-widget__width-inherit elementor-widget elementor-widget-text-editor\" data-id=\"a3652e2\" data-element_type=\"widget\" data-widget_type=\"text-editor.default\">\n\t\t\t\t<div class=\"elementor-widget-container\">\n\t\t\t\t\t\t\t\t\t<p>SIG Pulmonary Vascular Disease<\/p>\t\t\t\t\t\t\t\t<\/div>\n\t\t\t\t<\/div>\n\t\t\t\t<\/a>\n\t\t<a class=\"elementor-element elementor-element-6f81965 e-con-full text-red e-flex e-con e-child\" data-id=\"6f81965\" data-element_type=\"container\" href=\"https:\/\/pneumo.ch\/fr\/sig-sleep-breathing-disorders\/\">\n\t\t\t\t<div class=\"elementor-element elementor-element-9c4bec2 elementor-view-framed elementor-shape-square icon-red elementor-widget elementor-widget-icon\" data-id=\"9c4bec2\" data-element_type=\"widget\" data-widget_type=\"icon.default\">\n\t\t\t\t<div class=\"elementor-widget-container\">\n\t\t\t\t\t\t\t<div class=\"elementor-icon-wrapper\">\n\t\t\t<div class=\"elementor-icon\">\n\t\t\t<svg xmlns=\"http:\/\/www.w3.org\/2000\/svg\" height=\"24px\" viewbox=\"0 -960 960 960\" width=\"24px\" fill=\"#194783\"><path d=\"m321-80-71-71 329-329-329-329 71-71 400 400L321-80Z\"><\/path><\/svg>\t\t\t<\/div>\n\t\t<\/div>\n\t\t\t\t\t\t<\/div>\n\t\t\t\t<\/div>\n\t\t\t\t<div class=\"elementor-element elementor-element-4dacb57 elementor-widget__width-inherit elementor-widget elementor-widget-text-editor\" data-id=\"4dacb57\" data-element_type=\"widget\" data-widget_type=\"text-editor.default\">\n\t\t\t\t<div class=\"elementor-widget-container\">\n\t\t\t\t\t\t\t\t\t<p>SIG Sleep Breathing Disorders<\/p>\t\t\t\t\t\t\t\t<\/div>\n\t\t\t\t<\/div>\n\t\t\t\t<\/a>\n\t\t<a class=\"elementor-element elementor-element-85f4ec2 e-con-full text-red e-flex e-con e-child\" data-id=\"85f4ec2\" data-element_type=\"container\" href=\"https:\/\/pneumo.ch\/fr\/sig-thoracic-interventions-oncology\/\">\n\t\t\t\t<div class=\"elementor-element elementor-element-c62ad73 elementor-view-framed elementor-shape-square icon-red elementor-widget elementor-widget-icon\" data-id=\"c62ad73\" data-element_type=\"widget\" data-widget_type=\"icon.default\">\n\t\t\t\t<div class=\"elementor-widget-container\">\n\t\t\t\t\t\t\t<div class=\"elementor-icon-wrapper\">\n\t\t\t<div class=\"elementor-icon\">\n\t\t\t<svg xmlns=\"http:\/\/www.w3.org\/2000\/svg\" height=\"24px\" viewbox=\"0 -960 960 960\" width=\"24px\" fill=\"#194783\"><path d=\"m321-80-71-71 329-329-329-329 71-71 400 400L321-80Z\"><\/path><\/svg>\t\t\t<\/div>\n\t\t<\/div>\n\t\t\t\t\t\t<\/div>\n\t\t\t\t<\/div>\n\t\t\t\t<div class=\"elementor-element elementor-element-5cc0b43 elementor-widget__width-inherit elementor-widget elementor-widget-text-editor\" data-id=\"5cc0b43\" data-element_type=\"widget\" data-widget_type=\"text-editor.default\">\n\t\t\t\t<div class=\"elementor-widget-container\">\n\t\t\t\t\t\t\t\t\t<p>SIG Thoracic Interventions &amp; Oncology<\/p>\t\t\t\t\t\t\t\t<\/div>\n\t\t\t\t<\/div>\n\t\t\t\t<\/a>\n\t\t<a class=\"elementor-element elementor-element-02ba924 e-con-full text-red e-flex e-con e-child\" data-id=\"02ba924\" data-element_type=\"container\" href=\"https:\/\/pneumo.ch\/fr\/sig-thoracic-ultrasound\/\">\n\t\t\t\t<div class=\"elementor-element elementor-element-c99e567 elementor-view-framed elementor-shape-square icon-red elementor-widget elementor-widget-icon\" data-id=\"c99e567\" data-element_type=\"widget\" data-widget_type=\"icon.default\">\n\t\t\t\t<div class=\"elementor-widget-container\">\n\t\t\t\t\t\t\t<div class=\"elementor-icon-wrapper\">\n\t\t\t<div class=\"elementor-icon\">\n\t\t\t<svg xmlns=\"http:\/\/www.w3.org\/2000\/svg\" height=\"24px\" viewbox=\"0 -960 960 960\" width=\"24px\" fill=\"#194783\"><path d=\"m321-80-71-71 329-329-329-329 71-71 400 400L321-80Z\"><\/path><\/svg>\t\t\t<\/div>\n\t\t<\/div>\n\t\t\t\t\t\t<\/div>\n\t\t\t\t<\/div>\n\t\t\t\t<div class=\"elementor-element elementor-element-def0202 elementor-widget__width-inherit elementor-widget elementor-widget-text-editor\" data-id=\"def0202\" data-element_type=\"widget\" data-widget_type=\"text-editor.default\">\n\t\t\t\t<div class=\"elementor-widget-container\">\n\t\t\t\t\t\t\t\t\t<p>SIG Thoracic Ultrasound<\/p>\t\t\t\t\t\t\t\t<\/div>\n\t\t\t\t<\/div>\n\t\t\t\t<\/a>\n\t\t<a class=\"elementor-element elementor-element-2190aae e-con-full text-red e-flex e-con e-child\" data-id=\"2190aae\" data-element_type=\"container\" href=\"https:\/\/pneumo.ch\/fr\/sig-ventilation-o2\/\">\n\t\t\t\t<div class=\"elementor-element elementor-element-b107c53 elementor-view-framed elementor-shape-square icon-red elementor-widget elementor-widget-icon\" data-id=\"b107c53\" data-element_type=\"widget\" data-widget_type=\"icon.default\">\n\t\t\t\t<div class=\"elementor-widget-container\">\n\t\t\t\t\t\t\t<div class=\"elementor-icon-wrapper\">\n\t\t\t<div class=\"elementor-icon\">\n\t\t\t<svg xmlns=\"http:\/\/www.w3.org\/2000\/svg\" height=\"24px\" viewbox=\"0 -960 960 960\" width=\"24px\" fill=\"#194783\"><path d=\"m321-80-71-71 329-329-329-329 71-71 400 400L321-80Z\"><\/path><\/svg>\t\t\t<\/div>\n\t\t<\/div>\n\t\t\t\t\t\t<\/div>\n\t\t\t\t<\/div>\n\t\t\t\t<div class=\"elementor-element elementor-element-44ad3fa elementor-widget__width-inherit elementor-widget elementor-widget-text-editor\" data-id=\"44ad3fa\" data-element_type=\"widget\" data-widget_type=\"text-editor.default\">\n\t\t\t\t<div class=\"elementor-widget-container\">\n\t\t\t\t\t\t\t\t\t<p>SIG Ventilation &amp; O2<\/p>\t\t\t\t\t\t\t\t<\/div>\n\t\t\t\t<\/div>\n\t\t\t\t<\/a>\n\t\t<a class=\"elementor-element elementor-element-6d30617 e-con-full text-red e-flex e-con e-child\" data-id=\"6d30617\" data-element_type=\"container\" href=\"https:\/\/pneumo.ch\/fr\/sig-mitgliedschaft\/\">\n\t\t\t\t<div class=\"elementor-element elementor-element-bd13bab elementor-view-framed elementor-shape-square icon-red elementor-widget elementor-widget-icon\" data-id=\"bd13bab\" data-element_type=\"widget\" data-widget_type=\"icon.default\">\n\t\t\t\t<div class=\"elementor-widget-container\">\n\t\t\t\t\t\t\t<div class=\"elementor-icon-wrapper\">\n\t\t\t<div class=\"elementor-icon\">\n\t\t\t<svg xmlns=\"http:\/\/www.w3.org\/2000\/svg\" height=\"24px\" viewbox=\"0 -960 960 960\" width=\"24px\" fill=\"#194783\"><path d=\"m321-80-71-71 329-329-329-329 71-71 400 400L321-80Z\"><\/path><\/svg>\t\t\t<\/div>\n\t\t<\/div>\n\t\t\t\t\t\t<\/div>\n\t\t\t\t<\/div>\n\t\t\t\t<div class=\"elementor-element elementor-element-0dec376 elementor-widget__width-inherit elementor-widget elementor-widget-text-editor\" data-id=\"0dec376\" data-element_type=\"widget\" data-widget_type=\"text-editor.default\">\n\t\t\t\t<div class=\"elementor-widget-container\">\n\t\t\t\t\t\t\t\t\t<p>Adh\u00e9sion \u00e0 un GIS<\/p>\t\t\t\t\t\t\t\t<\/div>\n\t\t\t\t<\/div>\n\t\t\t\t<\/a>\n\t\t\t\t<\/div>\n\t\t\t\t<\/div>\n\t\t\t\t<\/div>\n\t\t\t\t\t\t<\/div>\n\t\t\t\t<\/div>\n\t\t<div class=\"elementor-element elementor-element-fa8fde1 e-con-full e-flex e-con e-child\" data-id=\"fa8fde1\" data-element_type=\"container\">\n\t\t\t\t<div class=\"elementor-element elementor-element-0015b51 elementor-widget__width-inherit elementor-widget elementor-widget-heading\" data-id=\"0015b51\" data-element_type=\"widget\" data-widget_type=\"heading.default\">\n\t\t\t\t<div class=\"elementor-widget-container\">\n\t\t\t\t\t<h1 class=\"elementor-heading-title elementor-size-default\">Adh\u00e9sion \u00e0 un GIS\n<\/h1>\t\t\t\t<\/div>\n\t\t\t\t<\/div>\n\t\t\t\t<div class=\"elementor-element elementor-element-899e604 elementor-widget elementor-widget-heading\" data-id=\"899e604\" data-element_type=\"widget\" data-widget_type=\"heading.default\">\n\t\t\t\t<div class=\"elementor-widget-container\">\n\t\t\t\t\t<h2 class=\"elementor-heading-title elementor-size-default\">R\u00e8glement des Commissions et des groupes d'int\u00e9r\u00eat special<\/h2>\t\t\t\t<\/div>\n\t\t\t\t<\/div>\n\t\t\t\t<div class=\"elementor-element elementor-element-2e94bd7 elementor-align-center elementor-widget elementor-widget-button\" data-id=\"2e94bd7\" data-element_type=\"widget\" data-widget_type=\"button.default\">\n\t\t\t\t<div class=\"elementor-widget-container\">\n\t\t\t\t\t\t\t\t\t<div class=\"elementor-button-wrapper\">\n\t\t\t\t\t<a class=\"elementor-button elementor-button-link elementor-size-sm\" href=\"https:\/\/pneumo.ch\/wp-content\/uploads\/2024\/12\/Reglement-Kommissionen-und-Special-interest-groups-SGP-2018.pdf\">\n\t\t\t\t\t\t<span class=\"elementor-button-content-wrapper\">\n\t\t\t\t\t\t\t\t\t<span class=\"elementor-button-text\">T\u00e9l\u00e9chargement R\u00e8glement<\/span>\n\t\t\t\t\t<\/span>\n\t\t\t\t\t<\/a>\n\t\t\t\t<\/div>\n\t\t\t\t\t\t\t\t<\/div>\n\t\t\t\t<\/div>\n\t\t\t\t<div class=\"elementor-element elementor-element-ccea1c6 elementor-widget elementor-widget-text-editor\" data-id=\"ccea1c6\" data-element_type=\"widget\" data-widget_type=\"text-editor.default\">\n\t\t\t\t<div class=\"elementor-widget-container\">\n\t\t\t\t\t\t\t\t\t<p>Vous pouvez faire\u00a0<a href=\"https:\/\/booking.congrex.com\/Home\/Index\/Society\/SGP_Antrag\/fr-FR\" target=\"_blank\" rel=\"noopener\">ici<\/a>\u00a0postuler ici pour devenir membre d'un GIS. Si vous souhaitez vous retirer d'un GIS, veuillez envoyer un e-mail \u00e0 info@pneumo.ch<\/p>\t\t\t\t\t\t\t\t<\/div>\n\t\t\t\t<\/div>\n\t\t\t\t<\/div>\n\t\t\t\t\t<\/div>\n\t\t\t\t<\/div>\n\t\t\t\t<\/div>","protected":false},"excerpt":{"rendered":"<p>SIG Mitgliedschaft Reglement Kommissionen und Special Interest Groups SGP 2018 Download Reglement Sie k\u00f6nnen sich\u00a0hier\u00a0f\u00fcr die Mitgliedschaft in einer SIG bewerben. Falls Sie aus einer SIG austreten m\u00f6chten, schreiben Sie bitte eine Email an info@pneumo.ch<\/p>","protected":false},"author":1,"featured_media":0,"parent":0,"menu_order":0,"comment_status":"closed","ping_status":"closed","template":"","meta":{"footnotes":""},"class_list":["post-1948","page","type-page","status-publish","hentry"],"_links":{"self":[{"href":"https:\/\/pneumo.ch\/fr\/wp-json\/wp\/v2\/pages\/1948","targetHints":{"allow":["GET"]}}],"collection":[{"href":"https:\/\/pneumo.ch\/fr\/wp-json\/wp\/v2\/pages"}],"about":[{"href":"https:\/\/pneumo.ch\/fr\/wp-json\/wp\/v2\/types\/page"}],"author":[{"embeddable":true,"href":"https:\/\/pneumo.ch\/fr\/wp-json\/wp\/v2\/users\/1"}],"replies":[{"embeddable":true,"href":"https:\/\/pneumo.ch\/fr\/wp-json\/wp\/v2\/comments?post=1948"}],"version-history":[{"count":10,"href":"https:\/\/pneumo.ch\/fr\/wp-json\/wp\/v2\/pages\/1948\/revisions"}],"predecessor-version":[{"id":2970,"href":"https:\/\/pneumo.ch\/fr\/wp-json\/wp\/v2\/pages\/1948\/revisions\/2970"}],"wp:attachment":[{"href":"https:\/\/pneumo.ch\/fr\/wp-json\/wp\/v2\/media?parent=1948"}],"curies":[{"name":"wp","href":"https:\/\/api.w.org\/{rel}","templated":true}]}}