{"id":2053,"date":"2024-12-13T09:24:32","date_gmt":"2024-12-13T09:24:32","guid":{"rendered":"https:\/\/pneumo.ch\/?page_id=2053"},"modified":"2026-02-25T19:22:48","modified_gmt":"2026-02-25T19:22:48","slug":"recommendations","status":"publish","type":"page","link":"https:\/\/pneumo.ch\/fr\/recommendations\/","title":{"rendered":"Recommendations"},"content":{"rendered":"<div data-elementor-type=\"wp-page\" data-elementor-id=\"2053\" class=\"elementor elementor-2053\" data-elementor-post-type=\"page\">\n\t\t\t\t<div class=\"elementor-element elementor-element-7a53c8d e-con-full e-flex e-con e-parent\" data-id=\"7a53c8d\" data-element_type=\"container\">\n\t\t\t\t<div class=\"elementor-element elementor-element-6db0721 elementor-widget__width-initial elementor-widget-mobile__width-inherit elementor-widget elementor-widget-template\" data-id=\"6db0721\" data-element_type=\"widget\" data-settings=\"{&quot;sticky&quot;:&quot;top&quot;,&quot;sticky_offset&quot;:100,&quot;sticky_parent&quot;:&quot;yes&quot;,&quot;sticky_on&quot;:[&quot;desktop&quot;,&quot;tablet&quot;,&quot;mobile&quot;],&quot;sticky_effects_offset&quot;:0,&quot;sticky_anchor_link_offset&quot;:0}\" data-widget_type=\"template.default\">\n\t\t\t\t<div class=\"elementor-widget-container\">\n\t\t\t\t\t\t\t<div class=\"elementor-template\">\n\t\t\t\t\t<div data-elementor-type=\"container\" data-elementor-id=\"1116\" class=\"elementor elementor-1116\" data-elementor-post-type=\"elementor_library\">\n\t\t\t\t<div class=\"elementor-element elementor-element-4782d19 e-con-full e-flex e-con e-child\" data-id=\"4782d19\" data-element_type=\"container\">\n\t\t<div class=\"elementor-element elementor-element-7cd543f e-con-full e-flex e-con e-child\" data-id=\"7cd543f\" data-element_type=\"container\" data-settings=\"{&quot;background_background&quot;:&quot;classic&quot;}\">\n\t\t\t\t<div class=\"elementor-element elementor-element-7e15de8 elementor-widget elementor-widget-heading\" data-id=\"7e15de8\" data-element_type=\"widget\" data-widget_type=\"heading.default\">\n\t\t\t\t<div class=\"elementor-widget-container\">\n\t\t\t\t\t<h2 class=\"elementor-heading-title elementor-size-default\">Infos utiles <\/h2>\t\t\t\t<\/div>\n\t\t\t\t<\/div>\n\t\t\t\t<\/div>\n\t\t<a class=\"elementor-element elementor-element-e44e41c e-con-full text-red e-flex e-con e-child\" data-id=\"e44e41c\" data-element_type=\"container\" href=\"https:\/\/pneumo.ch\/fr\/recommendations\/\">\n\t\t\t\t<div class=\"elementor-element elementor-element-8a29822 elementor-view-framed elementor-shape-square icon-red elementor-widget elementor-widget-icon\" data-id=\"8a29822\" data-element_type=\"widget\" data-widget_type=\"icon.default\">\n\t\t\t\t<div class=\"elementor-widget-container\">\n\t\t\t\t\t\t\t<div class=\"elementor-icon-wrapper\">\n\t\t\t<div class=\"elementor-icon\">\n\t\t\t<svg xmlns=\"http:\/\/www.w3.org\/2000\/svg\" height=\"24px\" viewbox=\"0 -960 960 960\" width=\"24px\" fill=\"#194783\"><path d=\"m321-80-71-71 329-329-329-329 71-71 400 400L321-80Z\"><\/path><\/svg>\t\t\t<\/div>\n\t\t<\/div>\n\t\t\t\t\t\t<\/div>\n\t\t\t\t<\/div>\n\t\t\t\t<div class=\"elementor-element elementor-element-7800f62 elementor-widget__width-inherit elementor-widget elementor-widget-text-editor\" data-id=\"7800f62\" data-element_type=\"widget\" data-widget_type=\"text-editor.default\">\n\t\t\t\t<div class=\"elementor-widget-container\">\n\t\t\t\t\t\t\t\t\t<p>Recommandations<\/p>\t\t\t\t\t\t\t\t<\/div>\n\t\t\t\t<\/div>\n\t\t\t\t<\/a>\n\t\t<a class=\"elementor-element elementor-element-97d080c e-con-full text-red e-flex e-con e-child\" data-id=\"97d080c\" data-element_type=\"container\" href=\"https:\/\/pneumo.ch\/fr\/bildungsressourcen\/\">\n\t\t\t\t<div class=\"elementor-element elementor-element-a1b2949 elementor-view-framed elementor-shape-square icon-red elementor-widget elementor-widget-icon\" data-id=\"a1b2949\" data-element_type=\"widget\" data-widget_type=\"icon.default\">\n\t\t\t\t<div class=\"elementor-widget-container\">\n\t\t\t\t\t\t\t<div class=\"elementor-icon-wrapper\">\n\t\t\t<div class=\"elementor-icon\">\n\t\t\t<svg xmlns=\"http:\/\/www.w3.org\/2000\/svg\" height=\"24px\" viewbox=\"0 -960 960 960\" width=\"24px\" fill=\"#194783\"><path d=\"m321-80-71-71 329-329-329-329 71-71 400 400L321-80Z\"><\/path><\/svg>\t\t\t<\/div>\n\t\t<\/div>\n\t\t\t\t\t\t<\/div>\n\t\t\t\t<\/div>\n\t\t\t\t<div class=\"elementor-element elementor-element-2e8f563 elementor-widget__width-inherit elementor-widget elementor-widget-text-editor\" data-id=\"2e8f563\" data-element_type=\"widget\" data-widget_type=\"text-editor.default\">\n\t\t\t\t<div class=\"elementor-widget-container\">\n\t\t\t\t\t\t\t\t\t<p>Ressources \u00e9ducatives<\/p>\t\t\t\t\t\t\t\t<\/div>\n\t\t\t\t<\/div>\n\t\t\t\t<\/a>\n\t\t<a class=\"elementor-element elementor-element-1b00ed2 e-con-full text-red e-flex e-con e-child\" data-id=\"1b00ed2\" data-element_type=\"container\" href=\"https:\/\/pneumo.ch\/fr\/respiration-journal\/\">\n\t\t\t\t<div class=\"elementor-element elementor-element-aa873b3 elementor-view-framed elementor-shape-square icon-red elementor-widget elementor-widget-icon\" data-id=\"aa873b3\" data-element_type=\"widget\" data-widget_type=\"icon.default\">\n\t\t\t\t<div class=\"elementor-widget-container\">\n\t\t\t\t\t\t\t<div class=\"elementor-icon-wrapper\">\n\t\t\t<div class=\"elementor-icon\">\n\t\t\t<svg xmlns=\"http:\/\/www.w3.org\/2000\/svg\" height=\"24px\" viewbox=\"0 -960 960 960\" width=\"24px\" fill=\"#194783\"><path d=\"m321-80-71-71 329-329-329-329 71-71 400 400L321-80Z\"><\/path><\/svg>\t\t\t<\/div>\n\t\t<\/div>\n\t\t\t\t\t\t<\/div>\n\t\t\t\t<\/div>\n\t\t\t\t<div class=\"elementor-element elementor-element-e71864a elementor-widget__width-inherit elementor-widget elementor-widget-text-editor\" data-id=\"e71864a\" data-element_type=\"widget\" data-widget_type=\"text-editor.default\">\n\t\t\t\t<div class=\"elementor-widget-container\">\n\t\t\t\t\t\t\t\t\t<p>Acc\u00e8s au journal Respiration<\/p>\t\t\t\t\t\t\t\t<\/div>\n\t\t\t\t<\/div>\n\t\t\t\t<\/a>\n\t\t<a class=\"elementor-element elementor-element-45265c1 e-con-full text-red e-flex e-con e-child\" data-id=\"45265c1\" data-element_type=\"container\" href=\"https:\/\/pneumo.ch\/fr\/nuetzliche-formulare\/\">\n\t\t\t\t<div class=\"elementor-element elementor-element-6f21419 elementor-view-framed elementor-shape-square icon-red elementor-widget elementor-widget-icon\" data-id=\"6f21419\" data-element_type=\"widget\" data-widget_type=\"icon.default\">\n\t\t\t\t<div class=\"elementor-widget-container\">\n\t\t\t\t\t\t\t<div class=\"elementor-icon-wrapper\">\n\t\t\t<div class=\"elementor-icon\">\n\t\t\t<svg xmlns=\"http:\/\/www.w3.org\/2000\/svg\" height=\"24px\" viewbox=\"0 -960 960 960\" width=\"24px\" fill=\"#194783\"><path d=\"m321-80-71-71 329-329-329-329 71-71 400 400L321-80Z\"><\/path><\/svg>\t\t\t<\/div>\n\t\t<\/div>\n\t\t\t\t\t\t<\/div>\n\t\t\t\t<\/div>\n\t\t\t\t<div class=\"elementor-element elementor-element-b430c93 elementor-widget__width-inherit elementor-widget elementor-widget-text-editor\" data-id=\"b430c93\" data-element_type=\"widget\" data-widget_type=\"text-editor.default\">\n\t\t\t\t<div class=\"elementor-widget-container\">\n\t\t\t\t\t\t\t\t\t<p>Formulaires et Questionnaires<\/p>\t\t\t\t\t\t\t\t<\/div>\n\t\t\t\t<\/div>\n\t\t\t\t<\/a>\n\t\t<a class=\"elementor-element elementor-element-7f5c154 e-con-full text-red e-flex e-con e-child\" data-id=\"7f5c154\" data-element_type=\"container\" href=\"https:\/\/pneumo.ch\/fr\/nuetzliche-links\/\">\n\t\t\t\t<div class=\"elementor-element elementor-element-2c867dc elementor-view-framed elementor-shape-square icon-red elementor-widget elementor-widget-icon\" data-id=\"2c867dc\" data-element_type=\"widget\" data-widget_type=\"icon.default\">\n\t\t\t\t<div class=\"elementor-widget-container\">\n\t\t\t\t\t\t\t<div class=\"elementor-icon-wrapper\">\n\t\t\t<div class=\"elementor-icon\">\n\t\t\t<svg xmlns=\"http:\/\/www.w3.org\/2000\/svg\" height=\"24px\" viewbox=\"0 -960 960 960\" width=\"24px\" fill=\"#194783\"><path d=\"m321-80-71-71 329-329-329-329 71-71 400 400L321-80Z\"><\/path><\/svg>\t\t\t<\/div>\n\t\t<\/div>\n\t\t\t\t\t\t<\/div>\n\t\t\t\t<\/div>\n\t\t\t\t<div class=\"elementor-element elementor-element-3aa722d elementor-widget__width-inherit elementor-widget elementor-widget-text-editor\" data-id=\"3aa722d\" data-element_type=\"widget\" data-widget_type=\"text-editor.default\">\n\t\t\t\t<div class=\"elementor-widget-container\">\n\t\t\t\t\t\t\t\t\t<p>Liens utiles<\/p>\t\t\t\t\t\t\t\t<\/div>\n\t\t\t\t<\/div>\n\t\t\t\t<\/a>\n\t\t\t\t<\/div>\n\t\t\t\t<\/div>\n\t\t\t\t<\/div>\n\t\t\t\t\t\t<\/div>\n\t\t\t\t<\/div>\n\t\t<div class=\"elementor-element elementor-element-6818f99 e-con-full e-flex e-con e-child\" data-id=\"6818f99\" data-element_type=\"container\">\n\t\t\t\t<div class=\"elementor-element elementor-element-03af11a elementor-widget__width-inherit elementor-widget elementor-widget-heading\" data-id=\"03af11a\" data-element_type=\"widget\" data-widget_type=\"heading.default\">\n\t\t\t\t<div class=\"elementor-widget-container\">\n\t\t\t\t\t<h1 class=\"elementor-heading-title elementor-size-default\">Recommandations<\/h1>\t\t\t\t<\/div>\n\t\t\t\t<\/div>\n\t\t\t\t<div class=\"elementor-element elementor-element-ee6a526 elementor-widget elementor-widget-text-editor\" data-id=\"ee6a526\" data-element_type=\"widget\" data-widget_type=\"text-editor.default\">\n\t\t\t\t<div class=\"elementor-widget-container\">\n\t\t\t\t\t\t\t\t\t<h3><strong>Publikationen<\/strong><\/h3><h5>Le d\u00e9ficit en alpha-1-antitrypsine<\/h5><ul><li><a title=\"4 vid\u00e9os explicatives sur le d\u00e9ficit en alpha-1-antitrypsine\" href=\"https:\/\/www.alpha-1.ch\/awareness-videos-fr?mc_phishing_protection_id=171161-d3s9s4a0tl4u33nee9ag\" target=\"_blank\" rel=\"noopener\">4 vid\u00e9os explicatives sur le d\u00e9ficit en alpha-1-antitrypsine - 2025<\/a><\/li><\/ul><h5>Asthme<\/h5><ul><li><a href=\"https:\/\/www.karger.com\/Article\/Abstract\/486797\" target=\"_blank\" rel=\"noopener noreferrer\">Swiss Asthma Guidelines &#8211; 2018<\/a><\/li><\/ul><h5>Bronchoscopie<\/h5><ul><li><a href=\"https:\/\/pneumo.ch\/wp-content\/uploads\/2024\/12\/CH-Richtlinie-ESGE-2020_07_10.pdf\" target=\"_blank\" rel=\"noopener\">Schweizerische Richtlinie zur Aufbereitung von flexiblen Endoskopen &#8211; 2020<\/a><\/li><li><a href=\"https:\/\/sggssg.ch\/fileadmin\/user_upload\/dokumente\/Dokumente_Propofol_WebKurs\/Empfehlungen_Analgosedation_Minirevision_publ_04_2018.pdf\" target=\"_blank\" rel=\"noopener\">Empfehlungen und Standards f\u00fcr die Analgosedierung durch Nicht-An\u00e4sthesisten &#8211; 2018<\/a>\u00a0<\/li><\/ul><h5>BPCO<\/h5><ul><li><a href=\"https:\/\/www.pneumo.ch\/files\/pneumo\/pdf\/Fachpersonen\/Fortbildung\/veranstaltung_akkreditieren\/StrassmannALivingWellWithCOPD.pdf\">COPD \u2013 Nationwide Implementation of the self-management program_Living well with COPD: Process and evaluation using a mixed-methods approach &#8211; 2021<\/a><\/li><li><a href=\"https:\/\/pneumo.ch\/wp-content\/uploads\/2026\/02\/000346025.pdf\" target=\"_blank\" rel=\"noopener\">COPD \u2013 Swiss Guidelines &#8211; 2013<\/a><\/li><\/ul><h5>Infections<\/h5><ul><li><a href=\"https:\/\/www.liguepulmonaire.ch\/sites\/default\/files\/documents\/hb_tb_fr_241014.pdf\" target=\"_blank\" rel=\"noopener\">Handbuch Tuberkulose &#8211; 2024 (Lungenliga Schweiz)<\/a>\u00a0<\/li><li><a href=\"https:\/\/pneumo.ch\/wp-content\/uploads\/2024\/12\/S2k-Leitlinie-Management-erwachsener-Patientinnen-und-Patienten-mit-Bronchiektasen-Erkrankung.pdf\" target=\"_blank\" rel=\"noopener\">S2k-Leitlinie Management erwachsener Patientinnen und Patienten mit Bronchiektasen-Erkrankung &#8211; 2024<\/a><\/li><li><a href=\"https:\/\/pneumo.ch\/wp-content\/uploads\/2024\/12\/Guideline-Tuberkulose-im-Erwachsenenalter.pdf\" target=\"_blank\" rel=\"noopener\">S2k-Leitlinie zu Tuberkulose im Erwachsenenalter &#8211; 2023<\/a><\/li><li><a href=\"https:\/\/pneumo.ch\/wp-content\/uploads\/2024\/12\/Amendment-zur-Sk2-Leitlinie-Tuberkulose-im-Erwachsenenalter-vom-19.9.23.pdf\">Amendment zur Sk2-Leitlinie Tuberkulose im Erwachsenenalter &#8211; 2023<\/a><\/li><li><a href=\"https:\/\/register.awmf.org\/assets\/guidelines\/020-020l_S3_Behandlung-von-erwachsenen-Patienten-mit-ambulant-erworbener-Pneumonie__2021-05.pdf\" target=\"_blank\" rel=\"noopener\">S3-Leitlinien Behandlung von erwachsenen Patienten mit ambulant erworbener Pneumonie und Pr\u00e4vention \u2013 Update 2021<\/a><\/li><\/ul><h5>Interstitial Lung Diseases<\/h5><ul><li><a href=\"https:\/\/doi.org\/10.1159\/000529891\" target=\"_blank\" rel=\"noopener\">Swiss Hypersensitivity Pneumonitis Exposure Questionnaire: A Regionally Adapted and Easy-To-Use Aide for Patients and Clinicians &#8211; 2023<\/a><\/li><li><a href=\"https:\/\/www.karger.com\/Article\/FullText\/464332\" target=\"_blank\" rel=\"noopener noreferrer\">Swiss Position Paper on Idiopathic Pulmonary Fibrosis in Switzerland: Diagnosis and Treatment &#8211; 2017<\/a><\/li><\/ul><h5>Cancer du poumon<\/h5><ul><li><a href=\"https:\/\/pneumo.ch\/wp-content\/uploads\/2024\/12\/Lungenliga-Schweiz_Infoblatt-Lungenkrebs_DE.pdf\">Lungenliga Schweiz \u2013 Infoblatt Lungenkrebs &#8211; 2024\u00a0 DE<\/a><\/li><li><a href=\"https:\/\/pneumo.ch\/wp-content\/uploads\/2024\/12\/Ligue-Pulmonaire-Suisse_Info-cancer-du-poumon_FR.pdf\" target=\"_blank\" rel=\"noopener\">Ligue pulmonaire Suisse \u2013 Info cancer du poumon &#8211; 2024_FR<\/a><\/li><li><a href=\"https:\/\/pneumo.ch\/wp-content\/uploads\/2024\/12\/Lungenliga-Schweiz_Infoblatt-Lungenkrebs_IT.pdf\" target=\"_blank\" rel=\"noopener\">Lungenliga Schweiz \u2013 Infoblatt Lungenkrebs &#8211; 2024_IT<\/a><\/li><li><a href=\"https:\/\/www.onkopedia.com\/de\/onkopedia\/guidelines\/lungenkarzinom-nicht-kleinzellig-nsclc\/@@guideline\/html\/index.html\" target=\"_blank\" rel=\"noopener\">DGHO Onkopedia Leitlinien &#8211; NSCLC<\/a><\/li><\/ul><h5>Lungentransplantation<\/h5><ul><li><a href=\"https:\/\/register.awmf.org\/assets\/guidelines\/020-033l_S3_Nachsorge-von-Erwachsenen-nach-Lungentransplantatio_2025-11.pdf\" target=\"_blank\" rel=\"noopener\">S3-Leitlinie Nachsorge von Erwachsenen nach Lungentransplanation<\/a><\/li><\/ul><h5>Oxyg\u00e9noth\u00e9rapie<\/h5><ul><li><a href=\"https:\/\/pneumo.ch\/wp-content\/uploads\/2025\/03\/Humidification-en-oxygenotherapie-Prise-de-position-SSP-2024.pdf\">Stellungnahme der SGP zu Befeuchtung in der Sauerstofftherapie &#8211; 2024<\/a><\/li><li><a href=\"https:\/\/fr.scribd.com\/document\/679288404\/020-002l-S2k-Langzeit-Sauerstofftherapie-2020-08?language_settings_changed=Franais\" target=\"_blank\" rel=\"noopener\">S2k-Leitlinie zur Langzeit-Sauerstofftherapie 2020<\/a><\/li><li><a href=\"https:\/\/www.researchgate.net\/publication\/237286675_Revidierte_Richtlinien_2006_fur_die_langfristige_Sauerstoffheimtherapie\" target=\"_blank\" rel=\"noopener\">Revidierte Richtlinien f\u00fcr die langfristige Sauerstoffheimtherapie &#8211; 2006<\/a><\/li><\/ul><h5>Sleep breathing disorder\u00a0\u00a0<\/h5><ul><li><a href=\"https:\/\/pneumo.ch\/wp-content\/uploads\/2024\/12\/Rundschreiben-BAG-Verordnung-von-CPAP-Geraten-Geraten-zur-Servoventilation-und-Bi-Level-PAP-Geraten.pdf\">Rundschreiben BAG: Verordnung von CPAP-Ger\u00e4ten, Ger\u00e4ten zur Servoventilation und Bi-Le-vel PAP Ger\u00e4ten &#8211; 2023<\/a><\/li><li><a href=\"https:\/\/pneumo.ch\/wp-content\/uploads\/2024\/12\/Empfehlungen-der-SSSSC-zu-Diagnose-und-Therapie-der-Schlafapnoe.pdf\" target=\"_blank\" rel=\"noopener\">Schlafapnoe: Empfehlungen der SSSSC zu Diagnose und Therapie &#8211; 2020<\/a><\/li><li><a href=\"https:\/\/pneumo.ch\/fr\/files\/pneumo\/pdf\/Fachpersonen\/OSAS%20-%20Diagnose%20und%20Betreuung.pdf\/\">SGP-Richtlinien: Diagnose und Betreuung von Patienten mit obstruktivem Schlafaponoe-Syndrom<\/a><\/li><\/ul><h5>Tabac<\/h5><ul><li><a href=\"https:\/\/pdfs.semanticscholar.org\/9eff\/4709912137cbfde2ca40706fe1161c424d2c.pdf\" target=\"_blank\" rel=\"noopener\">Harm reduction - Pas une strat\u00e9gie efficace pour la lutte contre le tabac - 2019<\/a><\/li><li><a title=\"Dokument E-Zigaretten - Stellungnahme der SGP und der SGPP zu E-Zigaretten\" href=\"https:\/\/pneumo.ch\/wp-content\/uploads\/2024\/12\/E-Zigaretten-Stellungnahme-SGP-und-SGPP.pdf\" target=\"_blank\" rel=\"noopener\">E-cigarettes - Prise de position de la SPP et SSPP - 2014<\/a><\/li><\/ul><h5>Ventilation<\/h5><ul><li><a href=\"https:\/\/pneumo.ch\/wp-content\/uploads\/2026\/02\/European-Respiratory-Society-and-European-Sleep-Research-society-statement-on-the-treatment-of-central-sleep-apnoea-with-adaptive-servo-ventilation_Eur-Respir-J-2025.pdf\">ERS and ESRS statement on the treatment of central sleep apnea with adaptive servo-ventilation &#8211; 2025<\/a><\/li><li><a href=\"https:\/\/pneumo.ch\/wp-content\/uploads\/2025\/03\/Humidificateur-pour-CPAP-VNI-Recommandations-de-la-SSP-07.07.2023.pdf\">Humidificateurs int\u00e9gr\u00e9s pour CPAP et VNI - Recommandations SSP 2023<\/a><\/li><li><a href=\"https:\/\/karger.com\/res\/article-abstract\/99\/10\/867\/294948\/Long-Term-Mechanical-Ventilation-Recommendations?redirectedFrom=fulltext\" target=\"_blank\" rel=\"noopener\">Long-Term Mechanical Ventilation: Recommendations of the Swiss Society of Pulmonology &#8211; 2021<\/a><\/li><\/ul><h5>Formation postgradu\u00e9e en pneumologie<\/h5><ul><li><a href=\"https:\/\/linklock.titanhq.com\/analyse?url=https%3A%2F%2Fkarger.com%2Fdoi%2F10.1159%2F000549328&amp;data=eJxNjc0KgzAQhJ8muRk2f2IOObSIb9BLb7pZa7Exkuj7N4eWFoZhBuZj0LftjNTZiYJRgQePhSaBC4_-7IdDvu6wz7eVFz-lc0MqTF2lM0ZpaxuUAE0cM61io0jIdP_BmQGKTrWdWMf8oCwwRZ79_9bA9-r0y3HshekLU0PVD6klpGd1CUJK62oCAGucVt0bsZI5TA%25%25\" target=\"_blank\" rel=\"noopener\">Curriculum bas\u00e9 sur les EPA pour le titre de sp\u00e9cialiste en pneumologie en Suisse \u2013 processus de consensus national \u2013 2026<\/a><\/li><\/ul><h3><strong>Guidelines Internationaux<br \/><\/strong><\/h3><ul><li><a href=\"https:\/\/site.thoracic.org\/clinicians-researchers\/clinical-practice-guidelines-statements-reports\" target=\"_blank\" rel=\"noopener\">ATS<\/a><\/li><li><a href=\"https:\/\/channel.ersnet.org\/channel-25-guidelines\" target=\"_blank\" rel=\"noopener\">ERS<\/a><\/li><li><a href=\"https:\/\/www.chestnet.org\/guidelines-and-topic-collections\" target=\"_blank\" rel=\"noopener\">CHEST<\/a><\/li><li><a href=\"https:\/\/www.brit-thoracic.org.uk\/quality-improvement\/guidelines\/\" target=\"_blank\" rel=\"noopener\">BTS<\/a><\/li><\/ul>\t\t\t\t\t\t\t\t<\/div>\n\t\t\t\t<\/div>\n\t\t\t\t<\/div>\n\t\t\t\t<\/div>\n\t\t\t\t<\/div>","protected":false},"excerpt":{"rendered":"<p>Empfehlungen Publikationen Alpha-1-Antitrypsin-Mangel 4 Erkl\u00e4rvideos zu Alpha-1-Antrypsin-Mangel &#8211; 2025 Asthma Swiss Asthma Guidelines &#8211; 2018 Bronchoskopie Schweizerische Richtlinie zur Aufbereitung von flexiblen Endoskopen &#8211; 2020 Empfehlungen und Standards f\u00fcr die Analgosedierung durch Nicht-An\u00e4sthesisten &#8211; 2018\u00a0 COPD COPD \u2013 Nationwide Implementation of the self-management program_Living well with COPD: Process and evaluation using a mixed-methods approach &#8211; [&hellip;]<\/p>","protected":false},"author":1,"featured_media":0,"parent":0,"menu_order":0,"comment_status":"closed","ping_status":"closed","template":"","meta":{"footnotes":""},"class_list":["post-2053","page","type-page","status-publish","hentry"],"_links":{"self":[{"href":"https:\/\/pneumo.ch\/fr\/wp-json\/wp\/v2\/pages\/2053","targetHints":{"allow":["GET"]}}],"collection":[{"href":"https:\/\/pneumo.ch\/fr\/wp-json\/wp\/v2\/pages"}],"about":[{"href":"https:\/\/pneumo.ch\/fr\/wp-json\/wp\/v2\/types\/page"}],"author":[{"embeddable":true,"href":"https:\/\/pneumo.ch\/fr\/wp-json\/wp\/v2\/users\/1"}],"replies":[{"embeddable":true,"href":"https:\/\/pneumo.ch\/fr\/wp-json\/wp\/v2\/comments?post=2053"}],"version-history":[{"count":88,"href":"https:\/\/pneumo.ch\/fr\/wp-json\/wp\/v2\/pages\/2053\/revisions"}],"predecessor-version":[{"id":6381,"href":"https:\/\/pneumo.ch\/fr\/wp-json\/wp\/v2\/pages\/2053\/revisions\/6381"}],"wp:attachment":[{"href":"https:\/\/pneumo.ch\/fr\/wp-json\/wp\/v2\/media?parent=2053"}],"curies":[{"name":"wp","href":"https:\/\/api.w.org\/{rel}","templated":true}]}}