{"id":2065,"date":"2024-12-13T10:06:42","date_gmt":"2024-12-13T10:06:42","guid":{"rendered":"https:\/\/pneumo.ch\/?page_id=2065"},"modified":"2026-04-14T13:45:19","modified_gmt":"2026-04-14T13:45:19","slug":"sachkunde-dosisintensives-roentgen","status":"publish","type":"page","link":"https:\/\/pneumo.ch\/fr\/sachkunde-dosisintensives-roentgen\/","title":{"rendered":"Comp\u00e9tence en radiologie \u00e0 fortes doses"},"content":{"rendered":"<div data-elementor-type=\"wp-page\" data-elementor-id=\"2065\" class=\"elementor elementor-2065\" data-elementor-post-type=\"page\">\n\t\t\t\t<div class=\"elementor-element elementor-element-8d37a56 e-flex e-con-boxed e-con e-parent\" data-id=\"8d37a56\" data-element_type=\"container\">\n\t\t\t\t\t<div class=\"e-con-inner\">\n\t\t\t\t<div class=\"elementor-element elementor-element-15a0d52 elementor-widget__width-initial elementor-widget-mobile__width-inherit elementor-widget elementor-widget-template\" data-id=\"15a0d52\" data-element_type=\"widget\" data-settings=\"{&quot;sticky&quot;:&quot;top&quot;,&quot;sticky_offset&quot;:100,&quot;sticky_parent&quot;:&quot;yes&quot;,&quot;sticky_on&quot;:[&quot;desktop&quot;,&quot;tablet&quot;],&quot;sticky_effects_offset&quot;:0,&quot;sticky_anchor_link_offset&quot;:0}\" data-widget_type=\"template.default\">\n\t\t\t\t<div class=\"elementor-widget-container\">\n\t\t\t\t\t\t\t<div class=\"elementor-template\">\n\t\t\t\t\t<div data-elementor-type=\"container\" data-elementor-id=\"4395\" class=\"elementor elementor-4395\" data-elementor-post-type=\"elementor_library\">\n\t\t\t\t<div class=\"elementor-element elementor-element-342f0a1f e-con-full e-flex e-con e-child\" data-id=\"342f0a1f\" data-element_type=\"container\">\n\t\t<div class=\"elementor-element elementor-element-4ca94585 e-con-full e-flex e-con e-child\" data-id=\"4ca94585\" data-element_type=\"container\" data-settings=\"{&quot;background_background&quot;:&quot;classic&quot;}\">\n\t\t\t\t<div class=\"elementor-element elementor-element-1780757d elementor-widget elementor-widget-heading\" data-id=\"1780757d\" data-element_type=\"widget\" data-widget_type=\"heading.default\">\n\t\t\t\t<div class=\"elementor-widget-container\">\n\t\t\t\t\t<h2 class=\"elementor-heading-title elementor-size-default\">Formation<\/h2>\t\t\t\t<\/div>\n\t\t\t\t<\/div>\n\t\t\t\t<\/div>\n\t\t<div class=\"elementor-element elementor-element-19c0da83 e-con-full e-flex e-con e-child\" data-id=\"19c0da83\" data-element_type=\"container\">\n\t\t\t\t<div class=\"elementor-element elementor-element-54fecd2d elementor-view-framed elementor-shape-square icon-red elementor-widget elementor-widget-icon\" data-id=\"54fecd2d\" data-element_type=\"widget\" data-widget_type=\"icon.default\">\n\t\t\t\t<div class=\"elementor-widget-container\">\n\t\t\t\t\t\t\t<div class=\"elementor-icon-wrapper\">\n\t\t\t<div class=\"elementor-icon\">\n\t\t\t<svg xmlns=\"http:\/\/www.w3.org\/2000\/svg\" height=\"24px\" viewbox=\"0 -960 960 960\" width=\"24px\" fill=\"#194783\"><path d=\"m321-80-71-71 329-329-329-329 71-71 400 400L321-80Z\"><\/path><\/svg>\t\t\t<\/div>\n\t\t<\/div>\n\t\t\t\t\t\t<\/div>\n\t\t\t\t<\/div>\n\t\t<div class=\"elementor-element elementor-element-64447cf6 e-con-full e-flex e-con e-child\" data-id=\"64447cf6\" data-element_type=\"container\">\n\t\t\t\t<div class=\"elementor-element elementor-element-34dcc2f3 elementor-widget__width-inherit elementor-widget elementor-widget-heading\" data-id=\"34dcc2f3\" data-element_type=\"widget\" data-widget_type=\"heading.default\">\n\t\t\t\t<div class=\"elementor-widget-container\">\n\t\t\t\t\t<p class=\"elementor-heading-title elementor-size-default\"><a href=\"https:\/\/pneumo.ch\/fr\/training\/\">Formation post-gradu\u00e9e<\/a><\/p>\t\t\t\t<\/div>\n\t\t\t\t<\/div>\n\t\t<div class=\"elementor-element elementor-element-598ab57a e-con-full e-flex e-con e-child\" data-id=\"598ab57a\" data-element_type=\"container\" data-settings=\"{&quot;background_background&quot;:&quot;classic&quot;}\">\n\t\t\t\t<div class=\"elementor-element elementor-element-653e2181 elementor-icon-list--layout-traditional elementor-list-item-link-full_width elementor-widget elementor-widget-icon-list\" data-id=\"653e2181\" data-element_type=\"widget\" data-widget_type=\"icon-list.default\">\n\t\t\t\t<div class=\"elementor-widget-container\">\n\t\t\t\t\t\t\t<ul class=\"elementor-icon-list-items\">\n\t\t\t\t\t\t\t<li class=\"elementor-icon-list-item\">\n\t\t\t\t\t\t\t\t\t\t\t<a href=\"https:\/\/pneumo.ch\/fr\/facharztpruefung\/\">\n\n\t\t\t\t\t\t\t\t\t\t\t\t<span class=\"elementor-icon-list-icon\">\n\t\t\t\t\t\t\t<svg aria-hidden=\"true\" class=\"e-font-icon-svg e-fas-angle-right\" viewbox=\"0 0 256 512\" xmlns=\"http:\/\/www.w3.org\/2000\/svg\"><path d=\"M224.3 273l-136 136c-9.4 9.4-24.6 9.4-33.9 0l-22.6-22.6c-9.4-9.4-9.4-24.6 0-33.9l96.4-96.4-96.4-96.4c-9.4-9.4-9.4-24.6 0-33.9L54.3 103c9.4-9.4 24.6-9.4 33.9 0l136 136c9.5 9.4 9.5 24.6.1 34z\"><\/path><\/svg>\t\t\t\t\t\t<\/span>\n\t\t\t\t\t\t\t\t\t\t<span class=\"elementor-icon-list-text\">Examen de sp\u00e9cialiste<\/span>\n\t\t\t\t\t\t\t\t\t\t\t<\/a>\n\t\t\t\t\t\t\t\t\t<\/li>\n\t\t\t\t\t\t\t\t<li class=\"elementor-icon-list-item\">\n\t\t\t\t\t\t\t\t\t\t\t<a href=\"https:\/\/pneumo.ch\/fr\/training-certificate-in-respiratory-polygraphy\/\">\n\n\t\t\t\t\t\t\t\t\t\t\t\t<span class=\"elementor-icon-list-icon\">\n\t\t\t\t\t\t\t<svg aria-hidden=\"true\" class=\"e-font-icon-svg e-fas-angle-right\" viewbox=\"0 0 256 512\" xmlns=\"http:\/\/www.w3.org\/2000\/svg\"><path d=\"M224.3 273l-136 136c-9.4 9.4-24.6 9.4-33.9 0l-22.6-22.6c-9.4-9.4-9.4-24.6 0-33.9l96.4-96.4-96.4-96.4c-9.4-9.4-9.4-24.6 0-33.9L54.3 103c9.4-9.4 24.6-9.4 33.9 0l136 136c9.5 9.4 9.5 24.6.1 34z\"><\/path><\/svg>\t\t\t\t\t\t<\/span>\n\t\t\t\t\t\t\t\t\t\t<span class=\"elementor-icon-list-text\">Certificat de polygraphie respiratoire<\/span>\n\t\t\t\t\t\t\t\t\t\t\t<\/a>\n\t\t\t\t\t\t\t\t\t<\/li>\n\t\t\t\t\t\t\t\t<li class=\"elementor-icon-list-item\">\n\t\t\t\t\t\t\t\t\t\t\t<a href=\"https:\/\/pneumo.ch\/fr\/training-attestation-of-further-training-in-sleep-medicine\/\">\n\n\t\t\t\t\t\t\t\t\t\t\t\t<span class=\"elementor-icon-list-icon\">\n\t\t\t\t\t\t\t<svg aria-hidden=\"true\" class=\"e-font-icon-svg e-fas-angle-right\" viewbox=\"0 0 256 512\" xmlns=\"http:\/\/www.w3.org\/2000\/svg\"><path d=\"M224.3 273l-136 136c-9.4 9.4-24.6 9.4-33.9 0l-22.6-22.6c-9.4-9.4-9.4-24.6 0-33.9l96.4-96.4-96.4-96.4c-9.4-9.4-9.4-24.6 0-33.9L54.3 103c9.4-9.4 24.6-9.4 33.9 0l136 136c9.5 9.4 9.5 24.6.1 34z\"><\/path><\/svg>\t\t\t\t\t\t<\/span>\n\t\t\t\t\t\t\t\t\t\t<span class=\"elementor-icon-list-text\">Attestations de formation compl\u00e9mentaire en m\u00e9decine du sommeil<\/span>\n\t\t\t\t\t\t\t\t\t\t\t<\/a>\n\t\t\t\t\t\t\t\t\t<\/li>\n\t\t\t\t\t\t\t\t<li class=\"elementor-icon-list-item\">\n\t\t\t\t\t\t\t\t\t\t\t<a href=\"https:\/\/pneumo.ch\/fr\/zusaetzliche-ultraschall-schulungszertifikate\/\">\n\n\t\t\t\t\t\t\t\t\t\t\t\t<span class=\"elementor-icon-list-icon\">\n\t\t\t\t\t\t\t<svg aria-hidden=\"true\" class=\"e-font-icon-svg e-fas-angle-right\" viewbox=\"0 0 256 512\" xmlns=\"http:\/\/www.w3.org\/2000\/svg\"><path d=\"M224.3 273l-136 136c-9.4 9.4-24.6 9.4-33.9 0l-22.6-22.6c-9.4-9.4-9.4-24.6 0-33.9l96.4-96.4-96.4-96.4c-9.4-9.4-9.4-24.6 0-33.9L54.3 103c9.4-9.4 24.6-9.4 33.9 0l136 136c9.5 9.4 9.5 24.6.1 34z\"><\/path><\/svg>\t\t\t\t\t\t<\/span>\n\t\t\t\t\t\t\t\t\t\t<span class=\"elementor-icon-list-text\">Attestation de formation compl\u00e9mentaire en ultrason thoracique<\/span>\n\t\t\t\t\t\t\t\t\t\t\t<\/a>\n\t\t\t\t\t\t\t\t\t<\/li>\n\t\t\t\t\t\t\t\t<li class=\"elementor-icon-list-item\">\n\t\t\t\t\t\t\t\t\t\t\t<a href=\"https:\/\/pneumo.ch\/fr\/sachkunde-dosisintensives-roentgen\/\">\n\n\t\t\t\t\t\t\t\t\t\t\t\t<span class=\"elementor-icon-list-icon\">\n\t\t\t\t\t\t\t<svg aria-hidden=\"true\" class=\"e-font-icon-svg e-fas-angle-right\" viewbox=\"0 0 256 512\" xmlns=\"http:\/\/www.w3.org\/2000\/svg\"><path d=\"M224.3 273l-136 136c-9.4 9.4-24.6 9.4-33.9 0l-22.6-22.6c-9.4-9.4-9.4-24.6 0-33.9l96.4-96.4-96.4-96.4c-9.4-9.4-9.4-24.6 0-33.9L54.3 103c9.4-9.4 24.6-9.4 33.9 0l136 136c9.5 9.4 9.5 24.6.1 34z\"><\/path><\/svg>\t\t\t\t\t\t<\/span>\n\t\t\t\t\t\t\t\t\t\t<span class=\"elementor-icon-list-text\">Attestation de formation compl\u00e9mentaire en Radioprotection en Pneumologie<\/span>\n\t\t\t\t\t\t\t\t\t\t\t<\/a>\n\t\t\t\t\t\t\t\t\t<\/li>\n\t\t\t\t\t\t<\/ul>\n\t\t\t\t\t\t<\/div>\n\t\t\t\t<\/div>\n\t\t\t\t<\/div>\n\t\t\t\t<\/div>\n\t\t\t\t<\/div>\n\t\t<div class=\"elementor-element elementor-element-4c39cc09 e-con-full e-flex e-con e-child\" data-id=\"4c39cc09\" data-element_type=\"container\">\n\t\t\t\t<div class=\"elementor-element elementor-element-5c47af41 elementor-view-framed elementor-shape-square icon-red elementor-widget elementor-widget-icon\" data-id=\"5c47af41\" data-element_type=\"widget\" data-widget_type=\"icon.default\">\n\t\t\t\t<div class=\"elementor-widget-container\">\n\t\t\t\t\t\t\t<div class=\"elementor-icon-wrapper\">\n\t\t\t<div class=\"elementor-icon\">\n\t\t\t<svg xmlns=\"http:\/\/www.w3.org\/2000\/svg\" height=\"24px\" viewbox=\"0 -960 960 960\" width=\"24px\" fill=\"#194783\"><path d=\"m321-80-71-71 329-329-329-329 71-71 400 400L321-80Z\"><\/path><\/svg>\t\t\t<\/div>\n\t\t<\/div>\n\t\t\t\t\t\t<\/div>\n\t\t\t\t<\/div>\n\t\t<div class=\"elementor-element elementor-element-720e9543 e-con-full e-flex e-con e-child\" data-id=\"720e9543\" data-element_type=\"container\">\n\t\t\t\t<div class=\"elementor-element elementor-element-4e85216 elementor-widget__width-inherit elementor-widget elementor-widget-heading\" data-id=\"4e85216\" data-element_type=\"widget\" data-widget_type=\"heading.default\">\n\t\t\t\t<div class=\"elementor-widget-container\">\n\t\t\t\t\t<p class=\"elementor-heading-title elementor-size-default\"><a href=\"https:\/\/pneumo.ch\/fr\/fortbildung\/\">Formation continue<\/a><\/p>\t\t\t\t<\/div>\n\t\t\t\t<\/div>\n\t\t<div class=\"elementor-element elementor-element-578e5a00 e-con-full e-flex e-con e-child\" data-id=\"578e5a00\" data-element_type=\"container\" data-settings=\"{&quot;background_background&quot;:&quot;classic&quot;}\">\n\t\t\t\t<div class=\"elementor-element elementor-element-282355a2 elementor-icon-list--layout-traditional elementor-list-item-link-full_width elementor-widget elementor-widget-icon-list\" data-id=\"282355a2\" data-element_type=\"widget\" data-widget_type=\"icon-list.default\">\n\t\t\t\t<div class=\"elementor-widget-container\">\n\t\t\t\t\t\t\t<ul class=\"elementor-icon-list-items\">\n\t\t\t\t\t\t\t<li class=\"elementor-icon-list-item\">\n\t\t\t\t\t\t\t\t\t\t\t<a href=\"https:\/\/pneumo.ch\/fr\/veranstaltungen-akkreditieren\/\">\n\n\t\t\t\t\t\t\t\t\t\t\t\t<span class=\"elementor-icon-list-icon\">\n\t\t\t\t\t\t\t<svg aria-hidden=\"true\" class=\"e-font-icon-svg e-fas-angle-right\" viewbox=\"0 0 256 512\" xmlns=\"http:\/\/www.w3.org\/2000\/svg\"><path d=\"M224.3 273l-136 136c-9.4 9.4-24.6 9.4-33.9 0l-22.6-22.6c-9.4-9.4-9.4-24.6 0-33.9l96.4-96.4-96.4-96.4c-9.4-9.4-9.4-24.6 0-33.9L54.3 103c9.4-9.4 24.6-9.4 33.9 0l136 136c9.5 9.4 9.5 24.6.1 34z\"><\/path><\/svg>\t\t\t\t\t\t<\/span>\n\t\t\t\t\t\t\t\t\t\t<span class=\"elementor-icon-list-text\">Accr\u00e9diter une formation<\/span>\n\t\t\t\t\t\t\t\t\t\t\t<\/a>\n\t\t\t\t\t\t\t\t\t<\/li>\n\t\t\t\t\t\t\t\t<li class=\"elementor-icon-list-item\">\n\t\t\t\t\t\t\t\t\t\t\t<a href=\"https:\/\/pneumo.ch\/fr\/weiterbildungszertifikat\/\">\n\n\t\t\t\t\t\t\t\t\t\t\t\t<span class=\"elementor-icon-list-icon\">\n\t\t\t\t\t\t\t<svg aria-hidden=\"true\" class=\"e-font-icon-svg e-fas-angle-right\" viewbox=\"0 0 256 512\" xmlns=\"http:\/\/www.w3.org\/2000\/svg\"><path d=\"M224.3 273l-136 136c-9.4 9.4-24.6 9.4-33.9 0l-22.6-22.6c-9.4-9.4-9.4-24.6 0-33.9l96.4-96.4-96.4-96.4c-9.4-9.4-9.4-24.6 0-33.9L54.3 103c9.4-9.4 24.6-9.4 33.9 0l136 136c9.5 9.4 9.5 24.6.1 34z\"><\/path><\/svg>\t\t\t\t\t\t<\/span>\n\t\t\t\t\t\t\t\t\t\t<span class=\"elementor-icon-list-text\">Diplome de formation continue<\/span>\n\t\t\t\t\t\t\t\t\t\t\t<\/a>\n\t\t\t\t\t\t\t\t\t<\/li>\n\t\t\t\t\t\t<\/ul>\n\t\t\t\t\t\t<\/div>\n\t\t\t\t<\/div>\n\t\t\t\t<\/div>\n\t\t\t\t<\/div>\n\t\t\t\t<\/div>\n\t\t<a class=\"elementor-element elementor-element-332c590f e-con-full text-red e-flex e-con e-child\" data-id=\"332c590f\" data-element_type=\"container\" href=\"https:\/\/pneumo.ch\/fr\/jahreskongresse\/\">\n\t\t\t\t<div class=\"elementor-element elementor-element-579b3284 elementor-view-framed elementor-shape-square icon-red elementor-widget elementor-widget-icon\" data-id=\"579b3284\" data-element_type=\"widget\" data-widget_type=\"icon.default\">\n\t\t\t\t<div class=\"elementor-widget-container\">\n\t\t\t\t\t\t\t<div class=\"elementor-icon-wrapper\">\n\t\t\t<div class=\"elementor-icon\">\n\t\t\t<svg xmlns=\"http:\/\/www.w3.org\/2000\/svg\" height=\"24px\" viewbox=\"0 -960 960 960\" width=\"24px\" fill=\"#194783\"><path d=\"m321-80-71-71 329-329-329-329 71-71 400 400L321-80Z\"><\/path><\/svg>\t\t\t<\/div>\n\t\t<\/div>\n\t\t\t\t\t\t<\/div>\n\t\t\t\t<\/div>\n\t\t\t\t<div class=\"elementor-element elementor-element-23835c6f elementor-widget__width-inherit elementor-widget elementor-widget-text-editor\" data-id=\"23835c6f\" data-element_type=\"widget\" data-widget_type=\"text-editor.default\">\n\t\t\t\t<div class=\"elementor-widget-container\">\n\t\t\t\t\t\t\t\t\t<p>Congr\u00e8s annuel<\/p>\t\t\t\t\t\t\t\t<\/div>\n\t\t\t\t<\/div>\n\t\t\t\t<\/a>\n\t\t<a class=\"elementor-element elementor-element-152efffd e-con-full text-red e-flex e-con e-child\" data-id=\"152efffd\" data-element_type=\"container\" href=\"https:\/\/pneumo.ch\/fr\/agenda\/\">\n\t\t\t\t<div class=\"elementor-element elementor-element-3b68be4d elementor-view-framed elementor-shape-square icon-red elementor-widget elementor-widget-icon\" data-id=\"3b68be4d\" data-element_type=\"widget\" data-widget_type=\"icon.default\">\n\t\t\t\t<div class=\"elementor-widget-container\">\n\t\t\t\t\t\t\t<div class=\"elementor-icon-wrapper\">\n\t\t\t<div class=\"elementor-icon\">\n\t\t\t<svg xmlns=\"http:\/\/www.w3.org\/2000\/svg\" height=\"24px\" viewbox=\"0 -960 960 960\" width=\"24px\" fill=\"#194783\"><path d=\"m321-80-71-71 329-329-329-329 71-71 400 400L321-80Z\"><\/path><\/svg>\t\t\t<\/div>\n\t\t<\/div>\n\t\t\t\t\t\t<\/div>\n\t\t\t\t<\/div>\n\t\t\t\t<div class=\"elementor-element elementor-element-76a885c0 elementor-widget__width-inherit elementor-widget elementor-widget-text-editor\" data-id=\"76a885c0\" data-element_type=\"widget\" data-widget_type=\"text-editor.default\">\n\t\t\t\t<div class=\"elementor-widget-container\">\n\t\t\t\t\t\t\t\t\t<p>Agenda<\/p>\t\t\t\t\t\t\t\t<\/div>\n\t\t\t\t<\/div>\n\t\t\t\t<\/a>\n\t\t\t\t<\/div>\n\t\t\t\t<\/div>\n\t\t\t\t<\/div>\n\t\t\t\t\t\t<\/div>\n\t\t\t\t<\/div>\n\t\t<div class=\"elementor-element elementor-element-b130f85 e-con-full e-flex e-con e-child\" data-id=\"b130f85\" data-element_type=\"container\">\n\t\t\t\t<div class=\"elementor-element elementor-element-6e495f9 elementor-widget__width-inherit elementor-widget-mobile__width-inherit elementor-widget elementor-widget-heading\" data-id=\"6e495f9\" data-element_type=\"widget\" data-widget_type=\"heading.default\">\n\t\t\t\t<div class=\"elementor-widget-container\">\n\t\t\t\t\t<h1 class=\"elementor-heading-title elementor-size-default\">Attestation de formation compl\u00e9mentaire en Radioprotection en Pneumologie <br>\n<\/h1>\t\t\t\t<\/div>\n\t\t\t\t<\/div>\n\t\t\t\t<div class=\"elementor-element elementor-element-c75f840 elementor-widget elementor-widget-heading\" data-id=\"c75f840\" data-element_type=\"widget\" data-widget_type=\"heading.default\">\n\t\t\t\t<div class=\"elementor-widget-container\">\n\t\t\t\t\t<h2 class=\"elementor-heading-title elementor-size-default\">Pourquoi l'attestation de formation compl\u00e9mentaire est-elle n\u00e9cessaire ?<\/h2>\t\t\t\t<\/div>\n\t\t\t\t<\/div>\n\t\t\t\t<div class=\"elementor-element elementor-element-a18e070 elementor-widget elementor-widget-text-editor\" data-id=\"a18e070\" data-element_type=\"widget\" data-widget_type=\"text-editor.default\">\n\t\t\t\t<div class=\"elementor-widget-container\">\n\t\t\t\t\t\t\t\t\t<p>Tout pneumologue qui effectue des examens radiologiques \u00e0 fortes doses doit poss\u00e9der cette attestation de formation compl\u00e9mentaire en plus de son titre de sp\u00e9cialiste (<a href=\"https:\/\/www.fedlex.admin.ch\/eli\/cc\/2017\/502\/de#art_172\" target=\"_blank\" rel=\"noopener\">article 172 de l'ordonnance sur la radioprotection<\/a>).<\/p>\t\t\t\t\t\t\t\t<\/div>\n\t\t\t\t<\/div>\n\t\t\t\t<div class=\"elementor-element elementor-element-3ad5b16 elementor-widget elementor-widget-text-editor\" data-id=\"3ad5b16\" data-element_type=\"widget\" data-widget_type=\"text-editor.default\">\n\t\t\t\t<div class=\"elementor-widget-container\">\n\t\t\t\t\t\t\t\t\t<h5>Qu'est-ce qui fait partie des examens radiologiques \u00e0 fortes doses ?\u00a0<\/h5><ul><li>Examens du squelette axial, de l'abdomen  ou du bassin<\/li><li>Examens dans lesquels plusieurs coupes sont r\u00e9alis\u00e9es par radiographie directe ou indirecte<\/li><li>Radioscopie<\/li><li>Examens  assist\u00e9s par radioscopie avec produit de contraste<\/li><li>Interventions guid\u00e9es par radioscopie<\/li><\/ul>\t\t\t\t\t\t\t\t<\/div>\n\t\t\t\t<\/div>\n\t\t\t\t<div class=\"elementor-element elementor-element-e14d731 elementor-widget elementor-widget-heading\" data-id=\"e14d731\" data-element_type=\"widget\" data-widget_type=\"heading.default\">\n\t\t\t\t<div class=\"elementor-widget-container\">\n\t\t\t\t\t<h2 class=\"elementor-heading-title elementor-size-default\">Quelles sont les conditions d'obtention de l'attestation de comp\u00e9tences ?\n<\/h2>\t\t\t\t<\/div>\n\t\t\t\t<\/div>\n\t\t\t\t<div class=\"elementor-element elementor-element-16e2283 elementor-widget elementor-widget-text-editor\" data-id=\"16e2283\" data-element_type=\"widget\" data-widget_type=\"text-editor.default\">\n\t\t\t\t<div class=\"elementor-widget-container\">\n\t\t\t\t\t\t\t\t\t<ul><li>Titre f\u00e9d\u00e9ral ou titre \u00e9tranger reconnu de sp\u00e9cialiste en pneumologie<\/li><li>Formation continue th\u00e9orique, c'est-\u00e0-dire th\u00e9orie, pratique et examen r\u00e9ussi pour le Cours de type B (radioscopie). Voir \u00e0 ce sujet :\u00a0<a title=\"radioprotection.ch\" href=\"https:\/\/www.radioprotection.ch\/fr\/home\/\" target=\"_blank\" rel=\"noopener\">radioprotection.ch<\/a><\/li><li>Formation postgradu\u00e9e pratique dans un \u00e9tablissement de formation postgradu\u00e9e reconnu pour le titre de sp\u00e9cialiste en pneumologie, conform\u00e9ment au chiffre 3 du\u00a0<a href=\"https:\/\/pneumo.ch\/wp-content\/uploads\/2025\/05\/fa_strahlenschutz_pneumologie_f.pdf\" target=\"_blank\" rel=\"noopener\">programme de comp\u00e9tences<\/a><\/li><\/ul>\t\t\t\t\t\t\t\t<\/div>\n\t\t\t\t<\/div>\n\t\t\t\t<div class=\"elementor-element elementor-element-2de93f8 elementor-align-center elementor-widget elementor-widget-button\" data-id=\"2de93f8\" data-element_type=\"widget\" data-widget_type=\"button.default\">\n\t\t\t\t<div class=\"elementor-widget-container\">\n\t\t\t\t\t\t\t\t\t<div class=\"elementor-button-wrapper\">\n\t\t\t\t\t<a class=\"elementor-button elementor-button-link elementor-size-sm\" href=\"https:\/\/pneumo.ch\/wp-content\/uploads\/2025\/05\/fa_strahlenschutz_pneumologie_f.pdf\">\n\t\t\t\t\t\t<span class=\"elementor-button-content-wrapper\">\n\t\t\t\t\t\t\t\t\t<span class=\"elementor-button-text\">Programme de formation compl\u00e9mentaire en Radioprotection en pneumologie<\/span>\n\t\t\t\t\t<\/span>\n\t\t\t\t\t<\/a>\n\t\t\t\t<\/div>\n\t\t\t\t\t\t\t\t<\/div>\n\t\t\t\t<\/div>\n\t\t\t\t<div class=\"elementor-element elementor-element-1029b74 elementor-widget elementor-widget-text-editor\" data-id=\"1029b74\" data-element_type=\"widget\" data-widget_type=\"text-editor.default\">\n\t\t\t\t<div class=\"elementor-widget-container\">\n\t\t\t\t\t\t\t\t\t<p>Les documents suivants doivent \u00eatre joints \u00e0 la demande :<\/p><ul><li>Attestation de r\u00e9ussite du cours de radioprotection<\/li><li>Confirmation du responsable hi\u00e9rarchique clinique sur les comp\u00e9tences pratiques<\/li><li>Pour les non-membres : dipl\u00f4me de m\u00e9decin sp\u00e9cialiste f\u00e9d\u00e9ral ou titre de sp\u00e9cialiste en pneumologie reconnu \u00e0 l'\u00e9tranger<\/li><\/ul><p>La d\u00e9cision sur la demande est prise par la\u00a0<a title=\"commission de formation post-gradu\u00e9e\" href=\"https:\/\/pneumo.ch\/fr\/kommission-weiterbildung\/\">commission de formation post-gradu\u00e9e<\/a>\u00a0de la SSP.<\/p>\t\t\t\t\t\t\t\t<\/div>\n\t\t\t\t<\/div>\n\t\t\t\t<div class=\"elementor-element elementor-element-debdcb3 elementor-align-center elementor-widget elementor-widget-button\" data-id=\"debdcb3\" data-element_type=\"widget\" data-widget_type=\"button.default\">\n\t\t\t\t<div class=\"elementor-widget-container\">\n\t\t\t\t\t\t\t\t\t<div class=\"elementor-button-wrapper\">\n\t\t\t\t\t<a class=\"elementor-button elementor-button-link elementor-size-sm\" href=\"https:\/\/pneumo.ch\/wp-content\/uploads\/2025\/05\/Antrag-zur-Erlangung-eines-Fahigkeitsausweises_NEW-FR.pdf\">\n\t\t\t\t\t\t<span class=\"elementor-button-content-wrapper\">\n\t\t\t\t\t\t\t\t\t<span class=\"elementor-button-text\">Demande pour l'attestation de formation compl\u00e9mentaire<\/span>\n\t\t\t\t\t<\/span>\n\t\t\t\t\t<\/a>\n\t\t\t\t<\/div>\n\t\t\t\t\t\t\t\t<\/div>\n\t\t\t\t<\/div>\n\t\t\t\t<div class=\"elementor-element elementor-element-9fe65e9 elementor-widget elementor-widget-text-editor\" data-id=\"9fe65e9\" data-element_type=\"widget\" data-widget_type=\"text-editor.default\">\n\t\t\t\t<div class=\"elementor-widget-container\">\n\t\t\t\t\t\t\t\t\t<h4><strong>Frais<\/strong><\/h4><ul><li><p>Les frais occasionn\u00e9s par le traitement de la demande sont d\u00e9finis dans\u00a0<a href=\"https:\/\/pneumo.ch\/wp-content\/uploads\/2026\/04\/Gebuhrenreglement-SGP-2026.pdf\">r\u00e8glement des \u00e9moluments de la SSP<\/a>.<\/p><\/li><\/ul>\t\t\t\t\t\t\t\t<\/div>\n\t\t\t\t<\/div>\n\t\t\t\t<div class=\"elementor-element elementor-element-408f048 elementor-widget elementor-widget-heading\" data-id=\"408f048\" data-element_type=\"widget\" data-widget_type=\"heading.default\">\n\t\t\t\t<div class=\"elementor-widget-container\">\n\t\t\t\t\t<h2 class=\"elementor-heading-title elementor-size-default\">Disposition transitoire<\/h2>\t\t\t\t<\/div>\n\t\t\t\t<\/div>\n\t\t\t\t<div class=\"elementor-element elementor-element-af9f0ad elementor-widget elementor-widget-text-editor\" data-id=\"af9f0ad\" data-element_type=\"widget\" data-widget_type=\"text-editor.default\">\n\t\t\t\t<div class=\"elementor-widget-container\">\n\t\t\t\t\t\t\t\t\t<p>Toute personne ayant obtenu le titre de sp\u00e9cialiste en pneumologie jusqu'au 31.12.2010 est dispens\u00e9e de l'acquisition de la \u00ab comp\u00e9tence pour les examens \u00e0 fortes doses et les interventions th\u00e9rapeutiques en pneumologie SSP \u00bb et obtient l'attestation de formation compl\u00e9mentaire sans autres conditions. Pour pouvoir agir en tant qu'expert dans le cadre d'une autorisation d'exploiter une installation radiologique, il est imp\u00e9ratif de justifier de la formation reconnue par l'OFSP avec examen en radioprotection et en radiotechnique (art. 18, al. 2, ORaP).<\/p>\t\t\t\t\t\t\t\t<\/div>\n\t\t\t\t<\/div>\n\t\t\t\t<\/div>\n\t\t\t\t\t<\/div>\n\t\t\t\t<\/div>\n\t\t\t\t<\/div>","protected":false},"excerpt":{"rendered":"<p>F\u00e4higkeitsausweis Strahlenschutz in der Pneumologie Wof\u00fcr braucht es den F\u00e4higkeitsausweis? Wer als Pneumologe dosisintensive R\u00f6ntgenuntersuchungen durchf\u00fchrt, muss diesen F\u00e4higkeitsausweis zus\u00e4tzlich zum Facharzttitel besitzen (Artikel 172 der Strahlenschutzverordnung). Was geh\u00f6rt zu den dosisintensiven R\u00f6ntgenuntersuchungen ?\u00a0 Untersuchungen des Achsenskelettes, des Abdomens \/ Beckens Untersuchungen, bei denen mehrere Schnitte durch Direkt- oder Indirekt-Radiographie angefertigt werden Durchleuchtungen Durchleuchtungsunterst\u00fctzte Kontrastmittel-Untersuchungen [&hellip;]<\/p>","protected":false},"author":1,"featured_media":0,"parent":0,"menu_order":0,"comment_status":"closed","ping_status":"closed","template":"","meta":{"footnotes":""},"class_list":["post-2065","page","type-page","status-publish","hentry"],"_links":{"self":[{"href":"https:\/\/pneumo.ch\/fr\/wp-json\/wp\/v2\/pages\/2065","targetHints":{"allow":["GET"]}}],"collection":[{"href":"https:\/\/pneumo.ch\/fr\/wp-json\/wp\/v2\/pages"}],"about":[{"href":"https:\/\/pneumo.ch\/fr\/wp-json\/wp\/v2\/types\/page"}],"author":[{"embeddable":true,"href":"https:\/\/pneumo.ch\/fr\/wp-json\/wp\/v2\/users\/1"}],"replies":[{"embeddable":true,"href":"https:\/\/pneumo.ch\/fr\/wp-json\/wp\/v2\/comments?post=2065"}],"version-history":[{"count":34,"href":"https:\/\/pneumo.ch\/fr\/wp-json\/wp\/v2\/pages\/2065\/revisions"}],"predecessor-version":[{"id":6466,"href":"https:\/\/pneumo.ch\/fr\/wp-json\/wp\/v2\/pages\/2065\/revisions\/6466"}],"wp:attachment":[{"href":"https:\/\/pneumo.ch\/fr\/wp-json\/wp\/v2\/media?parent=2065"}],"curies":[{"name":"wp","href":"https:\/\/api.w.org\/{rel}","templated":true}]}}