{"id":2084,"date":"2024-12-13T12:10:26","date_gmt":"2024-12-13T12:10:26","guid":{"rendered":"https:\/\/pneumo.ch\/?page_id=2084"},"modified":"2025-12-22T09:46:47","modified_gmt":"2025-12-22T09:46:47","slug":"veranstaltungen-akkreditieren","status":"publish","type":"page","link":"https:\/\/pneumo.ch\/fr\/veranstaltungen-akkreditieren\/","title":{"rendered":"Accr\u00e9diter une formation"},"content":{"rendered":"<div data-elementor-type=\"wp-page\" data-elementor-id=\"2084\" class=\"elementor elementor-2084\" data-elementor-post-type=\"page\">\n\t\t\t\t<div class=\"elementor-element elementor-element-34a0ca6 e-flex e-con-boxed e-con e-parent\" data-id=\"34a0ca6\" data-element_type=\"container\">\n\t\t\t\t\t<div class=\"e-con-inner\">\n\t\t\t\t<div class=\"elementor-element elementor-element-95ec772 elementor-widget__width-initial elementor-widget-mobile__width-inherit elementor-widget elementor-widget-template\" data-id=\"95ec772\" data-element_type=\"widget\" data-settings=\"{&quot;sticky&quot;:&quot;top&quot;,&quot;sticky_on&quot;:[&quot;desktop&quot;,&quot;tablet&quot;],&quot;sticky_offset&quot;:100,&quot;sticky_parent&quot;:&quot;yes&quot;,&quot;sticky_effects_offset&quot;:0,&quot;sticky_anchor_link_offset&quot;:0}\" data-widget_type=\"template.default\">\n\t\t\t\t<div class=\"elementor-widget-container\">\n\t\t\t\t\t\t\t<div class=\"elementor-template\">\n\t\t\t\t\t<div data-elementor-type=\"container\" data-elementor-id=\"4395\" class=\"elementor elementor-4395\" data-elementor-post-type=\"elementor_library\">\n\t\t\t\t<div class=\"elementor-element elementor-element-342f0a1f e-con-full e-flex e-con e-child\" data-id=\"342f0a1f\" data-element_type=\"container\">\n\t\t<div class=\"elementor-element elementor-element-4ca94585 e-con-full e-flex e-con e-child\" data-id=\"4ca94585\" data-element_type=\"container\" data-settings=\"{&quot;background_background&quot;:&quot;classic&quot;}\">\n\t\t\t\t<div class=\"elementor-element elementor-element-1780757d elementor-widget elementor-widget-heading\" data-id=\"1780757d\" data-element_type=\"widget\" data-widget_type=\"heading.default\">\n\t\t\t\t<div class=\"elementor-widget-container\">\n\t\t\t\t\t<h2 class=\"elementor-heading-title elementor-size-default\">Formation<\/h2>\t\t\t\t<\/div>\n\t\t\t\t<\/div>\n\t\t\t\t<\/div>\n\t\t<div class=\"elementor-element elementor-element-19c0da83 e-con-full e-flex e-con e-child\" data-id=\"19c0da83\" data-element_type=\"container\">\n\t\t\t\t<div class=\"elementor-element elementor-element-54fecd2d elementor-view-framed elementor-shape-square icon-red elementor-widget elementor-widget-icon\" data-id=\"54fecd2d\" data-element_type=\"widget\" data-widget_type=\"icon.default\">\n\t\t\t\t<div class=\"elementor-widget-container\">\n\t\t\t\t\t\t\t<div class=\"elementor-icon-wrapper\">\n\t\t\t<div class=\"elementor-icon\">\n\t\t\t<svg xmlns=\"http:\/\/www.w3.org\/2000\/svg\" height=\"24px\" viewbox=\"0 -960 960 960\" width=\"24px\" fill=\"#194783\"><path d=\"m321-80-71-71 329-329-329-329 71-71 400 400L321-80Z\"><\/path><\/svg>\t\t\t<\/div>\n\t\t<\/div>\n\t\t\t\t\t\t<\/div>\n\t\t\t\t<\/div>\n\t\t<div class=\"elementor-element elementor-element-64447cf6 e-con-full e-flex e-con e-child\" data-id=\"64447cf6\" data-element_type=\"container\">\n\t\t\t\t<div class=\"elementor-element elementor-element-34dcc2f3 elementor-widget__width-inherit elementor-widget elementor-widget-heading\" data-id=\"34dcc2f3\" data-element_type=\"widget\" data-widget_type=\"heading.default\">\n\t\t\t\t<div class=\"elementor-widget-container\">\n\t\t\t\t\t<p class=\"elementor-heading-title elementor-size-default\"><a href=\"https:\/\/pneumo.ch\/fr\/training\/\">Formation post-gradu\u00e9e<\/a><\/p>\t\t\t\t<\/div>\n\t\t\t\t<\/div>\n\t\t<div class=\"elementor-element elementor-element-598ab57a e-con-full e-flex e-con e-child\" data-id=\"598ab57a\" data-element_type=\"container\" data-settings=\"{&quot;background_background&quot;:&quot;classic&quot;}\">\n\t\t\t\t<div class=\"elementor-element elementor-element-653e2181 elementor-icon-list--layout-traditional elementor-list-item-link-full_width elementor-widget elementor-widget-icon-list\" data-id=\"653e2181\" data-element_type=\"widget\" data-widget_type=\"icon-list.default\">\n\t\t\t\t<div class=\"elementor-widget-container\">\n\t\t\t\t\t\t\t<ul class=\"elementor-icon-list-items\">\n\t\t\t\t\t\t\t<li class=\"elementor-icon-list-item\">\n\t\t\t\t\t\t\t\t\t\t\t<a href=\"https:\/\/pneumo.ch\/fr\/facharztpruefung\/\">\n\n\t\t\t\t\t\t\t\t\t\t\t\t<span class=\"elementor-icon-list-icon\">\n\t\t\t\t\t\t\t<svg aria-hidden=\"true\" class=\"e-font-icon-svg e-fas-angle-right\" viewbox=\"0 0 256 512\" xmlns=\"http:\/\/www.w3.org\/2000\/svg\"><path d=\"M224.3 273l-136 136c-9.4 9.4-24.6 9.4-33.9 0l-22.6-22.6c-9.4-9.4-9.4-24.6 0-33.9l96.4-96.4-96.4-96.4c-9.4-9.4-9.4-24.6 0-33.9L54.3 103c9.4-9.4 24.6-9.4 33.9 0l136 136c9.5 9.4 9.5 24.6.1 34z\"><\/path><\/svg>\t\t\t\t\t\t<\/span>\n\t\t\t\t\t\t\t\t\t\t<span class=\"elementor-icon-list-text\">Examen de sp\u00e9cialiste<\/span>\n\t\t\t\t\t\t\t\t\t\t\t<\/a>\n\t\t\t\t\t\t\t\t\t<\/li>\n\t\t\t\t\t\t\t\t<li class=\"elementor-icon-list-item\">\n\t\t\t\t\t\t\t\t\t\t\t<a href=\"https:\/\/pneumo.ch\/fr\/training-certificate-in-respiratory-polygraphy\/\">\n\n\t\t\t\t\t\t\t\t\t\t\t\t<span class=\"elementor-icon-list-icon\">\n\t\t\t\t\t\t\t<svg aria-hidden=\"true\" class=\"e-font-icon-svg e-fas-angle-right\" viewbox=\"0 0 256 512\" xmlns=\"http:\/\/www.w3.org\/2000\/svg\"><path d=\"M224.3 273l-136 136c-9.4 9.4-24.6 9.4-33.9 0l-22.6-22.6c-9.4-9.4-9.4-24.6 0-33.9l96.4-96.4-96.4-96.4c-9.4-9.4-9.4-24.6 0-33.9L54.3 103c9.4-9.4 24.6-9.4 33.9 0l136 136c9.5 9.4 9.5 24.6.1 34z\"><\/path><\/svg>\t\t\t\t\t\t<\/span>\n\t\t\t\t\t\t\t\t\t\t<span class=\"elementor-icon-list-text\">Certificat de polygraphie respiratoire<\/span>\n\t\t\t\t\t\t\t\t\t\t\t<\/a>\n\t\t\t\t\t\t\t\t\t<\/li>\n\t\t\t\t\t\t\t\t<li class=\"elementor-icon-list-item\">\n\t\t\t\t\t\t\t\t\t\t\t<a href=\"https:\/\/pneumo.ch\/fr\/training-attestation-of-further-training-in-sleep-medicine\/\">\n\n\t\t\t\t\t\t\t\t\t\t\t\t<span class=\"elementor-icon-list-icon\">\n\t\t\t\t\t\t\t<svg aria-hidden=\"true\" class=\"e-font-icon-svg e-fas-angle-right\" viewbox=\"0 0 256 512\" xmlns=\"http:\/\/www.w3.org\/2000\/svg\"><path d=\"M224.3 273l-136 136c-9.4 9.4-24.6 9.4-33.9 0l-22.6-22.6c-9.4-9.4-9.4-24.6 0-33.9l96.4-96.4-96.4-96.4c-9.4-9.4-9.4-24.6 0-33.9L54.3 103c9.4-9.4 24.6-9.4 33.9 0l136 136c9.5 9.4 9.5 24.6.1 34z\"><\/path><\/svg>\t\t\t\t\t\t<\/span>\n\t\t\t\t\t\t\t\t\t\t<span class=\"elementor-icon-list-text\">Attestations de formation compl\u00e9mentaire en m\u00e9decine du sommeil<\/span>\n\t\t\t\t\t\t\t\t\t\t\t<\/a>\n\t\t\t\t\t\t\t\t\t<\/li>\n\t\t\t\t\t\t\t\t<li class=\"elementor-icon-list-item\">\n\t\t\t\t\t\t\t\t\t\t\t<a href=\"https:\/\/pneumo.ch\/fr\/zusaetzliche-ultraschall-schulungszertifikate\/\">\n\n\t\t\t\t\t\t\t\t\t\t\t\t<span class=\"elementor-icon-list-icon\">\n\t\t\t\t\t\t\t<svg aria-hidden=\"true\" class=\"e-font-icon-svg e-fas-angle-right\" viewbox=\"0 0 256 512\" xmlns=\"http:\/\/www.w3.org\/2000\/svg\"><path d=\"M224.3 273l-136 136c-9.4 9.4-24.6 9.4-33.9 0l-22.6-22.6c-9.4-9.4-9.4-24.6 0-33.9l96.4-96.4-96.4-96.4c-9.4-9.4-9.4-24.6 0-33.9L54.3 103c9.4-9.4 24.6-9.4 33.9 0l136 136c9.5 9.4 9.5 24.6.1 34z\"><\/path><\/svg>\t\t\t\t\t\t<\/span>\n\t\t\t\t\t\t\t\t\t\t<span class=\"elementor-icon-list-text\">Attestation de formation compl\u00e9mentaire en ultrason thoracique<\/span>\n\t\t\t\t\t\t\t\t\t\t\t<\/a>\n\t\t\t\t\t\t\t\t\t<\/li>\n\t\t\t\t\t\t\t\t<li class=\"elementor-icon-list-item\">\n\t\t\t\t\t\t\t\t\t\t\t<a href=\"https:\/\/pneumo.ch\/fr\/sachkunde-dosisintensives-roentgen\/\">\n\n\t\t\t\t\t\t\t\t\t\t\t\t<span class=\"elementor-icon-list-icon\">\n\t\t\t\t\t\t\t<svg aria-hidden=\"true\" class=\"e-font-icon-svg e-fas-angle-right\" viewbox=\"0 0 256 512\" xmlns=\"http:\/\/www.w3.org\/2000\/svg\"><path d=\"M224.3 273l-136 136c-9.4 9.4-24.6 9.4-33.9 0l-22.6-22.6c-9.4-9.4-9.4-24.6 0-33.9l96.4-96.4-96.4-96.4c-9.4-9.4-9.4-24.6 0-33.9L54.3 103c9.4-9.4 24.6-9.4 33.9 0l136 136c9.5 9.4 9.5 24.6.1 34z\"><\/path><\/svg>\t\t\t\t\t\t<\/span>\n\t\t\t\t\t\t\t\t\t\t<span class=\"elementor-icon-list-text\">Attestation de formation compl\u00e9mentaire en Radioprotection en Pneumologie<\/span>\n\t\t\t\t\t\t\t\t\t\t\t<\/a>\n\t\t\t\t\t\t\t\t\t<\/li>\n\t\t\t\t\t\t<\/ul>\n\t\t\t\t\t\t<\/div>\n\t\t\t\t<\/div>\n\t\t\t\t<\/div>\n\t\t\t\t<\/div>\n\t\t\t\t<\/div>\n\t\t<div class=\"elementor-element elementor-element-4c39cc09 e-con-full e-flex e-con e-child\" data-id=\"4c39cc09\" data-element_type=\"container\">\n\t\t\t\t<div class=\"elementor-element elementor-element-5c47af41 elementor-view-framed elementor-shape-square icon-red elementor-widget elementor-widget-icon\" data-id=\"5c47af41\" data-element_type=\"widget\" data-widget_type=\"icon.default\">\n\t\t\t\t<div class=\"elementor-widget-container\">\n\t\t\t\t\t\t\t<div class=\"elementor-icon-wrapper\">\n\t\t\t<div class=\"elementor-icon\">\n\t\t\t<svg xmlns=\"http:\/\/www.w3.org\/2000\/svg\" height=\"24px\" viewbox=\"0 -960 960 960\" width=\"24px\" fill=\"#194783\"><path d=\"m321-80-71-71 329-329-329-329 71-71 400 400L321-80Z\"><\/path><\/svg>\t\t\t<\/div>\n\t\t<\/div>\n\t\t\t\t\t\t<\/div>\n\t\t\t\t<\/div>\n\t\t<div class=\"elementor-element elementor-element-720e9543 e-con-full e-flex e-con e-child\" data-id=\"720e9543\" data-element_type=\"container\">\n\t\t\t\t<div class=\"elementor-element elementor-element-4e85216 elementor-widget__width-inherit elementor-widget elementor-widget-heading\" data-id=\"4e85216\" data-element_type=\"widget\" data-widget_type=\"heading.default\">\n\t\t\t\t<div class=\"elementor-widget-container\">\n\t\t\t\t\t<p class=\"elementor-heading-title elementor-size-default\"><a href=\"https:\/\/pneumo.ch\/fr\/fortbildung\/\">Formation continue<\/a><\/p>\t\t\t\t<\/div>\n\t\t\t\t<\/div>\n\t\t<div class=\"elementor-element elementor-element-578e5a00 e-con-full e-flex e-con e-child\" data-id=\"578e5a00\" data-element_type=\"container\" data-settings=\"{&quot;background_background&quot;:&quot;classic&quot;}\">\n\t\t\t\t<div class=\"elementor-element elementor-element-282355a2 elementor-icon-list--layout-traditional elementor-list-item-link-full_width elementor-widget elementor-widget-icon-list\" data-id=\"282355a2\" data-element_type=\"widget\" data-widget_type=\"icon-list.default\">\n\t\t\t\t<div class=\"elementor-widget-container\">\n\t\t\t\t\t\t\t<ul class=\"elementor-icon-list-items\">\n\t\t\t\t\t\t\t<li class=\"elementor-icon-list-item\">\n\t\t\t\t\t\t\t\t\t\t\t<a href=\"https:\/\/pneumo.ch\/fr\/veranstaltungen-akkreditieren\/\">\n\n\t\t\t\t\t\t\t\t\t\t\t\t<span class=\"elementor-icon-list-icon\">\n\t\t\t\t\t\t\t<svg aria-hidden=\"true\" class=\"e-font-icon-svg e-fas-angle-right\" viewbox=\"0 0 256 512\" xmlns=\"http:\/\/www.w3.org\/2000\/svg\"><path d=\"M224.3 273l-136 136c-9.4 9.4-24.6 9.4-33.9 0l-22.6-22.6c-9.4-9.4-9.4-24.6 0-33.9l96.4-96.4-96.4-96.4c-9.4-9.4-9.4-24.6 0-33.9L54.3 103c9.4-9.4 24.6-9.4 33.9 0l136 136c9.5 9.4 9.5 24.6.1 34z\"><\/path><\/svg>\t\t\t\t\t\t<\/span>\n\t\t\t\t\t\t\t\t\t\t<span class=\"elementor-icon-list-text\">Accr\u00e9diter une formation<\/span>\n\t\t\t\t\t\t\t\t\t\t\t<\/a>\n\t\t\t\t\t\t\t\t\t<\/li>\n\t\t\t\t\t\t\t\t<li class=\"elementor-icon-list-item\">\n\t\t\t\t\t\t\t\t\t\t\t<a href=\"https:\/\/pneumo.ch\/fr\/weiterbildungszertifikat\/\">\n\n\t\t\t\t\t\t\t\t\t\t\t\t<span class=\"elementor-icon-list-icon\">\n\t\t\t\t\t\t\t<svg aria-hidden=\"true\" class=\"e-font-icon-svg e-fas-angle-right\" viewbox=\"0 0 256 512\" xmlns=\"http:\/\/www.w3.org\/2000\/svg\"><path d=\"M224.3 273l-136 136c-9.4 9.4-24.6 9.4-33.9 0l-22.6-22.6c-9.4-9.4-9.4-24.6 0-33.9l96.4-96.4-96.4-96.4c-9.4-9.4-9.4-24.6 0-33.9L54.3 103c9.4-9.4 24.6-9.4 33.9 0l136 136c9.5 9.4 9.5 24.6.1 34z\"><\/path><\/svg>\t\t\t\t\t\t<\/span>\n\t\t\t\t\t\t\t\t\t\t<span class=\"elementor-icon-list-text\">Diplome de formation continue<\/span>\n\t\t\t\t\t\t\t\t\t\t\t<\/a>\n\t\t\t\t\t\t\t\t\t<\/li>\n\t\t\t\t\t\t<\/ul>\n\t\t\t\t\t\t<\/div>\n\t\t\t\t<\/div>\n\t\t\t\t<\/div>\n\t\t\t\t<\/div>\n\t\t\t\t<\/div>\n\t\t<a class=\"elementor-element elementor-element-332c590f e-con-full text-red e-flex e-con e-child\" data-id=\"332c590f\" data-element_type=\"container\" href=\"https:\/\/pneumo.ch\/fr\/jahreskongresse\/\">\n\t\t\t\t<div class=\"elementor-element elementor-element-579b3284 elementor-view-framed elementor-shape-square icon-red elementor-widget elementor-widget-icon\" data-id=\"579b3284\" data-element_type=\"widget\" data-widget_type=\"icon.default\">\n\t\t\t\t<div class=\"elementor-widget-container\">\n\t\t\t\t\t\t\t<div class=\"elementor-icon-wrapper\">\n\t\t\t<div class=\"elementor-icon\">\n\t\t\t<svg xmlns=\"http:\/\/www.w3.org\/2000\/svg\" height=\"24px\" viewbox=\"0 -960 960 960\" width=\"24px\" fill=\"#194783\"><path d=\"m321-80-71-71 329-329-329-329 71-71 400 400L321-80Z\"><\/path><\/svg>\t\t\t<\/div>\n\t\t<\/div>\n\t\t\t\t\t\t<\/div>\n\t\t\t\t<\/div>\n\t\t\t\t<div class=\"elementor-element elementor-element-23835c6f elementor-widget__width-inherit elementor-widget elementor-widget-text-editor\" data-id=\"23835c6f\" data-element_type=\"widget\" data-widget_type=\"text-editor.default\">\n\t\t\t\t<div class=\"elementor-widget-container\">\n\t\t\t\t\t\t\t\t\t<p>Congr\u00e8s annuel<\/p>\t\t\t\t\t\t\t\t<\/div>\n\t\t\t\t<\/div>\n\t\t\t\t<\/a>\n\t\t<a class=\"elementor-element elementor-element-152efffd e-con-full text-red e-flex e-con e-child\" data-id=\"152efffd\" data-element_type=\"container\" href=\"https:\/\/pneumo.ch\/fr\/agenda\/\">\n\t\t\t\t<div class=\"elementor-element elementor-element-3b68be4d elementor-view-framed elementor-shape-square icon-red elementor-widget elementor-widget-icon\" data-id=\"3b68be4d\" data-element_type=\"widget\" data-widget_type=\"icon.default\">\n\t\t\t\t<div class=\"elementor-widget-container\">\n\t\t\t\t\t\t\t<div class=\"elementor-icon-wrapper\">\n\t\t\t<div class=\"elementor-icon\">\n\t\t\t<svg xmlns=\"http:\/\/www.w3.org\/2000\/svg\" height=\"24px\" viewbox=\"0 -960 960 960\" width=\"24px\" fill=\"#194783\"><path d=\"m321-80-71-71 329-329-329-329 71-71 400 400L321-80Z\"><\/path><\/svg>\t\t\t<\/div>\n\t\t<\/div>\n\t\t\t\t\t\t<\/div>\n\t\t\t\t<\/div>\n\t\t\t\t<div class=\"elementor-element elementor-element-76a885c0 elementor-widget__width-inherit elementor-widget elementor-widget-text-editor\" data-id=\"76a885c0\" data-element_type=\"widget\" data-widget_type=\"text-editor.default\">\n\t\t\t\t<div class=\"elementor-widget-container\">\n\t\t\t\t\t\t\t\t\t<p>Agenda<\/p>\t\t\t\t\t\t\t\t<\/div>\n\t\t\t\t<\/div>\n\t\t\t\t<\/a>\n\t\t\t\t<\/div>\n\t\t\t\t<\/div>\n\t\t\t\t<\/div>\n\t\t\t\t\t\t<\/div>\n\t\t\t\t<\/div>\n\t\t<div class=\"elementor-element elementor-element-4a8c9f4 e-con-full e-flex e-con e-child\" data-id=\"4a8c9f4\" data-element_type=\"container\">\n\t\t\t\t<div class=\"elementor-element elementor-element-3bfd151 elementor-widget__width-inherit elementor-widget elementor-widget-heading\" data-id=\"3bfd151\" data-element_type=\"widget\" data-widget_type=\"heading.default\">\n\t\t\t\t<div class=\"elementor-widget-container\">\n\t\t\t\t\t<h1 class=\"elementor-heading-title elementor-size-default\">Accr\u00e9diter une formation\n<\/h1>\t\t\t\t<\/div>\n\t\t\t\t<\/div>\n\t\t\t\t<div class=\"elementor-element elementor-element-93e7976 elementor-widget elementor-widget-text-editor\" data-id=\"93e7976\" data-element_type=\"widget\" data-widget_type=\"text-editor.default\">\n\t\t\t\t<div class=\"elementor-widget-container\">\n\t\t\t\t\t\t\t\t\t<p>La Socit\u00e9t\u00e9 Suisse de Pneumologie accr\u00e9dite les manifestations de formation continue sur la base du\u00a0<a title=\"programme de formation continue de la Soci\u00e9t\u00e9 de Pneumologie\" href=\"https:\/\/pneumo.ch\/wp-content\/uploads\/2024\/12\/Programme-de-formation-continue-de-la-SSP_Version-21.12.2017_FR.pdf\" target=\"_blank\" rel=\"noopener\">programme de formation continue de la Soci\u00e9t\u00e9 de Pneumologie<\/a>\u00a0ainsi que des conditions g\u00e9n\u00e9rales de la\u00a0<a title=\"r\u00e9glementation pour la formation continue\" href=\"http:\/\/www.fmh.ch\/files\/pdf18\/fbo_d.pdf\" target=\"_blank\" rel=\"noopener\">r\u00e9glementation pour la formation continue<\/a>\u00a0d\u00e9finies par l'ISFM.<\/p><p>Afin de pouvoir traiter votre demande, nous vous prions de remplir le formulaire ci-dessous en y joignant le programme ou le lien du programme en ligne.\u00a0<strong>Seules les demandes compl\u00e8tes avec un programme pourront \u00eatre trait\u00e9es. Un programme est une condition pr\u00e9alable \u00e0 l'accr\u00e9ditation et doit contenir une liste des speakers.<br \/><\/strong><\/p><p><a href=\"https:\/\/pneumo.ch\/wp-content\/uploads\/2025\/01\/SGP-Antrag-Credits-SGP-2018_Interaktiv_2020_FR.pdf\" target=\"_blank\" rel=\"noopener\"><strong>Demande d'accr\u00e9ditation d'une manifestation de formation continue<\/strong><\/a><\/p><p>La commission de formation continue se r\u00e9unit g\u00e9n\u00e9ralement une fois par mois. Les r\u00e9unions suivantes sont pr\u00e9vues pour l'ann\u00e9e 2026 :<\/p><ul><li>16 janvier 2026, D\u00e9lai d'acceptation des demandes : 9 janvier 2026<\/li><li>13 f\u00e9vrier 2026, D\u00e9lai d'acceptation des demandes: 6 f\u00e9vrier 2026<\/li><li>13 mars 2026, D\u00e9lai d'acceptation des demandes: 6 mars 2026<\/li><li>10 avril 2026, D\u00e9lai d'acceptation des demandes: 10 avril 2026<\/li><li>15 mai 2026, D\u00e9lai d'acceptation des demandes: 8 mai 2026<\/li><li>12 juin 2026, D\u00e9lai d'acceptation des demandes: 5 juin 2026<\/li><li>12 juillet 2026, D\u00e9lai d'acceptation des demandes: 12 juillet 2026<\/li><li>14 ao\u00fbt 2026, D\u00e9lai d'acceptation des demandes: 7 ao\u00fbt 2026<\/li><li>11 septembre 2026, D\u00e9lai d'acceptation des demandes: 4 septembre 2026<\/li><li>16 octobre 2026, D\u00e9lai d'acceptation des demandes: 9 octobre 2026<\/li><li>13 novembre 2026, D\u00e9lai d'acceptation des demandes: 6 novembre 2026<\/li><li>11 d\u00e9cembre 2026, D\u00e9lai d'acceptation des demandes: 4 d\u00e9cembre 2026<\/li><\/ul><p>Les demandes seront trait\u00e9es dans la mesure du possible dans les 4 semaines par\u00a0<a title=\"la commission de formation continue de la SSP.\" href=\"https:\/\/pneumo.ch\/fr\/kommission-fortbildung\/\">la commission de formation continue de la SSP.<\/a>\u00a0Apr\u00e8s acceptation de votre demande, la manifestation sera publi\u00e9e dans notre\u00a0<a title=\"Agenda\" href=\"https:\/\/pneumo.ch\/fr\/agenda\/\">Agenda<\/a>\u00a0. La direction administrative et\/ou le pr\u00e9sident\/la pr\u00e9sidente de la SSP d\u00e9cident s\u2019il y a lieu d\u2019informer les membres SSP par email.<\/p><p><strong><a href=\"https:\/\/pneumo.ch\/wp-content\/uploads\/2025\/04\/Reglement_attribution_SSPLogo_FR_NEU.pdf\">Demande d'utilisation du logo de la SSP<\/a><\/strong><\/p><p>Pour toute question, n'h\u00e9sitez pas \u00e0 contacter le\u00a0<a title=\"secr\u00e9tariat de la SSP\" href=\"https:\/\/www.pneumo.ch\/de\/kontakt.html\">secr\u00e9tariat de la SSP<\/a>.<\/p>\t\t\t\t\t\t\t\t<\/div>\n\t\t\t\t<\/div>\n\t\t\t\t<\/div>\n\t\t\t\t\t<\/div>\n\t\t\t\t<\/div>\n\t\t\t\t<\/div>","protected":false},"excerpt":{"rendered":"<p>Veranstaltungen akkreditieren Die Schweizerische Gesellschaft f\u00fcr Pneumologie akkreditiert Fortbildungsveranstaltung basierend auf den im\u00a0Fortbildungsprogramm Pneumologie\u00a0sowie den generellen Bestimmungen der\u00a0Fortbildungsordnung\u00a0des SIWF festgelegten Regeln. Damit Ihr Antrag bearbeitet werden kann, f\u00fcllen Sie bitte das untenstehende Formular aus und legen Sie das Programm bei oder geben Sie den Link auf das Online-Programm an.\u00a0Nur vollst\u00e4ndig ausgef\u00fcllt Antr\u00e4ge mit Programm werden [&hellip;]<\/p>","protected":false},"author":6,"featured_media":0,"parent":0,"menu_order":0,"comment_status":"closed","ping_status":"closed","template":"","meta":{"footnotes":""},"class_list":["post-2084","page","type-page","status-publish","hentry"],"_links":{"self":[{"href":"https:\/\/pneumo.ch\/fr\/wp-json\/wp\/v2\/pages\/2084","targetHints":{"allow":["GET"]}}],"collection":[{"href":"https:\/\/pneumo.ch\/fr\/wp-json\/wp\/v2\/pages"}],"about":[{"href":"https:\/\/pneumo.ch\/fr\/wp-json\/wp\/v2\/types\/page"}],"author":[{"embeddable":true,"href":"https:\/\/pneumo.ch\/fr\/wp-json\/wp\/v2\/users\/6"}],"replies":[{"embeddable":true,"href":"https:\/\/pneumo.ch\/fr\/wp-json\/wp\/v2\/comments?post=2084"}],"version-history":[{"count":31,"href":"https:\/\/pneumo.ch\/fr\/wp-json\/wp\/v2\/pages\/2084\/revisions"}],"predecessor-version":[{"id":5870,"href":"https:\/\/pneumo.ch\/fr\/wp-json\/wp\/v2\/pages\/2084\/revisions\/5870"}],"wp:attachment":[{"href":"https:\/\/pneumo.ch\/fr\/wp-json\/wp\/v2\/media?parent=2084"}],"curies":[{"name":"wp","href":"https:\/\/api.w.org\/{rel}","templated":true}]}}