{"id":2144,"date":"2024-12-13T13:49:04","date_gmt":"2024-12-13T13:49:04","guid":{"rendered":"https:\/\/pneumo.ch\/?page_id=2144"},"modified":"2025-07-04T13:31:38","modified_gmt":"2025-07-04T13:31:38","slug":"protokolle-und-berichte","status":"publish","type":"page","link":"https:\/\/pneumo.ch\/fr\/protokolle-und-berichte\/","title":{"rendered":"Proc\u00e8s-verbaux et Rapports"},"content":{"rendered":"<div data-elementor-type=\"wp-page\" data-elementor-id=\"2144\" class=\"elementor elementor-2144\" data-elementor-post-type=\"page\">\n\t\t\t\t<div class=\"elementor-element elementor-element-124761e e-flex e-con-boxed e-con e-parent\" data-id=\"124761e\" data-element_type=\"container\">\n\t\t\t\t\t<div class=\"e-con-inner\">\n\t\t\t\t<div class=\"elementor-element elementor-element-6ce8ee5 elementor-widget__width-initial elementor-widget-mobile__width-inherit elementor-widget elementor-widget-template\" data-id=\"6ce8ee5\" data-element_type=\"widget\" data-settings=\"{&quot;sticky&quot;:&quot;top&quot;,&quot;sticky_offset&quot;:100,&quot;sticky_parent&quot;:&quot;yes&quot;,&quot;sticky_on&quot;:[&quot;desktop&quot;,&quot;tablet&quot;],&quot;sticky_effects_offset&quot;:0,&quot;sticky_anchor_link_offset&quot;:0}\" data-widget_type=\"template.default\">\n\t\t\t\t<div class=\"elementor-widget-container\">\n\t\t\t\t\t\t\t<div class=\"elementor-template\">\n\t\t\t\t\t<div data-elementor-type=\"container\" data-elementor-id=\"808\" class=\"elementor elementor-808\" data-elementor-post-type=\"elementor_library\">\n\t\t\t\t<div class=\"elementor-element elementor-element-c5d29dc e-con-full e-flex e-con e-child\" data-id=\"c5d29dc\" data-element_type=\"container\">\n\t\t<div class=\"elementor-element elementor-element-21ecca25 e-con-full e-flex e-con e-child\" data-id=\"21ecca25\" data-element_type=\"container\" data-settings=\"{&quot;background_background&quot;:&quot;classic&quot;}\">\n\t\t\t\t<div class=\"elementor-element elementor-element-335b629f elementor-widget elementor-widget-heading\" data-id=\"335b629f\" data-element_type=\"widget\" data-widget_type=\"heading.default\">\n\t\t\t\t<div class=\"elementor-widget-container\">\n\t\t\t\t\t<h3 class=\"elementor-heading-title elementor-size-default\">Notre Soci\u00e9t\u00e9<\/h3>\t\t\t\t<\/div>\n\t\t\t\t<\/div>\n\t\t\t\t<\/div>\n\t\t<a class=\"elementor-element elementor-element-236f8af5 e-con-full text-red e-flex e-con e-child\" data-id=\"236f8af5\" data-element_type=\"container\" href=\"https:\/\/pneumo.ch\/fr\/about-us-leadership-and-governance\/\">\n\t\t\t\t<div class=\"elementor-element elementor-element-26b0937d elementor-view-framed elementor-shape-square icon-red elementor-widget elementor-widget-icon\" data-id=\"26b0937d\" data-element_type=\"widget\" data-widget_type=\"icon.default\">\n\t\t\t\t<div class=\"elementor-widget-container\">\n\t\t\t\t\t\t\t<div class=\"elementor-icon-wrapper\">\n\t\t\t<div class=\"elementor-icon\">\n\t\t\t<svg xmlns=\"http:\/\/www.w3.org\/2000\/svg\" height=\"24px\" viewbox=\"0 -960 960 960\" width=\"24px\" fill=\"#194783\"><path d=\"m321-80-71-71 329-329-329-329 71-71 400 400L321-80Z\"><\/path><\/svg>\t\t\t<\/div>\n\t\t<\/div>\n\t\t\t\t\t\t<\/div>\n\t\t\t\t<\/div>\n\t\t\t\t<div class=\"elementor-element elementor-element-66cc4e1 elementor-widget__width-inherit elementor-widget elementor-widget-text-editor\" data-id=\"66cc4e1\" data-element_type=\"widget\" data-widget_type=\"text-editor.default\">\n\t\t\t\t<div class=\"elementor-widget-container\">\n\t\t\t\t\t\t\t\t\t<p>Comit\u00e9<\/p>\t\t\t\t\t\t\t\t<\/div>\n\t\t\t\t<\/div>\n\t\t\t\t<\/a>\n\t\t<a class=\"elementor-element elementor-element-74549b54 e-con-full text-red e-flex e-con e-child\" data-id=\"74549b54\" data-element_type=\"container\" href=\"https:\/\/pneumo.ch\/fr\/about-us-commissions-2\/\">\n\t\t\t\t<div class=\"elementor-element elementor-element-5daedce4 elementor-view-framed elementor-shape-square icon-red elementor-widget elementor-widget-icon\" data-id=\"5daedce4\" data-element_type=\"widget\" data-widget_type=\"icon.default\">\n\t\t\t\t<div class=\"elementor-widget-container\">\n\t\t\t\t\t\t\t<div class=\"elementor-icon-wrapper\">\n\t\t\t<div class=\"elementor-icon\">\n\t\t\t<svg xmlns=\"http:\/\/www.w3.org\/2000\/svg\" height=\"24px\" viewbox=\"0 -960 960 960\" width=\"24px\" fill=\"#194783\"><path d=\"m321-80-71-71 329-329-329-329 71-71 400 400L321-80Z\"><\/path><\/svg>\t\t\t<\/div>\n\t\t<\/div>\n\t\t\t\t\t\t<\/div>\n\t\t\t\t<\/div>\n\t\t\t\t<div class=\"elementor-element elementor-element-481e1d7 elementor-widget__width-inherit elementor-widget elementor-widget-text-editor\" data-id=\"481e1d7\" data-element_type=\"widget\" data-widget_type=\"text-editor.default\">\n\t\t\t\t<div class=\"elementor-widget-container\">\n\t\t\t\t\t\t\t\t\t<p>Commissions et Special Interest Groups<\/p>\t\t\t\t\t\t\t\t<\/div>\n\t\t\t\t<\/div>\n\t\t\t\t<\/a>\n\t\t<a class=\"elementor-element elementor-element-4829b81a e-con-full text-red e-flex e-con e-child\" data-id=\"4829b81a\" data-element_type=\"container\" href=\"https:\/\/pneumo.ch\/fr\/delegierte\/\">\n\t\t\t\t<div class=\"elementor-element elementor-element-3a8e7609 elementor-view-framed elementor-shape-square icon-red elementor-widget elementor-widget-icon\" data-id=\"3a8e7609\" data-element_type=\"widget\" data-widget_type=\"icon.default\">\n\t\t\t\t<div class=\"elementor-widget-container\">\n\t\t\t\t\t\t\t<div class=\"elementor-icon-wrapper\">\n\t\t\t<div class=\"elementor-icon\">\n\t\t\t<svg xmlns=\"http:\/\/www.w3.org\/2000\/svg\" height=\"24px\" viewbox=\"0 -960 960 960\" width=\"24px\" fill=\"#194783\"><path d=\"m321-80-71-71 329-329-329-329 71-71 400 400L321-80Z\"><\/path><\/svg>\t\t\t<\/div>\n\t\t<\/div>\n\t\t\t\t\t\t<\/div>\n\t\t\t\t<\/div>\n\t\t\t\t<div class=\"elementor-element elementor-element-63be20f1 elementor-widget__width-inherit elementor-widget elementor-widget-text-editor\" data-id=\"63be20f1\" data-element_type=\"widget\" data-widget_type=\"text-editor.default\">\n\t\t\t\t<div class=\"elementor-widget-container\">\n\t\t\t\t\t\t\t\t\t<p>D\u00e9l\u00e9gu\u00e9s<\/p>\t\t\t\t\t\t\t\t<\/div>\n\t\t\t\t<\/div>\n\t\t\t\t<\/a>\n\t\t<a class=\"elementor-element elementor-element-72728e35 e-con-full text-red e-flex e-con e-child\" data-id=\"72728e35\" data-element_type=\"container\" href=\"https:\/\/pneumo.ch\/fr\/about-us-membership\/\">\n\t\t\t\t<div class=\"elementor-element elementor-element-53849e4 elementor-view-framed elementor-shape-square icon-red elementor-widget elementor-widget-icon\" data-id=\"53849e4\" data-element_type=\"widget\" data-widget_type=\"icon.default\">\n\t\t\t\t<div class=\"elementor-widget-container\">\n\t\t\t\t\t\t\t<div class=\"elementor-icon-wrapper\">\n\t\t\t<div class=\"elementor-icon\">\n\t\t\t<svg xmlns=\"http:\/\/www.w3.org\/2000\/svg\" height=\"24px\" viewbox=\"0 -960 960 960\" width=\"24px\" fill=\"#194783\"><path d=\"m321-80-71-71 329-329-329-329 71-71 400 400L321-80Z\"><\/path><\/svg>\t\t\t<\/div>\n\t\t<\/div>\n\t\t\t\t\t\t<\/div>\n\t\t\t\t<\/div>\n\t\t\t\t<div class=\"elementor-element elementor-element-fc84e46 elementor-widget__width-inherit elementor-widget elementor-widget-text-editor\" data-id=\"fc84e46\" data-element_type=\"widget\" data-widget_type=\"text-editor.default\">\n\t\t\t\t<div class=\"elementor-widget-container\">\n\t\t\t\t\t\t\t\t\t<p>Membres<\/p>\t\t\t\t\t\t\t\t<\/div>\n\t\t\t\t<\/div>\n\t\t\t\t<\/a>\n\t\t<a class=\"elementor-element elementor-element-53af79c2 e-con-full text-red e-flex e-con e-child\" data-id=\"53af79c2\" data-element_type=\"container\" href=\"https:\/\/pneumo.ch\/fr\/about-us-statuses\/\">\n\t\t\t\t<div class=\"elementor-element elementor-element-6b3b4716 elementor-view-framed elementor-shape-square icon-red elementor-widget elementor-widget-icon\" data-id=\"6b3b4716\" data-element_type=\"widget\" data-widget_type=\"icon.default\">\n\t\t\t\t<div class=\"elementor-widget-container\">\n\t\t\t\t\t\t\t<div class=\"elementor-icon-wrapper\">\n\t\t\t<div class=\"elementor-icon\">\n\t\t\t<svg xmlns=\"http:\/\/www.w3.org\/2000\/svg\" height=\"24px\" viewbox=\"0 -960 960 960\" width=\"24px\" fill=\"#194783\"><path d=\"m321-80-71-71 329-329-329-329 71-71 400 400L321-80Z\"><\/path><\/svg>\t\t\t<\/div>\n\t\t<\/div>\n\t\t\t\t\t\t<\/div>\n\t\t\t\t<\/div>\n\t\t\t\t<div class=\"elementor-element elementor-element-2a63a0b9 elementor-widget__width-inherit elementor-widget elementor-widget-text-editor\" data-id=\"2a63a0b9\" data-element_type=\"widget\" data-widget_type=\"text-editor.default\">\n\t\t\t\t<div class=\"elementor-widget-container\">\n\t\t\t\t\t\t\t\t\t<p>Statuts et r\u00e8glements<\/p>\t\t\t\t\t\t\t\t<\/div>\n\t\t\t\t<\/div>\n\t\t\t\t<\/a>\n\t\t<a class=\"elementor-element elementor-element-7b0e7f2d e-con-full text-red e-flex e-con e-child\" data-id=\"7b0e7f2d\" data-element_type=\"container\" href=\"https:\/\/pneumo.ch\/fr\/protokolle-und-berichte\/\">\n\t\t\t\t<div class=\"elementor-element elementor-element-458b5c9e elementor-view-framed elementor-shape-square icon-red elementor-widget elementor-widget-icon\" data-id=\"458b5c9e\" data-element_type=\"widget\" data-widget_type=\"icon.default\">\n\t\t\t\t<div class=\"elementor-widget-container\">\n\t\t\t\t\t\t\t<div class=\"elementor-icon-wrapper\">\n\t\t\t<div class=\"elementor-icon\">\n\t\t\t<svg xmlns=\"http:\/\/www.w3.org\/2000\/svg\" height=\"24px\" viewbox=\"0 -960 960 960\" width=\"24px\" fill=\"#194783\"><path d=\"m321-80-71-71 329-329-329-329 71-71 400 400L321-80Z\"><\/path><\/svg>\t\t\t<\/div>\n\t\t<\/div>\n\t\t\t\t\t\t<\/div>\n\t\t\t\t<\/div>\n\t\t\t\t<div class=\"elementor-element elementor-element-2f5ce0f2 elementor-widget__width-inherit elementor-widget elementor-widget-text-editor\" data-id=\"2f5ce0f2\" data-element_type=\"widget\" data-widget_type=\"text-editor.default\">\n\t\t\t\t<div class=\"elementor-widget-container\">\n\t\t\t\t\t\t\t\t\t<p>Proc\u00e8s-verbaux et Rapports<\/p>\t\t\t\t\t\t\t\t<\/div>\n\t\t\t\t<\/div>\n\t\t\t\t<\/a>\n\t\t<a class=\"elementor-element elementor-element-2b19b0b e-con-full text-red e-flex e-con e-child\" data-id=\"2b19b0b\" data-element_type=\"container\" href=\"https:\/\/pneumo.ch\/fr\/kontakt\/\">\n\t\t\t\t<div class=\"elementor-element elementor-element-c911725 elementor-view-framed elementor-shape-square icon-red elementor-widget elementor-widget-icon\" data-id=\"c911725\" data-element_type=\"widget\" data-widget_type=\"icon.default\">\n\t\t\t\t<div class=\"elementor-widget-container\">\n\t\t\t\t\t\t\t<div class=\"elementor-icon-wrapper\">\n\t\t\t<div class=\"elementor-icon\">\n\t\t\t<svg xmlns=\"http:\/\/www.w3.org\/2000\/svg\" height=\"24px\" viewbox=\"0 -960 960 960\" width=\"24px\" fill=\"#194783\"><path d=\"m321-80-71-71 329-329-329-329 71-71 400 400L321-80Z\"><\/path><\/svg>\t\t\t<\/div>\n\t\t<\/div>\n\t\t\t\t\t\t<\/div>\n\t\t\t\t<\/div>\n\t\t\t\t<div class=\"elementor-element elementor-element-f19eea2 elementor-widget__width-inherit elementor-widget elementor-widget-text-editor\" data-id=\"f19eea2\" data-element_type=\"widget\" data-widget_type=\"text-editor.default\">\n\t\t\t\t<div class=\"elementor-widget-container\">\n\t\t\t\t\t\t\t\t\t<p>Contact<\/p>\t\t\t\t\t\t\t\t<\/div>\n\t\t\t\t<\/div>\n\t\t\t\t<\/a>\n\t\t\t\t<\/div>\n\t\t\t\t<\/div>\n\t\t\t\t<\/div>\n\t\t\t\t\t\t<\/div>\n\t\t\t\t<\/div>\n\t\t<div class=\"elementor-element elementor-element-5df1b1b e-con-full e-flex e-con e-child\" data-id=\"5df1b1b\" data-element_type=\"container\">\n\t\t\t\t<div class=\"elementor-element elementor-element-d584488 elementor-widget__width-inherit elementor-widget elementor-widget-heading\" data-id=\"d584488\" data-element_type=\"widget\" data-widget_type=\"heading.default\">\n\t\t\t\t<div class=\"elementor-widget-container\">\n\t\t\t\t\t<h1 class=\"elementor-heading-title elementor-size-default\">Proc\u00e8s-verbaux et Rapports<\/h1>\t\t\t\t<\/div>\n\t\t\t\t<\/div>\n\t\t\t\t<div class=\"elementor-element elementor-element-8734cc8 elementor-widget elementor-widget-text-editor\" data-id=\"8734cc8\" data-element_type=\"widget\" data-widget_type=\"text-editor.default\">\n\t\t\t\t<div class=\"elementor-widget-container\">\n\t\t\t\t\t\t\t\t\t<div class=\"ce_text block\"><h2 class=\"ce_text block\">Documents officiels<\/h2><p class=\"ce_text block\"><a href=\"https:\/\/pneumo.ch\/wp-content\/uploads\/2025\/05\/StrategieSGP2025.F.pdf\">Strat\u00e9gie SSP 2025<\/a><\/p><p><a href=\"https:\/\/pneumo.ch\/fr\/files\/pneumo\/pdf\/Fachpersonen\/Qualita%CC%88tsstrategie%20der%20SGP.pdf\/\">Qualit\u00e4tsstrategie SGP 2018<\/a><\/p><\/div><div><div><h2 class=\"ce_headline\"><br \/>Documents des Assembl\u00e9es g\u00e9n\u00e9rales<\/h2><h5 class=\"ce_headline\">73e Assembl\u00e9e g\u00e9n\u00e9rale 2025 de la SSP<\/h5><\/div><div class=\"ce_text block\"><p><a href=\"https:\/\/pneumo.ch\/wp-content\/uploads\/2025\/06\/Protokoll.MV_.SGP2025.FR_.pdf\">Proc\u00e8s verbal de la 73\u00e8me AG SSP 2025<\/a>, <a href=\"https:\/\/pneumo.ch\/wp-content\/uploads\/2025\/06\/MV-SGP-2025_Finale_FR.pdf\">Pr\u00e9sentation powerpoint<\/a>\u00a0<\/p><\/div><div class=\"ce_text block\"><p><a href=\"https:\/\/pneumo.ch\/wp-content\/uploads\/2025\/04\/Traktandenliste-MV-SGP-2025.pdf\">Ordre du jour 2025<\/a><\/p><\/div><div class=\"ce_text block\"><p><a href=\"https:\/\/pneumo.ch\/wp-content\/uploads\/2025\/04\/SGP-Society-_Abschluss-2024_Bilanz.pdf\">Bilan 2024<\/a><\/p><\/div><div class=\"ce_text block\"><p><a href=\"https:\/\/pneumo.ch\/wp-content\/uploads\/2025\/04\/SGP-Society_Abschluss-2024_Jahresrechnung.pdf\">Comptes annuels 2024<\/a><br \/><a href=\"https:\/\/pneumo.ch\/wp-content\/uploads\/2025\/04\/Status-et-reglements-de-la-SSP_2025_NEU.pdf\">Status et r\u00e8glements<\/a><\/p><\/div><div class=\"ce_text block\"><p><a href=\"https:\/\/pneumo.ch\/wp-content\/uploads\/2025\/06\/Index-Budget-2025_V2_CTH_MARJAM.pdf\">Budget 2025<\/a><\/p><p>72e Assembl\u00e9e g\u00e9n\u00e9rale 2024 de la SSP<\/p><\/div><\/div><div class=\"ce_text block\"><p><a href=\"https:\/\/pneumo.ch\/wp-content\/uploads\/2024\/12\/Protokoll-MV-SGP-2024_FR.pdf\">Proc\u00e8s verbal 72i\u00e8me AG SSP 2024<\/a><\/p><\/div><div class=\"ce_text block\"><p><a href=\"https:\/\/pneumo.ch\/wp-content\/uploads\/2024\/12\/Traktandenliste-MV-SGP-2024_NEU.pdf\" target=\"_blank\" rel=\"noopener\">Ordre du jour 2024<\/a><\/p><\/div><div class=\"ce_text block\"><p><a href=\"https:\/\/pneumo.ch\/wp-content\/uploads\/2024\/12\/SGP-Society-_Bilanz-2023_DEF.pdf\">Bilan 2023<\/a><\/p><\/div><div class=\"ce_text block\"><p><a href=\"https:\/\/pneumo.ch\/wp-content\/uploads\/2024\/12\/SGP-Society-_ER_2023-_DEF.pdf\" target=\"_blank\" rel=\"noopener\">Comptes annuels 2023<\/a><\/p><\/div><div class=\"ce_text block\"><p><a href=\"https:\/\/pneumo.ch\/wp-content\/uploads\/2024\/12\/SGP-Index-Budget-2024_.pdf\" target=\"_blank\" rel=\"noopener\">Budget 2024<\/a><\/p><p>71e Assembl\u00e9e g\u00e9n\u00e9rale 2023 de la SSP<\/p><\/div><div class=\"ce_text block\"><p><a href=\"https:\/\/pneumo.ch\/wp-content\/uploads\/2024\/12\/ProtokollMV-SGP-2023-DEF.pdf\">Proc\u00e8s verbal 71i\u00e8me AG SSP 2023<\/a><\/p><\/div><div class=\"ce_text block\"><p><a href=\"https:\/\/pneumo.ch\/wp-content\/uploads\/2024\/12\/Traktandenliste-MV-SGP-2023-.pdf\">Ordre du jour 2023<\/a><\/p><\/div><div class=\"ce_text block\"><p><a href=\"https:\/\/pneumo.ch\/wp-content\/uploads\/2024\/12\/Revisionsbericht-inkl.-Jahresrechnung-SGP-2022-volles-Format_signiert_NEU-2.pdf\">Bilan 2022<\/a><\/p><\/div><div class=\"ce_text block\"><p><a href=\"https:\/\/pneumo.ch\/wp-content\/uploads\/2024\/12\/Revisionsbericht-inkl.-Jahresrechnung-SGP-2022-volles-Format_signiert_NEU-1.pdf\">Comptes annuels 2022<\/a><\/p><\/div><div class=\"ce_text block\"><p><a href=\"https:\/\/pneumo.ch\/wp-content\/uploads\/2024\/12\/SGP-Index-Budget-2023_V3.pdf\">Budget 2023<\/a><\/p><\/div><div class=\"ce_text block\"><p><a href=\"https:\/\/pneumo.ch\/wp-content\/uploads\/2024\/12\/Ubersicht_neue-Mitglieder_GV2023_2023-05-17.pdf\">Nouveaux membres<\/a><\/p><p>70e Assembl\u00e9e g\u00e9n\u00e9rale 2022 de la SSP<\/p><\/div><div class=\"ce_text block\"><p><a href=\"https:\/\/pneumo.ch\/wp-content\/uploads\/2024\/12\/Protokoll-MV-SGP-2022_DE.pdf\">Proc\u00e8s verbal 70\u00e8me AG SSP 2022<\/a><\/p><\/div><div class=\"ce_text block\"><p><a href=\"https:\/\/pneumo.ch\/fr\/files\/pneumo\/pdf\/fachpersonen\/Mitgliederbereich\/01_Traktandenliste%20MV%20SGP%202022.pdf\/\" target=\"_blank\" rel=\"noopener\">Ordre du jour 2022<\/a><\/p><\/div><div class=\"ce_text block\"><p><a href=\"https:\/\/pneumo.ch\/wp-content\/uploads\/2024\/12\/02-Bilanz-2021.pdf\">Bilan 2021<\/a><\/p><\/div><div class=\"ce_text block\"><p><a href=\"https:\/\/pneumo.ch\/wp-content\/uploads\/2024\/12\/03-Jahresrechnung-2021.pdf\">Comptes annuels 2021<\/a><\/p><\/div><div class=\"ce_text block\"><p><a href=\"https:\/\/pneumo.ch\/fr\/files\/pneumo\/pdf\/Fachpersonen\/Mitgliederbereich\/04%20Budget%202022.pdf\/\">Budget 2022<\/a><\/p><p>69e Assembl\u00e9e g\u00e9n\u00e9rale 2021 de la SSP<\/p><\/div><div class=\"ce_text block\"><p><a href=\"https:\/\/pneumo.ch\/wp-content\/uploads\/2024\/12\/Protokoll-MV-SGP-2021DEF.pdf\" target=\"_blank\" rel=\"noopener\">Proc\u00e8s verbal 69\u00e8me AG SSP 2021<\/a><\/p><\/div><div class=\"ce_text block\"><p><a href=\"https:\/\/pneumo.ch\/wp-content\/uploads\/2024\/12\/01_Traktanden-2021.pdf\" target=\"_blank\" rel=\"noopener\">Ordre du jour 2021<\/a><\/p><\/div><div class=\"ce_text block\"><p><a href=\"https:\/\/pneumo.ch\/wp-content\/uploads\/2024\/12\/SGP_Bilanz_2020_20210810_rle.pdf\" target=\"_blank\" rel=\"noopener\">Bilan 2020<\/a><\/p><\/div><div class=\"ce_text block\"><p><a href=\"https:\/\/pneumo.ch\/wp-content\/uploads\/2024\/12\/SGP_ER_2020_20210810_rle.pdf\" target=\"_blank\" rel=\"noopener\">Comptes annuel 2020<\/a><\/p><\/div><div class=\"ce_text block\"><p><a href=\"https:\/\/pneumo.ch\/wp-content\/uploads\/2024\/12\/04_Budget-2021.pdf\" target=\"_blank\" rel=\"noopener\">Budget 2021<\/a><\/p><p>68e Assembl\u00e9e g\u00e9n\u00e9rale 2020 de la SSP<\/p><\/div><div class=\"ce_text block\"><p><a href=\"https:\/\/pneumo.ch\/wp-content\/uploads\/2024\/12\/Protokoll-MV-SGP-2020_DFKorr.pdf\" target=\"_blank\" rel=\"noopener\">Proc\u00e8s verbal 68\u00e8me AG SSP 2020<\/a><\/p><\/div><div class=\"ce_text block\"><p><a href=\"https:\/\/pneumo.ch\/fr\/\" target=\"_blank\" rel=\"noopener\">Ordre du jour 2020<\/a><\/p><\/div><div class=\"ce_text block\"><p><a href=\"https:\/\/pneumo.ch\/wp-content\/uploads\/2024\/12\/SGP-Jahresabschluss-2019_Bilanz.pdf\" target=\"_blank\" rel=\"noopener\">Bilan 2019<\/a><\/p><\/div><div class=\"ce_text block\"><p><a href=\"https:\/\/pneumo.ch\/wp-content\/uploads\/2024\/12\/SGP-Index-final_Audit.pdf\" target=\"_blank\" rel=\"noopener\">Comptes annuel 2019<\/a><\/p><\/div><div class=\"ce_text block\"><p><a href=\"https:\/\/pneumo.ch\/wp-content\/uploads\/2024\/12\/SGP-Index-Budget-2020-Detailansicht.pdf\" target=\"_blank\" rel=\"noopener\">Budget 2020<\/a><\/p><\/div><div class=\"ce_text block\"><p><a href=\"https:\/\/pneumo.ch\/fr\/files\/pneumo\/pdf\/Fachpersonen\/Mitgliederbereich\/Liste%20der%20Neuaufnahmen.pdf\/\" target=\"_blank\" rel=\"noopener\">Liste des nouvelles admissions<\/a><\/p><p>67e Assembl\u00e9e g\u00e9n\u00e9rale 2019 de la SSP<\/p><\/div><div class=\"ce_text block\"><p><a href=\"https:\/\/pneumo.ch\/wp-content\/uploads\/2024\/12\/Protokoll-MV-SGP-2019-Montreux.pdf\" target=\"_blank\" rel=\"noopener\">Proc\u00e8s verbal 67\u00e8me AG SSP 2019<\/a><\/p><\/div><div class=\"ce_text block\"><p><a href=\"https:\/\/pneumo.ch\/wp-content\/uploads\/2024\/12\/Traktandenliste-MV-SGP-2019-Montreux.pdf\">Ordre du jour 2019<\/a><\/p><\/div><div class=\"ce_text block\"><p><a href=\"https:\/\/pneumo.ch\/wp-content\/uploads\/2024\/12\/SGP-Society-2018-Bilanz.pdf\" target=\"_blank\" rel=\"noopener\">Bilan 2018<\/a><\/p><\/div><div class=\"ce_text block\"><p><a href=\"https:\/\/pneumo.ch\/wp-content\/uploads\/2024\/12\/SGP-Society-2018_Jahresrechnung.pdf\" target=\"_blank\" rel=\"noopener\">Comptes annuel 2018<\/a><\/p><\/div><div class=\"ce_text block\"><p><a href=\"https:\/\/pneumo.ch\/wp-content\/uploads\/2024\/12\/SGP-Index-Budget-2019_Detailubersicht_V3.pdf\" target=\"_blank\" rel=\"noopener\">Budget 2019<\/a><\/p><\/div><div class=\"ce_text block\"><p><a href=\"https:\/\/pneumo.ch\/wp-content\/uploads\/2024\/12\/Statuten-SGP-2019-D-.pdf\" target=\"_blank\" rel=\"noopener\">Statuts SSP 2019<\/a><\/p><\/div><div class=\"ce_text block\"><p><a href=\"https:\/\/pneumo.ch\/wp-content\/uploads\/2024\/12\/Liste-Neuaufnahmen-2019.pdf\" target=\"_blank\" rel=\"noopener\">Liste des nouvelles admissions<\/a><\/p><p>66e Assembl\u00e9e g\u00e9n\u00e9rale 2018 de la SSP<\/p><\/div><div class=\"ce_text block\"><p><a href=\"https:\/\/pneumo.ch\/wp-content\/uploads\/2024\/12\/Protokoll-MV-SGP-2018.pdf\" target=\"_blank\" rel=\"noopener\">Proc\u00e8s verbal 66\u00e8me AG SSP 2018<\/a><\/p><\/div><div class=\"ce_text block\"><p><a title=\"Traktanden GV 2017 SGP\" href=\"https:\/\/pneumo.ch\/wp-content\/uploads\/2024\/12\/Traktandenliste-MV-SGP-2018-St.Gallen_Def.pdf\" target=\"_blank\" rel=\"noopener\">Ordre du jour 2018<\/a><\/p><\/div><div class=\"ce_text block\"><p><a title=\"Bilan 2017\" href=\"https:\/\/pneumo.ch\/wp-content\/uploads\/2024\/12\/SGP-2017-Bilanz.pdf\">Bilan 2017<\/a><\/p><\/div><div class=\"ce_text block\"><p><a title=\"Comptes annuel 2017\" href=\"https:\/\/pneumo.ch\/wp-content\/uploads\/2024\/12\/SGP-Jahresrechnung-2017-.pdf\">Comptes annuel 2017<\/a>,\u00a0<a title=\"budget 2018 (version 1)\" href=\"https:\/\/pneumo.ch\/wp-content\/uploads\/2024\/12\/SGP-2018-Budget-525.pdf\">budget 2018 (version 1)<\/a>,\u00a0<a title=\"budget 2018 (version 2)\" href=\"https:\/\/pneumo.ch\/wp-content\/uploads\/2024\/12\/SGP-2018-Budget-500.pdf\">budget 2018 (version 2)<\/a>,\u00a0<a title=\"budget 2018 (version 3)\" href=\"https:\/\/pneumo.ch\/wp-content\/uploads\/2024\/12\/SGP-2018-Budget-475.pdf\">budget 2018 (version 3)<\/a><\/p><\/div><div class=\"ce_text block\"><p><a href=\"https:\/\/pneumo.ch\/wp-content\/uploads\/2024\/12\/Protokoll-der-65.-MV-SGP-2017-deutsch.pdf\" target=\"_blank\" rel=\"noopener\">Proc\u00e8s verbal 65\u00e8me AG SSP 2017\u00a0<\/a><\/p><\/div><p class=\"ce_text block\">\u00a0<\/p>\t\t\t\t\t\t\t\t<\/div>\n\t\t\t\t<\/div>\n\t\t\t\t<\/div>\n\t\t\t\t\t<\/div>\n\t\t\t\t<\/div>\n\t\t\t\t<\/div>","protected":false},"excerpt":{"rendered":"<p>Protokolle und Berichte Offizielle Dokumente Strategie SGP 2025 Qualit\u00e4tsstrategie SGP 2018 Dokumente der Generalversammlungen 73. Mitgliederversammlung 2025 der SGP Protokoll der 73. MV SGP 2025, Powerpoint Pr\u00e4sentation\u00a0 Traktanden 2025 Bilanz 2024 Jahresrechnung 2024Statuten Budget 2025 72. Mitgliederversammlung 2024 der SGP Protokoll der 72. MV SGP 2024 Traktanden 2024 Bilanz 2023 Jahresrechnung 2023 Budget 2024 71. [&hellip;]<\/p>","protected":false},"author":1,"featured_media":0,"parent":0,"menu_order":0,"comment_status":"closed","ping_status":"closed","template":"","meta":{"footnotes":""},"class_list":["post-2144","page","type-page","status-publish","hentry"],"_links":{"self":[{"href":"https:\/\/pneumo.ch\/fr\/wp-json\/wp\/v2\/pages\/2144","targetHints":{"allow":["GET"]}}],"collection":[{"href":"https:\/\/pneumo.ch\/fr\/wp-json\/wp\/v2\/pages"}],"about":[{"href":"https:\/\/pneumo.ch\/fr\/wp-json\/wp\/v2\/types\/page"}],"author":[{"embeddable":true,"href":"https:\/\/pneumo.ch\/fr\/wp-json\/wp\/v2\/users\/1"}],"replies":[{"embeddable":true,"href":"https:\/\/pneumo.ch\/fr\/wp-json\/wp\/v2\/comments?post=2144"}],"version-history":[{"count":118,"href":"https:\/\/pneumo.ch\/fr\/wp-json\/wp\/v2\/pages\/2144\/revisions"}],"predecessor-version":[{"id":4582,"href":"https:\/\/pneumo.ch\/fr\/wp-json\/wp\/v2\/pages\/2144\/revisions\/4582"}],"wp:attachment":[{"href":"https:\/\/pneumo.ch\/fr\/wp-json\/wp\/v2\/media?parent=2144"}],"curies":[{"name":"wp","href":"https:\/\/api.w.org\/{rel}","templated":true}]}}