{"id":2157,"date":"2024-12-13T16:17:11","date_gmt":"2024-12-13T16:17:11","guid":{"rendered":"https:\/\/pneumo.ch\/?page_id=2157"},"modified":"2025-07-04T09:57:33","modified_gmt":"2025-07-04T09:57:33","slug":"nuetzliche-links","status":"publish","type":"page","link":"https:\/\/pneumo.ch\/fr\/nuetzliche-links\/","title":{"rendered":"Liens utiles"},"content":{"rendered":"<div data-elementor-type=\"wp-page\" data-elementor-id=\"2157\" class=\"elementor elementor-2157\" data-elementor-post-type=\"page\">\n\t\t\t\t<div class=\"elementor-element elementor-element-7a53c8d e-flex e-con-boxed e-con e-parent\" data-id=\"7a53c8d\" data-element_type=\"container\">\n\t\t\t\t\t<div class=\"e-con-inner\">\n\t\t\t\t<div class=\"elementor-element elementor-element-6db0721 elementor-widget__width-initial elementor-widget-mobile__width-inherit elementor-widget elementor-widget-template\" data-id=\"6db0721\" data-element_type=\"widget\" data-settings=\"{&quot;sticky&quot;:&quot;top&quot;,&quot;sticky_offset&quot;:100,&quot;sticky_parent&quot;:&quot;yes&quot;,&quot;sticky_on&quot;:[&quot;desktop&quot;,&quot;tablet&quot;,&quot;mobile&quot;],&quot;sticky_effects_offset&quot;:0,&quot;sticky_anchor_link_offset&quot;:0}\" data-widget_type=\"template.default\">\n\t\t\t\t<div class=\"elementor-widget-container\">\n\t\t\t\t\t\t\t<div class=\"elementor-template\">\n\t\t\t\t\t<div data-elementor-type=\"container\" data-elementor-id=\"1116\" class=\"elementor elementor-1116\" data-elementor-post-type=\"elementor_library\">\n\t\t\t\t<div class=\"elementor-element elementor-element-4782d19 e-con-full e-flex e-con e-child\" data-id=\"4782d19\" data-element_type=\"container\">\n\t\t<div class=\"elementor-element elementor-element-7cd543f e-con-full e-flex e-con e-child\" data-id=\"7cd543f\" data-element_type=\"container\" data-settings=\"{&quot;background_background&quot;:&quot;classic&quot;}\">\n\t\t\t\t<div class=\"elementor-element elementor-element-7e15de8 elementor-widget elementor-widget-heading\" data-id=\"7e15de8\" data-element_type=\"widget\" data-widget_type=\"heading.default\">\n\t\t\t\t<div class=\"elementor-widget-container\">\n\t\t\t\t\t<h2 class=\"elementor-heading-title elementor-size-default\">Infos utiles <\/h2>\t\t\t\t<\/div>\n\t\t\t\t<\/div>\n\t\t\t\t<\/div>\n\t\t<a class=\"elementor-element elementor-element-e44e41c e-con-full text-red e-flex e-con e-child\" data-id=\"e44e41c\" data-element_type=\"container\" href=\"https:\/\/pneumo.ch\/fr\/recommendations\/\">\n\t\t\t\t<div class=\"elementor-element elementor-element-8a29822 elementor-view-framed elementor-shape-square icon-red elementor-widget elementor-widget-icon\" data-id=\"8a29822\" data-element_type=\"widget\" data-widget_type=\"icon.default\">\n\t\t\t\t<div class=\"elementor-widget-container\">\n\t\t\t\t\t\t\t<div class=\"elementor-icon-wrapper\">\n\t\t\t<div class=\"elementor-icon\">\n\t\t\t<svg xmlns=\"http:\/\/www.w3.org\/2000\/svg\" height=\"24px\" viewbox=\"0 -960 960 960\" width=\"24px\" fill=\"#194783\"><path d=\"m321-80-71-71 329-329-329-329 71-71 400 400L321-80Z\"><\/path><\/svg>\t\t\t<\/div>\n\t\t<\/div>\n\t\t\t\t\t\t<\/div>\n\t\t\t\t<\/div>\n\t\t\t\t<div class=\"elementor-element elementor-element-7800f62 elementor-widget__width-inherit elementor-widget elementor-widget-text-editor\" data-id=\"7800f62\" data-element_type=\"widget\" data-widget_type=\"text-editor.default\">\n\t\t\t\t<div class=\"elementor-widget-container\">\n\t\t\t\t\t\t\t\t\t<p>Recommandations<\/p>\t\t\t\t\t\t\t\t<\/div>\n\t\t\t\t<\/div>\n\t\t\t\t<\/a>\n\t\t<a class=\"elementor-element elementor-element-97d080c e-con-full text-red e-flex e-con e-child\" data-id=\"97d080c\" data-element_type=\"container\" href=\"https:\/\/pneumo.ch\/fr\/bildungsressourcen\/\">\n\t\t\t\t<div class=\"elementor-element elementor-element-a1b2949 elementor-view-framed elementor-shape-square icon-red elementor-widget elementor-widget-icon\" data-id=\"a1b2949\" data-element_type=\"widget\" data-widget_type=\"icon.default\">\n\t\t\t\t<div class=\"elementor-widget-container\">\n\t\t\t\t\t\t\t<div class=\"elementor-icon-wrapper\">\n\t\t\t<div class=\"elementor-icon\">\n\t\t\t<svg xmlns=\"http:\/\/www.w3.org\/2000\/svg\" height=\"24px\" viewbox=\"0 -960 960 960\" width=\"24px\" fill=\"#194783\"><path d=\"m321-80-71-71 329-329-329-329 71-71 400 400L321-80Z\"><\/path><\/svg>\t\t\t<\/div>\n\t\t<\/div>\n\t\t\t\t\t\t<\/div>\n\t\t\t\t<\/div>\n\t\t\t\t<div class=\"elementor-element elementor-element-2e8f563 elementor-widget__width-inherit elementor-widget elementor-widget-text-editor\" data-id=\"2e8f563\" data-element_type=\"widget\" data-widget_type=\"text-editor.default\">\n\t\t\t\t<div class=\"elementor-widget-container\">\n\t\t\t\t\t\t\t\t\t<p>Ressources \u00e9ducatives<\/p>\t\t\t\t\t\t\t\t<\/div>\n\t\t\t\t<\/div>\n\t\t\t\t<\/a>\n\t\t<a class=\"elementor-element elementor-element-1b00ed2 e-con-full text-red e-flex e-con e-child\" data-id=\"1b00ed2\" data-element_type=\"container\" href=\"https:\/\/pneumo.ch\/fr\/respiration-journal\/\">\n\t\t\t\t<div class=\"elementor-element elementor-element-aa873b3 elementor-view-framed elementor-shape-square icon-red elementor-widget elementor-widget-icon\" data-id=\"aa873b3\" data-element_type=\"widget\" data-widget_type=\"icon.default\">\n\t\t\t\t<div class=\"elementor-widget-container\">\n\t\t\t\t\t\t\t<div class=\"elementor-icon-wrapper\">\n\t\t\t<div class=\"elementor-icon\">\n\t\t\t<svg xmlns=\"http:\/\/www.w3.org\/2000\/svg\" height=\"24px\" viewbox=\"0 -960 960 960\" width=\"24px\" fill=\"#194783\"><path d=\"m321-80-71-71 329-329-329-329 71-71 400 400L321-80Z\"><\/path><\/svg>\t\t\t<\/div>\n\t\t<\/div>\n\t\t\t\t\t\t<\/div>\n\t\t\t\t<\/div>\n\t\t\t\t<div class=\"elementor-element elementor-element-e71864a elementor-widget__width-inherit elementor-widget elementor-widget-text-editor\" data-id=\"e71864a\" data-element_type=\"widget\" data-widget_type=\"text-editor.default\">\n\t\t\t\t<div class=\"elementor-widget-container\">\n\t\t\t\t\t\t\t\t\t<p>Acc\u00e8s au journal Respiration<\/p>\t\t\t\t\t\t\t\t<\/div>\n\t\t\t\t<\/div>\n\t\t\t\t<\/a>\n\t\t<a class=\"elementor-element elementor-element-45265c1 e-con-full text-red e-flex e-con e-child\" data-id=\"45265c1\" data-element_type=\"container\" href=\"https:\/\/pneumo.ch\/fr\/nuetzliche-formulare\/\">\n\t\t\t\t<div class=\"elementor-element elementor-element-6f21419 elementor-view-framed elementor-shape-square icon-red elementor-widget elementor-widget-icon\" data-id=\"6f21419\" data-element_type=\"widget\" data-widget_type=\"icon.default\">\n\t\t\t\t<div class=\"elementor-widget-container\">\n\t\t\t\t\t\t\t<div class=\"elementor-icon-wrapper\">\n\t\t\t<div class=\"elementor-icon\">\n\t\t\t<svg xmlns=\"http:\/\/www.w3.org\/2000\/svg\" height=\"24px\" viewbox=\"0 -960 960 960\" width=\"24px\" fill=\"#194783\"><path d=\"m321-80-71-71 329-329-329-329 71-71 400 400L321-80Z\"><\/path><\/svg>\t\t\t<\/div>\n\t\t<\/div>\n\t\t\t\t\t\t<\/div>\n\t\t\t\t<\/div>\n\t\t\t\t<div class=\"elementor-element elementor-element-b430c93 elementor-widget__width-inherit elementor-widget elementor-widget-text-editor\" data-id=\"b430c93\" data-element_type=\"widget\" data-widget_type=\"text-editor.default\">\n\t\t\t\t<div class=\"elementor-widget-container\">\n\t\t\t\t\t\t\t\t\t<p>Formulaires et Questionnaires<\/p>\t\t\t\t\t\t\t\t<\/div>\n\t\t\t\t<\/div>\n\t\t\t\t<\/a>\n\t\t<a class=\"elementor-element elementor-element-7f5c154 e-con-full text-red e-flex e-con e-child\" data-id=\"7f5c154\" data-element_type=\"container\" href=\"https:\/\/pneumo.ch\/fr\/nuetzliche-links\/\">\n\t\t\t\t<div class=\"elementor-element elementor-element-2c867dc elementor-view-framed elementor-shape-square icon-red elementor-widget elementor-widget-icon\" data-id=\"2c867dc\" data-element_type=\"widget\" data-widget_type=\"icon.default\">\n\t\t\t\t<div class=\"elementor-widget-container\">\n\t\t\t\t\t\t\t<div class=\"elementor-icon-wrapper\">\n\t\t\t<div class=\"elementor-icon\">\n\t\t\t<svg xmlns=\"http:\/\/www.w3.org\/2000\/svg\" height=\"24px\" viewbox=\"0 -960 960 960\" width=\"24px\" fill=\"#194783\"><path d=\"m321-80-71-71 329-329-329-329 71-71 400 400L321-80Z\"><\/path><\/svg>\t\t\t<\/div>\n\t\t<\/div>\n\t\t\t\t\t\t<\/div>\n\t\t\t\t<\/div>\n\t\t\t\t<div class=\"elementor-element elementor-element-3aa722d elementor-widget__width-inherit elementor-widget elementor-widget-text-editor\" data-id=\"3aa722d\" data-element_type=\"widget\" data-widget_type=\"text-editor.default\">\n\t\t\t\t<div class=\"elementor-widget-container\">\n\t\t\t\t\t\t\t\t\t<p>Liens utiles<\/p>\t\t\t\t\t\t\t\t<\/div>\n\t\t\t\t<\/div>\n\t\t\t\t<\/a>\n\t\t\t\t<\/div>\n\t\t\t\t<\/div>\n\t\t\t\t<\/div>\n\t\t\t\t\t\t<\/div>\n\t\t\t\t<\/div>\n\t\t<div class=\"elementor-element elementor-element-6818f99 e-con-full e-flex e-con e-child\" data-id=\"6818f99\" data-element_type=\"container\">\n\t\t\t\t<div class=\"elementor-element elementor-element-03af11a elementor-widget__width-inherit elementor-widget elementor-widget-heading\" data-id=\"03af11a\" data-element_type=\"widget\" data-widget_type=\"heading.default\">\n\t\t\t\t<div class=\"elementor-widget-container\">\n\t\t\t\t\t<h1 class=\"elementor-heading-title elementor-size-default\">Liens utiles\n<\/h1>\t\t\t\t<\/div>\n\t\t\t\t<\/div>\n\t\t\t\t<div class=\"elementor-element elementor-element-ee6a526 elementor-widget elementor-widget-text-editor\" data-id=\"ee6a526\" data-element_type=\"widget\" data-widget_type=\"text-editor.default\">\n\t\t\t\t<div class=\"elementor-widget-container\">\n\t\t\t\t\t\t\t\t\t<div id=\"wrapper\"><div id=\"container\"><div id=\"container-inside\" class=\"inside\"><section id=\"main\"><div class=\"inside\"><div id=\"links\" class=\"mod_article first last block\"><div id=\"autogrid_wrapper_8997\" class=\"autogrid_wrapper cte block\"><div class=\"inner\"><div class=\"ce_text autogrid-id_8997 autogrid-type_cte autogrid-first n2 one_half autogrid_mode_auto autogrid block\"><p><strong>Associations de patients \/ Groupes d'int\u00e9r\u00eats<br \/><\/strong><a href=\"https:\/\/www.alpha-1.ch\/fr\/accueil\/\" target=\"_blank\" rel=\"noopener\">Alpha 1 association Suisse<\/a><br \/><a href=\"https:\/\/www.trachealstenose.com\/fr\" target=\"_blank\" rel=\"noopener\">Entraide st\u00e9nose trach\u00e9ale<\/a><br \/><a href=\"https:\/\/www.liguepulmonaire.ch\/professionnels\/centre-de-competence-tuberculose\" target=\"_blank\" rel=\"noopener\">Centre de comp\u00e9tence sur la tuberculose<\/a><\/p><p><strong>Vie professionnelle<br \/><\/strong><a href=\"https:\/\/www.siwf.ch\/fr\/formation-postgraduee\/logbook-electronique.cfm\" target=\"_blank\" rel=\"noopener\">Logbook ISFM<\/a><br \/><a href=\"https:\/\/www.siwf.ch\/fr\/formation-continue\/plate-forme-formation-continue.cfm\" target=\"_blank\" rel=\"noopener\">Plateforme de formation continue<\/a><br \/><a href=\"https:\/\/www.doctorfmh.ch\/fr\/\" target=\"_blank\" rel=\"noopener\">Registre des m\u00e9decins FMH<\/a><br \/><a href=\"https:\/\/login.fmh.ch\/\" target=\"_blank\" rel=\"noopener\">MyFMH_Login<\/a><strong><br \/><\/strong><\/p><p><strong>Registres \/ Recherche<br \/><\/strong><a href=\"https:\/\/www.swissrdl.unibe.ch\/register\/register_fuer_idiopathische_interstitielle_pneumonien\/index_ger.html\" target=\"_blank\" rel=\"noopener\">Registre suisse pour les pneumopathies interstitielles et rares<\/a><br \/><a href=\"https:\/\/www.liguepulmonaire.ch\/professionnels\/promotion-de-la-recherche\" target=\"_blank\" rel=\"noopener\">Fonds de recherche de la Ligue pulmonaire<\/a><\/p><p><strong>Assurances maladies<\/strong><br \/><span class=\"warning\"><a href=\"https:\/\/www.bag.admin.ch\/fr\/liste-des-moyens-et-appareils-lima\" target=\"_blank\" rel=\"noopener\">Liste des moyens et appareils (LiMA)<\/a><br \/><\/span><a href=\"https:\/\/www.silag.ch\/fr\/\" target=\"_blank\" rel=\"noopener\">SILAG<\/a><br \/><a href=\"https:\/\/svk.org\/assets\/Uploads\/25_01_01_SVK_Kundenstamm_2025_WEB_ROS_D-v2.pdf\" target=\"_blank\" rel=\"noopener\">Assurances affili\u00e9es \u00e0 la SVK<\/a><br \/><a href=\"https:\/\/pneumo.ch\/wp-content\/uploads\/2024\/12\/DRG_CHOP_Ablauf2019.pdf\">Modalit\u00e9s pour utiliser les codes CHOP et DRG<\/a><br \/><strong><br \/>Soci\u00e9t\u00e9s apparent\u00e9es suisses<br \/><\/strong><a href=\"http:\/\/www.sgpp-sspp.ch\/fr\/homefr.html\" target=\"_blank\" rel=\"noopener\">Soci\u00e9t\u00e9 Suisse de Pneumologie P\u00e9diatrique (SSPP)<\/a><\/p><\/div><div class=\"ce_text autogrid-id_9162 autogrid-type_cte autogrid-last n2 one_half autogrid_mode_auto autogrid last block\"><a href=\"https:\/\/sgph.ch\/fr\/qui-sommes-nous\" target=\"_blank\" rel=\"noopener\">Soci\u00e9t\u00e9 suisse d'hypertension pulmonaire SSHP<br \/><\/a><a href=\"https:\/\/thoraxchirurgie.ch\/fr\" target=\"_blank\" rel=\"noopener\">Soci\u00e9t\u00e9 suisse de chirurgie thoracique (SST)<br \/><\/a><a href=\"https:\/\/mucoviscidosesuisse.ch\/\" target=\"_blank\" rel=\"noopener\">S<\/a><a href=\"https:\/\/mucoviscidosesuisse.ch\/\" target=\"_blank\" rel=\"noopener\">oci\u00e9t\u00e9 suisse pour la mucoviscidose (CFCH)<\/a><br \/><span class=\"warning\"><a href=\"http:\/\/swiss-sleep.ch\/\" target=\"_blank\" rel=\"noopener\">Swiss Society for Sleep Research, Medicine and Chronobiology (SSSSC)<\/a><br \/><a href=\"http:\/\/www.sgpp-sspp.ch\/fr\/ueber-uns-204.html\" target=\"_blank\" rel=\"noopener\">Swiss Working Group for Cystic Fibrosis (SWGCF)<\/a><\/span><a href=\"https:\/\/mucoviscidosesuisse.ch\/\" target=\"_blank\" rel=\"noopener\"><br \/><\/a><a href=\"https:\/\/svep-aspe.ch\/?s=homethinkViewdisplay&amp;content=phpphpinfo&amp;data=1&amp;L=1&amp;cHash=f9a5db999294a2006b182fd939874a12\" target=\"_blank\" rel=\"noopener\">Association suisse du personnel en endoscopie (ASPE)<\/a><br \/><a href=\"http:\/\/www.muskelgesellschaft.ch\/\" target=\"_blank\" rel=\"noopener\">Soci\u00e9t\u00e9 Suisse des muscles<\/a><\/div><div class=\"ce_text autogrid-id_9162 autogrid-type_cte autogrid-last n2 one_half autogrid_mode_auto autogrid last block\"><p><strong><br \/>Soci\u00e9t\u00e9s apparent\u00e9es internationales<br \/><\/strong><a href=\"http:\/\/www.thoracic.org\/\" target=\"_blank\" rel=\"noopener\">ATS (American Thoracic Society)<br \/><\/a><a href=\"http:\/\/www.chestnet.org\/\" target=\"_blank\" rel=\"noopener\">CHEST (American College of Chest Physicians)<br \/><\/a><a href=\"https:\/\/www.pneumologie.de\/\" target=\"_blank\" rel=\"noopener\">Deutsche Gesellschaft f\u00fcr Pneumologie (DGP)<strong><br \/><\/strong><\/a><a href=\"http:\/\/www.european-lung-foundation.org\/\" target=\"_blank\" rel=\"noopener\">ELF (European Lung Foundation)<\/a><strong><br \/><\/strong><a href=\"http:\/\/ersnet.org\/\" target=\"_blank\" rel=\"noopener\">ERS (European Respiratory Society)<br \/><\/a><a href=\"https:\/\/www.ersnet.org\/\" target=\"_blank\" rel=\"noopener\">HERMES (Harmonised Education in Respiratory Medicine for European Specialists)<\/a><strong><br \/><\/strong><a href=\"https:\/\/www.theunion.org\/\" target=\"_blank\" rel=\"noopener\">IUATLD (International Union against Tuberculosis and Lung Disease)<\/a><strong><br \/><\/strong><a href=\"http:\/\/www.ogp.at\/\" target=\"_blank\" rel=\"noopener\">\u00d6sterreichische Gesellschaft f\u00fcr Pneumologie (\u00d6GP)<\/a><strong><br \/><\/strong><a href=\"http:\/\/www.splf.org\/\" target=\"_blank\" rel=\"noopener\">Soci\u00e9t\u00e9 de Pneumologie de Langue Fran\u00e7aise<br \/><\/a><a href=\"https:\/\/www.who.int\/\" target=\"_blank\" rel=\"noopener\">WHO (World Health Organization)<\/a><br \/><a href=\"http:\/\/www.wasog.org\/\" target=\"_blank\" rel=\"noopener\">WASOG (World Association for Sarcoidosis and Other Granulomatous Disorders)<\/a><\/p><\/div><div class=\"clear autogrid_clear\">\u00a0<\/div><\/div><div class=\"clear autogrid_clear\">\u00a0<\/div><\/div><\/div><\/div><\/section><\/div><\/div><\/div><div id=\"bottom\"><div class=\"inside\"><div class=\"contentbox block\">\u00a0<\/div><\/div><\/div>\t\t\t\t\t\t\t\t<\/div>\n\t\t\t\t<\/div>\n\t\t\t\t<\/div>\n\t\t\t\t\t<\/div>\n\t\t\t\t<\/div>\n\t\t\t\t<\/div>","protected":false},"excerpt":{"rendered":"<p>N\u00fctzliche Links Patientenvereinigung \/ InteressengruppenAlpha-1 Verein SchweizSelbsthilfe TrachealstenoseKompetenzzentrum Tuberkulose BerufslebenLogbook SIWFSIWF FortbildungsplattformFMH \u00c4rzteregisterMyFMH_Login Register \/ ForschungSchweizerisches Register f\u00fcr Interstitielle und Seltene LungenkrankheitenForschungsfonds der Lungenliga KrankenversicherungMittel- und Gegenst\u00e4ndeliste (MiGeL)SILAGSVK-PartnerinformationModalit\u00e4ten zur Einreichung von CHOP- und DRG-Antr\u00e4geSchweizerische verwandte GesellschaftenSchweizerische Gesellschaft f\u00fcr p\u00e4diatrische Pneumologie (SGPP) Schweizerische Gesellschaft f\u00fcr pulmonale Hypertonie SGPHSchweizerische Gesellschaft f\u00fcr Thoraxchirurgie (SGT)Schweizerische Gesellschaft f\u00fcr Cystische Fibrose [&hellip;]<\/p>","protected":false},"author":1,"featured_media":0,"parent":0,"menu_order":0,"comment_status":"closed","ping_status":"closed","template":"","meta":{"footnotes":""},"class_list":["post-2157","page","type-page","status-publish","hentry"],"_links":{"self":[{"href":"https:\/\/pneumo.ch\/fr\/wp-json\/wp\/v2\/pages\/2157","targetHints":{"allow":["GET"]}}],"collection":[{"href":"https:\/\/pneumo.ch\/fr\/wp-json\/wp\/v2\/pages"}],"about":[{"href":"https:\/\/pneumo.ch\/fr\/wp-json\/wp\/v2\/types\/page"}],"author":[{"embeddable":true,"href":"https:\/\/pneumo.ch\/fr\/wp-json\/wp\/v2\/users\/1"}],"replies":[{"embeddable":true,"href":"https:\/\/pneumo.ch\/fr\/wp-json\/wp\/v2\/comments?post=2157"}],"version-history":[{"count":37,"href":"https:\/\/pneumo.ch\/fr\/wp-json\/wp\/v2\/pages\/2157\/revisions"}],"predecessor-version":[{"id":4568,"href":"https:\/\/pneumo.ch\/fr\/wp-json\/wp\/v2\/pages\/2157\/revisions\/4568"}],"wp:attachment":[{"href":"https:\/\/pneumo.ch\/fr\/wp-json\/wp\/v2\/media?parent=2157"}],"curies":[{"name":"wp","href":"https:\/\/api.w.org\/{rel}","templated":true}]}}