{"id":2180,"date":"2024-12-13T16:31:09","date_gmt":"2024-12-13T16:31:09","guid":{"rendered":"https:\/\/pneumo.ch\/?page_id=2180"},"modified":"2026-04-10T07:34:38","modified_gmt":"2026-04-10T07:34:38","slug":"pulmonale-rehabilitation-2","status":"publish","type":"page","link":"https:\/\/pneumo.ch\/fr\/pulmonale-rehabilitation-2\/","title":{"rendered":"R\u00e9habilitation Pulmonaire"},"content":{"rendered":"<div data-elementor-type=\"wp-page\" data-elementor-id=\"2180\" class=\"elementor elementor-2180\" data-elementor-post-type=\"page\">\n\t\t\t\t<div class=\"elementor-element elementor-element-a0f8df0 e-flex e-con-boxed e-con e-parent\" data-id=\"a0f8df0\" data-element_type=\"container\">\n\t\t\t\t\t<div class=\"e-con-inner\">\n\t\t\t\t<div class=\"elementor-element elementor-element-8b6aa03 elementor-widget__width-initial elementor-widget-mobile__width-inherit elementor-widget elementor-widget-template\" data-id=\"8b6aa03\" data-element_type=\"widget\" data-settings=\"{&quot;sticky&quot;:&quot;top&quot;,&quot;sticky_offset&quot;:100,&quot;sticky_parent&quot;:&quot;yes&quot;,&quot;sticky_on&quot;:[&quot;desktop&quot;,&quot;tablet&quot;,&quot;mobile&quot;],&quot;sticky_effects_offset&quot;:0,&quot;sticky_anchor_link_offset&quot;:0}\" data-widget_type=\"template.default\">\n\t\t\t\t<div class=\"elementor-widget-container\">\n\t\t\t\t\t\t\t<div class=\"elementor-template\">\n\t\t\t\t\t<div data-elementor-type=\"container\" data-elementor-id=\"1147\" class=\"elementor elementor-1147\" data-elementor-post-type=\"elementor_library\">\n\t\t\t\t<div class=\"elementor-element elementor-element-3e8c391 e-con-full e-flex e-con e-child\" data-id=\"3e8c391\" data-element_type=\"container\">\n\t\t<div class=\"elementor-element elementor-element-394fca0 e-con-full e-flex e-con e-child\" data-id=\"394fca0\" data-element_type=\"container\" data-settings=\"{&quot;background_background&quot;:&quot;classic&quot;}\">\n\t\t\t\t<div class=\"elementor-element elementor-element-c759458 elementor-widget elementor-widget-heading\" data-id=\"c759458\" data-element_type=\"widget\" data-widget_type=\"heading.default\">\n\t\t\t\t<div class=\"elementor-widget-container\">\n\t\t\t\t\t<h2 class=\"elementor-heading-title elementor-size-default\">Domaines Sp\u00e9cialis\u00e9s<\/h2>\t\t\t\t<\/div>\n\t\t\t\t<\/div>\n\t\t\t\t<\/div>\n\t\t<a class=\"elementor-element elementor-element-a3e48d7 e-con-full text-red e-flex e-con e-child\" data-id=\"a3e48d7\" data-element_type=\"container\" href=\"https:\/\/pneumo.ch\/fr\/Pulmonale-Rehabilitation\/\">\n\t\t\t\t<div class=\"elementor-element elementor-element-933cc6f elementor-view-framed elementor-shape-square icon-red elementor-widget elementor-widget-icon\" data-id=\"933cc6f\" data-element_type=\"widget\" data-widget_type=\"icon.default\">\n\t\t\t\t<div class=\"elementor-widget-container\">\n\t\t\t\t\t\t\t<div class=\"elementor-icon-wrapper\">\n\t\t\t<div class=\"elementor-icon\">\n\t\t\t<svg xmlns=\"http:\/\/www.w3.org\/2000\/svg\" height=\"24px\" viewbox=\"0 -960 960 960\" width=\"24px\" fill=\"#194783\"><path d=\"m321-80-71-71 329-329-329-329 71-71 400 400L321-80Z\"><\/path><\/svg>\t\t\t<\/div>\n\t\t<\/div>\n\t\t\t\t\t\t<\/div>\n\t\t\t\t<\/div>\n\t\t\t\t<div class=\"elementor-element elementor-element-dc0ccfd elementor-widget__width-inherit elementor-widget elementor-widget-text-editor\" data-id=\"dc0ccfd\" data-element_type=\"widget\" data-widget_type=\"text-editor.default\">\n\t\t\t\t<div class=\"elementor-widget-container\">\n\t\t\t\t\t\t\t\t\t<p>R\u00e9habilitation Pulmonaire<\/p>\t\t\t\t\t\t\t\t<\/div>\n\t\t\t\t<\/div>\n\t\t\t\t<\/a>\n\t\t<a class=\"elementor-element elementor-element-f7b142e e-con-full text-red e-flex e-con e-child\" data-id=\"f7b142e\" data-element_type=\"container\" href=\"https:\/\/pneumo.ch\/fr\/sig-airways-disease-and-respiratory-physiology\/\">\n\t\t\t\t<div class=\"elementor-element elementor-element-c31a0d8 elementor-view-framed elementor-shape-square icon-red elementor-widget elementor-widget-icon\" data-id=\"c31a0d8\" data-element_type=\"widget\" data-widget_type=\"icon.default\">\n\t\t\t\t<div class=\"elementor-widget-container\">\n\t\t\t\t\t\t\t<div class=\"elementor-icon-wrapper\">\n\t\t\t<div class=\"elementor-icon\">\n\t\t\t<svg xmlns=\"http:\/\/www.w3.org\/2000\/svg\" height=\"24px\" viewbox=\"0 -960 960 960\" width=\"24px\" fill=\"#194783\"><path d=\"m321-80-71-71 329-329-329-329 71-71 400 400L321-80Z\"><\/path><\/svg>\t\t\t<\/div>\n\t\t<\/div>\n\t\t\t\t\t\t<\/div>\n\t\t\t\t<\/div>\n\t\t\t\t<div class=\"elementor-element elementor-element-334d320 elementor-widget__width-inherit elementor-widget elementor-widget-text-editor\" data-id=\"334d320\" data-element_type=\"widget\" data-widget_type=\"text-editor.default\">\n\t\t\t\t<div class=\"elementor-widget-container\">\n\t\t\t\t\t\t\t\t\t<p>SIG Airways disease and respiratory physiology<\/p>\t\t\t\t\t\t\t\t<\/div>\n\t\t\t\t<\/div>\n\t\t\t\t<\/a>\n\t\t<a class=\"elementor-element elementor-element-5089804 e-con-full text-red e-flex e-con e-child\" data-id=\"5089804\" data-element_type=\"container\" href=\"https:\/\/pneumo.ch\/fr\/sig-allied-health-professionals\/\">\n\t\t\t\t<div class=\"elementor-element elementor-element-6d452b2 elementor-view-framed elementor-shape-square icon-red elementor-widget elementor-widget-icon\" data-id=\"6d452b2\" data-element_type=\"widget\" data-widget_type=\"icon.default\">\n\t\t\t\t<div class=\"elementor-widget-container\">\n\t\t\t\t\t\t\t<div class=\"elementor-icon-wrapper\">\n\t\t\t<div class=\"elementor-icon\">\n\t\t\t<svg xmlns=\"http:\/\/www.w3.org\/2000\/svg\" height=\"24px\" viewbox=\"0 -960 960 960\" width=\"24px\" fill=\"#194783\"><path d=\"m321-80-71-71 329-329-329-329 71-71 400 400L321-80Z\"><\/path><\/svg>\t\t\t<\/div>\n\t\t<\/div>\n\t\t\t\t\t\t<\/div>\n\t\t\t\t<\/div>\n\t\t\t\t<div class=\"elementor-element elementor-element-f1cb159 elementor-widget__width-inherit elementor-widget elementor-widget-text-editor\" data-id=\"f1cb159\" data-element_type=\"widget\" data-widget_type=\"text-editor.default\">\n\t\t\t\t<div class=\"elementor-widget-container\">\n\t\t\t\t\t\t\t\t\t<p>SIG Allied Health Professionals<\/p>\t\t\t\t\t\t\t\t<\/div>\n\t\t\t\t<\/div>\n\t\t\t\t<\/a>\n\t\t<a class=\"elementor-element elementor-element-a9b0313 e-con-full text-red e-flex e-con e-child\" data-id=\"a9b0313\" data-element_type=\"container\" href=\"https:\/\/pneumo.ch\/fr\/sig-early-career\/\">\n\t\t\t\t<div class=\"elementor-element elementor-element-b3918db elementor-view-framed elementor-shape-square icon-red elementor-widget elementor-widget-icon\" data-id=\"b3918db\" data-element_type=\"widget\" data-widget_type=\"icon.default\">\n\t\t\t\t<div class=\"elementor-widget-container\">\n\t\t\t\t\t\t\t<div class=\"elementor-icon-wrapper\">\n\t\t\t<div class=\"elementor-icon\">\n\t\t\t<svg xmlns=\"http:\/\/www.w3.org\/2000\/svg\" height=\"24px\" viewbox=\"0 -960 960 960\" width=\"24px\" fill=\"#194783\"><path d=\"m321-80-71-71 329-329-329-329 71-71 400 400L321-80Z\"><\/path><\/svg>\t\t\t<\/div>\n\t\t<\/div>\n\t\t\t\t\t\t<\/div>\n\t\t\t\t<\/div>\n\t\t\t\t<div class=\"elementor-element elementor-element-0efc1a2 elementor-widget__width-inherit elementor-widget elementor-widget-text-editor\" data-id=\"0efc1a2\" data-element_type=\"widget\" data-widget_type=\"text-editor.default\">\n\t\t\t\t<div class=\"elementor-widget-container\">\n\t\t\t\t\t\t\t\t\t<p>SIG Young SSP<\/p>\t\t\t\t\t\t\t\t<\/div>\n\t\t\t\t<\/div>\n\t\t\t\t<\/a>\n\t\t<a class=\"elementor-element elementor-element-0136007 e-con-full text-red e-flex e-con e-child\" data-id=\"0136007\" data-element_type=\"container\" href=\"https:\/\/pneumo.ch\/fr\/sig-infections-tuberculosis-cf-non-cf-bronchiectasis\/\">\n\t\t\t\t<div class=\"elementor-element elementor-element-78e3269 elementor-view-framed elementor-shape-square icon-red elementor-widget elementor-widget-icon\" data-id=\"78e3269\" data-element_type=\"widget\" data-widget_type=\"icon.default\">\n\t\t\t\t<div class=\"elementor-widget-container\">\n\t\t\t\t\t\t\t<div class=\"elementor-icon-wrapper\">\n\t\t\t<div class=\"elementor-icon\">\n\t\t\t<svg xmlns=\"http:\/\/www.w3.org\/2000\/svg\" height=\"24px\" viewbox=\"0 -960 960 960\" width=\"24px\" fill=\"#194783\"><path d=\"m321-80-71-71 329-329-329-329 71-71 400 400L321-80Z\"><\/path><\/svg>\t\t\t<\/div>\n\t\t<\/div>\n\t\t\t\t\t\t<\/div>\n\t\t\t\t<\/div>\n\t\t\t\t<div class=\"elementor-element elementor-element-a4d203b elementor-widget__width-inherit elementor-widget elementor-widget-text-editor\" data-id=\"a4d203b\" data-element_type=\"widget\" data-widget_type=\"text-editor.default\">\n\t\t\t\t<div class=\"elementor-widget-container\">\n\t\t\t\t\t\t\t\t\t<p>SIG Infections, Tuberculosis, CF\/non-CF Bronchiectasis<\/p>\t\t\t\t\t\t\t\t<\/div>\n\t\t\t\t<\/div>\n\t\t\t\t<\/a>\n\t\t<a class=\"elementor-element elementor-element-27f1f91 e-con-full text-red e-flex e-con e-child\" data-id=\"27f1f91\" data-element_type=\"container\" href=\"https:\/\/pneumo.ch\/fr\/sig-interstitial-and-rare-lung-diseases\/\">\n\t\t\t\t<div class=\"elementor-element elementor-element-28f9800 elementor-view-framed elementor-shape-square icon-red elementor-widget elementor-widget-icon\" data-id=\"28f9800\" data-element_type=\"widget\" data-widget_type=\"icon.default\">\n\t\t\t\t<div class=\"elementor-widget-container\">\n\t\t\t\t\t\t\t<div class=\"elementor-icon-wrapper\">\n\t\t\t<div class=\"elementor-icon\">\n\t\t\t<svg xmlns=\"http:\/\/www.w3.org\/2000\/svg\" height=\"24px\" viewbox=\"0 -960 960 960\" width=\"24px\" fill=\"#194783\"><path d=\"m321-80-71-71 329-329-329-329 71-71 400 400L321-80Z\"><\/path><\/svg>\t\t\t<\/div>\n\t\t<\/div>\n\t\t\t\t\t\t<\/div>\n\t\t\t\t<\/div>\n\t\t\t\t<div class=\"elementor-element elementor-element-9bbbe92 elementor-widget__width-inherit elementor-widget elementor-widget-text-editor\" data-id=\"9bbbe92\" data-element_type=\"widget\" data-widget_type=\"text-editor.default\">\n\t\t\t\t<div class=\"elementor-widget-container\">\n\t\t\t\t\t\t\t\t\t<p>SIG Interstitial and Rare Lung Diseases<\/p>\t\t\t\t\t\t\t\t<\/div>\n\t\t\t\t<\/div>\n\t\t\t\t<\/a>\n\t\t<a class=\"elementor-element elementor-element-b1bcfc6 e-con-full text-red e-flex e-con e-child\" data-id=\"b1bcfc6\" data-element_type=\"container\" href=\"https:\/\/pneumo.ch\/fr\/sig-pulmonary-vascular-disease\/\">\n\t\t\t\t<div class=\"elementor-element elementor-element-06fe9b5 elementor-view-framed elementor-shape-square icon-red elementor-widget elementor-widget-icon\" data-id=\"06fe9b5\" data-element_type=\"widget\" data-widget_type=\"icon.default\">\n\t\t\t\t<div class=\"elementor-widget-container\">\n\t\t\t\t\t\t\t<div class=\"elementor-icon-wrapper\">\n\t\t\t<div class=\"elementor-icon\">\n\t\t\t<svg xmlns=\"http:\/\/www.w3.org\/2000\/svg\" height=\"24px\" viewbox=\"0 -960 960 960\" width=\"24px\" fill=\"#194783\"><path d=\"m321-80-71-71 329-329-329-329 71-71 400 400L321-80Z\"><\/path><\/svg>\t\t\t<\/div>\n\t\t<\/div>\n\t\t\t\t\t\t<\/div>\n\t\t\t\t<\/div>\n\t\t\t\t<div class=\"elementor-element elementor-element-a3652e2 elementor-widget__width-inherit elementor-widget elementor-widget-text-editor\" data-id=\"a3652e2\" data-element_type=\"widget\" data-widget_type=\"text-editor.default\">\n\t\t\t\t<div class=\"elementor-widget-container\">\n\t\t\t\t\t\t\t\t\t<p>SIG Pulmonary Vascular Disease<\/p>\t\t\t\t\t\t\t\t<\/div>\n\t\t\t\t<\/div>\n\t\t\t\t<\/a>\n\t\t<a class=\"elementor-element elementor-element-6f81965 e-con-full text-red e-flex e-con e-child\" data-id=\"6f81965\" data-element_type=\"container\" href=\"https:\/\/pneumo.ch\/fr\/sig-sleep-breathing-disorders\/\">\n\t\t\t\t<div class=\"elementor-element elementor-element-9c4bec2 elementor-view-framed elementor-shape-square icon-red elementor-widget elementor-widget-icon\" data-id=\"9c4bec2\" data-element_type=\"widget\" data-widget_type=\"icon.default\">\n\t\t\t\t<div class=\"elementor-widget-container\">\n\t\t\t\t\t\t\t<div class=\"elementor-icon-wrapper\">\n\t\t\t<div class=\"elementor-icon\">\n\t\t\t<svg xmlns=\"http:\/\/www.w3.org\/2000\/svg\" height=\"24px\" viewbox=\"0 -960 960 960\" width=\"24px\" fill=\"#194783\"><path d=\"m321-80-71-71 329-329-329-329 71-71 400 400L321-80Z\"><\/path><\/svg>\t\t\t<\/div>\n\t\t<\/div>\n\t\t\t\t\t\t<\/div>\n\t\t\t\t<\/div>\n\t\t\t\t<div class=\"elementor-element elementor-element-4dacb57 elementor-widget__width-inherit elementor-widget elementor-widget-text-editor\" data-id=\"4dacb57\" data-element_type=\"widget\" data-widget_type=\"text-editor.default\">\n\t\t\t\t<div class=\"elementor-widget-container\">\n\t\t\t\t\t\t\t\t\t<p>SIG Sleep Breathing Disorders<\/p>\t\t\t\t\t\t\t\t<\/div>\n\t\t\t\t<\/div>\n\t\t\t\t<\/a>\n\t\t<a class=\"elementor-element elementor-element-85f4ec2 e-con-full text-red e-flex e-con e-child\" data-id=\"85f4ec2\" data-element_type=\"container\" href=\"https:\/\/pneumo.ch\/fr\/sig-thoracic-interventions-oncology\/\">\n\t\t\t\t<div class=\"elementor-element elementor-element-c62ad73 elementor-view-framed elementor-shape-square icon-red elementor-widget elementor-widget-icon\" data-id=\"c62ad73\" data-element_type=\"widget\" data-widget_type=\"icon.default\">\n\t\t\t\t<div class=\"elementor-widget-container\">\n\t\t\t\t\t\t\t<div class=\"elementor-icon-wrapper\">\n\t\t\t<div class=\"elementor-icon\">\n\t\t\t<svg xmlns=\"http:\/\/www.w3.org\/2000\/svg\" height=\"24px\" viewbox=\"0 -960 960 960\" width=\"24px\" fill=\"#194783\"><path d=\"m321-80-71-71 329-329-329-329 71-71 400 400L321-80Z\"><\/path><\/svg>\t\t\t<\/div>\n\t\t<\/div>\n\t\t\t\t\t\t<\/div>\n\t\t\t\t<\/div>\n\t\t\t\t<div class=\"elementor-element elementor-element-5cc0b43 elementor-widget__width-inherit elementor-widget elementor-widget-text-editor\" data-id=\"5cc0b43\" data-element_type=\"widget\" data-widget_type=\"text-editor.default\">\n\t\t\t\t<div class=\"elementor-widget-container\">\n\t\t\t\t\t\t\t\t\t<p>SIG Thoracic Interventions &amp; Oncology<\/p>\t\t\t\t\t\t\t\t<\/div>\n\t\t\t\t<\/div>\n\t\t\t\t<\/a>\n\t\t<a class=\"elementor-element elementor-element-02ba924 e-con-full text-red e-flex e-con e-child\" data-id=\"02ba924\" data-element_type=\"container\" href=\"https:\/\/pneumo.ch\/fr\/sig-thoracic-ultrasound\/\">\n\t\t\t\t<div class=\"elementor-element elementor-element-c99e567 elementor-view-framed elementor-shape-square icon-red elementor-widget elementor-widget-icon\" data-id=\"c99e567\" data-element_type=\"widget\" data-widget_type=\"icon.default\">\n\t\t\t\t<div class=\"elementor-widget-container\">\n\t\t\t\t\t\t\t<div class=\"elementor-icon-wrapper\">\n\t\t\t<div class=\"elementor-icon\">\n\t\t\t<svg xmlns=\"http:\/\/www.w3.org\/2000\/svg\" height=\"24px\" viewbox=\"0 -960 960 960\" width=\"24px\" fill=\"#194783\"><path d=\"m321-80-71-71 329-329-329-329 71-71 400 400L321-80Z\"><\/path><\/svg>\t\t\t<\/div>\n\t\t<\/div>\n\t\t\t\t\t\t<\/div>\n\t\t\t\t<\/div>\n\t\t\t\t<div class=\"elementor-element elementor-element-def0202 elementor-widget__width-inherit elementor-widget elementor-widget-text-editor\" data-id=\"def0202\" data-element_type=\"widget\" data-widget_type=\"text-editor.default\">\n\t\t\t\t<div class=\"elementor-widget-container\">\n\t\t\t\t\t\t\t\t\t<p>SIG Thoracic Ultrasound<\/p>\t\t\t\t\t\t\t\t<\/div>\n\t\t\t\t<\/div>\n\t\t\t\t<\/a>\n\t\t<a class=\"elementor-element elementor-element-2190aae e-con-full text-red e-flex e-con e-child\" data-id=\"2190aae\" data-element_type=\"container\" href=\"https:\/\/pneumo.ch\/fr\/sig-ventilation-o2\/\">\n\t\t\t\t<div class=\"elementor-element elementor-element-b107c53 elementor-view-framed elementor-shape-square icon-red elementor-widget elementor-widget-icon\" data-id=\"b107c53\" data-element_type=\"widget\" data-widget_type=\"icon.default\">\n\t\t\t\t<div class=\"elementor-widget-container\">\n\t\t\t\t\t\t\t<div class=\"elementor-icon-wrapper\">\n\t\t\t<div class=\"elementor-icon\">\n\t\t\t<svg xmlns=\"http:\/\/www.w3.org\/2000\/svg\" height=\"24px\" viewbox=\"0 -960 960 960\" width=\"24px\" fill=\"#194783\"><path d=\"m321-80-71-71 329-329-329-329 71-71 400 400L321-80Z\"><\/path><\/svg>\t\t\t<\/div>\n\t\t<\/div>\n\t\t\t\t\t\t<\/div>\n\t\t\t\t<\/div>\n\t\t\t\t<div class=\"elementor-element elementor-element-44ad3fa elementor-widget__width-inherit elementor-widget elementor-widget-text-editor\" data-id=\"44ad3fa\" data-element_type=\"widget\" data-widget_type=\"text-editor.default\">\n\t\t\t\t<div class=\"elementor-widget-container\">\n\t\t\t\t\t\t\t\t\t<p>SIG Ventilation &amp; O2<\/p>\t\t\t\t\t\t\t\t<\/div>\n\t\t\t\t<\/div>\n\t\t\t\t<\/a>\n\t\t<a class=\"elementor-element elementor-element-6d30617 e-con-full text-red e-flex e-con e-child\" data-id=\"6d30617\" data-element_type=\"container\" href=\"https:\/\/pneumo.ch\/fr\/sig-mitgliedschaft\/\">\n\t\t\t\t<div class=\"elementor-element elementor-element-bd13bab elementor-view-framed elementor-shape-square icon-red elementor-widget elementor-widget-icon\" data-id=\"bd13bab\" data-element_type=\"widget\" data-widget_type=\"icon.default\">\n\t\t\t\t<div class=\"elementor-widget-container\">\n\t\t\t\t\t\t\t<div class=\"elementor-icon-wrapper\">\n\t\t\t<div class=\"elementor-icon\">\n\t\t\t<svg xmlns=\"http:\/\/www.w3.org\/2000\/svg\" height=\"24px\" viewbox=\"0 -960 960 960\" width=\"24px\" fill=\"#194783\"><path d=\"m321-80-71-71 329-329-329-329 71-71 400 400L321-80Z\"><\/path><\/svg>\t\t\t<\/div>\n\t\t<\/div>\n\t\t\t\t\t\t<\/div>\n\t\t\t\t<\/div>\n\t\t\t\t<div class=\"elementor-element elementor-element-0dec376 elementor-widget__width-inherit elementor-widget elementor-widget-text-editor\" data-id=\"0dec376\" data-element_type=\"widget\" data-widget_type=\"text-editor.default\">\n\t\t\t\t<div class=\"elementor-widget-container\">\n\t\t\t\t\t\t\t\t\t<p>Adh\u00e9sion \u00e0 un GIS<\/p>\t\t\t\t\t\t\t\t<\/div>\n\t\t\t\t<\/div>\n\t\t\t\t<\/a>\n\t\t\t\t<\/div>\n\t\t\t\t<\/div>\n\t\t\t\t<\/div>\n\t\t\t\t\t\t<\/div>\n\t\t\t\t<\/div>\n\t\t<div class=\"elementor-element elementor-element-03c2a62 e-con-full e-flex e-con e-child\" data-id=\"03c2a62\" data-element_type=\"container\">\n\t\t\t\t<div class=\"elementor-element elementor-element-7fa9e79 elementor-widget__width-inherit elementor-widget elementor-widget-heading\" data-id=\"7fa9e79\" data-element_type=\"widget\" data-widget_type=\"heading.default\">\n\t\t\t\t<div class=\"elementor-widget-container\">\n\t\t\t\t\t<h1 class=\"elementor-heading-title elementor-size-default\">R\u00e9habilitation Pulmonaire\n<\/h1>\t\t\t\t<\/div>\n\t\t\t\t<\/div>\n\t\t\t\t<div class=\"elementor-element elementor-element-c5944f7 elementor-widget elementor-widget-text-editor\" data-id=\"c5944f7\" data-element_type=\"widget\" data-widget_type=\"text-editor.default\">\n\t\t\t\t<div class=\"elementor-widget-container\">\n\t\t\t\t\t\t\t\t\t<p>La r\u00e9adaptation pulmonaire est une nouvelle forme de traitement pour les maladies respiratoires chroniques qui a pour objectif de r\u00e9duire le handicap et am\u00e9liorer la qualit\u00e9 de vie des patients (<a title=\"S\u00c4Z 2005;86: Nr 15, 897-900\" href=\"https:\/\/saez.ch\/de\/resource\/jf\/journal\/file\/download\/article\/saez\/de\/saez.2005.11148\/dd8bbd5fd5ca1a77288aa5df503c27c2aab10496\/2005_15_191.pdf\/\" target=\"_blank\" rel=\"noopener\">S\u00c4Z 2005;86: Nr 15, 897-900<\/a>). La r\u00e9adaptation pulmonaire peut \u00eatre prescrite pour diff\u00e9rents tableaux cliniques et englobe un programme multidisciplinaire.<\/p><p>Il existe en Suisse dix programmes stationnaires et quarante programmes ambulatoires accr\u00e9dit\u00e9s par la Soci\u00e9t\u00e9 Suisse de Pneumologie.<\/p><p>Registre des centres de r\u00e9adaptation pulmonaire certifi\u00e9s en Suisse :<\/p><ul><li><a href=\"https:\/\/pneumo.ch\/wp-content\/uploads\/2026\/04\/7.-Aktualisierte-Liste-Rehabcenters-_April_2026.pdf\">Registre des centres de r\u00e9adaptation pulmonaire ambulatoire<\/a> (Stand: 08.04.2026)<\/li><li><a href=\"https:\/\/pneumo.ch\/wp-content\/uploads\/2026\/04\/7.-Aktualisierte-Liste-Rehabcenters-_April2026.pdf\">Registre des centres de r\u00e9adaptation pulmonaire stationnaire <\/a>(Stand: 08.04.2026)<\/li><\/ul><div>\u00a0<\/div><p>Les centres accr\u00e9dit\u00e9s sont contr\u00f4l\u00e9s par la SSP moyennant payement et doivent remplir le cahier des charges. Sur demande, la SSP pourra d\u00e9livrer un certificat officiel d\u2019accr\u00e9ditation. En cas de changement de directeur, une nouvelle demande d'accr\u00e9ditation doit \u00eatre introduite. Une nouvelle visite n'est g\u00e9n\u00e9ralement pas n\u00e9cessaire.<\/p><ul><li><a href=\"https:\/\/pneumo.ch\/wp-content\/uploads\/2025\/05\/Exigences-pour-laccreditation_ambulatoire_F_10.2022.pdf\" target=\"_blank\" rel=\"noopener\">Cahier des charges pour la reconnaissance du programme ambulant de r\u00e9adaptation pulmonaire_2022<\/a><\/li><li><a href=\"https:\/\/pneumo.ch\/wp-content\/uploads\/2025\/05\/Demande-daccreditation_ambulatoire_F_10.2022.pdf\" target=\"_blank\" rel=\"noopener\">Demande d\u2019accr\u00e9ditation d\u2019un centre ambulant de r\u00e9adaptation pulmonaire_2022<\/a><\/li><li><a href=\"https:\/\/pneumo.ch\/wp-content\/uploads\/2025\/05\/Exigences-pour-laccreditation_stationnaire_F_12.2022-1.pdf\" target=\"_blank\" rel=\"noopener\">Cahier des charges pour la reconnaisance du programme stationnaire de r\u00e9adaption pulmonaire<\/a><\/li><li><a href=\"https:\/\/pneumo.ch\/wp-content\/uploads\/2024\/12\/Antrag_Akkreditierung_Pulm_Reha_D_2020.pdf\" target=\"_blank\" rel=\"noopener\">Demande d'accr\u00e9ditation d'un centre stationnaire de r\u00e9adaption pulmonaire<\/a><\/li><li><a href=\"https:\/\/pneumo.ch\/wp-content\/uploads\/2025\/05\/Processus-accreditation_ambulatoire-et-stationnaire.pdf\">Processus accr\u00e9ditation_ambulatoire et stationnaire<\/a><\/li><li><a href=\"https:\/\/pneumo.ch\/wp-content\/uploads\/2025\/05\/Processus-changement-de-direction.pdf\">Processus changement de direction<\/a><\/li><\/ul><div>\u00a0<\/div><p><a href=\"https:\/\/pneumo.ch\/wp-content\/uploads\/2025\/05\/Gebuhrenordnung-SGP-2022_F-1.pdf\" target=\"_blank\" rel=\"noopener\">Grille tarifaire SSP<\/a><\/p><p><a href=\"https:\/\/pneumo.ch\/fr\/about-us-commissions-2\/\">Membres de la commission<\/a><\/p><p><a href=\"https:\/\/pneumo.ch\/wp-content\/uploads\/2024\/12\/Auftrag-und-Organisation-Kommission-PRP-Final_Webseite.pdf\" target=\"_blank\" rel=\"noopener\">Mission et organisation<\/a><\/p>\t\t\t\t\t\t\t\t<\/div>\n\t\t\t\t<\/div>\n\t\t\t\t<\/div>\n\t\t\t\t\t<\/div>\n\t\t\t\t<\/div>\n\t\t\t\t<\/div>","protected":false},"excerpt":{"rendered":"<p>Pulmonale Rehabilitation Die Pulmonale Rehabilitation ist eine moderne Behandlungsform f\u00fcr chronische Lungenkrankheiten zur Verbesserung der Leistungsf\u00e4higkeit und der Lebensqualit\u00e4t (S\u00c4Z 2005;86: Nr 15, 897-900). Die pulmonale Rehabilitation wird bei verschiedenen Krankheitsbildern eingesetzt und umfasst ein multidisziplin\u00e4res Programm. In der Schweiz sind \u00fcber 10 station\u00e4re und 40 ambulante Programme durch die Schweizerische Gesellschaft f\u00fcr Pneumologie akkreditiert. [&hellip;]<\/p>","protected":false},"author":1,"featured_media":0,"parent":0,"menu_order":0,"comment_status":"closed","ping_status":"closed","template":"","meta":{"footnotes":""},"class_list":["post-2180","page","type-page","status-publish","hentry"],"_links":{"self":[{"href":"https:\/\/pneumo.ch\/fr\/wp-json\/wp\/v2\/pages\/2180","targetHints":{"allow":["GET"]}}],"collection":[{"href":"https:\/\/pneumo.ch\/fr\/wp-json\/wp\/v2\/pages"}],"about":[{"href":"https:\/\/pneumo.ch\/fr\/wp-json\/wp\/v2\/types\/page"}],"author":[{"embeddable":true,"href":"https:\/\/pneumo.ch\/fr\/wp-json\/wp\/v2\/users\/1"}],"replies":[{"embeddable":true,"href":"https:\/\/pneumo.ch\/fr\/wp-json\/wp\/v2\/comments?post=2180"}],"version-history":[{"count":46,"href":"https:\/\/pneumo.ch\/fr\/wp-json\/wp\/v2\/pages\/2180\/revisions"}],"predecessor-version":[{"id":6443,"href":"https:\/\/pneumo.ch\/fr\/wp-json\/wp\/v2\/pages\/2180\/revisions\/6443"}],"wp:attachment":[{"href":"https:\/\/pneumo.ch\/fr\/wp-json\/wp\/v2\/media?parent=2180"}],"curies":[{"name":"wp","href":"https:\/\/api.w.org\/{rel}","templated":true}]}}