{"id":3061,"date":"2024-12-18T21:26:55","date_gmt":"2024-12-18T21:26:55","guid":{"rendered":"https:\/\/pneumo.ch\/?page_id=3061"},"modified":"2026-03-16T10:27:31","modified_gmt":"2026-03-16T10:27:31","slug":"marktplatz","status":"publish","type":"page","link":"https:\/\/pneumo.ch\/fr\/marktplatz\/","title":{"rendered":"Petites annonces"},"content":{"rendered":"<div data-elementor-type=\"wp-page\" data-elementor-id=\"3061\" class=\"elementor elementor-3061\" data-elementor-post-type=\"page\">\n\t\t\t\t<div class=\"elementor-element elementor-element-ae1ceee e-con-full e-flex e-con e-child\" data-id=\"ae1ceee\" data-element_type=\"container\">\n\t\t\t\t<div class=\"elementor-element elementor-element-06e5725 elementor-widget__width-inherit elementor-widget elementor-widget-heading\" data-id=\"06e5725\" data-element_type=\"widget\" data-widget_type=\"heading.default\">\n\t\t\t\t<div class=\"elementor-widget-container\">\n\t\t\t\t\t<h1 class=\"elementor-heading-title elementor-size-default\">Offres\/demandes d'emploi\n<\/h1>\t\t\t\t<\/div>\n\t\t\t\t<\/div>\n\t\t\t\t<div class=\"elementor-element elementor-element-9804ac6 elementor-widget elementor-widget-text-editor\" data-id=\"9804ac6\" data-element_type=\"widget\" data-widget_type=\"text-editor.default\">\n\t\t\t\t<div class=\"elementor-widget-container\">\n\t\t\t\t\t\t\t\t\t<div class=\"ce_text block\"><p><strong>Offres d'emploi<\/strong><\/p><p><span style=\"text-decoration: underline;\"><strong>Viollier<\/strong><\/span>: Facharzt\/\u00e4rztin FMH f\u00fcr Pneumologie (mit oder ohne Leitung des Fachbereiches) 60-100%; Details zum Inserat finden Sie <a href=\"https:\/\/pneumo.ch\/wp-content\/uploads\/2026\/01\/INS_D_Facharzt-fur-Pneumologie_mit-oder-ohne-Leitung-Fachbbereich_202601.pdf\">ici<\/a><\/p><p><span style=\"text-decoration: underline;\"><strong>Viollier: <\/strong><\/span>Facharzt\/\u00e4rztin FMH f\u00fcr Pneumologie 20-60%: Details zum Inserat finden Sie<a href=\"https:\/\/pneumo.ch\/wp-content\/uploads\/2026\/01\/INS_D_Facharzt-fur-Pneumologie_202601-1.pdf\"> ici.<\/a><\/p><p><span style=\"text-decoration: underline;\"><strong>Bellevue Medical Group: <\/strong><\/span>Facharzt\/Fach\u00e4rztin Pneumologie (80-100%): Details zum Inserat finden Sie <a href=\"https:\/\/pneumo.ch\/wp-content\/uploads\/2025\/12\/Facharzt-Pneumologie.pdf\">ici<\/a><\/p><p><span style=\"text-decoration: underline;\"><strong>Medizinisches Zentrum gleis d: <\/strong><\/span>Fach\u00e4rztin\/Facharzt f\u00fcr Pneumologie (60-80%): Details zum Stelleninserat finden Sie <a href=\"https:\/\/pneumo.ch\/wp-content\/uploads\/2025\/08\/2025-08-14-Facharztin-Facharzt-fur-Pneumologie.pdf\">ici.<\/a><\/p><p><span style=\"text-decoration: underline;\"><strong>Medical Faculty of the University of Bern and the University Hospital (Inselspital) Bern:<\/strong><\/span> Foundation Professorship (Extraordinary Professorship) for Interdisciplinary and Interprofessional Rehabilitation: Vous trouverez les d\u00e9tails de l'annonce de recrutement <strong><a href=\"https:\/\/pneumo.ch\/wp-content\/uploads\/2025\/05\/Foundation-Professorship-Extraordinary-Professorship-for-Interdisciplinary-and-Interprofessional-Rehabilitation-1.pdf\">ici<\/a><\/strong><\/p><p><strong><span style=\"text-decoration: underline;\">Stadtspital Z\u00fcrich:<\/span> Vous trouverez les d\u00e9tails de l'annonce de recrutement<a href=\"https:\/\/www.stadt-zuerich.ch\/stadtspital\/de\/ueber-uns\/arbeiten-stadtspital\/offene-stellen\/job-detailseite.55573.html\" target=\"_blank\" rel=\"noopener\"> ici.<\/a><\/strong><\/p><p><strong><span style=\"text-decoration: underline;\">H\u00f4pital du Valais:<\/span> M\u00e9decin hospitalier-\u00e8re \u00e0 80% <\/strong>pour le service de pneumologie: <a href=\"https:\/\/pneumo.ch\/wp-content\/uploads\/2025\/05\/Medecin-hospitalier-pneumologie-CHVR.pdf\">vers l&#8217;annonce. <\/a>Un descriptif des activit\u00e9s du service est visible<a href=\"https:\/\/www.hopitalduvalais.ch\/disciplines-medicales\/disciplines-de-a-a-z\/pneumologie\/service-de-pneumologie-du-chvr\" target=\"_blank\" rel=\"noopener\"> ici.<\/a><\/p><\/div><div class=\"ce_text block\">\u00a0<\/div><div class=\"ce_text last block\">\u00a0<\/div>\t\t\t\t\t\t\t\t<\/div>\n\t\t\t\t<\/div>\n\t\t\t\t<div class=\"elementor-element elementor-element-45215a6 elementor-widget__width-inherit elementor-widget elementor-widget-heading\" data-id=\"45215a6\" data-element_type=\"widget\" data-widget_type=\"heading.default\">\n\t\t\t\t<div class=\"elementor-widget-container\">\n\t\t\t\t\t<h1 class=\"elementor-heading-title elementor-size-default\">Achat \/ Vente<\/h1>\t\t\t\t<\/div>\n\t\t\t\t<\/div>\n\t\t\t\t<div class=\"elementor-element elementor-element-da9b0c3 elementor-widget elementor-widget-text-editor\" data-id=\"da9b0c3\" data-element_type=\"widget\" data-widget_type=\"text-editor.default\">\n\t\t\t\t<div class=\"elementor-widget-container\">\n\t\t\t\t\t\t\t\t\t<div class=\"ce_text block\"><div class=\"ce_text block\"><p>Veuillez vous adresser au secr\u00e9tariat (<a href=\"mailto:info@pneumo.ch\">info@pneumo.ch<\/a>), si, en tant que membre de la ssp, vous aimeriez publier quelque chose ici<\/p><p>\u00a0<\/p><\/div><div class=\"ce_text block\"><div class=\"modal_body body\"><strong>Kanton Z\u00fcrich: LF10 zu verkaufen.<\/strong><\/div><div><p>Dans le <strong>Januar 2026<\/strong> aus Praxisaufl\u00f6sung zu verkaufen: 2,5 Jahre alter LF10 der Firma Ganshorn mit Diffusion, Muskeldruckmessung und Provokation, Preis Verhandlungssache.<\/p><p>Lungenfacharztpraxis Dr. Wilfried Flade, W\u00e4denswil, e-mail:<\/p><p><a href=\"mailto:lungenfacharzt.flade@hin.ch\">lungenfacharzt.flade@hin.ch<\/a><\/p><\/div><\/div><div class=\"ce_text last block\"><div class=\"ce_text block\"><div class=\"ce_text block\">\u00a0<\/div><\/div><div>\u00a0<\/div><div class=\"ce_text block\">\u00a0<\/div><\/div><\/div>\t\t\t\t\t\t\t\t<\/div>\n\t\t\t\t<\/div>\n\t\t\t\t<\/div>\n\t\t<div class=\"elementor-element elementor-element-7d202d5 e-flex e-con-boxed e-con e-parent\" data-id=\"7d202d5\" data-element_type=\"container\">\n\t\t\t\t\t<div class=\"e-con-inner\">\n\t\t\t\t\t<\/div>\n\t\t\t\t<\/div>\n\t\t\t\t<\/div>","protected":false},"excerpt":{"rendered":"<p>Stellenangebote\/-gesuche STELLENANGEBOT Viollier: Facharzt\/\u00e4rztin FMH f\u00fcr Pneumologie (mit oder ohne Leitung des Fachbereiches) 60-100%; Details zum Inserat finden Sie hier Viollier: Facharzt\/\u00e4rztin FMH f\u00fcr Pneumologie 20-60%: Details zum Inserat finden Sie hier. Bellevue Medical Group: Facharzt\/Fach\u00e4rztin Pneumologie (80-100%): Details zum Inserat finden Sie hier Medizinisches Zentrum gleis d: Fach\u00e4rztin\/Facharzt f\u00fcr Pneumologie (60-80%): Details zum Stelleninserat [&hellip;]<\/p>","protected":false},"author":1,"featured_media":0,"parent":0,"menu_order":0,"comment_status":"closed","ping_status":"closed","template":"","meta":{"footnotes":""},"class_list":["post-3061","page","type-page","status-publish","hentry"],"_links":{"self":[{"href":"https:\/\/pneumo.ch\/fr\/wp-json\/wp\/v2\/pages\/3061","targetHints":{"allow":["GET"]}}],"collection":[{"href":"https:\/\/pneumo.ch\/fr\/wp-json\/wp\/v2\/pages"}],"about":[{"href":"https:\/\/pneumo.ch\/fr\/wp-json\/wp\/v2\/types\/page"}],"author":[{"embeddable":true,"href":"https:\/\/pneumo.ch\/fr\/wp-json\/wp\/v2\/users\/1"}],"replies":[{"embeddable":true,"href":"https:\/\/pneumo.ch\/fr\/wp-json\/wp\/v2\/comments?post=3061"}],"version-history":[{"count":85,"href":"https:\/\/pneumo.ch\/fr\/wp-json\/wp\/v2\/pages\/3061\/revisions"}],"predecessor-version":[{"id":6418,"href":"https:\/\/pneumo.ch\/fr\/wp-json\/wp\/v2\/pages\/3061\/revisions\/6418"}],"wp:attachment":[{"href":"https:\/\/pneumo.ch\/fr\/wp-json\/wp\/v2\/media?parent=3061"}],"curies":[{"name":"wp","href":"https:\/\/api.w.org\/{rel}","templated":true}]}}