{"id":3195,"date":"2025-01-08T17:30:21","date_gmt":"2025-01-08T17:30:21","guid":{"rendered":"https:\/\/pneumo.ch\/?page_id=3195"},"modified":"2025-01-08T17:32:07","modified_gmt":"2025-01-08T17:32:07","slug":"imprint","status":"publish","type":"page","link":"https:\/\/pneumo.ch\/fr\/imprint\/","title":{"rendered":"Imprint"},"content":{"rendered":"<div data-elementor-type=\"wp-page\" data-elementor-id=\"3195\" class=\"elementor elementor-3195\" data-elementor-post-type=\"page\">\n\t\t\t\t<div class=\"elementor-element elementor-element-ae1ceee e-con-full e-flex e-con e-child\" data-id=\"ae1ceee\" data-element_type=\"container\">\n\t\t\t\t<div class=\"elementor-element elementor-element-06e5725 elementor-widget__width-inherit elementor-widget elementor-widget-heading\" data-id=\"06e5725\" data-element_type=\"widget\" data-widget_type=\"heading.default\">\n\t\t\t\t<div class=\"elementor-widget-container\">\n\t\t\t\t\t<h1 class=\"elementor-heading-title elementor-size-default\">Imprint<\/h1>\t\t\t\t<\/div>\n\t\t\t\t<\/div>\n\t\t\t\t<div class=\"elementor-element elementor-element-9804ac6 elementor-widget elementor-widget-text-editor\" data-id=\"9804ac6\" data-element_type=\"widget\" data-widget_type=\"text-editor.default\">\n\t\t\t\t<div class=\"elementor-widget-container\">\n\t\t\t\t\t\t\t\t\t<p><strong>Rechtliche Hinweise<br \/>SGP Schweizer Gesellschaft f\u00fcr Pneumologie<br \/>Soci\u00e9t\u00e9 Suisse de Pneumologie<br \/>Societ\u00e0 Svizzera di Pneumologia<\/strong><\/p><p>c\/o Congrex Schweiz<br \/>Reinacherstrasse 131<br \/>CH-4053 Basel<\/p><p>Tel +41 61 690 92 13<\/p><p>Email <a rel=\"noopener\">info@pneumo.ch<\/a><br \/>Website <a href=\"https:\/\/pneumo.ch\/fr\/\" target=\"_new\" rel=\"noopener\">www.pneumo.ch<\/a><\/p><p><strong>Zur Vertretung berechtigt<\/strong><br \/>Philip Hamel<br \/>Daniel Rudolf Braendlin<br \/>Julia Bicher<br \/>Sabine Adam<\/p><p><strong>Haupt-Handelsregister<\/strong><br \/>Registrierte Firmenname: Congrex Schweiz AG<br \/>Nummer: CHE-108.035.600<br \/>Handelsregister: Basel-Stadt<\/p><p><strong>Umsatzsteuernummer<\/strong><br \/>CHE-108.035.600 MWST<\/p><p><strong>Datenschutzrichtlinie (Schweiz)<\/strong><br \/>Unsere Webseite kann ohne die Eingabe pers\u00f6nlicher Informationen genutzt werden. Basierend auf Artikel 13 der Schweizer Verfassung und den Schweizer Datenschutzgesetzen (\u201eDatenschutzgesetz\u201c, DSG) hat jede Person ein Recht auf Schutz der Privatsph\u00e4re sowie Schutz gegen Missbrauch pers\u00f6nlicher Informationen. Wir erfassen pers\u00f6nliche Informationen von Ihnen (z.B. Name, Adresse, E-Mail-Adresse, Telefonnummer usw.) gem\u00e4\u00df den Bestimmungen der Schweizer Datenschutzgesetze. F\u00fcr bestimmte Dienste auf unserer Seite k\u00f6nnen jedoch andere Regeln gelten. Die folgenden Bestimmungen dienen dazu, Informationen \u00fcber Art, Umfang und Zweck der Erfassung, Nutzung und Verarbeitung pers\u00f6nlicher Informationen zu geben.<\/p><p>Bitte beachten Sie, dass die Daten\u00fcbertragung \u00fcber das Internet Sicherheitsrisiken unterliegt und daher ein vollst\u00e4ndiger Schutz gegen den Zugriff durch Dritte auf \u00fcbertragene Daten nicht gew\u00e4hrleistet werden kann.<\/p><p><strong>Cookies<\/strong><br \/>Unsere Website verwendet sogenannte Cookies, um die wiederholte Nutzung unserer Website durch denselben Benutzer\/Internetanschlussinhaber zu erkennen. Cookies sind kleine Textdateien, die Ihr Internetbrowser herunterl\u00e4dt und auf Ihrem Computer speichert. Sie dienen dazu, unsere Website und unsere Dienste zu verbessern. In den meisten F\u00e4llen handelt es sich um sogenannte \u201eSession-Cookies\u201c, die gel\u00f6scht werden, sobald Sie unsere Website verlassen.<\/p><p>Teilweise geben diese Cookies jedoch auch Informationen weiter, um Sie automatisch wieder zu erkennen. Diese Wiedererkennung erfolgt durch eine in den Cookies gespeicherte IP-Adresse. Die dabei gewonnenen Informationen dienen dazu, unsere Dienste zu verbessern und Ihnen einen schnelleren Zugang zur Website zu erm\u00f6glichen. Sie k\u00f6nnen die Installation der Cookies durch eine entsprechende Einstellung Ihrer Browser-Software verhindern; wir weisen Sie jedoch darauf hin, dass Sie in diesem Fall m\u00f6glicherweise nicht s\u00e4mtliche Funktionen unserer Website voll umf\u00e4nglich nutzen k\u00f6nnen.<\/p><p><strong>Kontaktaufnahme<\/strong><br \/>Auf unserer Webseite bieten wir Ihnen die M\u00f6glichkeit, per E-Mail und\/oder \u00fcber ein Kontaktformular mit uns in Kontakt zu treten. In diesem Fall werden die vom Benutzer bereitgestellten Informationen zum Zweck der Bearbeitung seiner Kontaktaufnahme gespeichert. Diese Daten werden nicht an Dritte weitergegeben. Diese Informationen werden auch nicht mit eventuell durch andere Komponenten unserer Webseite gesammelten Informationen abgeglichen.<\/p><p><strong>Informationen\/Widerruf\/L\u00f6schung<\/strong><br \/>Auf Basis des Bundesdatenschutzgesetzes k\u00f6nnen Sie sich bei Fragen zur Erhebung, Verarbeitung oder Nutzung Ihrer personenbezogenen Daten kostenlos an uns wenden, wenn Sie Ausk\u00fcnfte w\u00fcnschen, Berichtigung, Sperrung oder L\u00f6schung von Daten beantragen oder eine erteilte Einwilligung widerrufen m\u00f6chten. Bitte beachten Sie, dass Ihnen ein Recht auf Berichtigung falscher Daten oder L\u00f6schung pers\u00f6nlicher Daten zusteht, soweit dem keine gesetzliche Aufbewahrungspflicht entgegensteht.<\/p><p><strong>Datenschutzrichtlinie (Europ\u00e4ische Union \u2013 DSGVO)<\/strong><br \/>Zudem finden Sie auf dieser Webseite eine Datenschutzrichtlinie gem\u00e4ss Art. 13 und 14 DSGVO.<\/p><p><strong>Copyright 2025 \u2013 SGP<\/strong><br \/>Alle Rechte vorbehalten<\/p>\t\t\t\t\t\t\t\t<\/div>\n\t\t\t\t<\/div>\n\t\t\t\t<\/div>\n\t\t<div class=\"elementor-element elementor-element-7d202d5 e-flex e-con-boxed e-con e-parent\" data-id=\"7d202d5\" data-element_type=\"container\">\n\t\t\t\t\t<div class=\"e-con-inner\">\n\t\t\t\t\t<\/div>\n\t\t\t\t<\/div>\n\t\t\t\t<\/div>","protected":false},"excerpt":{"rendered":"<p>Imprint Rechtliche HinweiseSGP Schweizer Gesellschaft f\u00fcr PneumologieSoci\u00e9t\u00e9 Suisse de PneumologieSociet\u00e0 Svizzera di Pneumologia c\/o Congrex SchweizReinacherstrasse 131CH-4053 Basel Tel +41 61 690 92 13 Email info@pneumo.chWebsite www.pneumo.ch Zur Vertretung berechtigtPhilip HamelDaniel Rudolf BraendlinJulia BicherSabine Adam Haupt-HandelsregisterRegistrierte Firmenname: Congrex Schweiz AGNummer: CHE-108.035.600Handelsregister: Basel-Stadt UmsatzsteuernummerCHE-108.035.600 MWST Datenschutzrichtlinie (Schweiz)Unsere Webseite kann ohne die Eingabe pers\u00f6nlicher Informationen genutzt werden. [&hellip;]<\/p>","protected":false},"author":1,"featured_media":0,"parent":0,"menu_order":0,"comment_status":"closed","ping_status":"closed","template":"","meta":{"footnotes":""},"class_list":["post-3195","page","type-page","status-publish","hentry"],"_links":{"self":[{"href":"https:\/\/pneumo.ch\/fr\/wp-json\/wp\/v2\/pages\/3195","targetHints":{"allow":["GET"]}}],"collection":[{"href":"https:\/\/pneumo.ch\/fr\/wp-json\/wp\/v2\/pages"}],"about":[{"href":"https:\/\/pneumo.ch\/fr\/wp-json\/wp\/v2\/types\/page"}],"author":[{"embeddable":true,"href":"https:\/\/pneumo.ch\/fr\/wp-json\/wp\/v2\/users\/1"}],"replies":[{"embeddable":true,"href":"https:\/\/pneumo.ch\/fr\/wp-json\/wp\/v2\/comments?post=3195"}],"version-history":[{"count":8,"href":"https:\/\/pneumo.ch\/fr\/wp-json\/wp\/v2\/pages\/3195\/revisions"}],"predecessor-version":[{"id":6178,"href":"https:\/\/pneumo.ch\/fr\/wp-json\/wp\/v2\/pages\/3195\/revisions\/6178"}],"wp:attachment":[{"href":"https:\/\/pneumo.ch\/fr\/wp-json\/wp\/v2\/media?parent=3195"}],"curies":[{"name":"wp","href":"https:\/\/api.w.org\/{rel}","templated":true}]}}