{"id":391,"date":"2024-11-24T10:23:01","date_gmt":"2024-11-24T10:23:01","guid":{"rendered":"https:\/\/pneumo.ch\/?page_id=391"},"modified":"2025-07-22T10:25:05","modified_gmt":"2025-07-22T10:25:05","slug":"about-us","status":"publish","type":"page","link":"https:\/\/pneumo.ch\/fr\/about-us\/","title":{"rendered":"About Us"},"content":{"rendered":"<div data-elementor-type=\"wp-page\" data-elementor-id=\"391\" class=\"elementor elementor-391\" data-elementor-post-type=\"page\">\n\t\t\t\t<div class=\"elementor-element elementor-element-710f64b e-flex e-con-boxed e-con e-parent\" data-id=\"710f64b\" data-element_type=\"container\">\n\t\t\t\t\t<div class=\"e-con-inner\">\n\t\t\t\t<div class=\"elementor-element elementor-element-9cd0470 elementor-widget__width-initial elementor-widget-mobile__width-inherit elementor-widget elementor-widget-template\" data-id=\"9cd0470\" data-element_type=\"widget\" data-settings=\"{&quot;sticky&quot;:&quot;top&quot;,&quot;sticky_offset&quot;:100,&quot;sticky_parent&quot;:&quot;yes&quot;,&quot;sticky_on&quot;:[&quot;desktop&quot;,&quot;tablet&quot;,&quot;mobile&quot;],&quot;sticky_effects_offset&quot;:0,&quot;sticky_anchor_link_offset&quot;:0}\" data-widget_type=\"template.default\">\n\t\t\t\t<div class=\"elementor-widget-container\">\n\t\t\t\t\t\t\t<div class=\"elementor-template\">\n\t\t\t\t\t<div data-elementor-type=\"container\" data-elementor-id=\"808\" class=\"elementor elementor-808\" data-elementor-post-type=\"elementor_library\">\n\t\t\t\t<div class=\"elementor-element elementor-element-c5d29dc e-con-full e-flex e-con e-child\" data-id=\"c5d29dc\" data-element_type=\"container\">\n\t\t<div class=\"elementor-element elementor-element-21ecca25 e-con-full e-flex e-con e-child\" data-id=\"21ecca25\" data-element_type=\"container\" data-settings=\"{&quot;background_background&quot;:&quot;classic&quot;}\">\n\t\t\t\t<div class=\"elementor-element elementor-element-335b629f elementor-widget elementor-widget-heading\" data-id=\"335b629f\" data-element_type=\"widget\" data-widget_type=\"heading.default\">\n\t\t\t\t<div class=\"elementor-widget-container\">\n\t\t\t\t\t<h3 class=\"elementor-heading-title elementor-size-default\">Notre Soci\u00e9t\u00e9<\/h3>\t\t\t\t<\/div>\n\t\t\t\t<\/div>\n\t\t\t\t<\/div>\n\t\t<a class=\"elementor-element elementor-element-236f8af5 e-con-full text-red e-flex e-con e-child\" data-id=\"236f8af5\" data-element_type=\"container\" href=\"https:\/\/pneumo.ch\/fr\/about-us-leadership-and-governance\/\">\n\t\t\t\t<div class=\"elementor-element elementor-element-26b0937d elementor-view-framed elementor-shape-square icon-red elementor-widget elementor-widget-icon\" data-id=\"26b0937d\" data-element_type=\"widget\" data-widget_type=\"icon.default\">\n\t\t\t\t<div class=\"elementor-widget-container\">\n\t\t\t\t\t\t\t<div class=\"elementor-icon-wrapper\">\n\t\t\t<div class=\"elementor-icon\">\n\t\t\t<svg xmlns=\"http:\/\/www.w3.org\/2000\/svg\" height=\"24px\" viewbox=\"0 -960 960 960\" width=\"24px\" fill=\"#194783\"><path d=\"m321-80-71-71 329-329-329-329 71-71 400 400L321-80Z\"><\/path><\/svg>\t\t\t<\/div>\n\t\t<\/div>\n\t\t\t\t\t\t<\/div>\n\t\t\t\t<\/div>\n\t\t\t\t<div class=\"elementor-element elementor-element-66cc4e1 elementor-widget__width-inherit elementor-widget elementor-widget-text-editor\" data-id=\"66cc4e1\" data-element_type=\"widget\" data-widget_type=\"text-editor.default\">\n\t\t\t\t<div class=\"elementor-widget-container\">\n\t\t\t\t\t\t\t\t\t<p>Comit\u00e9<\/p>\t\t\t\t\t\t\t\t<\/div>\n\t\t\t\t<\/div>\n\t\t\t\t<\/a>\n\t\t<a class=\"elementor-element elementor-element-74549b54 e-con-full text-red e-flex e-con e-child\" data-id=\"74549b54\" data-element_type=\"container\" href=\"https:\/\/pneumo.ch\/fr\/about-us-commissions-2\/\">\n\t\t\t\t<div class=\"elementor-element elementor-element-5daedce4 elementor-view-framed elementor-shape-square icon-red elementor-widget elementor-widget-icon\" data-id=\"5daedce4\" data-element_type=\"widget\" data-widget_type=\"icon.default\">\n\t\t\t\t<div class=\"elementor-widget-container\">\n\t\t\t\t\t\t\t<div class=\"elementor-icon-wrapper\">\n\t\t\t<div class=\"elementor-icon\">\n\t\t\t<svg xmlns=\"http:\/\/www.w3.org\/2000\/svg\" height=\"24px\" viewbox=\"0 -960 960 960\" width=\"24px\" fill=\"#194783\"><path d=\"m321-80-71-71 329-329-329-329 71-71 400 400L321-80Z\"><\/path><\/svg>\t\t\t<\/div>\n\t\t<\/div>\n\t\t\t\t\t\t<\/div>\n\t\t\t\t<\/div>\n\t\t\t\t<div class=\"elementor-element elementor-element-481e1d7 elementor-widget__width-inherit elementor-widget elementor-widget-text-editor\" data-id=\"481e1d7\" data-element_type=\"widget\" data-widget_type=\"text-editor.default\">\n\t\t\t\t<div class=\"elementor-widget-container\">\n\t\t\t\t\t\t\t\t\t<p>Commissions et Special Interest Groups<\/p>\t\t\t\t\t\t\t\t<\/div>\n\t\t\t\t<\/div>\n\t\t\t\t<\/a>\n\t\t<a class=\"elementor-element elementor-element-4829b81a e-con-full text-red e-flex e-con e-child\" data-id=\"4829b81a\" data-element_type=\"container\" href=\"https:\/\/pneumo.ch\/fr\/delegierte\/\">\n\t\t\t\t<div class=\"elementor-element elementor-element-3a8e7609 elementor-view-framed elementor-shape-square icon-red elementor-widget elementor-widget-icon\" data-id=\"3a8e7609\" data-element_type=\"widget\" data-widget_type=\"icon.default\">\n\t\t\t\t<div class=\"elementor-widget-container\">\n\t\t\t\t\t\t\t<div class=\"elementor-icon-wrapper\">\n\t\t\t<div class=\"elementor-icon\">\n\t\t\t<svg xmlns=\"http:\/\/www.w3.org\/2000\/svg\" height=\"24px\" viewbox=\"0 -960 960 960\" width=\"24px\" fill=\"#194783\"><path d=\"m321-80-71-71 329-329-329-329 71-71 400 400L321-80Z\"><\/path><\/svg>\t\t\t<\/div>\n\t\t<\/div>\n\t\t\t\t\t\t<\/div>\n\t\t\t\t<\/div>\n\t\t\t\t<div class=\"elementor-element elementor-element-63be20f1 elementor-widget__width-inherit elementor-widget elementor-widget-text-editor\" data-id=\"63be20f1\" data-element_type=\"widget\" data-widget_type=\"text-editor.default\">\n\t\t\t\t<div class=\"elementor-widget-container\">\n\t\t\t\t\t\t\t\t\t<p>D\u00e9l\u00e9gu\u00e9s<\/p>\t\t\t\t\t\t\t\t<\/div>\n\t\t\t\t<\/div>\n\t\t\t\t<\/a>\n\t\t<a class=\"elementor-element elementor-element-72728e35 e-con-full text-red e-flex e-con e-child\" data-id=\"72728e35\" data-element_type=\"container\" href=\"https:\/\/pneumo.ch\/fr\/about-us-membership\/\">\n\t\t\t\t<div class=\"elementor-element elementor-element-53849e4 elementor-view-framed elementor-shape-square icon-red elementor-widget elementor-widget-icon\" data-id=\"53849e4\" data-element_type=\"widget\" data-widget_type=\"icon.default\">\n\t\t\t\t<div class=\"elementor-widget-container\">\n\t\t\t\t\t\t\t<div class=\"elementor-icon-wrapper\">\n\t\t\t<div class=\"elementor-icon\">\n\t\t\t<svg xmlns=\"http:\/\/www.w3.org\/2000\/svg\" height=\"24px\" viewbox=\"0 -960 960 960\" width=\"24px\" fill=\"#194783\"><path d=\"m321-80-71-71 329-329-329-329 71-71 400 400L321-80Z\"><\/path><\/svg>\t\t\t<\/div>\n\t\t<\/div>\n\t\t\t\t\t\t<\/div>\n\t\t\t\t<\/div>\n\t\t\t\t<div class=\"elementor-element elementor-element-fc84e46 elementor-widget__width-inherit elementor-widget elementor-widget-text-editor\" data-id=\"fc84e46\" data-element_type=\"widget\" data-widget_type=\"text-editor.default\">\n\t\t\t\t<div class=\"elementor-widget-container\">\n\t\t\t\t\t\t\t\t\t<p>Membres<\/p>\t\t\t\t\t\t\t\t<\/div>\n\t\t\t\t<\/div>\n\t\t\t\t<\/a>\n\t\t<a class=\"elementor-element elementor-element-53af79c2 e-con-full text-red e-flex e-con e-child\" data-id=\"53af79c2\" data-element_type=\"container\" href=\"https:\/\/pneumo.ch\/fr\/about-us-statuses\/\">\n\t\t\t\t<div class=\"elementor-element elementor-element-6b3b4716 elementor-view-framed elementor-shape-square icon-red elementor-widget elementor-widget-icon\" data-id=\"6b3b4716\" data-element_type=\"widget\" data-widget_type=\"icon.default\">\n\t\t\t\t<div class=\"elementor-widget-container\">\n\t\t\t\t\t\t\t<div class=\"elementor-icon-wrapper\">\n\t\t\t<div class=\"elementor-icon\">\n\t\t\t<svg xmlns=\"http:\/\/www.w3.org\/2000\/svg\" height=\"24px\" viewbox=\"0 -960 960 960\" width=\"24px\" fill=\"#194783\"><path d=\"m321-80-71-71 329-329-329-329 71-71 400 400L321-80Z\"><\/path><\/svg>\t\t\t<\/div>\n\t\t<\/div>\n\t\t\t\t\t\t<\/div>\n\t\t\t\t<\/div>\n\t\t\t\t<div class=\"elementor-element elementor-element-2a63a0b9 elementor-widget__width-inherit elementor-widget elementor-widget-text-editor\" data-id=\"2a63a0b9\" data-element_type=\"widget\" data-widget_type=\"text-editor.default\">\n\t\t\t\t<div class=\"elementor-widget-container\">\n\t\t\t\t\t\t\t\t\t<p>Statuts et r\u00e8glements<\/p>\t\t\t\t\t\t\t\t<\/div>\n\t\t\t\t<\/div>\n\t\t\t\t<\/a>\n\t\t<a class=\"elementor-element elementor-element-7b0e7f2d e-con-full text-red e-flex e-con e-child\" data-id=\"7b0e7f2d\" data-element_type=\"container\" href=\"https:\/\/pneumo.ch\/fr\/protokolle-und-berichte\/\">\n\t\t\t\t<div class=\"elementor-element elementor-element-458b5c9e elementor-view-framed elementor-shape-square icon-red elementor-widget elementor-widget-icon\" data-id=\"458b5c9e\" data-element_type=\"widget\" data-widget_type=\"icon.default\">\n\t\t\t\t<div class=\"elementor-widget-container\">\n\t\t\t\t\t\t\t<div class=\"elementor-icon-wrapper\">\n\t\t\t<div class=\"elementor-icon\">\n\t\t\t<svg xmlns=\"http:\/\/www.w3.org\/2000\/svg\" height=\"24px\" viewbox=\"0 -960 960 960\" width=\"24px\" fill=\"#194783\"><path d=\"m321-80-71-71 329-329-329-329 71-71 400 400L321-80Z\"><\/path><\/svg>\t\t\t<\/div>\n\t\t<\/div>\n\t\t\t\t\t\t<\/div>\n\t\t\t\t<\/div>\n\t\t\t\t<div class=\"elementor-element elementor-element-2f5ce0f2 elementor-widget__width-inherit elementor-widget elementor-widget-text-editor\" data-id=\"2f5ce0f2\" data-element_type=\"widget\" data-widget_type=\"text-editor.default\">\n\t\t\t\t<div class=\"elementor-widget-container\">\n\t\t\t\t\t\t\t\t\t<p>Proc\u00e8s-verbaux et Rapports<\/p>\t\t\t\t\t\t\t\t<\/div>\n\t\t\t\t<\/div>\n\t\t\t\t<\/a>\n\t\t<a class=\"elementor-element elementor-element-2b19b0b e-con-full text-red e-flex e-con e-child\" data-id=\"2b19b0b\" data-element_type=\"container\" href=\"https:\/\/pneumo.ch\/fr\/kontakt\/\">\n\t\t\t\t<div class=\"elementor-element elementor-element-c911725 elementor-view-framed elementor-shape-square icon-red elementor-widget elementor-widget-icon\" data-id=\"c911725\" data-element_type=\"widget\" data-widget_type=\"icon.default\">\n\t\t\t\t<div class=\"elementor-widget-container\">\n\t\t\t\t\t\t\t<div class=\"elementor-icon-wrapper\">\n\t\t\t<div class=\"elementor-icon\">\n\t\t\t<svg xmlns=\"http:\/\/www.w3.org\/2000\/svg\" height=\"24px\" viewbox=\"0 -960 960 960\" width=\"24px\" fill=\"#194783\"><path d=\"m321-80-71-71 329-329-329-329 71-71 400 400L321-80Z\"><\/path><\/svg>\t\t\t<\/div>\n\t\t<\/div>\n\t\t\t\t\t\t<\/div>\n\t\t\t\t<\/div>\n\t\t\t\t<div class=\"elementor-element elementor-element-f19eea2 elementor-widget__width-inherit elementor-widget elementor-widget-text-editor\" data-id=\"f19eea2\" data-element_type=\"widget\" data-widget_type=\"text-editor.default\">\n\t\t\t\t<div class=\"elementor-widget-container\">\n\t\t\t\t\t\t\t\t\t<p>Contact<\/p>\t\t\t\t\t\t\t\t<\/div>\n\t\t\t\t<\/div>\n\t\t\t\t<\/a>\n\t\t\t\t<\/div>\n\t\t\t\t<\/div>\n\t\t\t\t<\/div>\n\t\t\t\t\t\t<\/div>\n\t\t\t\t<\/div>\n\t\t<div class=\"elementor-element elementor-element-172051c e-con-full e-flex e-con e-child\" data-id=\"172051c\" data-element_type=\"container\">\n\t\t\t\t<div class=\"elementor-element elementor-element-8926ad6 elementor-widget__width-inherit elementor-widget elementor-widget-heading\" data-id=\"8926ad6\" data-element_type=\"widget\" data-widget_type=\"heading.default\">\n\t\t\t\t<div class=\"elementor-widget-container\">\n\t\t\t\t\t<h1 class=\"elementor-heading-title elementor-size-default\">Notre Soci\u00e9t\u00e9\n<\/h1>\t\t\t\t<\/div>\n\t\t\t\t<\/div>\n\t\t<div class=\"elementor-element elementor-element-552a259 e-con-full e-flex e-con e-child\" data-id=\"552a259\" data-element_type=\"container\" data-settings=\"{&quot;background_background&quot;:&quot;classic&quot;}\">\n\t\t\t\t<div class=\"elementor-element elementor-element-c1752a3 elementor-widget elementor-widget-text-editor\" data-id=\"c1752a3\" data-element_type=\"widget\" data-widget_type=\"text-editor.default\">\n\t\t\t\t<div class=\"elementor-widget-container\">\n\t\t\t\t\t\t\t\t\t<p>La Soci\u00e9t\u00e9 suisse de pneumologie (SSP) est une association, qui regroupe des m\u00e9decins suisses et d'autres experts int\u00e9ress\u00e9s qui s'occupent des maladies pulmonaires et respiratoires.<\/p><p>Par ses activit\u00e9s, la SSP s'engage \u00e0 d\u00e9velopper le Savoir et le Savoir Faire dans le domaine de la pr\u00e9vention, de la d\u00e9tection et du traitement des maladies pulmonaires et respiratoires en Suisse. Son objectif principal est de mettre \u00e0 disposition des sp\u00e9cialistes dans le domaine des maladies pulmonaires et respiratoires.<\/p>\t\t\t\t\t\t\t\t<\/div>\n\t\t\t\t<\/div>\n\t\t\t\t<\/div>\n\t\t<div class=\"elementor-element elementor-element-e4bc16e e-con-full e-flex e-con e-child\" data-id=\"e4bc16e\" data-element_type=\"container\" data-settings=\"{&quot;background_background&quot;:&quot;classic&quot;}\">\n\t\t\t\t<\/div>\n\t\t<div class=\"elementor-element elementor-element-5ad372f e-con-full e-flex e-con e-child\" data-id=\"5ad372f\" data-element_type=\"container\" data-settings=\"{&quot;background_background&quot;:&quot;classic&quot;}\">\n\t\t\t\t<div class=\"elementor-element elementor-element-009f557 elementor-widget elementor-widget-heading\" data-id=\"009f557\" data-element_type=\"widget\" data-widget_type=\"heading.default\">\n\t\t\t\t<div class=\"elementor-widget-container\">\n\t\t\t\t\t<h2 class=\"elementor-heading-title elementor-size-default\">Mission<\/h2>\t\t\t\t<\/div>\n\t\t\t\t<\/div>\n\t\t\t\t<div class=\"elementor-element elementor-element-bc743bc elementor-widget elementor-widget-text-editor\" data-id=\"bc743bc\" data-element_type=\"widget\" data-widget_type=\"text-editor.default\">\n\t\t\t\t<div class=\"elementor-widget-container\">\n\t\t\t\t\t\t\t\t\t<p>La Soci\u00e9t\u00e9 suisse de pneumologie s\u2019engage pour renforcer et d\u00e9velopper la sp\u00e9cialit\u00e9 de la pneumologie en Suisse. Nous encourageons l\u2019\u00e9change de connaissances et l\u2019excellence m\u00e9dicale afin de garantir la prise en charge optimale des patient-e-s atteint-e-s de maladies des voies respiratoires. Notre soci\u00e9t\u00e9 \u0153uvre activement en faveur de la promotion de la formation post-gradu\u00e9e, de la recherche scientifique et du dialogue avec des partenaires politiques, m\u00e9dicaux et sociaux pour repr\u00e9senter les int\u00e9r\u00eats de la pneumologie au niveau national et international. Nous nous engageons \u00e9galement pour que nos membres b\u00e9n\u00e9ficient de conditions de travail en ad\u00e9quation avec la charge financi\u00e8re et administrative afin de leur permettre de continuer \u00e0 remplir leurs missions.<\/p>\t\t\t\t\t\t\t\t<\/div>\n\t\t\t\t<\/div>\n\t\t\t\t<\/div>\n\t\t<div class=\"elementor-element elementor-element-8240d27 e-con-full e-flex e-con e-child\" data-id=\"8240d27\" data-element_type=\"container\" data-settings=\"{&quot;background_background&quot;:&quot;classic&quot;}\">\n\t\t\t\t<div class=\"elementor-element elementor-element-da7f5dc elementor-widget elementor-widget-heading\" data-id=\"da7f5dc\" data-element_type=\"widget\" data-widget_type=\"heading.default\">\n\t\t\t\t<div class=\"elementor-widget-container\">\n\t\t\t\t\t<h2 class=\"elementor-heading-title elementor-size-default\">Vision<\/h2>\t\t\t\t<\/div>\n\t\t\t\t<\/div>\n\t\t\t\t<div class=\"elementor-element elementor-element-31ac26d elementor-widget elementor-widget-text-editor\" data-id=\"31ac26d\" data-element_type=\"widget\" data-widget_type=\"text-editor.default\">\n\t\t\t\t<div class=\"elementor-widget-container\">\n\t\t\t\t\t\t\t\t\t<p>Nous aspirons \u00e0 jouer un r\u00f4le de premier plan dans l'am\u00e9lioration de la sant\u00e9 pulmonaire en encourageant des solutions innovantes et un r\u00e9seau solide. Nous souhaitons cr\u00e9er une soci\u00e9t\u00e9 qui mise sur une expertise de haut niveau tout en renfor\u00e7ant durablement la collaboration entre les experts, les institutions et les patients.<\/p>\t\t\t\t\t\t\t\t<\/div>\n\t\t\t\t<\/div>\n\t\t\t\t<\/div>\n\t\t\t\t<\/div>\n\t\t\t\t\t<\/div>\n\t\t\t\t<\/div>\n\t\t\t\t<\/div>","protected":false},"excerpt":{"rendered":"<p>\u00dcber uns Die Schweizerische Gesellschaft f\u00fcr Pneumologie (SGP) ist ein Verein, welcher Schweizer \u00c4rztinnen und \u00c4rzte und andere, interessierte Fachexpertinnen und Fachexperten zusammenschliesst, die sich mit Lungen- und Atemwegserkrankungen befassen. Die SGP f\u00f6rdert mit ihrer T\u00e4tigkeit Wissen und Handeln im Bereich der Verhinderung, Erkennung und Behandlung von Lungen- und Atemwegserkrankungen in der Schweiz. Ihr haupts\u00e4chlicher [&hellip;]<\/p>","protected":false},"author":1,"featured_media":0,"parent":0,"menu_order":0,"comment_status":"closed","ping_status":"closed","template":"","meta":{"footnotes":""},"class_list":["post-391","page","type-page","status-publish","hentry"],"_links":{"self":[{"href":"https:\/\/pneumo.ch\/fr\/wp-json\/wp\/v2\/pages\/391","targetHints":{"allow":["GET"]}}],"collection":[{"href":"https:\/\/pneumo.ch\/fr\/wp-json\/wp\/v2\/pages"}],"about":[{"href":"https:\/\/pneumo.ch\/fr\/wp-json\/wp\/v2\/types\/page"}],"author":[{"embeddable":true,"href":"https:\/\/pneumo.ch\/fr\/wp-json\/wp\/v2\/users\/1"}],"replies":[{"embeddable":true,"href":"https:\/\/pneumo.ch\/fr\/wp-json\/wp\/v2\/comments?post=391"}],"version-history":[{"count":133,"href":"https:\/\/pneumo.ch\/fr\/wp-json\/wp\/v2\/pages\/391\/revisions"}],"predecessor-version":[{"id":4640,"href":"https:\/\/pneumo.ch\/fr\/wp-json\/wp\/v2\/pages\/391\/revisions\/4640"}],"wp:attachment":[{"href":"https:\/\/pneumo.ch\/fr\/wp-json\/wp\/v2\/media?parent=391"}],"curies":[{"name":"wp","href":"https:\/\/api.w.org\/{rel}","templated":true}]}}