{"id":397,"date":"2024-11-24T10:23:48","date_gmt":"2024-11-24T10:23:48","guid":{"rendered":"https:\/\/pneumo.ch\/?page_id=397"},"modified":"2025-01-17T13:32:52","modified_gmt":"2025-01-17T13:32:52","slug":"useful-information","status":"publish","type":"page","link":"https:\/\/pneumo.ch\/fr\/useful-information\/","title":{"rendered":"Useful Information"},"content":{"rendered":"<div data-elementor-type=\"wp-page\" data-elementor-id=\"397\" class=\"elementor elementor-397\" data-elementor-post-type=\"page\">\n\t\t\t\t<div class=\"elementor-element elementor-element-7a53c8d e-flex e-con-boxed e-con e-parent\" data-id=\"7a53c8d\" data-element_type=\"container\">\n\t\t\t\t\t<div class=\"e-con-inner\">\n\t\t\t\t<div class=\"elementor-element elementor-element-6db0721 elementor-widget__width-initial elementor-widget-mobile__width-inherit elementor-widget elementor-widget-template\" data-id=\"6db0721\" data-element_type=\"widget\" data-settings=\"{&quot;sticky&quot;:&quot;top&quot;,&quot;sticky_offset&quot;:100,&quot;sticky_parent&quot;:&quot;yes&quot;,&quot;sticky_on&quot;:[&quot;desktop&quot;,&quot;tablet&quot;,&quot;mobile&quot;],&quot;sticky_effects_offset&quot;:0,&quot;sticky_anchor_link_offset&quot;:0}\" data-widget_type=\"template.default\">\n\t\t\t\t<div class=\"elementor-widget-container\">\n\t\t\t\t\t\t\t<div class=\"elementor-template\">\n\t\t\t\t\t<div data-elementor-type=\"container\" data-elementor-id=\"1116\" class=\"elementor elementor-1116\" data-elementor-post-type=\"elementor_library\">\n\t\t\t\t<div class=\"elementor-element elementor-element-4782d19 e-con-full e-flex e-con e-child\" data-id=\"4782d19\" data-element_type=\"container\">\n\t\t<div class=\"elementor-element elementor-element-7cd543f e-con-full e-flex e-con e-child\" data-id=\"7cd543f\" data-element_type=\"container\" data-settings=\"{&quot;background_background&quot;:&quot;classic&quot;}\">\n\t\t\t\t<div class=\"elementor-element elementor-element-7e15de8 elementor-widget elementor-widget-heading\" data-id=\"7e15de8\" data-element_type=\"widget\" data-widget_type=\"heading.default\">\n\t\t\t\t<div class=\"elementor-widget-container\">\n\t\t\t\t\t<h2 class=\"elementor-heading-title elementor-size-default\">Infos utiles <\/h2>\t\t\t\t<\/div>\n\t\t\t\t<\/div>\n\t\t\t\t<\/div>\n\t\t<a class=\"elementor-element elementor-element-e44e41c e-con-full text-red e-flex e-con e-child\" data-id=\"e44e41c\" data-element_type=\"container\" href=\"https:\/\/pneumo.ch\/fr\/recommendations\/\">\n\t\t\t\t<div class=\"elementor-element elementor-element-8a29822 elementor-view-framed elementor-shape-square icon-red elementor-widget elementor-widget-icon\" data-id=\"8a29822\" data-element_type=\"widget\" data-widget_type=\"icon.default\">\n\t\t\t\t<div class=\"elementor-widget-container\">\n\t\t\t\t\t\t\t<div class=\"elementor-icon-wrapper\">\n\t\t\t<div class=\"elementor-icon\">\n\t\t\t<svg xmlns=\"http:\/\/www.w3.org\/2000\/svg\" height=\"24px\" viewbox=\"0 -960 960 960\" width=\"24px\" fill=\"#194783\"><path d=\"m321-80-71-71 329-329-329-329 71-71 400 400L321-80Z\"><\/path><\/svg>\t\t\t<\/div>\n\t\t<\/div>\n\t\t\t\t\t\t<\/div>\n\t\t\t\t<\/div>\n\t\t\t\t<div class=\"elementor-element elementor-element-7800f62 elementor-widget__width-inherit elementor-widget elementor-widget-text-editor\" data-id=\"7800f62\" data-element_type=\"widget\" data-widget_type=\"text-editor.default\">\n\t\t\t\t<div class=\"elementor-widget-container\">\n\t\t\t\t\t\t\t\t\t<p>Recommandations<\/p>\t\t\t\t\t\t\t\t<\/div>\n\t\t\t\t<\/div>\n\t\t\t\t<\/a>\n\t\t<a class=\"elementor-element elementor-element-97d080c e-con-full text-red e-flex e-con e-child\" data-id=\"97d080c\" data-element_type=\"container\" href=\"https:\/\/pneumo.ch\/fr\/bildungsressourcen\/\">\n\t\t\t\t<div class=\"elementor-element elementor-element-a1b2949 elementor-view-framed elementor-shape-square icon-red elementor-widget elementor-widget-icon\" data-id=\"a1b2949\" data-element_type=\"widget\" data-widget_type=\"icon.default\">\n\t\t\t\t<div class=\"elementor-widget-container\">\n\t\t\t\t\t\t\t<div class=\"elementor-icon-wrapper\">\n\t\t\t<div class=\"elementor-icon\">\n\t\t\t<svg xmlns=\"http:\/\/www.w3.org\/2000\/svg\" height=\"24px\" viewbox=\"0 -960 960 960\" width=\"24px\" fill=\"#194783\"><path d=\"m321-80-71-71 329-329-329-329 71-71 400 400L321-80Z\"><\/path><\/svg>\t\t\t<\/div>\n\t\t<\/div>\n\t\t\t\t\t\t<\/div>\n\t\t\t\t<\/div>\n\t\t\t\t<div class=\"elementor-element elementor-element-2e8f563 elementor-widget__width-inherit elementor-widget elementor-widget-text-editor\" data-id=\"2e8f563\" data-element_type=\"widget\" data-widget_type=\"text-editor.default\">\n\t\t\t\t<div class=\"elementor-widget-container\">\n\t\t\t\t\t\t\t\t\t<p>Ressources \u00e9ducatives<\/p>\t\t\t\t\t\t\t\t<\/div>\n\t\t\t\t<\/div>\n\t\t\t\t<\/a>\n\t\t<a class=\"elementor-element elementor-element-1b00ed2 e-con-full text-red e-flex e-con e-child\" data-id=\"1b00ed2\" data-element_type=\"container\" href=\"https:\/\/pneumo.ch\/fr\/respiration-journal\/\">\n\t\t\t\t<div class=\"elementor-element elementor-element-aa873b3 elementor-view-framed elementor-shape-square icon-red elementor-widget elementor-widget-icon\" data-id=\"aa873b3\" data-element_type=\"widget\" data-widget_type=\"icon.default\">\n\t\t\t\t<div class=\"elementor-widget-container\">\n\t\t\t\t\t\t\t<div class=\"elementor-icon-wrapper\">\n\t\t\t<div class=\"elementor-icon\">\n\t\t\t<svg xmlns=\"http:\/\/www.w3.org\/2000\/svg\" height=\"24px\" viewbox=\"0 -960 960 960\" width=\"24px\" fill=\"#194783\"><path d=\"m321-80-71-71 329-329-329-329 71-71 400 400L321-80Z\"><\/path><\/svg>\t\t\t<\/div>\n\t\t<\/div>\n\t\t\t\t\t\t<\/div>\n\t\t\t\t<\/div>\n\t\t\t\t<div class=\"elementor-element elementor-element-e71864a elementor-widget__width-inherit elementor-widget elementor-widget-text-editor\" data-id=\"e71864a\" data-element_type=\"widget\" data-widget_type=\"text-editor.default\">\n\t\t\t\t<div class=\"elementor-widget-container\">\n\t\t\t\t\t\t\t\t\t<p>Acc\u00e8s au journal Respiration<\/p>\t\t\t\t\t\t\t\t<\/div>\n\t\t\t\t<\/div>\n\t\t\t\t<\/a>\n\t\t<a class=\"elementor-element elementor-element-45265c1 e-con-full text-red e-flex e-con e-child\" data-id=\"45265c1\" data-element_type=\"container\" href=\"https:\/\/pneumo.ch\/fr\/nuetzliche-formulare\/\">\n\t\t\t\t<div class=\"elementor-element elementor-element-6f21419 elementor-view-framed elementor-shape-square icon-red elementor-widget elementor-widget-icon\" data-id=\"6f21419\" data-element_type=\"widget\" data-widget_type=\"icon.default\">\n\t\t\t\t<div class=\"elementor-widget-container\">\n\t\t\t\t\t\t\t<div class=\"elementor-icon-wrapper\">\n\t\t\t<div class=\"elementor-icon\">\n\t\t\t<svg xmlns=\"http:\/\/www.w3.org\/2000\/svg\" height=\"24px\" viewbox=\"0 -960 960 960\" width=\"24px\" fill=\"#194783\"><path d=\"m321-80-71-71 329-329-329-329 71-71 400 400L321-80Z\"><\/path><\/svg>\t\t\t<\/div>\n\t\t<\/div>\n\t\t\t\t\t\t<\/div>\n\t\t\t\t<\/div>\n\t\t\t\t<div class=\"elementor-element elementor-element-b430c93 elementor-widget__width-inherit elementor-widget elementor-widget-text-editor\" data-id=\"b430c93\" data-element_type=\"widget\" data-widget_type=\"text-editor.default\">\n\t\t\t\t<div class=\"elementor-widget-container\">\n\t\t\t\t\t\t\t\t\t<p>Formulaires et Questionnaires<\/p>\t\t\t\t\t\t\t\t<\/div>\n\t\t\t\t<\/div>\n\t\t\t\t<\/a>\n\t\t<a class=\"elementor-element elementor-element-7f5c154 e-con-full text-red e-flex e-con e-child\" data-id=\"7f5c154\" data-element_type=\"container\" href=\"https:\/\/pneumo.ch\/fr\/nuetzliche-links\/\">\n\t\t\t\t<div class=\"elementor-element elementor-element-2c867dc elementor-view-framed elementor-shape-square icon-red elementor-widget elementor-widget-icon\" data-id=\"2c867dc\" data-element_type=\"widget\" data-widget_type=\"icon.default\">\n\t\t\t\t<div class=\"elementor-widget-container\">\n\t\t\t\t\t\t\t<div class=\"elementor-icon-wrapper\">\n\t\t\t<div class=\"elementor-icon\">\n\t\t\t<svg xmlns=\"http:\/\/www.w3.org\/2000\/svg\" height=\"24px\" viewbox=\"0 -960 960 960\" width=\"24px\" fill=\"#194783\"><path d=\"m321-80-71-71 329-329-329-329 71-71 400 400L321-80Z\"><\/path><\/svg>\t\t\t<\/div>\n\t\t<\/div>\n\t\t\t\t\t\t<\/div>\n\t\t\t\t<\/div>\n\t\t\t\t<div class=\"elementor-element elementor-element-3aa722d elementor-widget__width-inherit elementor-widget elementor-widget-text-editor\" data-id=\"3aa722d\" data-element_type=\"widget\" data-widget_type=\"text-editor.default\">\n\t\t\t\t<div class=\"elementor-widget-container\">\n\t\t\t\t\t\t\t\t\t<p>Liens utiles<\/p>\t\t\t\t\t\t\t\t<\/div>\n\t\t\t\t<\/div>\n\t\t\t\t<\/a>\n\t\t\t\t<\/div>\n\t\t\t\t<\/div>\n\t\t\t\t<\/div>\n\t\t\t\t\t\t<\/div>\n\t\t\t\t<\/div>\n\t\t<div class=\"elementor-element elementor-element-6818f99 e-con-full e-flex e-con e-child\" data-id=\"6818f99\" data-element_type=\"container\">\n\t\t\t\t<div class=\"elementor-element elementor-element-03af11a elementor-widget__width-inherit elementor-widget elementor-widget-heading\" data-id=\"03af11a\" data-element_type=\"widget\" data-widget_type=\"heading.default\">\n\t\t\t\t<div class=\"elementor-widget-container\">\n\t\t\t\t\t<h1 class=\"elementor-heading-title elementor-size-default\">Informations utiles pour les sp\u00e9cialistes <\/h1>\t\t\t\t<\/div>\n\t\t\t\t<\/div>\n\t\t\t\t<div class=\"elementor-element elementor-element-6900592 elementor-widget elementor-widget-text-editor\" data-id=\"6900592\" data-element_type=\"widget\" data-widget_type=\"text-editor.default\">\n\t\t\t\t<div class=\"elementor-widget-container\">\n\t\t\t\t\t\t\t\t\t<p>Nous mettons ici \u00e0 disposition diff\u00e9rentes informations utiles pour la prise en charge des patients souffrant de maladies pneumologiques.<\/p><p>Si vous d\u00e9sirez ajouter des documents qui vous semble utiles, nous vous remercions de prendre <a href=\"https:\/\/pneumo.ch\/fr\/kontakt\/\">contact<\/a>avec nous pour les proposer.<\/p>\t\t\t\t\t\t\t\t<\/div>\n\t\t\t\t<\/div>\n\t\t\t\t<\/div>\n\t\t\t\t\t<\/div>\n\t\t\t\t<\/div>\n\t\t\t\t<\/div>","protected":false},"excerpt":{"rendered":"<p>N\u00fctzliche fachliche Informationen Hier stellen wir verschiedene n\u00fctzliche Informationen f\u00fcr die Behandlung von Patienten mit pneumologischen Erkrankungen zur Verf\u00fcgung. Wenn Sie weitere Dokumente hinzuf\u00fcgen m\u00f6chten, die Ihnen n\u00fctzlich erscheinen, bitten wir Sie, uns zu kontaktieren, um diese vorzuschlagen.<\/p>","protected":false},"author":1,"featured_media":0,"parent":0,"menu_order":0,"comment_status":"closed","ping_status":"closed","template":"","meta":{"footnotes":""},"class_list":["post-397","page","type-page","status-publish","hentry"],"_links":{"self":[{"href":"https:\/\/pneumo.ch\/fr\/wp-json\/wp\/v2\/pages\/397","targetHints":{"allow":["GET"]}}],"collection":[{"href":"https:\/\/pneumo.ch\/fr\/wp-json\/wp\/v2\/pages"}],"about":[{"href":"https:\/\/pneumo.ch\/fr\/wp-json\/wp\/v2\/types\/page"}],"author":[{"embeddable":true,"href":"https:\/\/pneumo.ch\/fr\/wp-json\/wp\/v2\/users\/1"}],"replies":[{"embeddable":true,"href":"https:\/\/pneumo.ch\/fr\/wp-json\/wp\/v2\/comments?post=397"}],"version-history":[{"count":79,"href":"https:\/\/pneumo.ch\/fr\/wp-json\/wp\/v2\/pages\/397\/revisions"}],"predecessor-version":[{"id":3556,"href":"https:\/\/pneumo.ch\/fr\/wp-json\/wp\/v2\/pages\/397\/revisions\/3556"}],"wp:attachment":[{"href":"https:\/\/pneumo.ch\/fr\/wp-json\/wp\/v2\/media?parent=397"}],"curies":[{"name":"wp","href":"https:\/\/api.w.org\/{rel}","templated":true}]}}