{"id":628,"date":"2024-11-27T09:54:17","date_gmt":"2024-11-27T09:54:17","guid":{"rendered":"https:\/\/pneumo.ch\/?page_id=628"},"modified":"2026-01-10T20:19:56","modified_gmt":"2026-01-10T20:19:56","slug":"sign-in","status":"publish","type":"page","link":"https:\/\/pneumo.ch\/fr\/sign-in\/","title":{"rendered":"Se connecter"},"content":{"rendered":"<div data-elementor-type=\"wp-page\" data-elementor-id=\"628\" class=\"elementor elementor-628\" data-elementor-post-type=\"page\">\n\t\t\t\t<div class=\"elementor-element elementor-element-c33e8e6 e-flex e-con-boxed e-con e-parent\" data-id=\"c33e8e6\" data-element_type=\"container\">\n\t\t\t\t\t<div class=\"e-con-inner\">\n\t\t\t\t<div class=\"elementor-element elementor-element-8023536 elementor-widget__width-initial elementor-widget elementor-widget-heading\" data-id=\"8023536\" data-element_type=\"widget\" data-widget_type=\"heading.default\">\n\t\t\t\t<div class=\"elementor-widget-container\">\n\t\t\t\t\t<h1 class=\"elementor-heading-title elementor-size-default\">Inscription<\/h1>\t\t\t\t<\/div>\n\t\t\t\t<\/div>\n\t\t\t\t<div class=\"elementor-element elementor-element-ed7760e elementor-widget elementor-widget-text-editor\" data-id=\"ed7760e\" data-element_type=\"widget\" data-widget_type=\"text-editor.default\">\n\t\t\t\t<div class=\"elementor-widget-container\">\n\t\t\t\t\t\t\t\t\t<p>Espace membres de la SSP\u00a0<\/p>\t\t\t\t\t\t\t\t<\/div>\n\t\t\t\t<\/div>\n\t\t\t\t<div class=\"elementor-element elementor-element-a4a8b52 elementor-widget elementor-widget-text-editor\" data-id=\"a4a8b52\" data-element_type=\"widget\" data-widget_type=\"text-editor.default\">\n\t\t\t\t<div class=\"elementor-widget-container\">\n\t\t\t\t\t\t\t\t\t<p>Vous pouvez vous connecter ici \u00e0 l'espace membres de la SSP, afin d'avoir acc\u00e8s aux PV, liste des membres, etc.<\/p>\t\t\t\t\t\t\t\t<\/div>\n\t\t\t\t<\/div>\n\t\t\t\t<div class=\"elementor-element elementor-element-59a4f38 elementor-button-align-center elementor-widget__width-initial elementor-widget-mobile__width-initial elementor-widget elementor-widget-login\" data-id=\"59a4f38\" data-element_type=\"widget\" data-widget_type=\"login.default\">\n\t\t\t\t<div class=\"elementor-widget-container\">\n\t\t\t\t\t\t\t<form class=\"elementor-login elementor-form\" method=\"post\" action=\"https:\/\/pneumo.ch\/wp-login.php\" aria-label=\"Login form\">\n\t\t\t<input type=\"hidden\" name=\"redirect_to\" value=\"\/fr\/wp-json\/wp\/v2\/pages\/628\">\n\t\t\t<div class=\"elementor-form-fields-wrapper\">\n\t\t\t\t<div class=\"elementor-field-type-text elementor-field-group elementor-column elementor-col-100 elementor-field-required\">\n\t\t\t\t\t<label for=\"user-59a4f38\" class=\"elementor-field-label elementor-screen-only\">Benutzername <\/label>\n\t\t\t\t\t<input size=\"1\" type=\"text\" name=\"log\" id=\"user-59a4f38\" placeholder=\"Benutzername\" class=\"elementor-field elementor-field-textual elementor-size-lg\">\n\t\t\t\t<\/div>\n\t\t\t\t<div class=\"elementor-field-type-text elementor-field-group elementor-column elementor-col-100 elementor-field-required\">\n\t\t\t\t\t<label for=\"password-59a4f38\" class=\"elementor-field-label elementor-screen-only\">Passwort<\/label>\n\t\t\t\t\t<input size=\"1\" type=\"password\" name=\"pwd\" id=\"password-59a4f38\" placeholder=\"Passwort\" class=\"elementor-field elementor-field-textual elementor-size-lg\">\n\t\t\t\t<\/div>\n\n\t\t\t\t\t\t\t\t\t<div class=\"elementor-field-type-checkbox elementor-field-group elementor-column elementor-col-100 elementor-remember-me\">\n\t\t\t\t\t\t<label for=\"elementor-login-remember-me\">\n\t\t\t\t\t\t\t<input type=\"checkbox\" id=\"elementor-login-remember-me\" name=\"rememberme\" value=\"forever\">\n\t\t\t\t\t\t\tSe souvenir de moi\t\t\t\t\t\t<\/label>\n\t\t\t\t\t<\/div>\n\t\t\t\t\n\t\t\t\t<div class=\"elementor-field-group elementor-column elementor-field-type-submit elementor-col-100\">\n\t\t\t\t\t<button type=\"submit\" class=\"elementor-size-lg elementor-button\" name=\"wp-submit\">\n\t\t\t\t\t\t\t\t\t\t\t\t\t\t\t<span class=\"elementor-button-text\">Se connecter<\/span>\n\t\t\t\t\t\t\t\t\t\t\t\t<\/button>\n\t\t\t\t<\/div>\n\n\t\t\t\t\t\t\t<\/div>\n\t\t<\/form>\n\t\t\t\t\t\t<\/div>\n\t\t\t\t<\/div>\n\t\t\t\t<div class=\"elementor-element elementor-element-4dae96e elementor-widget elementor-widget-text-editor\" data-id=\"4dae96e\" data-element_type=\"widget\" data-widget_type=\"text-editor.default\">\n\t\t\t\t<div class=\"elementor-widget-container\">\n\t\t\t\t\t\t\t\t\t<p>Vous \u00eates membre de la SSP et voulez avoir acc\u00e8s \u00e0 l'espace membre ? Envoyez-nous un <a href=\"\/fr\/info@pneumo.ch\/\" style=\"background-color: rgb(255, 255, 255);\">e-mail<\/a> et nous vous fournirons les d\u00e9tails d'acc\u00e8s.<\/p>\t\t\t\t\t\t\t\t<\/div>\n\t\t\t\t<\/div>\n\t\t\t\t<div class=\"elementor-element elementor-element-8bf09aa elementor-widget elementor-widget-text-editor\" data-id=\"8bf09aa\" data-element_type=\"widget\" data-widget_type=\"text-editor.default\">\n\t\t\t\t<div class=\"elementor-widget-container\">\n\t\t\t\t\t\t\t\t\t<p>Votre profil de membre personnel\u00a0<\/p>\t\t\t\t\t\t\t\t<\/div>\n\t\t\t\t<\/div>\n\t\t\t\t<div class=\"elementor-element elementor-element-4611839 elementor-widget elementor-widget-text-editor\" data-id=\"4611839\" data-element_type=\"widget\" data-widget_type=\"text-editor.default\">\n\t\t\t\t<div class=\"elementor-widget-container\">\n\t\t\t\t\t\t\t\t\t<p>Cliquez <a href=\"https:\/\/booking.congrex.com\/Home\/Index\/Society\/SGP_Payment\/fr-FR\" target=\"_blank\" rel=\"noopener\">ici<\/a>pour vous connecter \u00e0 votre profil de membre personnel, qui contient notamment vos factures de membres<\/p>\t\t\t\t\t\t\t\t<\/div>\n\t\t\t\t<\/div>\n\t\t\t\t<div class=\"elementor-element elementor-element-132d9f9 elementor-widget elementor-widget-text-editor\" data-id=\"132d9f9\" data-element_type=\"widget\" data-widget_type=\"text-editor.default\">\n\t\t\t\t<div class=\"elementor-widget-container\">\n\t\t\t\t\t\t\t\t\t<p><strong>Vous n'\u00eates pas encore membre ?<\/strong> Pour devenir membre - cliquez <a href=\"https:\/\/booking.congrex.com\/Home\/Index\/Society\/SGP_Antrag\/fr-FR\" target=\"_blank\" rel=\"noopener\">ici<\/a> et demandez l'adh\u00e9sion .<\/p>\t\t\t\t\t\t\t\t<\/div>\n\t\t\t\t<\/div>\n\t\t\t\t\t<\/div>\n\t\t\t\t<\/div>\n\t\t\t\t<\/div>","protected":false},"excerpt":{"rendered":"<p>Anmeldung SGP-Mitgliederbereich\u00a0 Hier k\u00f6nnen Sie sich in den SGP-Mitgliederbereich einloggen, um Zugang zu den Protokollen, der Mitgliederliste etc. zu erhalten: Sie sind Mitglied der SGP und m\u00f6chten Zugang zum Mitgliederbereich ? Senden Sie uns eine E-Mail und wir teilen Ihnen die Zugangsdaten mit. Pers\u00f6nliches Mitgliederprofil\u00a0 Klicken Sie hier, um sich in Ihr pers\u00f6nliches Mitgliederprofil einzuloggen, [&hellip;]<\/p>","protected":false},"author":1,"featured_media":0,"parent":0,"menu_order":0,"comment_status":"closed","ping_status":"closed","template":"","meta":{"footnotes":""},"class_list":["post-628","page","type-page","status-publish","hentry"],"_links":{"self":[{"href":"https:\/\/pneumo.ch\/fr\/wp-json\/wp\/v2\/pages\/628","targetHints":{"allow":["GET"]}}],"collection":[{"href":"https:\/\/pneumo.ch\/fr\/wp-json\/wp\/v2\/pages"}],"about":[{"href":"https:\/\/pneumo.ch\/fr\/wp-json\/wp\/v2\/types\/page"}],"author":[{"embeddable":true,"href":"https:\/\/pneumo.ch\/fr\/wp-json\/wp\/v2\/users\/1"}],"replies":[{"embeddable":true,"href":"https:\/\/pneumo.ch\/fr\/wp-json\/wp\/v2\/comments?post=628"}],"version-history":[{"count":112,"href":"https:\/\/pneumo.ch\/fr\/wp-json\/wp\/v2\/pages\/628\/revisions"}],"predecessor-version":[{"id":6135,"href":"https:\/\/pneumo.ch\/fr\/wp-json\/wp\/v2\/pages\/628\/revisions\/6135"}],"wp:attachment":[{"href":"https:\/\/pneumo.ch\/fr\/wp-json\/wp\/v2\/media?parent=628"}],"curies":[{"name":"wp","href":"https:\/\/api.w.org\/{rel}","templated":true}]}}